{"id":9855,"date":"2025-02-24T00:21:40","date_gmt":"2025-02-23T23:21:40","guid":{"rendered":"https:\/\/pradas.net\/legal-notice\/"},"modified":"2026-01-21T23:22:16","modified_gmt":"2026-01-21T22:22:16","slug":"legal-notice","status":"publish","type":"page","link":"https:\/\/pradas.net\/en\/legal-notice\/","title":{"rendered":"Legal Notice"},"content":{"rendered":"\t\t<div data-elementor-type=\"wp-page\" data-elementor-id=\"9855\" class=\"elementor elementor-9855 elementor-3559\" data-elementor-post-type=\"page\">\n\t\t\t\t<div class=\"elementor-element elementor-element-31047fa e-flex e-con-boxed e-con e-parent\" data-id=\"31047fa\" data-element_type=\"container\" data-e-type=\"container\">\n\t\t\t\t\t<div class=\"e-con-inner\">\n\t\t\t\t<div class=\"elementor-element elementor-element-57f9e09 elementor-widget elementor-widget-heading\" data-id=\"57f9e09\" data-element_type=\"widget\" data-e-type=\"widget\" data-widget_type=\"heading.default\">\n\t\t\t\t<div class=\"elementor-widget-container\">\n\t\t\t\t\t<h1 class=\"elementor-heading-title elementor-size-default\">LEGAL NOTICE<\/h1>\t\t\t\t<\/div>\n\t\t\t\t<\/div>\n\t\t\t\t<div class=\"elementor-element elementor-element-c140775 elementor-widget elementor-widget-text-editor\" data-id=\"c140775\" data-element_type=\"widget\" data-e-type=\"widget\" data-widget_type=\"text-editor.default\">\n\t\t\t\t<div class=\"elementor-widget-container\">\n\t\t\t\t\t\t\t\t\t<p>ADAPTATION TO LAW 34\/2002 ON INFORMATION SOCIETY SERVICES AND ELECTRONIC COMMERCE (LSSICE).<\/p><p><strong><em>LEGAL NOTICE:<\/em><\/strong><\/p><p><em>In compliance with Article 10 of Law 34\/2002, of July 11, 2002, on Information Society Services and Electronic Commerce (LSSICE), the following is the entity&#8217;s identification data:<\/em><\/p><p><em>PRADAS SUCCESSORS<br><\/em><em>Company name: PRADAS SUCESORES SL<br><\/em><em>CIF: B02266179<br><\/em><em>Address: Pol\u00edgono Industrial el Mugr\u00f3n, Calle Escultor Jos\u00e9 Luis S\u00e1nchez N\u00ba 6 &#8211; 02640 &#8211; ALMANSA &#8211; ALBACETE.<br><\/em><em>Phone: 967340482<br><\/em><em>Email: <\/em><a href=\"mailto:administracion@pradas.net\"><em>administracion@pradas.net<\/em><\/a><\/p><p><em>Ins. Commercial Register: Page AB-8280 Volume 610 Folio 142 IRUS: 1000193110646 <\/em><\/p><p><em> <\/em><\/p><p><strong><em>PURPOSE OF THE WEB PAGE.<\/em><\/strong><\/p><p><em>The purpose of this website is to inform about our products and services and to facilitate contact with potential customers.<\/em><\/p><p><em>This legal notice (hereinafter, the &#8220;Legal Notice&#8221;) governs the use of the website: www.pradas.net.<\/em><\/p><p><strong><em>LEGISLATION.<\/em><\/strong><\/p><p><em>In general, the relationship between PRADAS SUCESORES SL and the Users of its telematic services, present in this website, are subject to Spanish legislation and jurisdiction.<\/em><\/p><p><strong><em>USE AND USER ACCESS.<\/em><\/strong><\/p><p><em>The User is informed and accepts that access to this website does not imply, in any way, the beginning of a business relationship with PRADAS SUCESORES SL or any of its delegations.<\/em><\/p><p><strong><em>INTELLECTUAL AND INDUSTRIAL PROPERTY.<\/em><\/strong><\/p><p><em>The intellectual property rights of the content of the web pages, their graphic design and codes are owned by PRADAS SUCESORES SL and, therefore, their reproduction, distribution, public communication, transformation or any other activity that can be carried out with the contents of its web pages is forbidden, not even quoting the sources, without the written consent of PRADAS SUCESORES SL.<\/em><em>.<\/em><\/p><p><strong><em>WEB CONTENT AND LINKS.<\/em><\/strong><\/p><p><em>PRADAS SUCESORES SL reserves the right to update, modify or delete the information contained in its web pages and may even limit or deny access to such information to certain users.<\/em><\/p><p><em>PRADAS SUCESORES SL assumes no liability whatsoever for the information contained in third party web pages which may be accessed through links from any web page owned by PRADAS SUCESORES SL. The presence of &#8220;links&#8221; or links on the websites of PRADAS SUCESORES SL is for information purposes only and in no case a suggestion, invitation, invitation, or recommendation to visit the websites of PRADAS SUCESORES SL. <\/em><\/p><p><em>or recommendation on the same.<\/em><\/p>\t\t\t\t\t\t\t\t<\/div>\n\t\t\t\t<\/div>\n\t\t\t\t\t<\/div>\n\t\t\t\t<\/div>\n\t\t\t\t<\/div>\n\t\t","protected":false},"excerpt":{"rendered":"<p>LEGAL NOTICE ADAPTATION TO LAW 34\/2002 ON INFORMATION SOCIETY SERVICES AND ELECTRONIC COMMERCE (LSSICE). LEGAL NOTICE: In compliance with Article 10 of Law 34\/2002, of July 11, 2002, on Information Society Services and Electronic Commerce (LSSICE), the following is the entity&#8217;s identification data: PRADAS SUCCESSORSCompany name: PRADAS SUCESORES SLCIF: B02266179Address: Pol\u00edgono Industrial el Mugr\u00f3n, Calle [&hellip;]<\/p>\n","protected":false},"author":1,"featured_media":0,"parent":0,"menu_order":0,"comment_status":"closed","ping_status":"closed","template":"","meta":{"footnotes":""},"class_list":["post-9855","page","type-page","status-publish","hentry"],"yoast_head":"<!-- This site is optimized with the Yoast SEO plugin v27.3 - https:\/\/yoast.com\/product\/yoast-seo-wordpress\/ -->\n<title>Legal Notice | Pradas<\/title>\n<meta name=\"robots\" content=\"index, follow, max-snippet:-1, max-image-preview:large, max-video-preview:-1\" \/>\n<link rel=\"canonical\" href=\"https:\/\/pradas.net\/en\/legal-notice\/\" \/>\n<meta property=\"og:locale\" content=\"en_US\" \/>\n<meta property=\"og:type\" content=\"article\" \/>\n<meta property=\"og:title\" content=\"Legal Notice | Pradas\" \/>\n<meta property=\"og:description\" content=\"LEGAL NOTICE ADAPTATION TO LAW 34\/2002 ON INFORMATION SOCIETY SERVICES AND ELECTRONIC COMMERCE (LSSICE). LEGAL NOTICE: In compliance with Article 10 of Law 34\/2002, of July 11, 2002, on Information Society Services and Electronic Commerce (LSSICE), the following is the entity&#8217;s identification data: PRADAS SUCCESSORSCompany name: PRADAS SUCESORES SLCIF: B02266179Address: Pol\u00edgono Industrial el Mugr\u00f3n, Calle [&hellip;]\" \/>\n<meta property=\"og:url\" content=\"https:\/\/pradas.net\/en\/legal-notice\/\" \/>\n<meta property=\"og:site_name\" content=\"Pradas\" \/>\n<meta property=\"article:modified_time\" content=\"2026-01-21T22:22:16+00:00\" \/>\n<meta property=\"og:image\" content=\"https:\/\/pradas.net\/wp-content\/uploads\/2025\/01\/Pradas_Portada.png\" \/>\n\t<meta property=\"og:image:width\" content=\"1024\" \/>\n\t<meta property=\"og:image:height\" content=\"694\" \/>\n\t<meta property=\"og:image:type\" content=\"image\/png\" \/>\n<meta name=\"twitter:card\" content=\"summary_large_image\" \/>\n<meta name=\"twitter:label1\" content=\"Est. reading time\" \/>\n\t<meta name=\"twitter:data1\" content=\"2 minutes\" \/>\n<script type=\"application\/ld+json\" class=\"yoast-schema-graph\">{\"@context\":\"https:\\\/\\\/schema.org\",\"@graph\":[{\"@type\":\"WebPage\",\"@id\":\"https:\\\/\\\/pradas.net\\\/en\\\/legal-notice\\\/\",\"url\":\"https:\\\/\\\/pradas.net\\\/en\\\/legal-notice\\\/\",\"name\":\"Legal Notice | Pradas\",\"isPartOf\":{\"@id\":\"https:\\\/\\\/pradas.net\\\/en\\\/#website\"},\"datePublished\":\"2025-02-23T23:21:40+00:00\",\"dateModified\":\"2026-01-21T22:22:16+00:00\",\"breadcrumb\":{\"@id\":\"https:\\\/\\\/pradas.net\\\/en\\\/legal-notice\\\/#breadcrumb\"},\"inLanguage\":\"en-US\",\"potentialAction\":[{\"@type\":\"ReadAction\",\"target\":[\"https:\\\/\\\/pradas.net\\\/en\\\/legal-notice\\\/\"]}]},{\"@type\":\"BreadcrumbList\",\"@id\":\"https:\\\/\\\/pradas.net\\\/en\\\/legal-notice\\\/#breadcrumb\",\"itemListElement\":[{\"@type\":\"ListItem\",\"position\":1,\"name\":\"Portada\",\"item\":\"https:\\\/\\\/pradas.net\\\/en\\\/home\\\/\"},{\"@type\":\"ListItem\",\"position\":2,\"name\":\"Legal Notice\"}]},{\"@type\":\"WebSite\",\"@id\":\"https:\\\/\\\/pradas.net\\\/en\\\/#website\",\"url\":\"https:\\\/\\\/pradas.net\\\/en\\\/\",\"name\":\"Pradas\",\"description\":\"\",\"potentialAction\":[{\"@type\":\"SearchAction\",\"target\":{\"@type\":\"EntryPoint\",\"urlTemplate\":\"https:\\\/\\\/pradas.net\\\/en\\\/?s={search_term_string}\"},\"query-input\":{\"@type\":\"PropertyValueSpecification\",\"valueRequired\":true,\"valueName\":\"search_term_string\"}}],\"inLanguage\":\"en-US\"}]}<\/script>\n<!-- \/ Yoast SEO plugin. -->","yoast_head_json":{"title":"Legal Notice | Pradas","robots":{"index":"index","follow":"follow","max-snippet":"max-snippet:-1","max-image-preview":"max-image-preview:large","max-video-preview":"max-video-preview:-1"},"canonical":"https:\/\/pradas.net\/en\/legal-notice\/","og_locale":"en_US","og_type":"article","og_title":"Legal Notice | Pradas","og_description":"LEGAL NOTICE ADAPTATION TO LAW 34\/2002 ON INFORMATION SOCIETY SERVICES AND ELECTRONIC COMMERCE (LSSICE). LEGAL NOTICE: In compliance with Article 10 of Law 34\/2002, of July 11, 2002, on Information Society Services and Electronic Commerce (LSSICE), the following is the entity&#8217;s identification data: PRADAS SUCCESSORSCompany name: PRADAS SUCESORES SLCIF: B02266179Address: Pol\u00edgono Industrial el Mugr\u00f3n, Calle [&hellip;]","og_url":"https:\/\/pradas.net\/en\/legal-notice\/","og_site_name":"Pradas","article_modified_time":"2026-01-21T22:22:16+00:00","og_image":[{"width":1024,"height":694,"url":"https:\/\/pradas.net\/wp-content\/uploads\/2025\/01\/Pradas_Portada.png","type":"image\/png"}],"twitter_card":"summary_large_image","twitter_misc":{"Est. reading time":"2 minutes"},"schema":{"@context":"https:\/\/schema.org","@graph":[{"@type":"WebPage","@id":"https:\/\/pradas.net\/en\/legal-notice\/","url":"https:\/\/pradas.net\/en\/legal-notice\/","name":"Legal Notice | Pradas","isPartOf":{"@id":"https:\/\/pradas.net\/en\/#website"},"datePublished":"2025-02-23T23:21:40+00:00","dateModified":"2026-01-21T22:22:16+00:00","breadcrumb":{"@id":"https:\/\/pradas.net\/en\/legal-notice\/#breadcrumb"},"inLanguage":"en-US","potentialAction":[{"@type":"ReadAction","target":["https:\/\/pradas.net\/en\/legal-notice\/"]}]},{"@type":"BreadcrumbList","@id":"https:\/\/pradas.net\/en\/legal-notice\/#breadcrumb","itemListElement":[{"@type":"ListItem","position":1,"name":"Portada","item":"https:\/\/pradas.net\/en\/home\/"},{"@type":"ListItem","position":2,"name":"Legal Notice"}]},{"@type":"WebSite","@id":"https:\/\/pradas.net\/en\/#website","url":"https:\/\/pradas.net\/en\/","name":"Pradas","description":"","potentialAction":[{"@type":"SearchAction","target":{"@type":"EntryPoint","urlTemplate":"https:\/\/pradas.net\/en\/?s={search_term_string}"},"query-input":{"@type":"PropertyValueSpecification","valueRequired":true,"valueName":"search_term_string"}}],"inLanguage":"en-US"}]}},"_links":{"self":[{"href":"https:\/\/pradas.net\/en\/wp-json\/wp\/v2\/pages\/9855","targetHints":{"allow":["GET"]}}],"collection":[{"href":"https:\/\/pradas.net\/en\/wp-json\/wp\/v2\/pages"}],"about":[{"href":"https:\/\/pradas.net\/en\/wp-json\/wp\/v2\/types\/page"}],"author":[{"embeddable":true,"href":"https:\/\/pradas.net\/en\/wp-json\/wp\/v2\/users\/1"}],"replies":[{"embeddable":true,"href":"https:\/\/pradas.net\/en\/wp-json\/wp\/v2\/comments?post=9855"}],"version-history":[{"count":1,"href":"https:\/\/pradas.net\/en\/wp-json\/wp\/v2\/pages\/9855\/revisions"}],"predecessor-version":[{"id":9856,"href":"https:\/\/pradas.net\/en\/wp-json\/wp\/v2\/pages\/9855\/revisions\/9856"}],"wp:attachment":[{"href":"https:\/\/pradas.net\/en\/wp-json\/wp\/v2\/media?parent=9855"}],"curies":[{"name":"wp","href":"https:\/\/api.w.org\/{rel}","templated":true}]}}