{"id":8881,"date":"2025-01-07T17:03:34","date_gmt":"2025-01-07T16:03:34","guid":{"rendered":"https:\/\/pradas.net\/contact\/"},"modified":"2025-06-02T19:48:07","modified_gmt":"2025-06-02T17:48:07","slug":"contact","status":"publish","type":"page","link":"https:\/\/pradas.net\/fr\/contact\/","title":{"rendered":"Contact"},"content":{"rendered":"\t\t<div data-elementor-type=\"wp-page\" data-elementor-id=\"8881\" class=\"elementor elementor-8881 elementor-87\" data-elementor-post-type=\"page\">\n\t\t\t\t\t\t<section class=\"elementor-section elementor-top-section elementor-element elementor-element-6a9106d elementor-section-height-min-height elementor-section-full_width elementor-section-content-middle elementor-section-height-default elementor-section-items-middle\" data-id=\"6a9106d\" data-element_type=\"section\" data-e-type=\"section\" data-settings=\"{&quot;background_background&quot;:&quot;classic&quot;}\">\n\t\t\t\t\t\t\t<div class=\"elementor-background-overlay\"><\/div>\n\t\t\t\t\t\t\t<div class=\"elementor-container elementor-column-gap-no\">\n\t\t\t\t\t<div class=\"elementor-column elementor-col-100 elementor-top-column elementor-element elementor-element-d5c846a\" data-id=\"d5c846a\" data-element_type=\"column\" data-e-type=\"column\">\n\t\t\t<div class=\"elementor-widget-wrap elementor-element-populated\">\n\t\t\t\t\t\t<div class=\"elementor-element elementor-element-90bee05 elementor-invisible elementor-widget elementor-widget-heading\" data-id=\"90bee05\" data-element_type=\"widget\" data-e-type=\"widget\" data-settings=\"{&quot;_animation&quot;:&quot;fadeInUp&quot;}\" data-widget_type=\"heading.default\">\n\t\t\t\t<div class=\"elementor-widget-container\">\n\t\t\t\t\t<h1 class=\"elementor-heading-title elementor-size-default\">Contacto<\/h1>\t\t\t\t<\/div>\n\t\t\t\t<\/div>\n\t\t\t\t\t<\/div>\n\t\t<\/div>\n\t\t\t\t\t<\/div>\n\t\t<\/section>\n\t\t\t\t<section class=\"elementor-section elementor-top-section elementor-element elementor-element-29becc3c elementor-section-boxed elementor-section-height-default elementor-section-height-default\" data-id=\"29becc3c\" data-element_type=\"section\" data-e-type=\"section\" data-settings=\"{&quot;background_background&quot;:&quot;classic&quot;}\">\n\t\t\t\t\t\t<div class=\"elementor-container elementor-column-gap-default\">\n\t\t\t\t\t<div class=\"elementor-column elementor-col-100 elementor-top-column elementor-element elementor-element-31604c85\" data-id=\"31604c85\" data-element_type=\"column\" data-e-type=\"column\">\n\t\t\t<div class=\"elementor-widget-wrap elementor-element-populated\">\n\t\t\t\t\t\t<div class=\"elementor-element elementor-element-1acf2d78 animated-slow elementor-invisible elementor-widget elementor-widget-heading\" data-id=\"1acf2d78\" data-element_type=\"widget\" data-e-type=\"widget\" data-settings=\"{&quot;_animation&quot;:&quot;slideInRight&quot;}\" data-widget_type=\"heading.default\">\n\t\t\t\t<div class=\"elementor-widget-container\">\n\t\t\t\t\t<h2 class=\"elementor-heading-title elementor-size-default\">Demandez-nous un devis sans engagement<\/h2>\t\t\t\t<\/div>\n\t\t\t\t<\/div>\n\t\t\t\t<div class=\"elementor-element elementor-element-2c47c1d4 animated-slow elementor-invisible elementor-widget elementor-widget-text-editor\" data-id=\"2c47c1d4\" data-element_type=\"widget\" data-e-type=\"widget\" data-settings=\"{&quot;_animation&quot;:&quot;slideInRight&quot;}\" data-widget_type=\"text-editor.default\">\n\t\t\t\t<div class=\"elementor-widget-container\">\n\t\t\t\t\t\t\t\t\t<p>Nous serons ravis de r\u00e9pondre \u00e0 vos questions ou demandes.<\/p>\t\t\t\t\t\t\t\t<\/div>\n\t\t\t\t<\/div>\n\t\t\t\t<section class=\"elementor-section elementor-inner-section elementor-element elementor-element-725af0da elementor-section-boxed elementor-section-height-default elementor-section-height-default\" data-id=\"725af0da\" data-element_type=\"section\" data-e-type=\"section\">\n\t\t\t\t\t\t<div class=\"elementor-container elementor-column-gap-default\">\n\t\t\t\t\t<div class=\"elementor-column elementor-col-50 elementor-inner-column elementor-element elementor-element-104db2ea animated-slow elementor-invisible\" data-id=\"104db2ea\" data-element_type=\"column\" data-e-type=\"column\" data-settings=\"{&quot;background_background&quot;:&quot;classic&quot;,&quot;animation&quot;:&quot;fadeInLeft&quot;}\">\n\t\t\t<div class=\"elementor-widget-wrap elementor-element-populated\">\n\t\t\t\t\t\t<div class=\"elementor-element elementor-element-76db5620 elementor-position-top elementor-widget elementor-widget-image-box\" data-id=\"76db5620\" data-element_type=\"widget\" data-e-type=\"widget\" data-widget_type=\"image-box.default\">\n\t\t\t\t<div class=\"elementor-widget-container\">\n\t\t\t\t\t<div class=\"elementor-image-box-wrapper\"><figure class=\"elementor-image-box-img\"><a href=\"https:\/\/www.google.es\/maps\/place\/PRADAS+SUCESORES+S.L.\/@38.8752123,-1.1026326,16z\/data=!3m1!4b1!4m6!3m5!1s0xd614ee721cc2fef:0xb5cb266ff126f1c2!8m2!3d38.8752123!4d-1.1026326!16s%2Fg%2F1tfsjrfy?entry=ttu&#038;g_ep=EgoyMDI1MDEwNy4wIKXMDSoASAFQAw%3D%3D\" tabindex=\"-1\"><img decoding=\"async\" width=\"89\" height=\"89\" src=\"https:\/\/pradas.net\/wp-content\/uploads\/2025\/01\/location.png\" class=\"elementor-animation-shrink attachment-full size-full wp-image-3618\" alt=\"\" \/><\/a><\/figure><div class=\"elementor-image-box-content\"><h3 class=\"elementor-image-box-title\"><a href=\"https:\/\/www.google.es\/maps\/place\/PRADAS+SUCESORES+S.L.\/@38.8752123,-1.1026326,16z\/data=!3m1!4b1!4m6!3m5!1s0xd614ee721cc2fef:0xb5cb266ff126f1c2!8m2!3d38.8752123!4d-1.1026326!16s%2Fg%2F1tfsjrfy?entry=ttu&#038;g_ep=EgoyMDI1MDEwNy4wIKXMDSoASAFQAw%3D%3D\">Adresse<\/a><\/h3><p class=\"elementor-image-box-description\">C. Escultor Jos\u00e9 Luis S\u00e1nchez, 6\n<\/br>02640 Almansa, Albacete<\/p><\/div><\/div>\t\t\t\t<\/div>\n\t\t\t\t<\/div>\n\t\t\t\t\t<\/div>\n\t\t<\/div>\n\t\t\t\t<div class=\"elementor-column elementor-col-50 elementor-inner-column elementor-element elementor-element-76913d58 animated-slow elementor-invisible\" data-id=\"76913d58\" data-element_type=\"column\" data-e-type=\"column\" data-settings=\"{&quot;background_background&quot;:&quot;classic&quot;,&quot;animation&quot;:&quot;fadeInUp&quot;}\">\n\t\t\t<div class=\"elementor-widget-wrap elementor-element-populated\">\n\t\t\t\t\t\t<div class=\"elementor-element elementor-element-5dcec7bc elementor-position-top elementor-widget elementor-widget-image-box\" data-id=\"5dcec7bc\" data-element_type=\"widget\" data-e-type=\"widget\" data-widget_type=\"image-box.default\">\n\t\t\t\t<div class=\"elementor-widget-container\">\n\t\t\t\t\t<div class=\"elementor-image-box-wrapper\"><figure class=\"elementor-image-box-img\"><a href=\"tel:+34967340482\" tabindex=\"-1\"><img decoding=\"async\" width=\"89\" height=\"89\" src=\"https:\/\/pradas.net\/wp-content\/uploads\/2025\/01\/call-1.png\" class=\"elementor-animation-shrink attachment-full size-full wp-image-3626\" alt=\"\" \/><\/a><\/figure><div class=\"elementor-image-box-content\"><h3 class=\"elementor-image-box-title\"><a href=\"tel:+34967340482\">Tel\u00e9fono<\/a><\/h3><p class=\"elementor-image-box-description\">+34 967 340 482<\/p><\/div><\/div>\t\t\t\t<\/div>\n\t\t\t\t<\/div>\n\t\t\t\t\t<\/div>\n\t\t<\/div>\n\t\t\t\t\t<\/div>\n\t\t<\/section>\n\t\t\t\t\t<\/div>\n\t\t<\/div>\n\t\t\t\t\t<\/div>\n\t\t<\/section>\n\t\t\t\t<section class=\"elementor-section elementor-top-section elementor-element elementor-element-7d64d83c elementor-section-boxed elementor-section-height-default elementor-section-height-default\" data-id=\"7d64d83c\" data-element_type=\"section\" data-e-type=\"section\" data-settings=\"{&quot;background_background&quot;:&quot;classic&quot;}\">\n\t\t\t\t\t\t<div class=\"elementor-container elementor-column-gap-no\">\n\t\t\t\t\t<div class=\"elementor-column elementor-col-100 elementor-top-column elementor-element elementor-element-56da47a0\" data-id=\"56da47a0\" data-element_type=\"column\" data-e-type=\"column\">\n\t\t\t<div class=\"elementor-widget-wrap elementor-element-populated\">\n\t\t\t\t\t\t<div class=\"elementor-element elementor-element-7c8be26e animated-slow elementor-invisible elementor-widget elementor-widget-heading\" data-id=\"7c8be26e\" data-element_type=\"widget\" data-e-type=\"widget\" data-settings=\"{&quot;_animation&quot;:&quot;fadeInLeft&quot;}\" data-widget_type=\"heading.default\">\n\t\t\t\t<div class=\"elementor-widget-container\">\n\t\t\t\t\t<h2 class=\"elementor-heading-title elementor-size-default\">Contact<\/h2>\t\t\t\t<\/div>\n\t\t\t\t<\/div>\n\t\t\t\t<div class=\"elementor-element elementor-element-2b05409 elementor-button-align-stretch elementor-widget elementor-widget-form\" data-id=\"2b05409\" data-element_type=\"widget\" data-e-type=\"widget\" data-settings=\"{&quot;step_next_label&quot;:&quot;Suivant&quot;,&quot;step_previous_label&quot;:&quot;Ant\\u00e9rieur&quot;,&quot;button_width&quot;:&quot;100&quot;,&quot;step_type&quot;:&quot;number_text&quot;,&quot;step_icon_shape&quot;:&quot;circle&quot;}\" data-widget_type=\"form.default\">\n\t\t\t\t<div class=\"elementor-widget-container\">\n\t\t\t\t\t\t\t<form class=\"elementor-form\" method=\"post\" name=\"Formulaire de contact\" aria-label=\"Formulaire de contact\">\n\t\t\t<input type=\"hidden\" name=\"post_id\" value=\"8881\"\/>\n\t\t\t<input type=\"hidden\" name=\"form_id\" value=\"2b05409\"\/>\n\t\t\t<input type=\"hidden\" name=\"referer_title\" value=\"Contact | Pradas\" \/>\n\n\t\t\t\t\t\t\t<input type=\"hidden\" name=\"queried_id\" value=\"8881\"\/>\n\t\t\t\n\t\t\t<div class=\"elementor-form-fields-wrapper elementor-labels-\">\n\t\t\t\t\t\t\t\t<div class=\"elementor-field-type-text elementor-field-group elementor-column elementor-field-group-name elementor-col-100 elementor-field-required\">\n\t\t\t\t\t\t\t\t\t\t\t\t<label for=\"form-field-name\" class=\"elementor-field-label elementor-screen-only\">\n\t\t\t\t\t\t\t\tNom\t\t\t\t\t\t\t<\/label>\n\t\t\t\t\t\t\t\t\t\t\t\t\t\t<input size=\"1\" type=\"text\" name=\"form_fields[name]\" id=\"form-field-name\" class=\"elementor-field elementor-size-md  elementor-field-textual\" placeholder=\"Nom\" required=\"required\">\n\t\t\t\t\t\t\t\t\t\t\t<\/div>\n\t\t\t\t\t\t\t\t<div class=\"elementor-field-type-text elementor-field-group elementor-column elementor-field-group-field_8ee71d1 elementor-col-100 elementor-field-required\">\n\t\t\t\t\t\t\t\t\t\t\t\t<label for=\"form-field-field_8ee71d1\" class=\"elementor-field-label elementor-screen-only\">\n\t\t\t\t\t\t\t\tInitiative\t\t\t\t\t\t\t<\/label>\n\t\t\t\t\t\t\t\t\t\t\t\t\t\t<input size=\"1\" type=\"text\" name=\"form_fields[field_8ee71d1]\" id=\"form-field-field_8ee71d1\" class=\"elementor-field elementor-size-md  elementor-field-textual\" placeholder=\"Initiative\" required=\"required\">\n\t\t\t\t\t\t\t\t\t\t\t<\/div>\n\t\t\t\t\t\t\t\t<div class=\"elementor-field-type-tel elementor-field-group elementor-column elementor-field-group-field_bfac5e5 elementor-col-100\">\n\t\t\t\t\t\t\t\t\t\t\t\t<label for=\"form-field-field_bfac5e5\" class=\"elementor-field-label elementor-screen-only\">\n\t\t\t\t\t\t\t\tT\u00e9l\u00e9phone\t\t\t\t\t\t\t<\/label>\n\t\t\t\t\t\t\t\t<input size=\"1\" type=\"tel\" name=\"form_fields[field_bfac5e5]\" id=\"form-field-field_bfac5e5\" class=\"elementor-field elementor-size-md  elementor-field-textual\" placeholder=\"T\u00e9l\u00e9phone\" pattern=\"[0-9()#&amp;+*-=.]+\" title=\"Seuls les caract\u00e8res de num\u00e9ros de t\u00e9l\u00e9phone (#, -, *, etc.) sont accept\u00e9s.\">\n\n\t\t\t\t\t\t<\/div>\n\t\t\t\t\t\t\t\t<div class=\"elementor-field-type-email elementor-field-group elementor-column elementor-field-group-email elementor-col-100 elementor-field-required\">\n\t\t\t\t\t\t\t\t\t\t\t\t<label for=\"form-field-email\" class=\"elementor-field-label elementor-screen-only\">\n\t\t\t\t\t\t\t\tE-mail\t\t\t\t\t\t\t<\/label>\n\t\t\t\t\t\t\t\t\t\t\t\t\t\t<input size=\"1\" type=\"email\" name=\"form_fields[email]\" id=\"form-field-email\" class=\"elementor-field elementor-size-md  elementor-field-textual\" placeholder=\"E-mail\" required=\"required\">\n\t\t\t\t\t\t\t\t\t\t\t<\/div>\n\t\t\t\t\t\t\t\t<div class=\"elementor-field-type-textarea elementor-field-group elementor-column elementor-field-group-message elementor-col-100\">\n\t\t\t\t\t\t\t\t\t\t\t\t<label for=\"form-field-message\" class=\"elementor-field-label elementor-screen-only\">\n\t\t\t\t\t\t\t\tMessage\t\t\t\t\t\t\t<\/label>\n\t\t\t\t\t\t<textarea class=\"elementor-field-textual elementor-field  elementor-size-md\" name=\"form_fields[message]\" id=\"form-field-message\" rows=\"4\" placeholder=\"Comment pouvons-nous vous aider ?\"><\/textarea>\t\t\t\t<\/div>\n\t\t\t\t\t\t\t\t<div class=\"elementor-field-type-acceptance elementor-field-group elementor-column elementor-field-group-field_b616bf3 elementor-col-100\">\n\t\t\t\t\t\t\t\t\t\t\t\t<label for=\"form-field-field_b616bf3\" class=\"elementor-field-label elementor-screen-only\">\n\t\t\t\t\t\t\t\tPrestation de service\t\t\t\t\t\t\t<\/label>\n\t\t\t\t\t\t\t\t<div class=\"elementor-field-subgroup\">\n\t\t\t<span class=\"elementor-field-option\">\n\t\t\t\t<input type=\"checkbox\" name=\"form_fields[field_b616bf3]\" id=\"form-field-field_b616bf3\" class=\"elementor-field elementor-size-md  elementor-acceptance-field\">\n\t\t\t\t<label for=\"form-field-field_b616bf3\"><b>Prestation du service contract\u00e9<\/b> (Si vous acceptez le traitement de vos donn\u00e9es \u00e0 cette fin, cochez cette case).<\/label>\t\t\t<\/span>\n\t\t<\/div>\n\t\t\t\t\t\t<\/div>\n\t\t\t\t\t\t\t\t<div class=\"elementor-field-type-acceptance elementor-field-group elementor-column elementor-field-group-field_59a6452 elementor-col-100 elementor-field-required\">\n\t\t\t\t\t\t\t\t\t\t\t\t<label for=\"form-field-field_59a6452\" class=\"elementor-field-label elementor-screen-only\">\n\t\t\t\t\t\t\t\tEnvoi de produit\t\t\t\t\t\t\t<\/label>\n\t\t\t\t\t\t\t\t<div class=\"elementor-field-subgroup\">\n\t\t\t<span class=\"elementor-field-option\">\n\t\t\t\t<input type=\"checkbox\" name=\"form_fields[field_59a6452]\" id=\"form-field-field_59a6452\" class=\"elementor-field elementor-size-md  elementor-acceptance-field\" required=\"required\">\n\t\t\t\t<label for=\"form-field-field_59a6452\"><b>Env\u00edo del producto adquirido<\/b> (Si acepta el tratamiento de sus datos con esta finalidad marque esta casilla).<\/label>\t\t\t<\/span>\n\t\t<\/div>\n\t\t\t\t\t\t<\/div>\n\t\t\t\t\t\t\t\t<div class=\"elementor-field-type-acceptance elementor-field-group elementor-column elementor-field-group-field_24378cf elementor-col-100\">\n\t\t\t\t\t\t\t\t\t\t\t\t<label for=\"form-field-field_24378cf\" class=\"elementor-field-label elementor-screen-only\">\n\t\t\t\t\t\t\t\tOferta de Productos\t\t\t\t\t\t\t<\/label>\n\t\t\t\t\t\t\t\t<div class=\"elementor-field-subgroup\">\n\t\t\t<span class=\"elementor-field-option\">\n\t\t\t\t<input type=\"checkbox\" name=\"form_fields[field_24378cf]\" id=\"form-field-field_24378cf\" class=\"elementor-field elementor-size-md  elementor-acceptance-field\">\n\t\t\t\t<label for=\"form-field-field_24378cf\"><b>Envoi d'offres de produits et services qui vous int\u00e9ressent<\/b> (Si vous acceptez le traitement de vos donn\u00e9es \u00e0 cette fin, cochez cette case).<\/label>\t\t\t<\/span>\n\t\t<\/div>\n\t\t\t\t\t\t<\/div>\n\t\t\t\t\t\t\t\t<div class=\"elementor-field-type-acceptance elementor-field-group elementor-column elementor-field-group-field_e8c7891 elementor-col-100 elementor-field-required\">\n\t\t\t\t\t\t\t\t\t\t\t\t<label for=\"form-field-field_e8c7891\" class=\"elementor-field-label elementor-screen-only\">\n\t\t\t\t\t\t\t\tIntimit\u00e9\t\t\t\t\t\t\t<\/label>\n\t\t\t\t\t\t\t\t<div class=\"elementor-field-subgroup\">\n\t\t\t<span class=\"elementor-field-option\">\n\t\t\t\t<input type=\"checkbox\" name=\"form_fields[field_e8c7891]\" id=\"form-field-field_e8c7891\" class=\"elementor-field elementor-size-md  elementor-acceptance-field\" required=\"required\">\n\t\t\t\t<label for=\"form-field-field_e8c7891\">J'accepte la<b><a href=\"https:\/\/www.pradas.net\/politica-de-privacidad\/\"> politique de confidentialit\u00e9<\/a><\/b><\/label>\t\t\t<\/span>\n\t\t<\/div>\n\t\t\t\t\t\t<\/div>\n\t\t\t\t\t\t\t\t<div class=\"elementor-field-type-recaptcha_v3 elementor-field-group elementor-column elementor-field-group-field_bb36a26 elementor-col-100 recaptcha_v3-bottomright\">\n\t\t\t\t\t<div class=\"elementor-field\" id=\"form-field-field_bb36a26\"><div class=\"elementor-g-recaptcha\" data-sitekey=\"6LcoH9AqAAAAAGLm5X8ErGahzhBcwUvRJSqtjKOR\" data-type=\"v3\" data-action=\"Form\" data-badge=\"bottomright\" data-size=\"invisible\"><\/div><\/div>\t\t\t\t<\/div>\n\t\t\t\t\t\t\t\t<div class=\"elementor-field-group elementor-column elementor-field-type-submit elementor-col-100 e-form__buttons\">\n\t\t\t\t\t<button class=\"elementor-button elementor-size-sm\" type=\"submit\">\n\t\t\t\t\t\t<span class=\"elementor-button-content-wrapper\">\n\t\t\t\t\t\t\t\t\t\t\t\t\t\t\t\t\t\t\t\t\t\t<span class=\"elementor-button-text\">Envoyer<\/span>\n\t\t\t\t\t\t\t\t\t\t\t\t\t<\/span>\n\t\t\t\t\t<\/button>\n\t\t\t\t<\/div>\n\t\t\t<\/div>\n\t\t<\/form>\n\t\t\t\t\t\t<\/div>\n\t\t\t\t<\/div>\n\t\t\t\t<div class=\"elementor-element elementor-element-b1295f0 elementor-widget elementor-widget-text-editor\" data-id=\"b1295f0\" data-element_type=\"widget\" data-e-type=\"widget\" data-widget_type=\"text-editor.default\">\n\t\t\t\t<div class=\"elementor-widget-container\">\n\t\t\t\t\t\t\t\t\t<p><strong>Donn\u00e9es d&rsquo;identification du responsable:<\/strong><\/p><p>PRADAS SUCESORES SL, B02266179, Pol\u00edgono Industrial el Mugr\u00f3n, Calle Escultor Jos\u00e9 Luis S\u00e1nchez N\u00ba 6 &#8211; 02640 &#8211; ALMANSA &#8211; ALBACETE, 967340482.<\/p><p><strong>CONSENTEMENT POUR LE FORMULAIRE DE COLLECTE DE DONN\u00c9ES<\/strong><\/p><p>La finalit\u00e9 et l&rsquo;utilisation pr\u00e9vues tant des donn\u00e9es elles-m\u00eames que de leur traitement sont de vous fournir le service demand\u00e9 ou de vous livrer le produit acquis. Vous pourrez ensuite accepter les finalit\u00e9s que vous jugez appropri\u00e9es en cochant la case correspondante et en cliquant sur le bouton ACCEPTER. Veuillez noter que certaines finalit\u00e9s peuvent \u00eatre n\u00e9cessaires pour vous fournir le service, et si vous ne cochez pas ces cases, le service\/produit associ\u00e9 ne pourra pas \u00eatre fourni\/livr\u00e9. <\/p>\t\t\t\t\t\t\t\t<\/div>\n\t\t\t\t<\/div>\n\t\t\t\t\t<\/div>\n\t\t<\/div>\n\t\t\t\t\t<\/div>\n\t\t<\/section>\n\t\t\t\t<\/div>\n\t\t","protected":false},"excerpt":{"rendered":"<p>Contacto Demandez-nous un devis sans engagement Nous serons ravis de r\u00e9pondre \u00e0 vos questions ou demandes. Adresse C. Escultor Jos\u00e9 Luis S\u00e1nchez, 6 02640 Almansa, Albacete Tel\u00e9fono +34 967 340 482 Contact Donn\u00e9es d&rsquo;identification du responsable: PRADAS SUCESORES SL, B02266179, Pol\u00edgono Industrial el Mugr\u00f3n, Calle Escultor Jos\u00e9 Luis S\u00e1nchez N\u00ba 6 &#8211; 02640 &#8211; ALMANSA [&hellip;]<\/p>\n","protected":false},"author":1,"featured_media":0,"parent":0,"menu_order":0,"comment_status":"closed","ping_status":"closed","template":"","meta":{"footnotes":""},"class_list":["post-8881","page","type-page","status-publish","hentry"],"yoast_head":"<!-- This site is optimized with the Yoast SEO plugin v27.3 - https:\/\/yoast.com\/product\/yoast-seo-wordpress\/ -->\n<title>Contact | Pradas<\/title>\n<meta name=\"robots\" content=\"index, follow, max-snippet:-1, max-image-preview:large, max-video-preview:-1\" \/>\n<link rel=\"canonical\" href=\"https:\/\/pradas.net\/fr\/contact\/\" \/>\n<meta property=\"og:locale\" content=\"fr_FR\" \/>\n<meta property=\"og:type\" content=\"article\" \/>\n<meta property=\"og:title\" content=\"Contact | Pradas\" \/>\n<meta property=\"og:description\" content=\"Contacto Demandez-nous un devis sans engagement Nous serons ravis de r\u00e9pondre \u00e0 vos questions ou demandes. Adresse C. Escultor Jos\u00e9 Luis S\u00e1nchez, 6 02640 Almansa, Albacete Tel\u00e9fono +34 967 340 482 Contact Donn\u00e9es d&rsquo;identification du responsable: PRADAS SUCESORES SL, B02266179, Pol\u00edgono Industrial el Mugr\u00f3n, Calle Escultor Jos\u00e9 Luis S\u00e1nchez N\u00ba 6 &#8211; 02640 &#8211; ALMANSA [&hellip;]\" \/>\n<meta property=\"og:url\" content=\"https:\/\/pradas.net\/fr\/contact\/\" \/>\n<meta property=\"og:site_name\" content=\"Pradas\" \/>\n<meta property=\"article:modified_time\" content=\"2025-06-02T17:48:07+00:00\" \/>\n<meta property=\"og:image\" content=\"https:\/\/www.pradas.net\/wp-content\/uploads\/2025\/01\/location.png\" \/>\n<meta name=\"twitter:card\" content=\"summary_large_image\" \/>\n<meta name=\"twitter:label1\" content=\"Dur\u00e9e de lecture estim\u00e9e\" \/>\n\t<meta name=\"twitter:data1\" content=\"1 minute\" \/>\n<script type=\"application\/ld+json\" class=\"yoast-schema-graph\">{\"@context\":\"https:\\\/\\\/schema.org\",\"@graph\":[{\"@type\":\"WebPage\",\"@id\":\"https:\\\/\\\/pradas.net\\\/fr\\\/contact\\\/\",\"url\":\"https:\\\/\\\/pradas.net\\\/fr\\\/contact\\\/\",\"name\":\"Contact | Pradas\",\"isPartOf\":{\"@id\":\"https:\\\/\\\/pradas.net\\\/fr\\\/#website\"},\"primaryImageOfPage\":{\"@id\":\"https:\\\/\\\/pradas.net\\\/fr\\\/contact\\\/#primaryimage\"},\"image\":{\"@id\":\"https:\\\/\\\/pradas.net\\\/fr\\\/contact\\\/#primaryimage\"},\"thumbnailUrl\":\"https:\\\/\\\/www.pradas.net\\\/wp-content\\\/uploads\\\/2025\\\/01\\\/location.png\",\"datePublished\":\"2025-01-07T16:03:34+00:00\",\"dateModified\":\"2025-06-02T17:48:07+00:00\",\"breadcrumb\":{\"@id\":\"https:\\\/\\\/pradas.net\\\/fr\\\/contact\\\/#breadcrumb\"},\"inLanguage\":\"fr-FR\",\"potentialAction\":[{\"@type\":\"ReadAction\",\"target\":[\"https:\\\/\\\/pradas.net\\\/fr\\\/contact\\\/\"]}]},{\"@type\":\"ImageObject\",\"inLanguage\":\"fr-FR\",\"@id\":\"https:\\\/\\\/pradas.net\\\/fr\\\/contact\\\/#primaryimage\",\"url\":\"https:\\\/\\\/www.pradas.net\\\/wp-content\\\/uploads\\\/2025\\\/01\\\/location.png\",\"contentUrl\":\"https:\\\/\\\/www.pradas.net\\\/wp-content\\\/uploads\\\/2025\\\/01\\\/location.png\"},{\"@type\":\"BreadcrumbList\",\"@id\":\"https:\\\/\\\/pradas.net\\\/fr\\\/contact\\\/#breadcrumb\",\"itemListElement\":[{\"@type\":\"ListItem\",\"position\":1,\"name\":\"Portada\",\"item\":\"https:\\\/\\\/pradas.net\\\/fr\\\/accueil\\\/\"},{\"@type\":\"ListItem\",\"position\":2,\"name\":\"Contact\"}]},{\"@type\":\"WebSite\",\"@id\":\"https:\\\/\\\/pradas.net\\\/fr\\\/#website\",\"url\":\"https:\\\/\\\/pradas.net\\\/fr\\\/\",\"name\":\"Pradas\",\"description\":\"\",\"potentialAction\":[{\"@type\":\"SearchAction\",\"target\":{\"@type\":\"EntryPoint\",\"urlTemplate\":\"https:\\\/\\\/pradas.net\\\/fr\\\/?s={search_term_string}\"},\"query-input\":{\"@type\":\"PropertyValueSpecification\",\"valueRequired\":true,\"valueName\":\"search_term_string\"}}],\"inLanguage\":\"fr-FR\"}]}<\/script>\n<!-- \/ Yoast SEO plugin. -->","yoast_head_json":{"title":"Contact | Pradas","robots":{"index":"index","follow":"follow","max-snippet":"max-snippet:-1","max-image-preview":"max-image-preview:large","max-video-preview":"max-video-preview:-1"},"canonical":"https:\/\/pradas.net\/fr\/contact\/","og_locale":"fr_FR","og_type":"article","og_title":"Contact | Pradas","og_description":"Contacto Demandez-nous un devis sans engagement Nous serons ravis de r\u00e9pondre \u00e0 vos questions ou demandes. Adresse C. Escultor Jos\u00e9 Luis S\u00e1nchez, 6 02640 Almansa, Albacete Tel\u00e9fono +34 967 340 482 Contact Donn\u00e9es d&rsquo;identification du responsable: PRADAS SUCESORES SL, B02266179, Pol\u00edgono Industrial el Mugr\u00f3n, Calle Escultor Jos\u00e9 Luis S\u00e1nchez N\u00ba 6 &#8211; 02640 &#8211; ALMANSA [&hellip;]","og_url":"https:\/\/pradas.net\/fr\/contact\/","og_site_name":"Pradas","article_modified_time":"2025-06-02T17:48:07+00:00","og_image":[{"url":"https:\/\/www.pradas.net\/wp-content\/uploads\/2025\/01\/location.png","type":"","width":"","height":""}],"twitter_card":"summary_large_image","twitter_misc":{"Dur\u00e9e de lecture estim\u00e9e":"1 minute"},"schema":{"@context":"https:\/\/schema.org","@graph":[{"@type":"WebPage","@id":"https:\/\/pradas.net\/fr\/contact\/","url":"https:\/\/pradas.net\/fr\/contact\/","name":"Contact | Pradas","isPartOf":{"@id":"https:\/\/pradas.net\/fr\/#website"},"primaryImageOfPage":{"@id":"https:\/\/pradas.net\/fr\/contact\/#primaryimage"},"image":{"@id":"https:\/\/pradas.net\/fr\/contact\/#primaryimage"},"thumbnailUrl":"https:\/\/www.pradas.net\/wp-content\/uploads\/2025\/01\/location.png","datePublished":"2025-01-07T16:03:34+00:00","dateModified":"2025-06-02T17:48:07+00:00","breadcrumb":{"@id":"https:\/\/pradas.net\/fr\/contact\/#breadcrumb"},"inLanguage":"fr-FR","potentialAction":[{"@type":"ReadAction","target":["https:\/\/pradas.net\/fr\/contact\/"]}]},{"@type":"ImageObject","inLanguage":"fr-FR","@id":"https:\/\/pradas.net\/fr\/contact\/#primaryimage","url":"https:\/\/www.pradas.net\/wp-content\/uploads\/2025\/01\/location.png","contentUrl":"https:\/\/www.pradas.net\/wp-content\/uploads\/2025\/01\/location.png"},{"@type":"BreadcrumbList","@id":"https:\/\/pradas.net\/fr\/contact\/#breadcrumb","itemListElement":[{"@type":"ListItem","position":1,"name":"Portada","item":"https:\/\/pradas.net\/fr\/accueil\/"},{"@type":"ListItem","position":2,"name":"Contact"}]},{"@type":"WebSite","@id":"https:\/\/pradas.net\/fr\/#website","url":"https:\/\/pradas.net\/fr\/","name":"Pradas","description":"","potentialAction":[{"@type":"SearchAction","target":{"@type":"EntryPoint","urlTemplate":"https:\/\/pradas.net\/fr\/?s={search_term_string}"},"query-input":{"@type":"PropertyValueSpecification","valueRequired":true,"valueName":"search_term_string"}}],"inLanguage":"fr-FR"}]}},"_links":{"self":[{"href":"https:\/\/pradas.net\/fr\/wp-json\/wp\/v2\/pages\/8881","targetHints":{"allow":["GET"]}}],"collection":[{"href":"https:\/\/pradas.net\/fr\/wp-json\/wp\/v2\/pages"}],"about":[{"href":"https:\/\/pradas.net\/fr\/wp-json\/wp\/v2\/types\/page"}],"author":[{"embeddable":true,"href":"https:\/\/pradas.net\/fr\/wp-json\/wp\/v2\/users\/1"}],"replies":[{"embeddable":true,"href":"https:\/\/pradas.net\/fr\/wp-json\/wp\/v2\/comments?post=8881"}],"version-history":[{"count":0,"href":"https:\/\/pradas.net\/fr\/wp-json\/wp\/v2\/pages\/8881\/revisions"}],"wp:attachment":[{"href":"https:\/\/pradas.net\/fr\/wp-json\/wp\/v2\/media?parent=8881"}],"curies":[{"name":"wp","href":"https:\/\/api.w.org\/{rel}","templated":true}]}}