{"id":8898,"date":"2025-01-07T17:02:48","date_gmt":"2025-01-07T16:02:48","guid":{"rendered":"https:\/\/pradas.net\/pieces-detachees\/"},"modified":"2025-06-30T20:56:08","modified_gmt":"2025-06-30T18:56:08","slug":"pieces-detachees","status":"publish","type":"page","link":"https:\/\/pradas.net\/fr\/pieces-detachees\/","title":{"rendered":"Pi\u00e8ces D\u00e9tach\u00e9es"},"content":{"rendered":"\t\t<div data-elementor-type=\"wp-page\" data-elementor-id=\"8898\" class=\"elementor elementor-8898 elementor-77\" data-elementor-post-type=\"page\">\n\t\t\t\t\t\t<section class=\"elementor-section elementor-top-section elementor-element elementor-element-a87040b elementor-section-height-min-height elementor-section-full_width elementor-section-content-middle elementor-section-height-default elementor-section-items-middle\" data-id=\"a87040b\" data-element_type=\"section\" data-e-type=\"section\" data-settings=\"{&quot;background_background&quot;:&quot;classic&quot;}\">\n\t\t\t\t\t\t\t<div class=\"elementor-background-overlay\"><\/div>\n\t\t\t\t\t\t\t<div class=\"elementor-container elementor-column-gap-no\">\n\t\t\t\t\t<div class=\"elementor-column elementor-col-100 elementor-top-column elementor-element elementor-element-3b6702a\" data-id=\"3b6702a\" data-element_type=\"column\" data-e-type=\"column\">\n\t\t\t<div class=\"elementor-widget-wrap elementor-element-populated\">\n\t\t\t\t\t\t\t<\/div>\n\t\t<\/div>\n\t\t\t\t\t<\/div>\n\t\t<\/section>\n\t\t<div class=\"elementor-element elementor-element-d71b85e e-flex e-con-boxed e-con e-parent\" data-id=\"d71b85e\" data-element_type=\"container\" data-e-type=\"container\" data-settings=\"{&quot;background_background&quot;:&quot;classic&quot;}\">\n\t\t\t\t\t<div class=\"e-con-inner\">\n\t\t\t\t<div class=\"elementor-element elementor-element-03ba15f animated-slow elementor-widget elementor-widget-heading\" data-id=\"03ba15f\" data-element_type=\"widget\" data-e-type=\"widget\" data-settings=\"{&quot;_animation&quot;:&quot;none&quot;}\" data-widget_type=\"heading.default\">\n\t\t\t\t<div class=\"elementor-widget-container\">\n\t\t\t\t\t<h2 class=\"elementor-heading-title elementor-size-default\">Grande vari\u00e9t\u00e9 de pi\u00e8ces de rechange pour machines<\/h2>\t\t\t\t<\/div>\n\t\t\t\t<\/div>\n\t\t\t\t<div class=\"elementor-element elementor-element-6039dbc animated-slow elementor-widget elementor-widget-text-editor\" data-id=\"6039dbc\" data-element_type=\"widget\" data-e-type=\"widget\" data-settings=\"{&quot;_animation&quot;:&quot;none&quot;,&quot;_animation_delay&quot;:300}\" data-widget_type=\"text-editor.default\">\n\t\t\t\t<div class=\"elementor-widget-container\">\n\t\t\t\t\t\t\t\t\t<p><strong>Pradas Sucesores, S.L.<\/strong> dispose d&rsquo;un stock permanent de plus de 10.000 r\u00e9f\u00e9rences de pi\u00e8ces d\u00e9tach\u00e9es pour tous types de machines. Nous offrons \u00e0 nos clients les d\u00e9lais de livraison les plus courts du march\u00e9 et le meilleur service apr\u00e8s-vente.<\/p><p>Nos installations sont \u00e9quip\u00e9es de syst\u00e8mes de conception et d&rsquo;usinage <strong>CAO\/FAO<\/strong> de pointe, ainsi que de machines et d&rsquo;outils \u00e0 la fine pointe de la technologie pour la fabrication de pi\u00e8ces d\u00e9tach\u00e9es. Nous poss\u00e9dons les capacit\u00e9s et les moyens techniques avanc\u00e9s qui nous permettent de relever avec succ\u00e8s tous les d\u00e9fis, que ce soit dans l&rsquo;industrie de la chaussure ou dans d&rsquo;autres secteurs industriels.<\/p><p>De plus, nous fabriquons nos propres pi\u00e8ces de rechange avec des mat\u00e9riaux et des traitements de qualit\u00e9 sup\u00e9rieure, garantissant une durabilit\u00e9 et une stabilit\u00e9 accrues dans leur utilisation.<\/p><p>Si vous ne trouvez pas les pi\u00e8ces de rechange dont vous avez besoin, vous pouvez <a href=\"https:\/\/www.pradas.net\/fr\/contact\/\">nous contacter<\/a> et nous ferons de notre mieux pour vous aider.<\/p>\t\t\t\t\t\t\t\t<\/div>\n\t\t\t\t<\/div>\n\t\t\t\t\t<\/div>\n\t\t\t\t<\/div>\n\t\t<div class=\"elementor-element elementor-element-7a32d86 e-flex e-con-boxed e-con e-parent\" data-id=\"7a32d86\" data-element_type=\"container\" data-e-type=\"container\">\n\t\t\t\t\t<div class=\"e-con-inner\">\n\t\t<div class=\"elementor-element elementor-element-a6ce766 e-con-full e-flex e-con e-child\" data-id=\"a6ce766\" data-element_type=\"container\" data-e-type=\"container\">\n\t\t\t\t<div class=\"elementor-element elementor-element-fab5c34 elementor-widget elementor-widget-image\" data-id=\"fab5c34\" data-element_type=\"widget\" data-e-type=\"widget\" data-widget_type=\"image.default\">\n\t\t\t\t<div class=\"elementor-widget-container\">\n\t\t\t\t\t\t\t\t\t\t\t\t\t\t\t\t<a href=\"https:\/\/www.pradas.net\/fr\/pieces-detachees\/machinerie-goodyear-welt\/\">\n\t\t\t\t\t\t\t<img fetchpriority=\"high\" decoding=\"async\" width=\"800\" height=\"299\" src=\"https:\/\/pradas.net\/wp-content\/uploads\/2025\/06\/Pieces-Detachees-Goodyear.jpg\" class=\"attachment-large size-large wp-image-9318\" alt=\"\" srcset=\"https:\/\/pradas.net\/wp-content\/uploads\/2025\/06\/Pieces-Detachees-Goodyear.jpg 800w, https:\/\/pradas.net\/wp-content\/uploads\/2025\/06\/Pieces-Detachees-Goodyear-300x112.jpg 300w, https:\/\/pradas.net\/wp-content\/uploads\/2025\/06\/Pieces-Detachees-Goodyear-768x287.jpg 768w\" sizes=\"(max-width: 800px) 100vw, 800px\" \/>\t\t\t\t\t\t\t\t<\/a>\n\t\t\t\t\t\t\t\t\t\t\t\t\t\t\t<\/div>\n\t\t\t\t<\/div>\n\t\t\t\t<\/div>\n\t\t<div class=\"elementor-element elementor-element-0ea271a e-con-full e-flex e-con e-child\" data-id=\"0ea271a\" data-element_type=\"container\" data-e-type=\"container\">\n\t\t\t\t<div class=\"elementor-element elementor-element-0fbef79 elementor-widget elementor-widget-image\" data-id=\"0fbef79\" data-element_type=\"widget\" data-e-type=\"widget\" data-widget_type=\"image.default\">\n\t\t\t\t<div class=\"elementor-widget-container\">\n\t\t\t\t\t\t\t\t\t\t\t\t\t\t\t\t<a href=\"https:\/\/www.pradas.net\/fr\/pieces-detachees\/machinerie-de-chaussure\/\">\n\t\t\t\t\t\t\t<img decoding=\"async\" width=\"800\" height=\"299\" src=\"https:\/\/pradas.net\/wp-content\/uploads\/2025\/06\/Pieces-Detachees-Machinerie.jpg\" class=\"attachment-large size-large wp-image-9321\" alt=\"\" srcset=\"https:\/\/pradas.net\/wp-content\/uploads\/2025\/06\/Pieces-Detachees-Machinerie.jpg 800w, https:\/\/pradas.net\/wp-content\/uploads\/2025\/06\/Pieces-Detachees-Machinerie-300x112.jpg 300w, https:\/\/pradas.net\/wp-content\/uploads\/2025\/06\/Pieces-Detachees-Machinerie-768x287.jpg 768w\" sizes=\"(max-width: 800px) 100vw, 800px\" \/>\t\t\t\t\t\t\t\t<\/a>\n\t\t\t\t\t\t\t\t\t\t\t\t\t\t\t<\/div>\n\t\t\t\t<\/div>\n\t\t\t\t<\/div>\n\t\t\t\t\t<\/div>\n\t\t\t\t<\/div>\n\t\t\t\t<\/div>\n\t\t","protected":false},"excerpt":{"rendered":"<p>Grande vari\u00e9t\u00e9 de pi\u00e8ces de rechange pour machines Pradas Sucesores, S.L. dispose d&rsquo;un stock permanent de plus de 10.000 r\u00e9f\u00e9rences de pi\u00e8ces d\u00e9tach\u00e9es pour tous types de machines. Nous offrons \u00e0 nos clients les d\u00e9lais de livraison les plus courts du march\u00e9 et le meilleur service apr\u00e8s-vente. Nos installations sont \u00e9quip\u00e9es de syst\u00e8mes de conception [&hellip;]<\/p>\n","protected":false},"author":1,"featured_media":0,"parent":0,"menu_order":0,"comment_status":"closed","ping_status":"closed","template":"","meta":{"footnotes":""},"class_list":["post-8898","page","type-page","status-publish","hentry"],"yoast_head":"<!-- This site is optimized with the Yoast SEO plugin v27.3 - https:\/\/yoast.com\/product\/yoast-seo-wordpress\/ -->\n<title>Pi\u00e8ces D\u00e9tach\u00e9es | Pradas<\/title>\n<meta name=\"robots\" content=\"index, follow, max-snippet:-1, max-image-preview:large, max-video-preview:-1\" \/>\n<link rel=\"canonical\" href=\"https:\/\/pradas.net\/fr\/pieces-detachees\/\" \/>\n<meta property=\"og:locale\" content=\"fr_FR\" \/>\n<meta property=\"og:type\" content=\"article\" \/>\n<meta property=\"og:title\" content=\"Pi\u00e8ces D\u00e9tach\u00e9es | Pradas\" \/>\n<meta property=\"og:description\" content=\"Grande vari\u00e9t\u00e9 de pi\u00e8ces de rechange pour machines Pradas Sucesores, S.L. dispose d&rsquo;un stock permanent de plus de 10.000 r\u00e9f\u00e9rences de pi\u00e8ces d\u00e9tach\u00e9es pour tous types de machines. Nous offrons \u00e0 nos clients les d\u00e9lais de livraison les plus courts du march\u00e9 et le meilleur service apr\u00e8s-vente. Nos installations sont \u00e9quip\u00e9es de syst\u00e8mes de conception [&hellip;]\" \/>\n<meta property=\"og:url\" content=\"https:\/\/pradas.net\/fr\/pieces-detachees\/\" \/>\n<meta property=\"og:site_name\" content=\"Pradas\" \/>\n<meta property=\"article:modified_time\" content=\"2025-06-30T18:56:08+00:00\" \/>\n<meta property=\"og:image\" content=\"https:\/\/www.pradas.net\/wp-content\/uploads\/2025\/06\/Pieces-Detachees-Goodyear.jpg\" \/>\n<meta name=\"twitter:card\" content=\"summary_large_image\" \/>\n<meta name=\"twitter:label1\" content=\"Dur\u00e9e de lecture estim\u00e9e\" \/>\n\t<meta name=\"twitter:data1\" content=\"2 minutes\" \/>\n<script type=\"application\/ld+json\" class=\"yoast-schema-graph\">{\"@context\":\"https:\\\/\\\/schema.org\",\"@graph\":[{\"@type\":\"WebPage\",\"@id\":\"https:\\\/\\\/pradas.net\\\/fr\\\/pieces-detachees\\\/\",\"url\":\"https:\\\/\\\/pradas.net\\\/fr\\\/pieces-detachees\\\/\",\"name\":\"Pi\u00e8ces D\u00e9tach\u00e9es | Pradas\",\"isPartOf\":{\"@id\":\"https:\\\/\\\/pradas.net\\\/fr\\\/#website\"},\"primaryImageOfPage\":{\"@id\":\"https:\\\/\\\/pradas.net\\\/fr\\\/pieces-detachees\\\/#primaryimage\"},\"image\":{\"@id\":\"https:\\\/\\\/pradas.net\\\/fr\\\/pieces-detachees\\\/#primaryimage\"},\"thumbnailUrl\":\"https:\\\/\\\/www.pradas.net\\\/wp-content\\\/uploads\\\/2025\\\/06\\\/Pieces-Detachees-Goodyear.jpg\",\"datePublished\":\"2025-01-07T16:02:48+00:00\",\"dateModified\":\"2025-06-30T18:56:08+00:00\",\"breadcrumb\":{\"@id\":\"https:\\\/\\\/pradas.net\\\/fr\\\/pieces-detachees\\\/#breadcrumb\"},\"inLanguage\":\"fr-FR\",\"potentialAction\":[{\"@type\":\"ReadAction\",\"target\":[\"https:\\\/\\\/pradas.net\\\/fr\\\/pieces-detachees\\\/\"]}]},{\"@type\":\"ImageObject\",\"inLanguage\":\"fr-FR\",\"@id\":\"https:\\\/\\\/pradas.net\\\/fr\\\/pieces-detachees\\\/#primaryimage\",\"url\":\"https:\\\/\\\/www.pradas.net\\\/wp-content\\\/uploads\\\/2025\\\/06\\\/Pieces-Detachees-Goodyear.jpg\",\"contentUrl\":\"https:\\\/\\\/www.pradas.net\\\/wp-content\\\/uploads\\\/2025\\\/06\\\/Pieces-Detachees-Goodyear.jpg\"},{\"@type\":\"BreadcrumbList\",\"@id\":\"https:\\\/\\\/pradas.net\\\/fr\\\/pieces-detachees\\\/#breadcrumb\",\"itemListElement\":[{\"@type\":\"ListItem\",\"position\":1,\"name\":\"Portada\",\"item\":\"https:\\\/\\\/pradas.net\\\/fr\\\/accueil\\\/\"},{\"@type\":\"ListItem\",\"position\":2,\"name\":\"Pi\u00e8ces D\u00e9tach\u00e9es\"}]},{\"@type\":\"WebSite\",\"@id\":\"https:\\\/\\\/pradas.net\\\/fr\\\/#website\",\"url\":\"https:\\\/\\\/pradas.net\\\/fr\\\/\",\"name\":\"Pradas\",\"description\":\"\",\"potentialAction\":[{\"@type\":\"SearchAction\",\"target\":{\"@type\":\"EntryPoint\",\"urlTemplate\":\"https:\\\/\\\/pradas.net\\\/fr\\\/?s={search_term_string}\"},\"query-input\":{\"@type\":\"PropertyValueSpecification\",\"valueRequired\":true,\"valueName\":\"search_term_string\"}}],\"inLanguage\":\"fr-FR\"}]}<\/script>\n<!-- \/ Yoast SEO plugin. -->","yoast_head_json":{"title":"Pi\u00e8ces D\u00e9tach\u00e9es | Pradas","robots":{"index":"index","follow":"follow","max-snippet":"max-snippet:-1","max-image-preview":"max-image-preview:large","max-video-preview":"max-video-preview:-1"},"canonical":"https:\/\/pradas.net\/fr\/pieces-detachees\/","og_locale":"fr_FR","og_type":"article","og_title":"Pi\u00e8ces D\u00e9tach\u00e9es | Pradas","og_description":"Grande vari\u00e9t\u00e9 de pi\u00e8ces de rechange pour machines Pradas Sucesores, S.L. dispose d&rsquo;un stock permanent de plus de 10.000 r\u00e9f\u00e9rences de pi\u00e8ces d\u00e9tach\u00e9es pour tous types de machines. Nous offrons \u00e0 nos clients les d\u00e9lais de livraison les plus courts du march\u00e9 et le meilleur service apr\u00e8s-vente. Nos installations sont \u00e9quip\u00e9es de syst\u00e8mes de conception [&hellip;]","og_url":"https:\/\/pradas.net\/fr\/pieces-detachees\/","og_site_name":"Pradas","article_modified_time":"2025-06-30T18:56:08+00:00","og_image":[{"url":"https:\/\/www.pradas.net\/wp-content\/uploads\/2025\/06\/Pieces-Detachees-Goodyear.jpg","type":"","width":"","height":""}],"twitter_card":"summary_large_image","twitter_misc":{"Dur\u00e9e de lecture estim\u00e9e":"2 minutes"},"schema":{"@context":"https:\/\/schema.org","@graph":[{"@type":"WebPage","@id":"https:\/\/pradas.net\/fr\/pieces-detachees\/","url":"https:\/\/pradas.net\/fr\/pieces-detachees\/","name":"Pi\u00e8ces D\u00e9tach\u00e9es | Pradas","isPartOf":{"@id":"https:\/\/pradas.net\/fr\/#website"},"primaryImageOfPage":{"@id":"https:\/\/pradas.net\/fr\/pieces-detachees\/#primaryimage"},"image":{"@id":"https:\/\/pradas.net\/fr\/pieces-detachees\/#primaryimage"},"thumbnailUrl":"https:\/\/www.pradas.net\/wp-content\/uploads\/2025\/06\/Pieces-Detachees-Goodyear.jpg","datePublished":"2025-01-07T16:02:48+00:00","dateModified":"2025-06-30T18:56:08+00:00","breadcrumb":{"@id":"https:\/\/pradas.net\/fr\/pieces-detachees\/#breadcrumb"},"inLanguage":"fr-FR","potentialAction":[{"@type":"ReadAction","target":["https:\/\/pradas.net\/fr\/pieces-detachees\/"]}]},{"@type":"ImageObject","inLanguage":"fr-FR","@id":"https:\/\/pradas.net\/fr\/pieces-detachees\/#primaryimage","url":"https:\/\/www.pradas.net\/wp-content\/uploads\/2025\/06\/Pieces-Detachees-Goodyear.jpg","contentUrl":"https:\/\/www.pradas.net\/wp-content\/uploads\/2025\/06\/Pieces-Detachees-Goodyear.jpg"},{"@type":"BreadcrumbList","@id":"https:\/\/pradas.net\/fr\/pieces-detachees\/#breadcrumb","itemListElement":[{"@type":"ListItem","position":1,"name":"Portada","item":"https:\/\/pradas.net\/fr\/accueil\/"},{"@type":"ListItem","position":2,"name":"Pi\u00e8ces D\u00e9tach\u00e9es"}]},{"@type":"WebSite","@id":"https:\/\/pradas.net\/fr\/#website","url":"https:\/\/pradas.net\/fr\/","name":"Pradas","description":"","potentialAction":[{"@type":"SearchAction","target":{"@type":"EntryPoint","urlTemplate":"https:\/\/pradas.net\/fr\/?s={search_term_string}"},"query-input":{"@type":"PropertyValueSpecification","valueRequired":true,"valueName":"search_term_string"}}],"inLanguage":"fr-FR"}]}},"_links":{"self":[{"href":"https:\/\/pradas.net\/fr\/wp-json\/wp\/v2\/pages\/8898","targetHints":{"allow":["GET"]}}],"collection":[{"href":"https:\/\/pradas.net\/fr\/wp-json\/wp\/v2\/pages"}],"about":[{"href":"https:\/\/pradas.net\/fr\/wp-json\/wp\/v2\/types\/page"}],"author":[{"embeddable":true,"href":"https:\/\/pradas.net\/fr\/wp-json\/wp\/v2\/users\/1"}],"replies":[{"embeddable":true,"href":"https:\/\/pradas.net\/fr\/wp-json\/wp\/v2\/comments?post=8898"}],"version-history":[{"count":0,"href":"https:\/\/pradas.net\/fr\/wp-json\/wp\/v2\/pages\/8898\/revisions"}],"wp:attachment":[{"href":"https:\/\/pradas.net\/fr\/wp-json\/wp\/v2\/media?parent=8898"}],"curies":[{"name":"wp","href":"https:\/\/api.w.org\/{rel}","templated":true}]}}