{"id":8916,"date":"2025-01-07T17:03:28","date_gmt":"2025-01-07T16:03:28","guid":{"rendered":"https:\/\/pradas.net\/initiative\/"},"modified":"2025-06-30T19:57:47","modified_gmt":"2025-06-30T17:57:47","slug":"initiative","status":"publish","type":"page","link":"https:\/\/pradas.net\/fr\/initiative\/","title":{"rendered":"L&rsquo;Entreprise"},"content":{"rendered":"\t\t<div data-elementor-type=\"wp-page\" data-elementor-id=\"8916\" class=\"elementor elementor-8916 elementor-85\" data-elementor-post-type=\"page\">\n\t\t\t\t\t\t<section class=\"elementor-section elementor-top-section elementor-element elementor-element-2dabac4d elementor-section-height-min-height elementor-section-full_width elementor-section-height-default elementor-section-items-middle\" data-id=\"2dabac4d\" data-element_type=\"section\" data-e-type=\"section\" data-settings=\"{&quot;background_background&quot;:&quot;classic&quot;}\">\n\t\t\t\t\t\t\t<div class=\"elementor-background-overlay\"><\/div>\n\t\t\t\t\t\t\t<div class=\"elementor-container elementor-column-gap-no\">\n\t\t\t\t\t<div class=\"elementor-column elementor-col-100 elementor-top-column elementor-element elementor-element-33100365\" data-id=\"33100365\" data-element_type=\"column\" data-e-type=\"column\">\n\t\t\t<div class=\"elementor-widget-wrap elementor-element-populated\">\n\t\t\t\t\t\t<div class=\"elementor-element elementor-element-0e71c7e elementor-invisible elementor-widget elementor-widget-heading\" data-id=\"0e71c7e\" data-element_type=\"widget\" data-e-type=\"widget\" data-settings=\"{&quot;_animation&quot;:&quot;fadeInUp&quot;}\" data-widget_type=\"heading.default\">\n\t\t\t\t<div class=\"elementor-widget-container\">\n\t\t\t\t\t<h1 class=\"elementor-heading-title elementor-size-default\">L'Entreprise<\/h1>\t\t\t\t<\/div>\n\t\t\t\t<\/div>\n\t\t\t\t\t<\/div>\n\t\t<\/div>\n\t\t\t\t\t<\/div>\n\t\t<\/section>\n\t\t\t\t<section class=\"elementor-section elementor-top-section elementor-element elementor-element-3d7910ba elementor-section-boxed elementor-section-height-default elementor-section-height-default\" data-id=\"3d7910ba\" data-element_type=\"section\" data-e-type=\"section\" data-settings=\"{&quot;background_background&quot;:&quot;classic&quot;}\">\n\t\t\t\t\t\t\t<div class=\"elementor-background-overlay\"><\/div>\n\t\t\t\t\t\t\t<div class=\"elementor-container elementor-column-gap-no\">\n\t\t\t\t\t<div class=\"elementor-column elementor-col-100 elementor-top-column elementor-element elementor-element-29c99425\" data-id=\"29c99425\" data-element_type=\"column\" data-e-type=\"column\">\n\t\t\t<div class=\"elementor-widget-wrap elementor-element-populated\">\n\t\t\t\t\t\t<div class=\"elementor-element elementor-element-10256a9 animated-slow elementor-invisible elementor-widget elementor-widget-heading\" data-id=\"10256a9\" data-element_type=\"widget\" data-e-type=\"widget\" data-settings=\"{&quot;_animation&quot;:&quot;fadeInLeft&quot;}\" data-widget_type=\"heading.default\">\n\t\t\t\t<div class=\"elementor-widget-container\">\n\t\t\t\t\t<h2 class=\"elementor-heading-title elementor-size-default\">Pradas Sucesores<\/h2>\t\t\t\t<\/div>\n\t\t\t\t<\/div>\n\t\t\t\t<div class=\"elementor-element elementor-element-5357aa6a animated-slow elementor-invisible elementor-widget elementor-widget-text-editor\" data-id=\"5357aa6a\" data-element_type=\"widget\" data-e-type=\"widget\" data-settings=\"{&quot;_animation&quot;:&quot;fadeInUp&quot;}\" data-widget_type=\"text-editor.default\">\n\t\t\t\t<div class=\"elementor-widget-container\">\n\t\t\t\t\t\t\t\t\t<p>Depuis 1967, <strong>Pradas Sucesores, S.L. est au service de l&rsquo;industrie des chaussures.<\/strong> Plus de 45 ans d&rsquo;exp\u00e9rience professionnelle offrant les meilleures machines du march\u00e9 \u00e0 nos clients. Pradas Sucesores, S.L. est situ\u00e9e \u00e0 Almansa (Albacete) au sud-est de La Manche, l&rsquo;une des r\u00e9gions les plus importantes de l&rsquo;Espagne en mati\u00e8re de fabrication de chaussures de haute qualit\u00e9. <\/p><p>Notre longue trajectoire professionnelle et nos efforts constants pour r\u00e9pondre aux besoins de nos clients nous ont valu la premi\u00e8re place dans le secteur. Le personnel hautement qualifi\u00e9 de Pradas Sucesores S.L. garantit le meilleur service int\u00e9gral et les solutions les plus avanc\u00e9es pour les soci\u00e9t\u00e9s de fabrication de chaussures. Les principales compagnies de renomm\u00e9e internationale du secteur sont notre garantie.  <\/p><p>Les plus importants fabricants de machines pour chaussures ont fait confiance \u00e0 Pradas Sucesores, S.L. tout au long de pr\u00e8s de 50 ans. Des firmes telles que FALAN, ELETTROTECNICA B.C, COLLI f.g.b, BENAZZATO, SAGITTA, TORTI, MAMECC, SILPAR, OMAV, GARFAS MACHINE, EURMECCANICA SHOE, S.P.S, etc., maintiennent une synergie constante avec nos diff\u00e9rents d\u00e9partements, ce qui nous permet de r\u00e9pondre \u00e0 pratiquement toutes les exigences ou probl\u00e9matiques du march\u00e9. <\/p>\t\t\t\t\t\t\t\t<\/div>\n\t\t\t\t<\/div>\n\t\t\t\t<section class=\"elementor-section elementor-inner-section elementor-element elementor-element-50a32dcf elementor-section-boxed elementor-section-height-default elementor-section-height-default\" data-id=\"50a32dcf\" data-element_type=\"section\" data-e-type=\"section\">\n\t\t\t\t\t\t<div class=\"elementor-container elementor-column-gap-no\">\n\t\t\t\t\t<div class=\"elementor-column elementor-col-100 elementor-inner-column elementor-element elementor-element-4afd7f2e\" data-id=\"4afd7f2e\" data-element_type=\"column\" data-e-type=\"column\">\n\t\t\t<div class=\"elementor-widget-wrap elementor-element-populated\">\n\t\t\t\t\t\t<div class=\"elementor-element elementor-element-bfe5427 elementor-widget elementor-widget-video\" data-id=\"bfe5427\" data-element_type=\"widget\" data-e-type=\"widget\" data-settings=\"{&quot;youtube_url&quot;:&quot;https:\\\/\\\/www.youtube.com\\\/watch?v=PhMcWGVw7S0&amp;t=39s&quot;,&quot;video_type&quot;:&quot;youtube&quot;,&quot;controls&quot;:&quot;yes&quot;}\" data-widget_type=\"video.default\">\n\t\t\t\t<div class=\"elementor-widget-container\">\n\t\t\t\t\t\t\t<div class=\"elementor-wrapper elementor-open-inline\">\n\t\t\t<div class=\"elementor-video\"><\/div>\t\t<\/div>\n\t\t\t\t\t\t<\/div>\n\t\t\t\t<\/div>\n\t\t\t\t\t<\/div>\n\t\t<\/div>\n\t\t\t\t\t<\/div>\n\t\t<\/section>\n\t\t\t\t\t<\/div>\n\t\t<\/div>\n\t\t\t\t\t<\/div>\n\t\t<\/section>\n\t\t\t\t<section class=\"elementor-section elementor-top-section elementor-element elementor-element-10fd78cf elementor-section-boxed elementor-section-height-default elementor-section-height-default\" data-id=\"10fd78cf\" data-element_type=\"section\" data-e-type=\"section\" data-settings=\"{&quot;background_background&quot;:&quot;classic&quot;}\">\n\t\t\t\t\t\t<div class=\"elementor-container elementor-column-gap-default\">\n\t\t\t\t\t<div class=\"elementor-column elementor-col-100 elementor-top-column elementor-element elementor-element-b342031\" data-id=\"b342031\" data-element_type=\"column\" data-e-type=\"column\">\n\t\t\t<div class=\"elementor-widget-wrap elementor-element-populated\">\n\t\t\t\t\t\t<section class=\"elementor-section elementor-inner-section elementor-element elementor-element-79093095 elementor-section-boxed elementor-section-height-default elementor-section-height-default\" data-id=\"79093095\" data-element_type=\"section\" data-e-type=\"section\">\n\t\t\t\t\t\t<div class=\"elementor-container elementor-column-gap-default\">\n\t\t\t\t\t<div class=\"elementor-column elementor-col-50 elementor-inner-column elementor-element elementor-element-14302d95\" data-id=\"14302d95\" data-element_type=\"column\" data-e-type=\"column\">\n\t\t\t<div class=\"elementor-widget-wrap elementor-element-populated\">\n\t\t\t\t\t\t<div class=\"elementor-element elementor-element-72dd1a9d animated-slow elementor-invisible elementor-widget elementor-widget-heading\" data-id=\"72dd1a9d\" data-element_type=\"widget\" data-e-type=\"widget\" data-settings=\"{&quot;_animation&quot;:&quot;slideInRight&quot;}\" data-widget_type=\"heading.default\">\n\t\t\t\t<div class=\"elementor-widget-container\">\n\t\t\t\t\t<h2 class=\"elementor-heading-title elementor-size-default\">Especialistas en maquinaria para \u00abGoodYear Welt\u00bb<\/h2>\t\t\t\t<\/div>\n\t\t\t\t<\/div>\n\t\t\t\t<div class=\"elementor-element elementor-element-49a2390f animated-slow elementor-invisible elementor-widget elementor-widget-text-editor\" data-id=\"49a2390f\" data-element_type=\"widget\" data-e-type=\"widget\" data-settings=\"{&quot;_animation&quot;:&quot;fadeInUp&quot;}\" data-widget_type=\"text-editor.default\">\n\t\t\t\t<div class=\"elementor-widget-container\">\n\t\t\t\t\t\t\t\t\t<p>Nous sommes des sp\u00e9cialistes reconnus en machines pour la production \u00ab GoodYear Welt \u00bb, pour laquelle nous offrons un service global d&rsquo;assistance-conseil, de formation, de vente, d&rsquo;entretien, de r\u00e9paration et de reconstruction. Nous disposons d&rsquo;un d\u00e9partement sp\u00e9cifique qui offre toutes les solutions pour la fabrication de chaussures \u00ab Goodyear welted \u00bb Demandez-nous plus d&rsquo;informations.  <\/p><p>Nous combinons les hautes comp\u00e9tences, la rapidit\u00e9, la plus haute qualit\u00e9 et les meilleures garanties pour que votre centre de fabrication de chaussures soit toujours plus rentable. Pradas Sucesores, S.L. met la technologie, la productivit\u00e9 et la comp\u00e9titivit\u00e9 au service de l&rsquo;industrie des chaussures. N&rsquo;h\u00e9sitez pas \u00e0 contacter nos d\u00e9partements. Nous serons ravis de vous rendre service. Vos machines vous en seront reconnaissantes.    <\/p>\t\t\t\t\t\t\t\t<\/div>\n\t\t\t\t<\/div>\n\t\t\t\t\t<\/div>\n\t\t<\/div>\n\t\t\t\t<div class=\"elementor-column elementor-col-50 elementor-inner-column elementor-element elementor-element-65cf92c4 animated-slow elementor-invisible\" data-id=\"65cf92c4\" data-element_type=\"column\" data-e-type=\"column\" data-settings=\"{&quot;background_background&quot;:&quot;classic&quot;,&quot;animation&quot;:&quot;slideInLeft&quot;}\">\n\t\t\t<div class=\"elementor-widget-wrap elementor-element-populated\">\n\t\t\t\t\t\t<div class=\"elementor-element elementor-element-8763d elementor-widget elementor-widget-image\" data-id=\"8763d\" data-element_type=\"widget\" data-e-type=\"widget\" data-widget_type=\"image.default\">\n\t\t\t\t<div class=\"elementor-widget-container\">\n\t\t\t\t\t\t\t\t\t\t\t\t\t\t\t<img fetchpriority=\"high\" decoding=\"async\" width=\"1274\" height=\"882\" src=\"https:\/\/pradas.net\/wp-content\/uploads\/2025\/02\/FOTO-EN-EMPRESA.jpg\" class=\"elementor-animation-float attachment-full size-full wp-image-5320\" alt=\"\" srcset=\"https:\/\/pradas.net\/wp-content\/uploads\/2025\/02\/FOTO-EN-EMPRESA.jpg 1274w, https:\/\/pradas.net\/wp-content\/uploads\/2025\/02\/FOTO-EN-EMPRESA-300x208.jpg 300w, https:\/\/pradas.net\/wp-content\/uploads\/2025\/02\/FOTO-EN-EMPRESA-1024x709.jpg 1024w, https:\/\/pradas.net\/wp-content\/uploads\/2025\/02\/FOTO-EN-EMPRESA-768x532.jpg 768w, https:\/\/pradas.net\/wp-content\/uploads\/2025\/02\/FOTO-EN-EMPRESA-800x554.jpg 800w\" sizes=\"(max-width: 1274px) 100vw, 1274px\" \/>\t\t\t\t\t\t\t\t\t\t\t\t\t\t\t<\/div>\n\t\t\t\t<\/div>\n\t\t\t\t\t<\/div>\n\t\t<\/div>\n\t\t\t\t\t<\/div>\n\t\t<\/section>\n\t\t\t\t\t<\/div>\n\t\t<\/div>\n\t\t\t\t\t<\/div>\n\t\t<\/section>\n\t\t\t\t<section class=\"elementor-section elementor-top-section elementor-element elementor-element-77597f7 elementor-section-boxed elementor-section-height-default elementor-section-height-default\" data-id=\"77597f7\" data-element_type=\"section\" data-e-type=\"section\">\n\t\t\t\t\t\t<div class=\"elementor-container elementor-column-gap-default\">\n\t\t\t\t\t<div class=\"elementor-column elementor-col-100 elementor-top-column elementor-element elementor-element-8aec455\" data-id=\"8aec455\" data-element_type=\"column\" data-e-type=\"column\">\n\t\t\t<div class=\"elementor-widget-wrap elementor-element-populated\">\n\t\t\t\t\t\t<section class=\"elementor-section elementor-inner-section elementor-element elementor-element-81ae2af elementor-section-boxed elementor-section-height-default elementor-section-height-default\" data-id=\"81ae2af\" data-element_type=\"section\" data-e-type=\"section\">\n\t\t\t\t\t\t<div class=\"elementor-container elementor-column-gap-default\">\n\t\t\t\t\t<div class=\"elementor-column elementor-col-50 elementor-inner-column elementor-element elementor-element-e37b59d\" data-id=\"e37b59d\" data-element_type=\"column\" data-e-type=\"column\">\n\t\t\t<div class=\"elementor-widget-wrap elementor-element-populated\">\n\t\t\t\t\t\t<div class=\"elementor-element elementor-element-6ae86a1 animated-slow elementor-invisible elementor-widget elementor-widget-heading\" data-id=\"6ae86a1\" data-element_type=\"widget\" data-e-type=\"widget\" data-settings=\"{&quot;_animation&quot;:&quot;slideInRight&quot;}\" data-widget_type=\"heading.default\">\n\t\t\t\t<div class=\"elementor-widget-container\">\n\t\t\t\t\t<h2 class=\"elementor-heading-title elementor-size-default\">SERVICE ASSISTANCE TECHNIQUE S.A.T.<\/h2>\t\t\t\t<\/div>\n\t\t\t\t<\/div>\n\t\t\t\t<div class=\"elementor-element elementor-element-0bb4e50 animated-slow elementor-invisible elementor-widget elementor-widget-text-editor\" data-id=\"0bb4e50\" data-element_type=\"widget\" data-e-type=\"widget\" data-settings=\"{&quot;_animation&quot;:&quot;fadeInUp&quot;}\" data-widget_type=\"text-editor.default\">\n\t\t\t\t<div class=\"elementor-widget-container\">\n\t\t\t\t\t\t\t\t\t<p><strong>Pradas Sucesores, S.L.<\/strong> dispose d&rsquo;une grande \u00e9quipe de techniciens sp\u00e9cialis\u00e9s pour r\u00e9pondre de fa\u00e7on imm\u00e9diate \u00e0 la demande de service technique de ses clients.<\/p><p>Contamos con un taller equipado con la tecnolog\u00eda m\u00e1s avanzada, incluyendo herramientas de precisi\u00f3n y maquinaria con controles num\u00e9ricos electr\u00f3nicos <strong>(C.N.C.)<\/strong>, programados desde nuestro departamento t\u00e9cnico mediante software <strong>CAD-CAM<\/strong>. Esto nos permite dise\u00f1ar y optimizar el proceso de mecanizado, as\u00ed como fabricar los utillajes necesarios para cada operaci\u00f3n. <\/p><p>Nuestra empresa dispone de los medios m\u00e1s avanzados para llevar a cabo la <strong>fabricaci\u00f3n, reparaci\u00f3n y reconstrucci\u00f3n completa de maquinaria usada<\/strong>, asegurando un rendimiento \u00f3ptimo.<\/p><p>Gracias a nuestras infraestructuras y a la experiencia de nuestro equipo, en <strong>Pradas Sucesores, S.L.<\/strong> trabajamos d\u00eda a d\u00eda para ganarnos la confianza de nuestros clientes. Nos comprometemos a ofrecer productos de alta calidad que prolonguen la vida \u00fatil y la productividad de sus m\u00e1quinas, garantizando una r\u00e1pida respuesta a sus necesidades. <\/p>\t\t\t\t\t\t\t\t<\/div>\n\t\t\t\t<\/div>\n\t\t\t\t\t<\/div>\n\t\t<\/div>\n\t\t\t\t<div class=\"elementor-column elementor-col-50 elementor-inner-column elementor-element elementor-element-c32a774 animated-slow elementor-invisible\" data-id=\"c32a774\" data-element_type=\"column\" data-e-type=\"column\" data-settings=\"{&quot;background_background&quot;:&quot;classic&quot;,&quot;animation&quot;:&quot;slideInLeft&quot;}\">\n\t\t\t<div class=\"elementor-widget-wrap elementor-element-populated\">\n\t\t\t\t\t\t<div class=\"elementor-element elementor-element-f5ef838 elementor-skin-carousel elementor-arrows-yes elementor-widget elementor-widget-media-carousel\" data-id=\"f5ef838\" data-element_type=\"widget\" data-e-type=\"widget\" data-settings=\"{&quot;slides_per_view&quot;:&quot;1&quot;,&quot;slides_to_scroll&quot;:&quot;1&quot;,&quot;skin&quot;:&quot;carousel&quot;,&quot;effect&quot;:&quot;slide&quot;,&quot;show_arrows&quot;:&quot;yes&quot;,&quot;speed&quot;:500,&quot;autoplay&quot;:&quot;yes&quot;,&quot;autoplay_speed&quot;:5000,&quot;loop&quot;:&quot;yes&quot;,&quot;pause_on_hover&quot;:&quot;yes&quot;,&quot;pause_on_interaction&quot;:&quot;yes&quot;,&quot;space_between&quot;:{&quot;unit&quot;:&quot;px&quot;,&quot;size&quot;:10,&quot;sizes&quot;:[]},&quot;space_between_laptop&quot;:{&quot;unit&quot;:&quot;px&quot;,&quot;size&quot;:10,&quot;sizes&quot;:[]},&quot;space_between_tablet_extra&quot;:{&quot;unit&quot;:&quot;px&quot;,&quot;size&quot;:10,&quot;sizes&quot;:[]},&quot;space_between_tablet&quot;:{&quot;unit&quot;:&quot;px&quot;,&quot;size&quot;:10,&quot;sizes&quot;:[]},&quot;space_between_mobile_extra&quot;:{&quot;unit&quot;:&quot;px&quot;,&quot;size&quot;:10,&quot;sizes&quot;:[]},&quot;space_between_mobile&quot;:{&quot;unit&quot;:&quot;px&quot;,&quot;size&quot;:10,&quot;sizes&quot;:[]}}\" data-widget_type=\"media-carousel.default\">\n\t\t\t\t<div class=\"elementor-widget-container\">\n\t\t\t\t\t\t\t\t\t<div class=\"elementor-swiper\">\n\t\t\t\t\t<div class=\"elementor-main-swiper swiper\" role=\"region\" aria-roledescription=\"carousel\" aria-label=\"Diapositivas\">\n\t\t\t\t<div class=\"swiper-wrapper\">\n\t\t\t\t\t\t\t\t\t\t\t<div class=\"swiper-slide\" role=\"group\" aria-roledescription=\"slide\">\n\t\t\t\t\t\t\t\t\t<div class=\"elementor-carousel-image\" role=\"img\" aria-label=\"2147897966\" style=\"background-image: url(&#039;https:\/\/pradas.net\/wp-content\/uploads\/2025\/02\/2147897966.jpg&#039;)\">\n\n\t\t\t\n\t\t\t\t\t<\/div>\n\t\t\t\t\t\t\t\t<\/div>\n\t\t\t\t\t\t\t\t\t<\/div>\n\t\t\t\t\t\t\t<\/div>\n\t\t\t\t<\/div>\n\t\t\t\t\t\t\t\t<\/div>\n\t\t\t\t<\/div>\n\t\t\t\t\t<\/div>\n\t\t<\/div>\n\t\t\t\t\t<\/div>\n\t\t<\/section>\n\t\t\t\t\t<\/div>\n\t\t<\/div>\n\t\t\t\t\t<\/div>\n\t\t<\/section>\n\t\t\t\t<\/div>\n\t\t","protected":false},"excerpt":{"rendered":"<p>L&rsquo;Entreprise Pradas Sucesores Depuis 1967, Pradas Sucesores, S.L. est au service de l&rsquo;industrie des chaussures. Plus de 45 ans d&rsquo;exp\u00e9rience professionnelle offrant les meilleures machines du march\u00e9 \u00e0 nos clients. Pradas Sucesores, S.L. est situ\u00e9e \u00e0 Almansa (Albacete) au sud-est de La Manche, l&rsquo;une des r\u00e9gions les plus importantes de l&rsquo;Espagne en mati\u00e8re de fabrication [&hellip;]<\/p>\n","protected":false},"author":1,"featured_media":0,"parent":0,"menu_order":0,"comment_status":"closed","ping_status":"closed","template":"","meta":{"footnotes":""},"class_list":["post-8916","page","type-page","status-publish","hentry"],"yoast_head":"<!-- This site is optimized with the Yoast SEO plugin v27.3 - https:\/\/yoast.com\/product\/yoast-seo-wordpress\/ -->\n<title>L&#039;Entreprise | Pradas<\/title>\n<meta name=\"robots\" content=\"index, follow, max-snippet:-1, max-image-preview:large, max-video-preview:-1\" \/>\n<link rel=\"canonical\" href=\"https:\/\/pradas.net\/fr\/initiative\/\" \/>\n<meta property=\"og:locale\" content=\"fr_FR\" \/>\n<meta property=\"og:type\" content=\"article\" \/>\n<meta property=\"og:title\" content=\"L&#039;Entreprise | Pradas\" \/>\n<meta property=\"og:description\" content=\"L&rsquo;Entreprise Pradas Sucesores Depuis 1967, Pradas Sucesores, S.L. est au service de l&rsquo;industrie des chaussures. Plus de 45 ans d&rsquo;exp\u00e9rience professionnelle offrant les meilleures machines du march\u00e9 \u00e0 nos clients. Pradas Sucesores, S.L. est situ\u00e9e \u00e0 Almansa (Albacete) au sud-est de La Manche, l&rsquo;une des r\u00e9gions les plus importantes de l&rsquo;Espagne en mati\u00e8re de fabrication [&hellip;]\" \/>\n<meta property=\"og:url\" content=\"https:\/\/pradas.net\/fr\/initiative\/\" \/>\n<meta property=\"og:site_name\" content=\"Pradas\" \/>\n<meta property=\"article:modified_time\" content=\"2025-06-30T17:57:47+00:00\" \/>\n<meta property=\"og:image\" content=\"https:\/\/www.pradas.net\/wp-content\/uploads\/2025\/02\/FOTO-EN-EMPRESA.jpg\" \/>\n<meta name=\"twitter:card\" content=\"summary_large_image\" \/>\n<meta name=\"twitter:label1\" content=\"Dur\u00e9e de lecture estim\u00e9e\" \/>\n\t<meta name=\"twitter:data1\" content=\"3 minutes\" \/>\n<script type=\"application\/ld+json\" class=\"yoast-schema-graph\">{\"@context\":\"https:\\\/\\\/schema.org\",\"@graph\":[{\"@type\":\"WebPage\",\"@id\":\"https:\\\/\\\/pradas.net\\\/fr\\\/initiative\\\/\",\"url\":\"https:\\\/\\\/pradas.net\\\/fr\\\/initiative\\\/\",\"name\":\"L'Entreprise | Pradas\",\"isPartOf\":{\"@id\":\"https:\\\/\\\/pradas.net\\\/fr\\\/#website\"},\"primaryImageOfPage\":{\"@id\":\"https:\\\/\\\/pradas.net\\\/fr\\\/initiative\\\/#primaryimage\"},\"image\":{\"@id\":\"https:\\\/\\\/pradas.net\\\/fr\\\/initiative\\\/#primaryimage\"},\"thumbnailUrl\":\"https:\\\/\\\/www.pradas.net\\\/wp-content\\\/uploads\\\/2025\\\/02\\\/FOTO-EN-EMPRESA.jpg\",\"datePublished\":\"2025-01-07T16:03:28+00:00\",\"dateModified\":\"2025-06-30T17:57:47+00:00\",\"breadcrumb\":{\"@id\":\"https:\\\/\\\/pradas.net\\\/fr\\\/initiative\\\/#breadcrumb\"},\"inLanguage\":\"fr-FR\",\"potentialAction\":[{\"@type\":\"ReadAction\",\"target\":[\"https:\\\/\\\/pradas.net\\\/fr\\\/initiative\\\/\"]}]},{\"@type\":\"ImageObject\",\"inLanguage\":\"fr-FR\",\"@id\":\"https:\\\/\\\/pradas.net\\\/fr\\\/initiative\\\/#primaryimage\",\"url\":\"https:\\\/\\\/www.pradas.net\\\/wp-content\\\/uploads\\\/2025\\\/02\\\/FOTO-EN-EMPRESA.jpg\",\"contentUrl\":\"https:\\\/\\\/www.pradas.net\\\/wp-content\\\/uploads\\\/2025\\\/02\\\/FOTO-EN-EMPRESA.jpg\"},{\"@type\":\"BreadcrumbList\",\"@id\":\"https:\\\/\\\/pradas.net\\\/fr\\\/initiative\\\/#breadcrumb\",\"itemListElement\":[{\"@type\":\"ListItem\",\"position\":1,\"name\":\"Portada\",\"item\":\"https:\\\/\\\/pradas.net\\\/fr\\\/accueil\\\/\"},{\"@type\":\"ListItem\",\"position\":2,\"name\":\"L&rsquo;Entreprise\"}]},{\"@type\":\"WebSite\",\"@id\":\"https:\\\/\\\/pradas.net\\\/fr\\\/#website\",\"url\":\"https:\\\/\\\/pradas.net\\\/fr\\\/\",\"name\":\"Pradas\",\"description\":\"\",\"potentialAction\":[{\"@type\":\"SearchAction\",\"target\":{\"@type\":\"EntryPoint\",\"urlTemplate\":\"https:\\\/\\\/pradas.net\\\/fr\\\/?s={search_term_string}\"},\"query-input\":{\"@type\":\"PropertyValueSpecification\",\"valueRequired\":true,\"valueName\":\"search_term_string\"}}],\"inLanguage\":\"fr-FR\"}]}<\/script>\n<!-- \/ Yoast SEO plugin. -->","yoast_head_json":{"title":"L'Entreprise | Pradas","robots":{"index":"index","follow":"follow","max-snippet":"max-snippet:-1","max-image-preview":"max-image-preview:large","max-video-preview":"max-video-preview:-1"},"canonical":"https:\/\/pradas.net\/fr\/initiative\/","og_locale":"fr_FR","og_type":"article","og_title":"L'Entreprise | Pradas","og_description":"L&rsquo;Entreprise Pradas Sucesores Depuis 1967, Pradas Sucesores, S.L. est au service de l&rsquo;industrie des chaussures. Plus de 45 ans d&rsquo;exp\u00e9rience professionnelle offrant les meilleures machines du march\u00e9 \u00e0 nos clients. Pradas Sucesores, S.L. est situ\u00e9e \u00e0 Almansa (Albacete) au sud-est de La Manche, l&rsquo;une des r\u00e9gions les plus importantes de l&rsquo;Espagne en mati\u00e8re de fabrication [&hellip;]","og_url":"https:\/\/pradas.net\/fr\/initiative\/","og_site_name":"Pradas","article_modified_time":"2025-06-30T17:57:47+00:00","og_image":[{"url":"https:\/\/www.pradas.net\/wp-content\/uploads\/2025\/02\/FOTO-EN-EMPRESA.jpg","type":"","width":"","height":""}],"twitter_card":"summary_large_image","twitter_misc":{"Dur\u00e9e de lecture estim\u00e9e":"3 minutes"},"schema":{"@context":"https:\/\/schema.org","@graph":[{"@type":"WebPage","@id":"https:\/\/pradas.net\/fr\/initiative\/","url":"https:\/\/pradas.net\/fr\/initiative\/","name":"L'Entreprise | Pradas","isPartOf":{"@id":"https:\/\/pradas.net\/fr\/#website"},"primaryImageOfPage":{"@id":"https:\/\/pradas.net\/fr\/initiative\/#primaryimage"},"image":{"@id":"https:\/\/pradas.net\/fr\/initiative\/#primaryimage"},"thumbnailUrl":"https:\/\/www.pradas.net\/wp-content\/uploads\/2025\/02\/FOTO-EN-EMPRESA.jpg","datePublished":"2025-01-07T16:03:28+00:00","dateModified":"2025-06-30T17:57:47+00:00","breadcrumb":{"@id":"https:\/\/pradas.net\/fr\/initiative\/#breadcrumb"},"inLanguage":"fr-FR","potentialAction":[{"@type":"ReadAction","target":["https:\/\/pradas.net\/fr\/initiative\/"]}]},{"@type":"ImageObject","inLanguage":"fr-FR","@id":"https:\/\/pradas.net\/fr\/initiative\/#primaryimage","url":"https:\/\/www.pradas.net\/wp-content\/uploads\/2025\/02\/FOTO-EN-EMPRESA.jpg","contentUrl":"https:\/\/www.pradas.net\/wp-content\/uploads\/2025\/02\/FOTO-EN-EMPRESA.jpg"},{"@type":"BreadcrumbList","@id":"https:\/\/pradas.net\/fr\/initiative\/#breadcrumb","itemListElement":[{"@type":"ListItem","position":1,"name":"Portada","item":"https:\/\/pradas.net\/fr\/accueil\/"},{"@type":"ListItem","position":2,"name":"L&rsquo;Entreprise"}]},{"@type":"WebSite","@id":"https:\/\/pradas.net\/fr\/#website","url":"https:\/\/pradas.net\/fr\/","name":"Pradas","description":"","potentialAction":[{"@type":"SearchAction","target":{"@type":"EntryPoint","urlTemplate":"https:\/\/pradas.net\/fr\/?s={search_term_string}"},"query-input":{"@type":"PropertyValueSpecification","valueRequired":true,"valueName":"search_term_string"}}],"inLanguage":"fr-FR"}]}},"_links":{"self":[{"href":"https:\/\/pradas.net\/fr\/wp-json\/wp\/v2\/pages\/8916","targetHints":{"allow":["GET"]}}],"collection":[{"href":"https:\/\/pradas.net\/fr\/wp-json\/wp\/v2\/pages"}],"about":[{"href":"https:\/\/pradas.net\/fr\/wp-json\/wp\/v2\/types\/page"}],"author":[{"embeddable":true,"href":"https:\/\/pradas.net\/fr\/wp-json\/wp\/v2\/users\/1"}],"replies":[{"embeddable":true,"href":"https:\/\/pradas.net\/fr\/wp-json\/wp\/v2\/comments?post=8916"}],"version-history":[{"count":0,"href":"https:\/\/pradas.net\/fr\/wp-json\/wp\/v2\/pages\/8916\/revisions"}],"wp:attachment":[{"href":"https:\/\/pradas.net\/fr\/wp-json\/wp\/v2\/media?parent=8916"}],"curies":[{"name":"wp","href":"https:\/\/api.w.org\/{rel}","templated":true}]}}