{"id":8936,"date":"2025-01-07T17:03:18","date_gmt":"2025-01-07T16:03:18","guid":{"rendered":"https:\/\/pradas.net\/initiative\/projets\/"},"modified":"2026-01-21T23:17:32","modified_gmt":"2026-01-21T22:17:32","slug":"projets","status":"publish","type":"page","link":"https:\/\/pradas.net\/fr\/initiative\/projets\/","title":{"rendered":"Projets"},"content":{"rendered":"\t\t<div data-elementor-type=\"wp-page\" data-elementor-id=\"8936\" class=\"elementor elementor-8936 elementor-83\" data-elementor-post-type=\"page\">\n\t\t\t\t\t\t<section class=\"elementor-section elementor-top-section elementor-element elementor-element-2c3b1b98 elementor-section-height-min-height elementor-section-full_width elementor-section-height-default elementor-section-items-middle\" data-id=\"2c3b1b98\" data-element_type=\"section\" data-e-type=\"section\" data-settings=\"{&quot;background_background&quot;:&quot;classic&quot;}\">\n\t\t\t\t\t\t\t<div class=\"elementor-background-overlay\"><\/div>\n\t\t\t\t\t\t\t<div class=\"elementor-container elementor-column-gap-no\">\n\t\t\t\t\t<div class=\"elementor-column elementor-col-100 elementor-top-column elementor-element elementor-element-78f6b539\" data-id=\"78f6b539\" data-element_type=\"column\" data-e-type=\"column\">\n\t\t\t<div class=\"elementor-widget-wrap elementor-element-populated\">\n\t\t\t\t\t\t<div class=\"elementor-element elementor-element-1d14c04e elementor-invisible elementor-widget elementor-widget-heading\" data-id=\"1d14c04e\" data-element_type=\"widget\" data-e-type=\"widget\" data-settings=\"{&quot;_animation&quot;:&quot;fadeInUp&quot;}\" data-widget_type=\"heading.default\">\n\t\t\t\t<div class=\"elementor-widget-container\">\n\t\t\t\t\t<h1 class=\"elementor-heading-title elementor-size-default\">Projets<\/h1>\t\t\t\t<\/div>\n\t\t\t\t<\/div>\n\t\t\t\t\t<\/div>\n\t\t<\/div>\n\t\t\t\t\t<\/div>\n\t\t<\/section>\n\t\t\t\t<section class=\"elementor-section elementor-top-section elementor-element elementor-element-3579a737 elementor-section-boxed elementor-section-height-default elementor-section-height-default\" data-id=\"3579a737\" data-element_type=\"section\" data-e-type=\"section\" data-settings=\"{&quot;background_background&quot;:&quot;classic&quot;}\">\n\t\t\t\t\t\t\t<div class=\"elementor-background-overlay\"><\/div>\n\t\t\t\t\t\t\t<div class=\"elementor-container elementor-column-gap-no\">\n\t\t\t\t\t<div class=\"elementor-column elementor-col-100 elementor-top-column elementor-element elementor-element-6c59d3e\" data-id=\"6c59d3e\" data-element_type=\"column\" data-e-type=\"column\">\n\t\t\t<div class=\"elementor-widget-wrap elementor-element-populated\">\n\t\t\t\t\t\t<div class=\"elementor-element elementor-element-25db7d12 animated-slow elementor-invisible elementor-widget elementor-widget-heading\" data-id=\"25db7d12\" data-element_type=\"widget\" data-e-type=\"widget\" data-settings=\"{&quot;_animation&quot;:&quot;fadeInLeft&quot;}\" data-widget_type=\"heading.default\">\n\t\t\t\t<div class=\"elementor-widget-container\">\n\t\t\t\t\t<h2 class=\"elementor-heading-title elementor-size-default\">Lignes d'action:<\/h2>\t\t\t\t<\/div>\n\t\t\t\t<\/div>\n\t\t\t\t<div class=\"elementor-element elementor-element-53e18bee animated-slow elementor-invisible elementor-widget elementor-widget-text-editor\" data-id=\"53e18bee\" data-element_type=\"widget\" data-e-type=\"widget\" data-settings=\"{&quot;_animation&quot;:&quot;fadeInUp&quot;}\" data-widget_type=\"text-editor.default\">\n\t\t\t\t<div class=\"elementor-widget-container\">\n\t\t\t\t\t\t\t\t\t<ul><li>Conseil et analyse pour la s\u00e9lection des machines les plus appropri\u00e9es en fonction de votre demande.<\/li><li>D\u00e9veloppement de projets, installation et livraison de lignes de production cl\u00e9s en main pour tous les syst\u00e8mes de fabrication de chaussures.<\/li><li>Informations sur de nouveaux syst\u00e8mes et des produits innovants dans la fabrication de chaussures.<\/li><li>Mise en route de lignes de production n&rsquo;importe o\u00f9 dans le monde, avec le soutien d&rsquo;entreprises de renomm\u00e9e internationale.<\/li><li>\u00c9tudes pour la transformation et l&rsquo;adaptation des machines conform\u00e9ment au D\u00e9cret Royal 1215\/1997, qui \u00e9tablit les dispositions minimales de s\u00e9curit\u00e9 et de sant\u00e9 lors de l&rsquo;utilisation des \u00e9quipements de travail, modifi\u00e9 par le D\u00e9cret Royal 2177\/2004.<\/li><li>Conception et fabrication d&rsquo;installations d&rsquo;air comprim\u00e9 adapt\u00e9es aux besoins de chaque industrie. Une bonne planification est essentielle, car l&rsquo;am\u00e9nagement initial influencera les extensions futures et l&rsquo;entretien des installations.<\/li><li>Fournir toute la documentation n\u00e9cessaire pour garantir la conformit\u00e9 avec les r\u00e9glementations en vigueur. Nous sommes enregistr\u00e9s en tant qu&rsquo;entreprise d&rsquo;installation d&rsquo;\u00e9quipements sous pression sous le num\u00e9ro 02410600125.<\/li><li>Nous disposons de pi\u00e8ces de rechange d&rsquo;origine et de notre propre fabrication, ce qui nous permet d&rsquo;offrir un <strong>service technique efficace et rapide avec une garantie maximale.<\/strong> Cela fait de notre syst\u00e8me d&rsquo;assistance la solution id\u00e9ale pour relever les d\u00e9fis de la technologie moderne.<\/li><\/ul>\t\t\t\t\t\t\t\t<\/div>\n\t\t\t\t<\/div>\n\t\t\t\t\t<\/div>\n\t\t<\/div>\n\t\t\t\t\t<\/div>\n\t\t<\/section>\n\t\t<div class=\"elementor-element elementor-element-5a27650e e-flex e-con-boxed e-con e-parent\" data-id=\"5a27650e\" data-element_type=\"container\" data-e-type=\"container\" data-settings=\"{&quot;background_background&quot;:&quot;classic&quot;}\">\n\t\t\t\t\t<div class=\"e-con-inner\">\n\t\t\t\t<div class=\"elementor-element elementor-element-27f6f790 animated-slow elementor-invisible elementor-widget elementor-widget-heading\" data-id=\"27f6f790\" data-element_type=\"widget\" data-e-type=\"widget\" data-settings=\"{&quot;_animation&quot;:&quot;fadeInLeft&quot;}\" data-widget_type=\"heading.default\">\n\t\t\t\t<div class=\"elementor-widget-container\">\n\t\t\t\t\t<h2 class=\"elementor-heading-title elementor-size-default\">Aspirations pour le secteur industriel<\/h2>\t\t\t\t<\/div>\n\t\t\t\t<\/div>\n\t\t\t\t\t<\/div>\n\t\t\t\t<\/div>\n\t\t<div class=\"elementor-element elementor-element-203880a3 e-flex e-con-boxed e-con e-parent\" data-id=\"203880a3\" data-element_type=\"container\" data-e-type=\"container\">\n\t\t\t\t\t<div class=\"e-con-inner\">\n\t\t<div class=\"elementor-element elementor-element-26a6d1c1 e-con-full e-flex e-con e-child\" data-id=\"26a6d1c1\" data-element_type=\"container\" data-e-type=\"container\">\n\t\t\t\t<div class=\"elementor-element elementor-element-42cce608 elementor-widget elementor-widget-image\" data-id=\"42cce608\" data-element_type=\"widget\" data-e-type=\"widget\" data-widget_type=\"image.default\">\n\t\t\t\t<div class=\"elementor-widget-container\">\n\t\t\t\t\t\t\t\t\t\t\t\t\t\t\t<img fetchpriority=\"high\" decoding=\"async\" width=\"741\" height=\"545\" src=\"https:\/\/pradas.net\/wp-content\/uploads\/2025\/06\/Aspiracion-industrial.jpg\" class=\"attachment-large size-large wp-image-9194\" alt=\"\" srcset=\"https:\/\/pradas.net\/wp-content\/uploads\/2025\/06\/Aspiracion-industrial.jpg 741w, https:\/\/pradas.net\/wp-content\/uploads\/2025\/06\/Aspiracion-industrial-300x221.jpg 300w\" sizes=\"(max-width: 741px) 100vw, 741px\" \/>\t\t\t\t\t\t\t\t\t\t\t\t\t\t\t<\/div>\n\t\t\t\t<\/div>\n\t\t\t\t<div class=\"elementor-element elementor-element-303774fd elementor-widget elementor-widget-text-editor\" data-id=\"303774fd\" data-element_type=\"widget\" data-e-type=\"widget\" data-widget_type=\"text-editor.default\">\n\t\t\t\t<div class=\"elementor-widget-container\">\n\t\t\t\t\t\t\t\t\t<p>Nous disposons d\u2019\u00e9quipements et de solutions sp\u00e9cifiques pour l\u2019aspiration des gaz, fum\u00e9es et poussi\u00e8res dans le secteur industriel, contribuant au respect des r\u00e9glementations en vigueur en mati\u00e8re de s\u00e9curit\u00e9 au travail.<\/p>\t\t\t\t\t\t\t\t<\/div>\n\t\t\t\t<\/div>\n\t\t\t\t<\/div>\n\t\t<div class=\"elementor-element elementor-element-65a3f15a e-con-full e-flex e-con e-child\" data-id=\"65a3f15a\" data-element_type=\"container\" data-e-type=\"container\">\n\t\t\t\t<div class=\"elementor-element elementor-element-15c4fc5a elementor-widget elementor-widget-image\" data-id=\"15c4fc5a\" data-element_type=\"widget\" data-e-type=\"widget\" data-widget_type=\"image.default\">\n\t\t\t\t<div class=\"elementor-widget-container\">\n\t\t\t\t\t\t\t\t\t\t\t\t\t\t\t<img decoding=\"async\" width=\"768\" height=\"1024\" src=\"https:\/\/pradas.net\/wp-content\/uploads\/2025\/06\/Aspiraciones-sector-industrial-768x1024.jpg\" class=\"attachment-large size-large wp-image-9197\" alt=\"\" srcset=\"https:\/\/pradas.net\/wp-content\/uploads\/2025\/06\/Aspiraciones-sector-industrial-768x1024.jpg 768w, https:\/\/pradas.net\/wp-content\/uploads\/2025\/06\/Aspiraciones-sector-industrial-225x300.jpg 225w, https:\/\/pradas.net\/wp-content\/uploads\/2025\/06\/Aspiraciones-sector-industrial-1152x1536.jpg 1152w, https:\/\/pradas.net\/wp-content\/uploads\/2025\/06\/Aspiraciones-sector-industrial-350x467.jpg 350w, https:\/\/pradas.net\/wp-content\/uploads\/2025\/06\/Aspiraciones-sector-industrial-800x1067.jpg 800w, https:\/\/pradas.net\/wp-content\/uploads\/2025\/06\/Aspiraciones-sector-industrial.jpg 1536w\" sizes=\"(max-width: 768px) 100vw, 768px\" \/>\t\t\t\t\t\t\t\t\t\t\t\t\t\t\t<\/div>\n\t\t\t\t<\/div>\n\t\t\t\t<\/div>\n\t\t\t\t\t<\/div>\n\t\t\t\t<\/div>\n\t\t\t\t<\/div>\n\t\t","protected":false},"excerpt":{"rendered":"<p>Projets Lignes d&rsquo;action: Conseil et analyse pour la s\u00e9lection des machines les plus appropri\u00e9es en fonction de votre demande. D\u00e9veloppement de projets, installation et livraison de lignes de production cl\u00e9s en main pour tous les syst\u00e8mes de fabrication de chaussures. Informations sur de nouveaux syst\u00e8mes et des produits innovants dans la fabrication de chaussures. Mise [&hellip;]<\/p>\n","protected":false},"author":1,"featured_media":0,"parent":8916,"menu_order":0,"comment_status":"closed","ping_status":"closed","template":"","meta":{"footnotes":""},"class_list":["post-8936","page","type-page","status-publish","hentry"],"yoast_head":"<!-- This site is optimized with the Yoast SEO plugin v27.3 - https:\/\/yoast.com\/product\/yoast-seo-wordpress\/ -->\n<title>Projets | Pradas<\/title>\n<meta name=\"robots\" content=\"index, follow, max-snippet:-1, max-image-preview:large, max-video-preview:-1\" \/>\n<link rel=\"canonical\" href=\"https:\/\/pradas.net\/fr\/initiative\/projets\/\" \/>\n<meta property=\"og:locale\" content=\"fr_FR\" \/>\n<meta property=\"og:type\" content=\"article\" \/>\n<meta property=\"og:title\" content=\"Projets | Pradas\" \/>\n<meta property=\"og:description\" content=\"Projets Lignes d&rsquo;action: Conseil et analyse pour la s\u00e9lection des machines les plus appropri\u00e9es en fonction de votre demande. D\u00e9veloppement de projets, installation et livraison de lignes de production cl\u00e9s en main pour tous les syst\u00e8mes de fabrication de chaussures. Informations sur de nouveaux syst\u00e8mes et des produits innovants dans la fabrication de chaussures. Mise [&hellip;]\" \/>\n<meta property=\"og:url\" content=\"https:\/\/pradas.net\/fr\/initiative\/projets\/\" \/>\n<meta property=\"og:site_name\" content=\"Pradas\" \/>\n<meta property=\"article:modified_time\" content=\"2026-01-21T22:17:32+00:00\" \/>\n<meta property=\"og:image\" content=\"https:\/\/pradas.net\/wp-content\/uploads\/2025\/06\/Aspiracion-industrial.jpg\" \/>\n\t<meta property=\"og:image:width\" content=\"741\" \/>\n\t<meta property=\"og:image:height\" content=\"545\" \/>\n\t<meta property=\"og:image:type\" content=\"image\/jpeg\" \/>\n<meta name=\"twitter:card\" content=\"summary_large_image\" \/>\n<meta name=\"twitter:label1\" content=\"Dur\u00e9e de lecture estim\u00e9e\" \/>\n\t<meta name=\"twitter:data1\" content=\"1 minute\" \/>\n<script type=\"application\/ld+json\" class=\"yoast-schema-graph\">{\"@context\":\"https:\\\/\\\/schema.org\",\"@graph\":[{\"@type\":\"WebPage\",\"@id\":\"https:\\\/\\\/pradas.net\\\/fr\\\/initiative\\\/projets\\\/\",\"url\":\"https:\\\/\\\/pradas.net\\\/fr\\\/initiative\\\/projets\\\/\",\"name\":\"Projets | Pradas\",\"isPartOf\":{\"@id\":\"https:\\\/\\\/pradas.net\\\/fr\\\/#website\"},\"primaryImageOfPage\":{\"@id\":\"https:\\\/\\\/pradas.net\\\/fr\\\/initiative\\\/projets\\\/#primaryimage\"},\"image\":{\"@id\":\"https:\\\/\\\/pradas.net\\\/fr\\\/initiative\\\/projets\\\/#primaryimage\"},\"thumbnailUrl\":\"https:\\\/\\\/pradas.net\\\/wp-content\\\/uploads\\\/2025\\\/06\\\/Aspiracion-industrial.jpg\",\"datePublished\":\"2025-01-07T16:03:18+00:00\",\"dateModified\":\"2026-01-21T22:17:32+00:00\",\"breadcrumb\":{\"@id\":\"https:\\\/\\\/pradas.net\\\/fr\\\/initiative\\\/projets\\\/#breadcrumb\"},\"inLanguage\":\"fr-FR\",\"potentialAction\":[{\"@type\":\"ReadAction\",\"target\":[\"https:\\\/\\\/pradas.net\\\/fr\\\/initiative\\\/projets\\\/\"]}]},{\"@type\":\"ImageObject\",\"inLanguage\":\"fr-FR\",\"@id\":\"https:\\\/\\\/pradas.net\\\/fr\\\/initiative\\\/projets\\\/#primaryimage\",\"url\":\"https:\\\/\\\/pradas.net\\\/wp-content\\\/uploads\\\/2025\\\/06\\\/Aspiracion-industrial.jpg\",\"contentUrl\":\"https:\\\/\\\/pradas.net\\\/wp-content\\\/uploads\\\/2025\\\/06\\\/Aspiracion-industrial.jpg\"},{\"@type\":\"BreadcrumbList\",\"@id\":\"https:\\\/\\\/pradas.net\\\/fr\\\/initiative\\\/projets\\\/#breadcrumb\",\"itemListElement\":[{\"@type\":\"ListItem\",\"position\":1,\"name\":\"Portada\",\"item\":\"https:\\\/\\\/pradas.net\\\/fr\\\/accueil\\\/\"},{\"@type\":\"ListItem\",\"position\":2,\"name\":\"L&rsquo;Entreprise\",\"item\":\"https:\\\/\\\/pradas.net\\\/fr\\\/initiative\\\/\"},{\"@type\":\"ListItem\",\"position\":3,\"name\":\"Projets\"}]},{\"@type\":\"WebSite\",\"@id\":\"https:\\\/\\\/pradas.net\\\/fr\\\/#website\",\"url\":\"https:\\\/\\\/pradas.net\\\/fr\\\/\",\"name\":\"Pradas\",\"description\":\"\",\"potentialAction\":[{\"@type\":\"SearchAction\",\"target\":{\"@type\":\"EntryPoint\",\"urlTemplate\":\"https:\\\/\\\/pradas.net\\\/fr\\\/?s={search_term_string}\"},\"query-input\":{\"@type\":\"PropertyValueSpecification\",\"valueRequired\":true,\"valueName\":\"search_term_string\"}}],\"inLanguage\":\"fr-FR\"}]}<\/script>\n<!-- \/ Yoast SEO plugin. -->","yoast_head_json":{"title":"Projets | Pradas","robots":{"index":"index","follow":"follow","max-snippet":"max-snippet:-1","max-image-preview":"max-image-preview:large","max-video-preview":"max-video-preview:-1"},"canonical":"https:\/\/pradas.net\/fr\/initiative\/projets\/","og_locale":"fr_FR","og_type":"article","og_title":"Projets | Pradas","og_description":"Projets Lignes d&rsquo;action: Conseil et analyse pour la s\u00e9lection des machines les plus appropri\u00e9es en fonction de votre demande. D\u00e9veloppement de projets, installation et livraison de lignes de production cl\u00e9s en main pour tous les syst\u00e8mes de fabrication de chaussures. Informations sur de nouveaux syst\u00e8mes et des produits innovants dans la fabrication de chaussures. Mise [&hellip;]","og_url":"https:\/\/pradas.net\/fr\/initiative\/projets\/","og_site_name":"Pradas","article_modified_time":"2026-01-21T22:17:32+00:00","og_image":[{"width":741,"height":545,"url":"https:\/\/pradas.net\/wp-content\/uploads\/2025\/06\/Aspiracion-industrial.jpg","type":"image\/jpeg"}],"twitter_card":"summary_large_image","twitter_misc":{"Dur\u00e9e de lecture estim\u00e9e":"1 minute"},"schema":{"@context":"https:\/\/schema.org","@graph":[{"@type":"WebPage","@id":"https:\/\/pradas.net\/fr\/initiative\/projets\/","url":"https:\/\/pradas.net\/fr\/initiative\/projets\/","name":"Projets | Pradas","isPartOf":{"@id":"https:\/\/pradas.net\/fr\/#website"},"primaryImageOfPage":{"@id":"https:\/\/pradas.net\/fr\/initiative\/projets\/#primaryimage"},"image":{"@id":"https:\/\/pradas.net\/fr\/initiative\/projets\/#primaryimage"},"thumbnailUrl":"https:\/\/pradas.net\/wp-content\/uploads\/2025\/06\/Aspiracion-industrial.jpg","datePublished":"2025-01-07T16:03:18+00:00","dateModified":"2026-01-21T22:17:32+00:00","breadcrumb":{"@id":"https:\/\/pradas.net\/fr\/initiative\/projets\/#breadcrumb"},"inLanguage":"fr-FR","potentialAction":[{"@type":"ReadAction","target":["https:\/\/pradas.net\/fr\/initiative\/projets\/"]}]},{"@type":"ImageObject","inLanguage":"fr-FR","@id":"https:\/\/pradas.net\/fr\/initiative\/projets\/#primaryimage","url":"https:\/\/pradas.net\/wp-content\/uploads\/2025\/06\/Aspiracion-industrial.jpg","contentUrl":"https:\/\/pradas.net\/wp-content\/uploads\/2025\/06\/Aspiracion-industrial.jpg"},{"@type":"BreadcrumbList","@id":"https:\/\/pradas.net\/fr\/initiative\/projets\/#breadcrumb","itemListElement":[{"@type":"ListItem","position":1,"name":"Portada","item":"https:\/\/pradas.net\/fr\/accueil\/"},{"@type":"ListItem","position":2,"name":"L&rsquo;Entreprise","item":"https:\/\/pradas.net\/fr\/initiative\/"},{"@type":"ListItem","position":3,"name":"Projets"}]},{"@type":"WebSite","@id":"https:\/\/pradas.net\/fr\/#website","url":"https:\/\/pradas.net\/fr\/","name":"Pradas","description":"","potentialAction":[{"@type":"SearchAction","target":{"@type":"EntryPoint","urlTemplate":"https:\/\/pradas.net\/fr\/?s={search_term_string}"},"query-input":{"@type":"PropertyValueSpecification","valueRequired":true,"valueName":"search_term_string"}}],"inLanguage":"fr-FR"}]}},"_links":{"self":[{"href":"https:\/\/pradas.net\/fr\/wp-json\/wp\/v2\/pages\/8936","targetHints":{"allow":["GET"]}}],"collection":[{"href":"https:\/\/pradas.net\/fr\/wp-json\/wp\/v2\/pages"}],"about":[{"href":"https:\/\/pradas.net\/fr\/wp-json\/wp\/v2\/types\/page"}],"author":[{"embeddable":true,"href":"https:\/\/pradas.net\/fr\/wp-json\/wp\/v2\/users\/1"}],"replies":[{"embeddable":true,"href":"https:\/\/pradas.net\/fr\/wp-json\/wp\/v2\/comments?post=8936"}],"version-history":[{"count":2,"href":"https:\/\/pradas.net\/fr\/wp-json\/wp\/v2\/pages\/8936\/revisions"}],"predecessor-version":[{"id":9723,"href":"https:\/\/pradas.net\/fr\/wp-json\/wp\/v2\/pages\/8936\/revisions\/9723"}],"up":[{"embeddable":true,"href":"https:\/\/pradas.net\/fr\/wp-json\/wp\/v2\/pages\/8916"}],"wp:attachment":[{"href":"https:\/\/pradas.net\/fr\/wp-json\/wp\/v2\/media?parent=8936"}],"curies":[{"name":"wp","href":"https:\/\/api.w.org\/{rel}","templated":true}]}}