{"id":8947,"date":"2025-02-21T19:03:52","date_gmt":"2025-02-21T18:03:52","guid":{"rendered":"https:\/\/pradas.net\/consommables\/plastiques\/"},"modified":"2026-01-21T23:22:17","modified_gmt":"2026-01-21T22:22:17","slug":"plastiques","status":"publish","type":"page","link":"https:\/\/pradas.net\/fr\/consommables\/plastiques\/","title":{"rendered":"Plastiques"},"content":{"rendered":"\t\t<div data-elementor-type=\"wp-page\" data-elementor-id=\"8947\" class=\"elementor elementor-8947 elementor-3505\" data-elementor-post-type=\"page\">\n\t\t\t\t\t\t<section class=\"elementor-section elementor-top-section elementor-element elementor-element-67214258 elementor-section-height-min-height elementor-section-full_width elementor-section-content-middle elementor-section-height-default elementor-section-items-middle\" data-id=\"67214258\" data-element_type=\"section\" data-e-type=\"section\" data-settings=\"{&quot;background_background&quot;:&quot;classic&quot;}\">\n\t\t\t\t\t\t\t<div class=\"elementor-background-overlay\"><\/div>\n\t\t\t\t\t\t\t<div class=\"elementor-container elementor-column-gap-no\">\n\t\t\t\t\t<div class=\"elementor-column elementor-col-100 elementor-top-column elementor-element elementor-element-e9b3464\" data-id=\"e9b3464\" data-element_type=\"column\" data-e-type=\"column\">\n\t\t\t<div class=\"elementor-widget-wrap elementor-element-populated\">\n\t\t\t\t\t\t\t<\/div>\n\t\t<\/div>\n\t\t\t\t\t<\/div>\n\t\t<\/section>\n\t\t<div class=\"elementor-element elementor-element-5ecc85db e-flex e-con-boxed e-con e-parent\" data-id=\"5ecc85db\" data-element_type=\"container\" data-e-type=\"container\" data-settings=\"{&quot;background_background&quot;:&quot;classic&quot;}\">\n\t\t\t\t\t<div class=\"e-con-inner\">\n\t\t\t\t<div class=\"elementor-element elementor-element-356870f0 animated-slow elementor-widget elementor-widget-text-editor\" data-id=\"356870f0\" data-element_type=\"widget\" data-e-type=\"widget\" data-settings=\"{&quot;_animation&quot;:&quot;none&quot;,&quot;_animation_delay&quot;:300}\" data-widget_type=\"text-editor.default\">\n\t\t\t\t<div class=\"elementor-widget-container\">\n\t\t\t\t\t\t\t\t\t<p>Nous proposons des plaques de base d\u00e9coup\u00e9es \u00e0 l&#8217;emporte-pi\u00e8ce et des rouleaux r\u00e9tractables en PVC pour les machines \u00e0 plastifier les chaussures.<\/p><p>fabriqu\u00e9s selon le syst\u00e8me Goodyear welt.<\/p>\t\t\t\t\t\t\t\t<\/div>\n\t\t\t\t<\/div>\n\t\t\t\t\t<\/div>\n\t\t\t\t<\/div>\n\t\t\t\t<section class=\"elementor-section elementor-top-section elementor-element elementor-element-23e1bf7c elementor-section-boxed elementor-section-height-default elementor-section-height-default\" data-id=\"23e1bf7c\" data-element_type=\"section\" data-e-type=\"section\" data-settings=\"{&quot;background_background&quot;:&quot;classic&quot;}\">\n\t\t\t\t\t\t\t<div class=\"elementor-background-overlay\"><\/div>\n\t\t\t\t\t\t\t<div class=\"elementor-container elementor-column-gap-no\">\n\t\t\t\t\t<div class=\"elementor-column elementor-col-100 elementor-top-column elementor-element elementor-element-20fcabda\" data-id=\"20fcabda\" data-element_type=\"column\" data-e-type=\"column\">\n\t\t\t<div class=\"elementor-widget-wrap elementor-element-populated\">\n\t\t\t\t\t\t<div class=\"elementor-element elementor-element-66f9260 elementor-product-loop-item--align-center elementor-grid-4 elementor-grid-tablet-3 elementor-grid-mobile-2 elementor-products-grid elementor-wc-products elementor-widget elementor-widget-woocommerce-products\" data-id=\"66f9260\" data-element_type=\"widget\" data-e-type=\"widget\" data-widget_type=\"woocommerce-products.default\">\n\t\t\t\t<div class=\"elementor-widget-container\">\n\t\t\t\t\t<div class=\"woocommerce columns-4 \"><div class=\"woocommerce-notices-wrapper\"><\/div><p class=\"woocommerce-result-count\" role=\"alert\" aria-relevant=\"all\" >\n\t8\u00a0r\u00e9sultats affich\u00e9s<\/p>\n<ul class=\"products elementor-grid columns-4\">\n<li class=\"product type-product post-8196 status-publish first instock product_cat-consommables product_cat-plastiques has-post-thumbnail shipping-taxable product-type-simple\">\n\t<a href=\"https:\/\/pradas.net\/fr\/producto\/pvc-retractile-semitube-23-450mm-500m\/\" class=\"woocommerce-LoopProduct-link woocommerce-loop-product__link\"><img fetchpriority=\"high\" decoding=\"async\" width=\"350\" height=\"467\" src=\"https:\/\/pradas.net\/wp-content\/uploads\/2025\/01\/5bb24f10-b0f1-4924-8d70-305934246ccf-350x467.jpg\" class=\"attachment-woocommerce_thumbnail size-woocommerce_thumbnail\" alt=\"PVC R\u00c9TRACTILE SEMITUBE 23 450MM 500M.\" \/><h2 class=\"woocommerce-loop-product__title\">PVC R\u00c9TRACTILE SEMITUBE 23 450MM 500M.<\/h2>\n<\/a><a href=\"https:\/\/pradas.net\/fr\/producto\/pvc-retractile-semitube-23-450mm-500m\/\" aria-describedby=\"woocommerce_loop_add_to_cart_link_describedby_8196\" data-quantity=\"1\" class=\"button product_type_simple\" data-product_id=\"8196\" data-product_sku=\"13744\" aria-label=\"En savoir plus sur &ldquo;PVC R\u00c9TRACTILE SEMITUBE 23 450MM 500M.&rdquo;\" rel=\"nofollow\" data-success_message=\"\">Lire la suite<\/a>\t<span id=\"woocommerce_loop_add_to_cart_link_describedby_8196\" class=\"screen-reader-text\">\n\t\t\t<\/span>\n<\/li>\n<li class=\"product type-product post-7530 status-publish instock product_cat-consommables product_cat-plastiques has-post-thumbnail shipping-taxable product-type-simple\">\n\t<a href=\"https:\/\/pradas.net\/fr\/producto\/planche-de-couper-vert-0900x450x50m-m\/\" class=\"woocommerce-LoopProduct-link woocommerce-loop-product__link\"><img decoding=\"async\" width=\"350\" height=\"467\" src=\"https:\/\/pradas.net\/wp-content\/uploads\/2025\/01\/42130d77-6e0c-480a-af10-65d431a43164-350x467.jpg\" class=\"attachment-woocommerce_thumbnail size-woocommerce_thumbnail\" alt=\"PLANCHE DE COUPER VERT 0900X450X50M.M.\" \/><h2 class=\"woocommerce-loop-product__title\">PLANCHE DE COUPER VERT 0900X450X50M.M.<\/h2>\n<\/a><a href=\"https:\/\/pradas.net\/fr\/producto\/planche-de-couper-vert-0900x450x50m-m\/\" aria-describedby=\"woocommerce_loop_add_to_cart_link_describedby_7530\" data-quantity=\"1\" class=\"button product_type_simple\" data-product_id=\"7530\" data-product_sku=\"05348\" aria-label=\"En savoir plus sur &ldquo;PLANCHE DE COUPER VERT 0900X450X50M.M.&rdquo;\" rel=\"nofollow\" data-success_message=\"\">Lire la suite<\/a>\t<span id=\"woocommerce_loop_add_to_cart_link_describedby_7530\" class=\"screen-reader-text\">\n\t\t\t<\/span>\n<\/li>\n<li class=\"product type-product post-8203 status-publish instock product_cat-consommables product_cat-plastiques has-post-thumbnail shipping-taxable product-type-simple\">\n\t<a href=\"https:\/\/pradas.net\/fr\/producto\/planche-de-couper-blanche-0900x450x50m-m\/\" class=\"woocommerce-LoopProduct-link woocommerce-loop-product__link\"><img decoding=\"async\" width=\"350\" height=\"467\" src=\"https:\/\/pradas.net\/wp-content\/uploads\/2025\/01\/a9e0dd14-2c10-4122-94af-c2964e9a220e-350x467.jpg\" class=\"attachment-woocommerce_thumbnail size-woocommerce_thumbnail\" alt=\"PLANCHE DE COUPER BLANCHE 0900X450X50M.M.\" \/><h2 class=\"woocommerce-loop-product__title\">PLANCHE DE COUPER BLANCHE 0900X450X50M.M.<\/h2>\n<\/a><a href=\"https:\/\/pradas.net\/fr\/producto\/planche-de-couper-blanche-0900x450x50m-m\/\" aria-describedby=\"woocommerce_loop_add_to_cart_link_describedby_8203\" data-quantity=\"1\" class=\"button product_type_simple\" data-product_id=\"8203\" data-product_sku=\"05324\" aria-label=\"En savoir plus sur &ldquo;PLANCHE DE COUPER BLANCHE 0900X450X50M.M.&rdquo;\" rel=\"nofollow\" data-success_message=\"\">Lire la suite<\/a>\t<span id=\"woocommerce_loop_add_to_cart_link_describedby_8203\" class=\"screen-reader-text\">\n\t\t\t<\/span>\n<\/li>\n<li class=\"product type-product post-8208 status-publish last instock product_cat-consommables product_cat-plastiques has-post-thumbnail shipping-taxable product-type-simple\">\n\t<a href=\"https:\/\/pradas.net\/fr\/producto\/planche-de-couper-blanche-0900x450x40m-m\/\" class=\"woocommerce-LoopProduct-link woocommerce-loop-product__link\"><img loading=\"lazy\" decoding=\"async\" width=\"350\" height=\"467\" src=\"https:\/\/pradas.net\/wp-content\/uploads\/2025\/01\/f3fb306e-05d7-4345-9235-320d14c87d5f-350x467.jpg\" class=\"attachment-woocommerce_thumbnail size-woocommerce_thumbnail\" alt=\"PLANCHE DE COUPER BLANCHE 0900X450X40M.M.\" \/><h2 class=\"woocommerce-loop-product__title\">PLANCHE DE COUPER BLANCHE 0900X450X40M.M.<\/h2>\n<\/a><a href=\"https:\/\/pradas.net\/fr\/producto\/planche-de-couper-blanche-0900x450x40m-m\/\" aria-describedby=\"woocommerce_loop_add_to_cart_link_describedby_8208\" data-quantity=\"1\" class=\"button product_type_simple\" data-product_id=\"8208\" data-product_sku=\"05323\" aria-label=\"En savoir plus sur &ldquo;PLANCHE DE COUPER BLANCHE 0900X450X40M.M.&rdquo;\" rel=\"nofollow\" data-success_message=\"\">Lire la suite<\/a>\t<span id=\"woocommerce_loop_add_to_cart_link_describedby_8208\" class=\"screen-reader-text\">\n\t\t\t<\/span>\n<\/li>\n<li class=\"product type-product post-7533 status-publish first instock product_cat-consommables product_cat-plastiques has-post-thumbnail shipping-taxable product-type-simple\">\n\t<a href=\"https:\/\/pradas.net\/fr\/producto\/planche-de-couper-blanche-0900x450x30m-m\/\" class=\"woocommerce-LoopProduct-link woocommerce-loop-product__link\"><img loading=\"lazy\" decoding=\"async\" width=\"350\" height=\"467\" src=\"https:\/\/pradas.net\/wp-content\/uploads\/2025\/01\/31338679-9b62-4091-b9f1-79b82b12cae9-350x467.jpg\" class=\"attachment-woocommerce_thumbnail size-woocommerce_thumbnail\" alt=\"PLANCHE DE COUPER BLANCHE 0900X450X30M.M.\" \/><h2 class=\"woocommerce-loop-product__title\">PLANCHE DE COUPER BLANCHE 0900X450X30M.M.<\/h2>\n<\/a><a href=\"https:\/\/pradas.net\/fr\/producto\/planche-de-couper-blanche-0900x450x30m-m\/\" aria-describedby=\"woocommerce_loop_add_to_cart_link_describedby_7533\" data-quantity=\"1\" class=\"button product_type_simple\" data-product_id=\"7533\" data-product_sku=\"05322\" aria-label=\"En savoir plus sur &ldquo;PLANCHE DE COUPER BLANCHE 0900X450X30M.M.&rdquo;\" rel=\"nofollow\" data-success_message=\"\">Lire la suite<\/a>\t<span id=\"woocommerce_loop_add_to_cart_link_describedby_7533\" class=\"screen-reader-text\">\n\t\t\t<\/span>\n<\/li>\n<li class=\"product type-product post-8378 status-publish instock product_cat-consommables product_cat-plastiques has-post-thumbnail shipping-taxable product-type-simple\">\n\t<a href=\"https:\/\/pradas.net\/fr\/producto\/pvc-retractile-semitube-30-450mm-500m\/\" class=\"woocommerce-LoopProduct-link woocommerce-loop-product__link\"><img loading=\"lazy\" decoding=\"async\" width=\"350\" height=\"467\" src=\"https:\/\/pradas.net\/wp-content\/uploads\/2025\/01\/54c2b087-f03c-4c04-98dc-cc6ad0911c31-350x467.jpg\" class=\"attachment-woocommerce_thumbnail size-woocommerce_thumbnail\" alt=\"PVC R\u00c9TRACTILE SEMITUBE 30 450MM 500M.\" \/><h2 class=\"woocommerce-loop-product__title\">PVC R\u00c9TRACTILE SEMITUBE 30 450MM 500M.<\/h2>\n<\/a><a href=\"https:\/\/pradas.net\/fr\/producto\/pvc-retractile-semitube-30-450mm-500m\/\" aria-describedby=\"woocommerce_loop_add_to_cart_link_describedby_8378\" data-quantity=\"1\" class=\"button product_type_simple\" data-product_id=\"8378\" data-product_sku=\"05343\" aria-label=\"En savoir plus sur &ldquo;PVC R\u00c9TRACTILE SEMITUBE 30 450MM 500M.&rdquo;\" rel=\"nofollow\" data-success_message=\"\">Lire la suite<\/a>\t<span id=\"woocommerce_loop_add_to_cart_link_describedby_8378\" class=\"screen-reader-text\">\n\t\t\t<\/span>\n<\/li>\n<li class=\"product type-product post-8380 status-publish instock product_cat-consommables product_cat-plastiques has-post-thumbnail shipping-taxable product-type-simple\">\n\t<a href=\"https:\/\/pradas.net\/fr\/producto\/pvc-retractile-semitube-30-300mm-500m\/\" class=\"woocommerce-LoopProduct-link woocommerce-loop-product__link\"><img loading=\"lazy\" decoding=\"async\" width=\"350\" height=\"467\" src=\"https:\/\/pradas.net\/wp-content\/uploads\/2025\/01\/2126889f-7d70-4d2f-b69a-322fc314b8ed-350x467.jpg\" class=\"attachment-woocommerce_thumbnail size-woocommerce_thumbnail\" alt=\"PVC R\u00c9TRACTILE SEMITUBE 30 300MM 500M.\" \/><h2 class=\"woocommerce-loop-product__title\">PVC R\u00c9TRACTILE SEMITUBE 30 300MM 500M.<\/h2>\n<\/a><a href=\"https:\/\/pradas.net\/fr\/producto\/pvc-retractile-semitube-30-300mm-500m\/\" aria-describedby=\"woocommerce_loop_add_to_cart_link_describedby_8380\" data-quantity=\"1\" class=\"button product_type_simple\" data-product_id=\"8380\" data-product_sku=\"13438\" aria-label=\"En savoir plus sur &ldquo;PVC R\u00c9TRACTILE SEMITUBE 30 300MM 500M.&rdquo;\" rel=\"nofollow\" data-success_message=\"\">Lire la suite<\/a>\t<span id=\"woocommerce_loop_add_to_cart_link_describedby_8380\" class=\"screen-reader-text\">\n\t\t\t<\/span>\n<\/li>\n<li class=\"product type-product post-8382 status-publish last instock product_cat-consommables product_cat-plastiques has-post-thumbnail shipping-taxable product-type-simple\">\n\t<a href=\"https:\/\/pradas.net\/fr\/producto\/pvc-retractile-semitube-30-220mm-500m\/\" class=\"woocommerce-LoopProduct-link woocommerce-loop-product__link\"><img loading=\"lazy\" decoding=\"async\" width=\"350\" height=\"467\" src=\"https:\/\/pradas.net\/wp-content\/uploads\/2025\/01\/0129349e-ffd3-42af-a174-b44fdb23dbd9-350x467.jpg\" class=\"attachment-woocommerce_thumbnail size-woocommerce_thumbnail\" alt=\"PVC R\u00c9TRACTILE SEMITUBE 30 220MM 500M.\" \/><h2 class=\"woocommerce-loop-product__title\">PVC R\u00c9TRACTILE SEMITUBE 30 220MM 500M.<\/h2>\n<\/a><a href=\"https:\/\/pradas.net\/fr\/producto\/pvc-retractile-semitube-30-220mm-500m\/\" aria-describedby=\"woocommerce_loop_add_to_cart_link_describedby_8382\" data-quantity=\"1\" class=\"button product_type_simple\" data-product_id=\"8382\" data-product_sku=\"14433\" aria-label=\"En savoir plus sur &ldquo;PVC R\u00c9TRACTILE SEMITUBE 30 220MM 500M.&rdquo;\" rel=\"nofollow\" data-success_message=\"\">Lire la suite<\/a>\t<span id=\"woocommerce_loop_add_to_cart_link_describedby_8382\" class=\"screen-reader-text\">\n\t\t\t<\/span>\n<\/li>\n<\/ul>\n<\/div>\t\t\t\t<\/div>\n\t\t\t\t<\/div>\n\t\t\t\t\t<\/div>\n\t\t<\/div>\n\t\t\t\t\t<\/div>\n\t\t<\/section>\n\t\t\t\t<\/div>\n\t\t","protected":false},"excerpt":{"rendered":"<p>Nous proposons des plaques de base d\u00e9coup\u00e9es \u00e0 l&#8217;emporte-pi\u00e8ce et des rouleaux r\u00e9tractables en PVC pour les machines \u00e0 plastifier les chaussures. fabriqu\u00e9s selon le syst\u00e8me Goodyear welt.<\/p>\n","protected":false},"author":1,"featured_media":0,"parent":8939,"menu_order":0,"comment_status":"closed","ping_status":"closed","template":"elementor_header_footer","meta":{"footnotes":""},"class_list":["post-8947","page","type-page","status-publish","hentry"],"yoast_head":"<!-- This site is optimized with the Yoast SEO plugin v27.3 - https:\/\/yoast.com\/product\/yoast-seo-wordpress\/ -->\n<title>Plastiques | Pradas<\/title>\n<meta name=\"robots\" content=\"index, follow, max-snippet:-1, max-image-preview:large, max-video-preview:-1\" \/>\n<link rel=\"canonical\" href=\"https:\/\/pradas.net\/fr\/consommables\/plastiques\/\" \/>\n<meta property=\"og:locale\" content=\"fr_FR\" \/>\n<meta property=\"og:type\" content=\"article\" \/>\n<meta property=\"og:title\" content=\"Plastiques | Pradas\" \/>\n<meta property=\"og:description\" content=\"Nous proposons des plaques de base d\u00e9coup\u00e9es \u00e0 l&#8217;emporte-pi\u00e8ce et des rouleaux r\u00e9tractables en PVC pour les machines \u00e0 plastifier les chaussures. fabriqu\u00e9s selon le syst\u00e8me Goodyear welt.\" \/>\n<meta property=\"og:url\" content=\"https:\/\/pradas.net\/fr\/consommables\/plastiques\/\" \/>\n<meta property=\"og:site_name\" content=\"Pradas\" \/>\n<meta property=\"article:modified_time\" content=\"2026-01-21T22:22:17+00:00\" \/>\n<meta property=\"og:image\" content=\"https:\/\/pradas.net\/wp-content\/uploads\/2025\/01\/Pradas_Portada.png\" \/>\n\t<meta property=\"og:image:width\" content=\"1024\" \/>\n\t<meta property=\"og:image:height\" content=\"694\" \/>\n\t<meta property=\"og:image:type\" content=\"image\/png\" \/>\n<meta name=\"twitter:card\" content=\"summary_large_image\" \/>\n<script type=\"application\/ld+json\" class=\"yoast-schema-graph\">{\"@context\":\"https:\\\/\\\/schema.org\",\"@graph\":[{\"@type\":\"WebPage\",\"@id\":\"https:\\\/\\\/pradas.net\\\/fr\\\/consommables\\\/plastiques\\\/\",\"url\":\"https:\\\/\\\/pradas.net\\\/fr\\\/consommables\\\/plastiques\\\/\",\"name\":\"Plastiques | Pradas\",\"isPartOf\":{\"@id\":\"https:\\\/\\\/pradas.net\\\/fr\\\/#website\"},\"datePublished\":\"2025-02-21T18:03:52+00:00\",\"dateModified\":\"2026-01-21T22:22:17+00:00\",\"breadcrumb\":{\"@id\":\"https:\\\/\\\/pradas.net\\\/fr\\\/consommables\\\/plastiques\\\/#breadcrumb\"},\"inLanguage\":\"fr-FR\",\"potentialAction\":[{\"@type\":\"ReadAction\",\"target\":[\"https:\\\/\\\/pradas.net\\\/fr\\\/consommables\\\/plastiques\\\/\"]}]},{\"@type\":\"BreadcrumbList\",\"@id\":\"https:\\\/\\\/pradas.net\\\/fr\\\/consommables\\\/plastiques\\\/#breadcrumb\",\"itemListElement\":[{\"@type\":\"ListItem\",\"position\":1,\"name\":\"Portada\",\"item\":\"https:\\\/\\\/pradas.net\\\/fr\\\/accueil\\\/\"},{\"@type\":\"ListItem\",\"position\":2,\"name\":\"Consommables\",\"item\":\"https:\\\/\\\/pradas.net\\\/fr\\\/consommables\\\/\"},{\"@type\":\"ListItem\",\"position\":3,\"name\":\"Plastiques\"}]},{\"@type\":\"WebSite\",\"@id\":\"https:\\\/\\\/pradas.net\\\/fr\\\/#website\",\"url\":\"https:\\\/\\\/pradas.net\\\/fr\\\/\",\"name\":\"Pradas\",\"description\":\"\",\"potentialAction\":[{\"@type\":\"SearchAction\",\"target\":{\"@type\":\"EntryPoint\",\"urlTemplate\":\"https:\\\/\\\/pradas.net\\\/fr\\\/?s={search_term_string}\"},\"query-input\":{\"@type\":\"PropertyValueSpecification\",\"valueRequired\":true,\"valueName\":\"search_term_string\"}}],\"inLanguage\":\"fr-FR\"}]}<\/script>\n<!-- \/ Yoast SEO plugin. -->","yoast_head_json":{"title":"Plastiques | Pradas","robots":{"index":"index","follow":"follow","max-snippet":"max-snippet:-1","max-image-preview":"max-image-preview:large","max-video-preview":"max-video-preview:-1"},"canonical":"https:\/\/pradas.net\/fr\/consommables\/plastiques\/","og_locale":"fr_FR","og_type":"article","og_title":"Plastiques | Pradas","og_description":"Nous proposons des plaques de base d\u00e9coup\u00e9es \u00e0 l&#8217;emporte-pi\u00e8ce et des rouleaux r\u00e9tractables en PVC pour les machines \u00e0 plastifier les chaussures. fabriqu\u00e9s selon le syst\u00e8me Goodyear welt.","og_url":"https:\/\/pradas.net\/fr\/consommables\/plastiques\/","og_site_name":"Pradas","article_modified_time":"2026-01-21T22:22:17+00:00","og_image":[{"width":1024,"height":694,"url":"https:\/\/pradas.net\/wp-content\/uploads\/2025\/01\/Pradas_Portada.png","type":"image\/png"}],"twitter_card":"summary_large_image","schema":{"@context":"https:\/\/schema.org","@graph":[{"@type":"WebPage","@id":"https:\/\/pradas.net\/fr\/consommables\/plastiques\/","url":"https:\/\/pradas.net\/fr\/consommables\/plastiques\/","name":"Plastiques | Pradas","isPartOf":{"@id":"https:\/\/pradas.net\/fr\/#website"},"datePublished":"2025-02-21T18:03:52+00:00","dateModified":"2026-01-21T22:22:17+00:00","breadcrumb":{"@id":"https:\/\/pradas.net\/fr\/consommables\/plastiques\/#breadcrumb"},"inLanguage":"fr-FR","potentialAction":[{"@type":"ReadAction","target":["https:\/\/pradas.net\/fr\/consommables\/plastiques\/"]}]},{"@type":"BreadcrumbList","@id":"https:\/\/pradas.net\/fr\/consommables\/plastiques\/#breadcrumb","itemListElement":[{"@type":"ListItem","position":1,"name":"Portada","item":"https:\/\/pradas.net\/fr\/accueil\/"},{"@type":"ListItem","position":2,"name":"Consommables","item":"https:\/\/pradas.net\/fr\/consommables\/"},{"@type":"ListItem","position":3,"name":"Plastiques"}]},{"@type":"WebSite","@id":"https:\/\/pradas.net\/fr\/#website","url":"https:\/\/pradas.net\/fr\/","name":"Pradas","description":"","potentialAction":[{"@type":"SearchAction","target":{"@type":"EntryPoint","urlTemplate":"https:\/\/pradas.net\/fr\/?s={search_term_string}"},"query-input":{"@type":"PropertyValueSpecification","valueRequired":true,"valueName":"search_term_string"}}],"inLanguage":"fr-FR"}]}},"_links":{"self":[{"href":"https:\/\/pradas.net\/fr\/wp-json\/wp\/v2\/pages\/8947","targetHints":{"allow":["GET"]}}],"collection":[{"href":"https:\/\/pradas.net\/fr\/wp-json\/wp\/v2\/pages"}],"about":[{"href":"https:\/\/pradas.net\/fr\/wp-json\/wp\/v2\/types\/page"}],"author":[{"embeddable":true,"href":"https:\/\/pradas.net\/fr\/wp-json\/wp\/v2\/users\/1"}],"replies":[{"embeddable":true,"href":"https:\/\/pradas.net\/fr\/wp-json\/wp\/v2\/comments?post=8947"}],"version-history":[{"count":2,"href":"https:\/\/pradas.net\/fr\/wp-json\/wp\/v2\/pages\/8947\/revisions"}],"predecessor-version":[{"id":9868,"href":"https:\/\/pradas.net\/fr\/wp-json\/wp\/v2\/pages\/8947\/revisions\/9868"}],"up":[{"embeddable":true,"href":"https:\/\/pradas.net\/fr\/wp-json\/wp\/v2\/pages\/8939"}],"wp:attachment":[{"href":"https:\/\/pradas.net\/fr\/wp-json\/wp\/v2\/media?parent=8947"}],"curies":[{"name":"wp","href":"https:\/\/api.w.org\/{rel}","templated":true}]}}