{"id":8951,"date":"2025-02-21T18:39:56","date_gmt":"2025-02-21T17:39:56","guid":{"rendered":"https:\/\/pradas.net\/consommables\/oeillets-et-rivets\/"},"modified":"2026-01-21T23:22:20","modified_gmt":"2026-01-21T22:22:20","slug":"oeillets-et-rivets","status":"publish","type":"page","link":"https:\/\/pradas.net\/fr\/consommables\/oeillets-et-rivets\/","title":{"rendered":"\u0152illets et rivets"},"content":{"rendered":"\t\t<div data-elementor-type=\"wp-page\" data-elementor-id=\"8951\" class=\"elementor elementor-8951 elementor-3493\" data-elementor-post-type=\"page\">\n\t\t\t\t\t\t<section class=\"elementor-section elementor-top-section elementor-element elementor-element-36941a11 elementor-section-height-min-height elementor-section-full_width elementor-section-content-middle elementor-section-height-default elementor-section-items-middle\" data-id=\"36941a11\" data-element_type=\"section\" data-e-type=\"section\" data-settings=\"{&quot;background_background&quot;:&quot;classic&quot;}\">\n\t\t\t\t\t\t\t<div class=\"elementor-background-overlay\"><\/div>\n\t\t\t\t\t\t\t<div class=\"elementor-container elementor-column-gap-no\">\n\t\t\t\t\t<div class=\"elementor-column elementor-col-100 elementor-top-column elementor-element elementor-element-4cee8e08\" data-id=\"4cee8e08\" data-element_type=\"column\" data-e-type=\"column\">\n\t\t\t<div class=\"elementor-widget-wrap elementor-element-populated\">\n\t\t\t\t\t\t\t<\/div>\n\t\t<\/div>\n\t\t\t\t\t<\/div>\n\t\t<\/section>\n\t\t<div class=\"elementor-element elementor-element-74a5a9fc e-flex e-con-boxed e-con e-parent\" data-id=\"74a5a9fc\" data-element_type=\"container\" data-e-type=\"container\" data-settings=\"{&quot;background_background&quot;:&quot;classic&quot;}\">\n\t\t\t\t\t<div class=\"e-con-inner\">\n\t\t\t\t<div class=\"elementor-element elementor-element-1ccd4ba animated-slow elementor-widget elementor-widget-text-editor\" data-id=\"1ccd4ba\" data-element_type=\"widget\" data-e-type=\"widget\" data-settings=\"{&quot;_animation&quot;:&quot;none&quot;,&quot;_animation_delay&quot;:300}\" data-widget_type=\"text-editor.default\">\n\t\t\t\t<div class=\"elementor-widget-container\">\n\t\t\t\t\t\t\t\t\t<p>Nous vendons des \u0153illets et des rivets dans diff\u00e9rents mat\u00e9riaux, couleurs et tailles pour une utilisation dans des machines automatiques ou manuelles.<\/p>\t\t\t\t\t\t\t\t<\/div>\n\t\t\t\t<\/div>\n\t\t\t\t\t<\/div>\n\t\t\t\t<\/div>\n\t\t\t\t<section class=\"elementor-section elementor-top-section elementor-element elementor-element-15882247 elementor-section-boxed elementor-section-height-default elementor-section-height-default\" data-id=\"15882247\" data-element_type=\"section\" data-e-type=\"section\" data-settings=\"{&quot;background_background&quot;:&quot;classic&quot;}\">\n\t\t\t\t\t\t\t<div class=\"elementor-background-overlay\"><\/div>\n\t\t\t\t\t\t\t<div class=\"elementor-container elementor-column-gap-no\">\n\t\t\t\t\t<div class=\"elementor-column elementor-col-100 elementor-top-column elementor-element elementor-element-5404d843\" data-id=\"5404d843\" data-element_type=\"column\" data-e-type=\"column\">\n\t\t\t<div class=\"elementor-widget-wrap elementor-element-populated\">\n\t\t\t\t\t\t<div class=\"elementor-element elementor-element-585ea92b elementor-product-loop-item--align-center elementor-grid-4 elementor-grid-tablet-3 elementor-grid-mobile-2 elementor-products-grid elementor-wc-products elementor-widget elementor-widget-woocommerce-products\" data-id=\"585ea92b\" data-element_type=\"widget\" data-e-type=\"widget\" data-widget_type=\"woocommerce-products.default\">\n\t\t\t\t<div class=\"elementor-widget-container\">\n\t\t\t\t\t<div class=\"woocommerce columns-4 \"><div class=\"woocommerce-notices-wrapper\"><\/div><p class=\"woocommerce-result-count\" role=\"alert\" aria-relevant=\"all\" >\n\t8\u00a0r\u00e9sultats affich\u00e9s<\/p>\n<ul class=\"products elementor-grid columns-4\">\n<li class=\"product type-product post-8247 status-publish first instock product_cat-consommables product_cat-oeillets-et-rivets has-post-thumbnail shipping-taxable product-type-simple\">\n\t<a href=\"https:\/\/pradas.net\/fr\/producto\/oeillet-laiton-38-ps-bronze-002\/\" class=\"woocommerce-LoopProduct-link woocommerce-loop-product__link\"><img fetchpriority=\"high\" decoding=\"async\" width=\"350\" height=\"467\" src=\"https:\/\/pradas.net\/wp-content\/uploads\/2025\/01\/185-350x467.png\" class=\"attachment-woocommerce_thumbnail size-woocommerce_thumbnail\" alt=\"OEILLET LAITON 38 PS BRONZE 002\" \/><h2 class=\"woocommerce-loop-product__title\">OEILLET LAITON 38 PS BRONZE 002<\/h2>\n<\/a><a href=\"https:\/\/pradas.net\/fr\/producto\/oeillet-laiton-38-ps-bronze-002\/\" aria-describedby=\"woocommerce_loop_add_to_cart_link_describedby_8247\" data-quantity=\"1\" class=\"button product_type_simple\" data-product_id=\"8247\" data-product_sku=\"14575\" aria-label=\"En savoir plus sur &ldquo;OEILLET LAITON 38 PS BRONZE 002&rdquo;\" rel=\"nofollow\" data-success_message=\"\">Lire la suite<\/a>\t<span id=\"woocommerce_loop_add_to_cart_link_describedby_8247\" class=\"screen-reader-text\">\n\t\t\t<\/span>\n<\/li>\n<li class=\"product type-product post-8250 status-publish instock product_cat-consommables product_cat-oeillets-et-rivets has-post-thumbnail shipping-taxable product-type-simple\">\n\t<a href=\"https:\/\/pradas.net\/fr\/producto\/oeillet-fer-30-s-bronze-002\/\" class=\"woocommerce-LoopProduct-link woocommerce-loop-product__link\"><img decoding=\"async\" width=\"350\" height=\"467\" src=\"https:\/\/pradas.net\/wp-content\/uploads\/2025\/01\/185-350x467.png\" class=\"attachment-woocommerce_thumbnail size-woocommerce_thumbnail\" alt=\"OEILLET FER 30 S BRONZE 002\" \/><h2 class=\"woocommerce-loop-product__title\">OEILLET FER 30 S BRONZE 002<\/h2>\n<\/a><a href=\"https:\/\/pradas.net\/fr\/producto\/oeillet-fer-30-s-bronze-002\/\" aria-describedby=\"woocommerce_loop_add_to_cart_link_describedby_8250\" data-quantity=\"1\" class=\"button product_type_simple\" data-product_id=\"8250\" data-product_sku=\"05279\" aria-label=\"En savoir plus sur &ldquo;OEILLET FER 30 S BRONZE 002&rdquo;\" rel=\"nofollow\" data-success_message=\"\">Lire la suite<\/a>\t<span id=\"woocommerce_loop_add_to_cart_link_describedby_8250\" class=\"screen-reader-text\">\n\t\t\t<\/span>\n<\/li>\n<li class=\"product type-product post-8252 status-publish instock product_cat-consommables product_cat-oeillets-et-rivets has-post-thumbnail shipping-taxable product-type-simple\">\n\t<a href=\"https:\/\/pradas.net\/fr\/producto\/oeillet-fer-30-r-noir-047\/\" class=\"woocommerce-LoopProduct-link woocommerce-loop-product__link\"><img decoding=\"async\" width=\"350\" height=\"467\" src=\"https:\/\/pradas.net\/wp-content\/uploads\/2025\/01\/183-350x467.png\" class=\"attachment-woocommerce_thumbnail size-woocommerce_thumbnail\" alt=\"OEILLET FER 30 R NOIR 047\" \/><h2 class=\"woocommerce-loop-product__title\">OEILLET FER 30 R NOIR 047<\/h2>\n<\/a><a href=\"https:\/\/pradas.net\/fr\/producto\/oeillet-fer-30-r-noir-047\/\" aria-describedby=\"woocommerce_loop_add_to_cart_link_describedby_8252\" data-quantity=\"1\" class=\"button product_type_simple\" data-product_id=\"8252\" data-product_sku=\"05281\" aria-label=\"En savoir plus sur &ldquo;OEILLET FER 30 R NOIR 047&rdquo;\" rel=\"nofollow\" data-success_message=\"\">Lire la suite<\/a>\t<span id=\"woocommerce_loop_add_to_cart_link_describedby_8252\" class=\"screen-reader-text\">\n\t\t\t<\/span>\n<\/li>\n<li class=\"product type-product post-8255 status-publish last instock product_cat-consommables product_cat-oeillets-et-rivets has-post-thumbnail shipping-taxable product-type-simple\">\n\t<a href=\"https:\/\/pradas.net\/fr\/producto\/oeillet-fer-30-r-marron-046\/\" class=\"woocommerce-LoopProduct-link woocommerce-loop-product__link\"><img loading=\"lazy\" decoding=\"async\" width=\"350\" height=\"467\" src=\"https:\/\/pradas.net\/wp-content\/uploads\/2025\/01\/183-350x467.png\" class=\"attachment-woocommerce_thumbnail size-woocommerce_thumbnail\" alt=\"OEILLET FER 30 R MARRON 046\" \/><h2 class=\"woocommerce-loop-product__title\">OEILLET FER 30 R MARRON 046<\/h2>\n<\/a><a href=\"https:\/\/pradas.net\/fr\/producto\/oeillet-fer-30-r-marron-046\/\" aria-describedby=\"woocommerce_loop_add_to_cart_link_describedby_8255\" data-quantity=\"1\" class=\"button product_type_simple\" data-product_id=\"8255\" data-product_sku=\"05280\" aria-label=\"En savoir plus sur &ldquo;OEILLET FER 30 R MARRON 046&rdquo;\" rel=\"nofollow\" data-success_message=\"\">Lire la suite<\/a>\t<span id=\"woocommerce_loop_add_to_cart_link_describedby_8255\" class=\"screen-reader-text\">\n\t\t\t<\/span>\n<\/li>\n<li class=\"product type-product post-8257 status-publish first instock product_cat-consommables product_cat-oeillets-et-rivets has-post-thumbnail shipping-taxable product-type-simple\">\n\t<a href=\"https:\/\/pradas.net\/fr\/producto\/oeillet-fer-30-r-nickel-001\/\" class=\"woocommerce-LoopProduct-link woocommerce-loop-product__link\"><img loading=\"lazy\" decoding=\"async\" width=\"350\" height=\"467\" src=\"https:\/\/pradas.net\/wp-content\/uploads\/2025\/01\/181-350x467.png\" class=\"attachment-woocommerce_thumbnail size-woocommerce_thumbnail\" alt=\"OEILLET FER 30 R NICKEL 001\" \/><h2 class=\"woocommerce-loop-product__title\">OEILLET FER 30 R NICKEL 001<\/h2>\n<\/a><a href=\"https:\/\/pradas.net\/fr\/producto\/oeillet-fer-30-r-nickel-001\/\" aria-describedby=\"woocommerce_loop_add_to_cart_link_describedby_8257\" data-quantity=\"1\" class=\"button product_type_simple\" data-product_id=\"8257\" data-product_sku=\"05278\" aria-label=\"En savoir plus sur &ldquo;OEILLET FER 30 R NICKEL 001&rdquo;\" rel=\"nofollow\" data-success_message=\"\">Lire la suite<\/a>\t<span id=\"woocommerce_loop_add_to_cart_link_describedby_8257\" class=\"screen-reader-text\">\n\t\t\t<\/span>\n<\/li>\n<li class=\"product type-product post-8259 status-publish instock product_cat-consommables product_cat-oeillets-et-rivets has-post-thumbnail shipping-taxable product-type-simple\">\n\t<a href=\"https:\/\/pradas.net\/fr\/producto\/oeillet-fer-20-s-noir-047\/\" class=\"woocommerce-LoopProduct-link woocommerce-loop-product__link\"><img loading=\"lazy\" decoding=\"async\" width=\"350\" height=\"467\" src=\"https:\/\/pradas.net\/wp-content\/uploads\/2025\/01\/182-350x467.png\" class=\"attachment-woocommerce_thumbnail size-woocommerce_thumbnail\" alt=\"OEILLET FER 20 S NOIR 047\" \/><h2 class=\"woocommerce-loop-product__title\">OEILLET FER 20 S NOIR 047<\/h2>\n<\/a><a href=\"https:\/\/pradas.net\/fr\/producto\/oeillet-fer-20-s-noir-047\/\" aria-describedby=\"woocommerce_loop_add_to_cart_link_describedby_8259\" data-quantity=\"1\" class=\"button product_type_simple\" data-product_id=\"8259\" data-product_sku=\"05277\" aria-label=\"En savoir plus sur &ldquo;OEILLET FER 20 S NOIR 047&rdquo;\" rel=\"nofollow\" data-success_message=\"\">Lire la suite<\/a>\t<span id=\"woocommerce_loop_add_to_cart_link_describedby_8259\" class=\"screen-reader-text\">\n\t\t\t<\/span>\n<\/li>\n<li class=\"product type-product post-8262 status-publish instock product_cat-consommables product_cat-oeillets-et-rivets has-post-thumbnail shipping-taxable product-type-simple\">\n\t<a href=\"https:\/\/pradas.net\/fr\/producto\/oeillet-fer-20-r-marron-046\/\" class=\"woocommerce-LoopProduct-link woocommerce-loop-product__link\"><img loading=\"lazy\" decoding=\"async\" width=\"350\" height=\"467\" src=\"https:\/\/pradas.net\/wp-content\/uploads\/2025\/01\/180-350x467.png\" class=\"attachment-woocommerce_thumbnail size-woocommerce_thumbnail\" alt=\"OEILLET FER 20 R MARRON 046\" \/><h2 class=\"woocommerce-loop-product__title\">OEILLET FER 20 R MARRON 046<\/h2>\n<\/a><a href=\"https:\/\/pradas.net\/fr\/producto\/oeillet-fer-20-r-marron-046\/\" aria-describedby=\"woocommerce_loop_add_to_cart_link_describedby_8262\" data-quantity=\"1\" class=\"button product_type_simple\" data-product_id=\"8262\" data-product_sku=\"05276\" aria-label=\"En savoir plus sur &ldquo;OEILLET FER 20 R MARRON 046&rdquo;\" rel=\"nofollow\" data-success_message=\"\">Lire la suite<\/a>\t<span id=\"woocommerce_loop_add_to_cart_link_describedby_8262\" class=\"screen-reader-text\">\n\t\t\t<\/span>\n<\/li>\n<li class=\"product type-product post-7519 status-publish last instock product_cat-consommables product_cat-oeillets-et-rivets has-post-thumbnail shipping-taxable product-type-simple\">\n\t<a href=\"https:\/\/pradas.net\/fr\/producto\/oeillet-fer-18-1-3-ps-bleui-002\/\" class=\"woocommerce-LoopProduct-link woocommerce-loop-product__link\"><img loading=\"lazy\" decoding=\"async\" width=\"350\" height=\"467\" src=\"https:\/\/pradas.net\/wp-content\/uploads\/2025\/01\/179-350x467.png\" class=\"attachment-woocommerce_thumbnail size-woocommerce_thumbnail\" alt=\"OEILLET FER 18 1\/3 PS BLEUI 002\" \/><h2 class=\"woocommerce-loop-product__title\">OEILLET FER 18 1\/3 PS BLEUI 002<\/h2>\n<\/a><a href=\"https:\/\/pradas.net\/fr\/producto\/oeillet-fer-18-1-3-ps-bleui-002\/\" aria-describedby=\"woocommerce_loop_add_to_cart_link_describedby_7519\" data-quantity=\"1\" class=\"button product_type_simple\" data-product_id=\"7519\" data-product_sku=\"05275\" aria-label=\"En savoir plus sur &ldquo;OEILLET FER 18 1\/3 PS BLEUI 002&rdquo;\" rel=\"nofollow\" data-success_message=\"\">Lire la suite<\/a>\t<span id=\"woocommerce_loop_add_to_cart_link_describedby_7519\" class=\"screen-reader-text\">\n\t\t\t<\/span>\n<\/li>\n<\/ul>\n<\/div>\t\t\t\t<\/div>\n\t\t\t\t<\/div>\n\t\t\t\t\t<\/div>\n\t\t<\/div>\n\t\t\t\t\t<\/div>\n\t\t<\/section>\n\t\t\t\t<\/div>\n\t\t","protected":false},"excerpt":{"rendered":"<p>Nous vendons des \u0153illets et des rivets dans diff\u00e9rents mat\u00e9riaux, couleurs et tailles pour une utilisation dans des machines automatiques ou manuelles.<\/p>\n","protected":false},"author":1,"featured_media":0,"parent":8939,"menu_order":0,"comment_status":"closed","ping_status":"closed","template":"elementor_header_footer","meta":{"footnotes":""},"class_list":["post-8951","page","type-page","status-publish","hentry"],"yoast_head":"<!-- This site is optimized with the Yoast SEO plugin v27.3 - https:\/\/yoast.com\/product\/yoast-seo-wordpress\/ -->\n<title>\u0152illets et rivets | Pradas<\/title>\n<meta name=\"robots\" content=\"index, follow, max-snippet:-1, max-image-preview:large, max-video-preview:-1\" \/>\n<link rel=\"canonical\" href=\"https:\/\/pradas.net\/fr\/consommables\/oeillets-et-rivets\/\" \/>\n<meta property=\"og:locale\" content=\"fr_FR\" \/>\n<meta property=\"og:type\" content=\"article\" \/>\n<meta property=\"og:title\" content=\"\u0152illets et rivets | Pradas\" \/>\n<meta property=\"og:description\" content=\"Nous vendons des \u0153illets et des rivets dans diff\u00e9rents mat\u00e9riaux, couleurs et tailles pour une utilisation dans des machines automatiques ou manuelles.\" \/>\n<meta property=\"og:url\" content=\"https:\/\/pradas.net\/fr\/consommables\/oeillets-et-rivets\/\" \/>\n<meta property=\"og:site_name\" content=\"Pradas\" \/>\n<meta property=\"article:modified_time\" content=\"2026-01-21T22:22:20+00:00\" \/>\n<meta property=\"og:image\" content=\"https:\/\/pradas.net\/wp-content\/uploads\/2025\/01\/Pradas_Portada.png\" \/>\n\t<meta property=\"og:image:width\" content=\"1024\" \/>\n\t<meta property=\"og:image:height\" content=\"694\" \/>\n\t<meta property=\"og:image:type\" content=\"image\/png\" \/>\n<meta name=\"twitter:card\" content=\"summary_large_image\" \/>\n<script type=\"application\/ld+json\" class=\"yoast-schema-graph\">{\"@context\":\"https:\\\/\\\/schema.org\",\"@graph\":[{\"@type\":\"WebPage\",\"@id\":\"https:\\\/\\\/pradas.net\\\/fr\\\/consommables\\\/oeillets-et-rivets\\\/\",\"url\":\"https:\\\/\\\/pradas.net\\\/fr\\\/consommables\\\/oeillets-et-rivets\\\/\",\"name\":\"\u0152illets et rivets | Pradas\",\"isPartOf\":{\"@id\":\"https:\\\/\\\/pradas.net\\\/fr\\\/#website\"},\"datePublished\":\"2025-02-21T17:39:56+00:00\",\"dateModified\":\"2026-01-21T22:22:20+00:00\",\"breadcrumb\":{\"@id\":\"https:\\\/\\\/pradas.net\\\/fr\\\/consommables\\\/oeillets-et-rivets\\\/#breadcrumb\"},\"inLanguage\":\"fr-FR\",\"potentialAction\":[{\"@type\":\"ReadAction\",\"target\":[\"https:\\\/\\\/pradas.net\\\/fr\\\/consommables\\\/oeillets-et-rivets\\\/\"]}]},{\"@type\":\"BreadcrumbList\",\"@id\":\"https:\\\/\\\/pradas.net\\\/fr\\\/consommables\\\/oeillets-et-rivets\\\/#breadcrumb\",\"itemListElement\":[{\"@type\":\"ListItem\",\"position\":1,\"name\":\"Portada\",\"item\":\"https:\\\/\\\/pradas.net\\\/fr\\\/accueil\\\/\"},{\"@type\":\"ListItem\",\"position\":2,\"name\":\"Consommables\",\"item\":\"https:\\\/\\\/pradas.net\\\/fr\\\/consommables\\\/\"},{\"@type\":\"ListItem\",\"position\":3,\"name\":\"\u0152illets et rivets\"}]},{\"@type\":\"WebSite\",\"@id\":\"https:\\\/\\\/pradas.net\\\/fr\\\/#website\",\"url\":\"https:\\\/\\\/pradas.net\\\/fr\\\/\",\"name\":\"Pradas\",\"description\":\"\",\"potentialAction\":[{\"@type\":\"SearchAction\",\"target\":{\"@type\":\"EntryPoint\",\"urlTemplate\":\"https:\\\/\\\/pradas.net\\\/fr\\\/?s={search_term_string}\"},\"query-input\":{\"@type\":\"PropertyValueSpecification\",\"valueRequired\":true,\"valueName\":\"search_term_string\"}}],\"inLanguage\":\"fr-FR\"}]}<\/script>\n<!-- \/ Yoast SEO plugin. -->","yoast_head_json":{"title":"\u0152illets et rivets | Pradas","robots":{"index":"index","follow":"follow","max-snippet":"max-snippet:-1","max-image-preview":"max-image-preview:large","max-video-preview":"max-video-preview:-1"},"canonical":"https:\/\/pradas.net\/fr\/consommables\/oeillets-et-rivets\/","og_locale":"fr_FR","og_type":"article","og_title":"\u0152illets et rivets | Pradas","og_description":"Nous vendons des \u0153illets et des rivets dans diff\u00e9rents mat\u00e9riaux, couleurs et tailles pour une utilisation dans des machines automatiques ou manuelles.","og_url":"https:\/\/pradas.net\/fr\/consommables\/oeillets-et-rivets\/","og_site_name":"Pradas","article_modified_time":"2026-01-21T22:22:20+00:00","og_image":[{"width":1024,"height":694,"url":"https:\/\/pradas.net\/wp-content\/uploads\/2025\/01\/Pradas_Portada.png","type":"image\/png"}],"twitter_card":"summary_large_image","schema":{"@context":"https:\/\/schema.org","@graph":[{"@type":"WebPage","@id":"https:\/\/pradas.net\/fr\/consommables\/oeillets-et-rivets\/","url":"https:\/\/pradas.net\/fr\/consommables\/oeillets-et-rivets\/","name":"\u0152illets et rivets | Pradas","isPartOf":{"@id":"https:\/\/pradas.net\/fr\/#website"},"datePublished":"2025-02-21T17:39:56+00:00","dateModified":"2026-01-21T22:22:20+00:00","breadcrumb":{"@id":"https:\/\/pradas.net\/fr\/consommables\/oeillets-et-rivets\/#breadcrumb"},"inLanguage":"fr-FR","potentialAction":[{"@type":"ReadAction","target":["https:\/\/pradas.net\/fr\/consommables\/oeillets-et-rivets\/"]}]},{"@type":"BreadcrumbList","@id":"https:\/\/pradas.net\/fr\/consommables\/oeillets-et-rivets\/#breadcrumb","itemListElement":[{"@type":"ListItem","position":1,"name":"Portada","item":"https:\/\/pradas.net\/fr\/accueil\/"},{"@type":"ListItem","position":2,"name":"Consommables","item":"https:\/\/pradas.net\/fr\/consommables\/"},{"@type":"ListItem","position":3,"name":"\u0152illets et rivets"}]},{"@type":"WebSite","@id":"https:\/\/pradas.net\/fr\/#website","url":"https:\/\/pradas.net\/fr\/","name":"Pradas","description":"","potentialAction":[{"@type":"SearchAction","target":{"@type":"EntryPoint","urlTemplate":"https:\/\/pradas.net\/fr\/?s={search_term_string}"},"query-input":{"@type":"PropertyValueSpecification","valueRequired":true,"valueName":"search_term_string"}}],"inLanguage":"fr-FR"}]}},"_links":{"self":[{"href":"https:\/\/pradas.net\/fr\/wp-json\/wp\/v2\/pages\/8951","targetHints":{"allow":["GET"]}}],"collection":[{"href":"https:\/\/pradas.net\/fr\/wp-json\/wp\/v2\/pages"}],"about":[{"href":"https:\/\/pradas.net\/fr\/wp-json\/wp\/v2\/types\/page"}],"author":[{"embeddable":true,"href":"https:\/\/pradas.net\/fr\/wp-json\/wp\/v2\/users\/1"}],"replies":[{"embeddable":true,"href":"https:\/\/pradas.net\/fr\/wp-json\/wp\/v2\/comments?post=8951"}],"version-history":[{"count":2,"href":"https:\/\/pradas.net\/fr\/wp-json\/wp\/v2\/pages\/8951\/revisions"}],"predecessor-version":[{"id":9865,"href":"https:\/\/pradas.net\/fr\/wp-json\/wp\/v2\/pages\/8951\/revisions\/9865"}],"up":[{"embeddable":true,"href":"https:\/\/pradas.net\/fr\/wp-json\/wp\/v2\/pages\/8939"}],"wp:attachment":[{"href":"https:\/\/pradas.net\/fr\/wp-json\/wp\/v2\/media?parent=8951"}],"curies":[{"name":"wp","href":"https:\/\/api.w.org\/{rel}","templated":true}]}}