{"id":8953,"date":"2025-02-21T18:37:10","date_gmt":"2025-02-21T17:37:10","guid":{"rendered":"https:\/\/pradas.net\/consommables\/lubrifiants-teintures-et-silicone\/"},"modified":"2026-01-21T23:22:20","modified_gmt":"2026-01-21T22:22:20","slug":"lubrifiants-teintures-et-silicone","status":"publish","type":"page","link":"https:\/\/pradas.net\/fr\/consommables\/lubrifiants-teintures-et-silicone\/","title":{"rendered":"Lubrifiants, encres et silicones"},"content":{"rendered":"\t\t<div data-elementor-type=\"wp-page\" data-elementor-id=\"8953\" class=\"elementor elementor-8953 elementor-3483\" data-elementor-post-type=\"page\">\n\t\t\t\t\t\t<section class=\"elementor-section elementor-top-section elementor-element elementor-element-7fd2c0ec elementor-section-height-min-height elementor-section-full_width elementor-section-content-middle elementor-section-height-default elementor-section-items-middle\" data-id=\"7fd2c0ec\" data-element_type=\"section\" data-e-type=\"section\" data-settings=\"{&quot;background_background&quot;:&quot;classic&quot;}\">\n\t\t\t\t\t\t\t<div class=\"elementor-background-overlay\"><\/div>\n\t\t\t\t\t\t\t<div class=\"elementor-container elementor-column-gap-no\">\n\t\t\t\t\t<div class=\"elementor-column elementor-col-100 elementor-top-column elementor-element elementor-element-6437c025\" data-id=\"6437c025\" data-element_type=\"column\" data-e-type=\"column\">\n\t\t\t<div class=\"elementor-widget-wrap elementor-element-populated\">\n\t\t\t\t\t\t\t<\/div>\n\t\t<\/div>\n\t\t\t\t\t<\/div>\n\t\t<\/section>\n\t\t<div class=\"elementor-element elementor-element-45ccb3aa e-flex e-con-boxed e-con e-parent\" data-id=\"45ccb3aa\" data-element_type=\"container\" data-e-type=\"container\" data-settings=\"{&quot;background_background&quot;:&quot;classic&quot;}\">\n\t\t\t\t\t<div class=\"e-con-inner\">\n\t\t\t\t<div class=\"elementor-element elementor-element-cb52ba7 animated-slow elementor-widget elementor-widget-text-editor\" data-id=\"cb52ba7\" data-element_type=\"widget\" data-e-type=\"widget\" data-settings=\"{&quot;_animation&quot;:&quot;none&quot;,&quot;_animation_delay&quot;:300}\" data-widget_type=\"text-editor.default\">\n\t\t\t\t<div class=\"elementor-widget-container\">\n\t\t\t\t\t\t\t\t\t<p>Nous fournissons \u00e0 nos clients des encres pour le r\u00e9f\u00e9rencement des semelles et des talons, ainsi que des lubrifiants en huile ou en spray pour le graissage et la lubrification des machines et des sprays de silicone pour le d\u00e9moulage.<\/p>\t\t\t\t\t\t\t\t<\/div>\n\t\t\t\t<\/div>\n\t\t\t\t\t<\/div>\n\t\t\t\t<\/div>\n\t\t\t\t<section class=\"elementor-section elementor-top-section elementor-element elementor-element-2c673e6b elementor-section-boxed elementor-section-height-default elementor-section-height-default\" data-id=\"2c673e6b\" data-element_type=\"section\" data-e-type=\"section\" data-settings=\"{&quot;background_background&quot;:&quot;classic&quot;}\">\n\t\t\t\t\t\t\t<div class=\"elementor-background-overlay\"><\/div>\n\t\t\t\t\t\t\t<div class=\"elementor-container elementor-column-gap-no\">\n\t\t\t\t\t<div class=\"elementor-column elementor-col-100 elementor-top-column elementor-element elementor-element-6cc3c6b3\" data-id=\"6cc3c6b3\" data-element_type=\"column\" data-e-type=\"column\">\n\t\t\t<div class=\"elementor-widget-wrap elementor-element-populated\">\n\t\t\t\t\t\t<div class=\"elementor-element elementor-element-65ce0b87 elementor-product-loop-item--align-center elementor-grid-4 elementor-grid-tablet-3 elementor-grid-mobile-2 elementor-products-grid elementor-wc-products elementor-widget elementor-widget-woocommerce-products\" data-id=\"65ce0b87\" data-element_type=\"widget\" data-e-type=\"widget\" data-widget_type=\"woocommerce-products.default\">\n\t\t\t\t<div class=\"elementor-widget-container\">\n\t\t\t\t\t<div class=\"woocommerce columns-4 \"><div class=\"woocommerce-notices-wrapper\"><\/div><p class=\"woocommerce-result-count\" role=\"alert\" aria-relevant=\"all\" >\n\t3\u00a0r\u00e9sultats affich\u00e9s<\/p>\n<ul class=\"products elementor-grid columns-4\">\n<li class=\"product type-product post-9771 status-publish first instock product_cat-consommables product_cat-lubrifiants-teintures-et-silicone has-post-thumbnail shipping-taxable product-type-simple\">\n\t<a href=\"https:\/\/pradas.net\/fr\/producto\/lubrifiant-pour-assouplir-le-fil\/\" class=\"woocommerce-LoopProduct-link woocommerce-loop-product__link\"><img fetchpriority=\"high\" decoding=\"async\" width=\"350\" height=\"467\" src=\"https:\/\/pradas.net\/wp-content\/uploads\/2025\/04\/Liquido-especial-para-suavizar-el-hilo-350x467.png\" class=\"attachment-woocommerce_thumbnail size-woocommerce_thumbnail\" alt=\"LUBRIFIANT POUR ASSOUPLIR LE FIL\" srcset=\"https:\/\/pradas.net\/wp-content\/uploads\/2025\/04\/Liquido-especial-para-suavizar-el-hilo-350x467.png 350w, https:\/\/pradas.net\/wp-content\/uploads\/2025\/04\/Liquido-especial-para-suavizar-el-hilo-225x300.png 225w, https:\/\/pradas.net\/wp-content\/uploads\/2025\/04\/Liquido-especial-para-suavizar-el-hilo-768x1024.png 768w, https:\/\/pradas.net\/wp-content\/uploads\/2025\/04\/Liquido-especial-para-suavizar-el-hilo-800x1067.png 800w, https:\/\/pradas.net\/wp-content\/uploads\/2025\/04\/Liquido-especial-para-suavizar-el-hilo.png 810w\" sizes=\"(max-width: 350px) 100vw, 350px\" \/><h2 class=\"woocommerce-loop-product__title\">LUBRIFIANT POUR ASSOUPLIR LE FIL<\/h2>\n<\/a><a href=\"https:\/\/pradas.net\/fr\/producto\/lubrifiant-pour-assouplir-le-fil\/\" aria-describedby=\"woocommerce_loop_add_to_cart_link_describedby_9771\" data-quantity=\"1\" class=\"button product_type_simple\" data-product_id=\"9771\" data-product_sku=\"05249-1\" aria-label=\"En savoir plus sur &ldquo;LUBRIFIANT POUR ASSOUPLIR LE FIL&rdquo;\" rel=\"nofollow\" data-success_message=\"\">Lire la suite<\/a>\t<span id=\"woocommerce_loop_add_to_cart_link_describedby_9771\" class=\"screen-reader-text\">\n\t\t\t<\/span>\n<\/li>\n<li class=\"product type-product post-8267 status-publish instock product_cat-consommables product_cat-lubrifiants-teintures-et-silicone has-post-thumbnail shipping-taxable product-type-simple\">\n\t<a href=\"https:\/\/pradas.net\/fr\/producto\/huile-hydraulique-hlp-32-lts\/\" class=\"woocommerce-LoopProduct-link woocommerce-loop-product__link\"><img decoding=\"async\" width=\"350\" height=\"467\" src=\"https:\/\/pradas.net\/wp-content\/uploads\/2025\/01\/9fc2e0de-ae00-460b-85df-f0f94503710e-350x467.jpg\" class=\"attachment-woocommerce_thumbnail size-woocommerce_thumbnail\" alt=\"HUILE HYDRAULIQUE HLP-32 (LTS.)\" \/><h2 class=\"woocommerce-loop-product__title\">HUILE HYDRAULIQUE HLP-32 (LTS.)<\/h2>\n<\/a><a href=\"https:\/\/pradas.net\/fr\/producto\/huile-hydraulique-hlp-32-lts\/\" aria-describedby=\"woocommerce_loop_add_to_cart_link_describedby_8267\" data-quantity=\"1\" class=\"button product_type_simple\" data-product_id=\"8267\" data-product_sku=\"05222\" aria-label=\"En savoir plus sur &ldquo;HUILE HYDRAULIQUE HLP-32 (LTS.)&rdquo;\" rel=\"nofollow\" data-success_message=\"\">Lire la suite<\/a>\t<span id=\"woocommerce_loop_add_to_cart_link_describedby_8267\" class=\"screen-reader-text\">\n\t\t\t<\/span>\n<\/li>\n<li class=\"product type-product post-7523 status-publish instock product_cat-consommables product_cat-lubrifiants-teintures-et-silicone has-post-thumbnail shipping-taxable product-type-simple\">\n\t<a href=\"https:\/\/pradas.net\/fr\/producto\/huile-de-graisser-hlp-68-lts\/\" class=\"woocommerce-LoopProduct-link woocommerce-loop-product__link\"><img decoding=\"async\" width=\"350\" height=\"467\" src=\"https:\/\/pradas.net\/wp-content\/uploads\/2025\/01\/73f13cca-da05-4c89-a3fe-68b912b7ff87-350x467.jpg\" class=\"attachment-woocommerce_thumbnail size-woocommerce_thumbnail\" alt=\"HUILE DE GRAISSER HLP-68 (LTS.)\" \/><h2 class=\"woocommerce-loop-product__title\">HUILE DE GRAISSER HLP-68 (LTS.)<\/h2>\n<\/a><a href=\"https:\/\/pradas.net\/fr\/producto\/huile-de-graisser-hlp-68-lts\/\" aria-describedby=\"woocommerce_loop_add_to_cart_link_describedby_7523\" data-quantity=\"1\" class=\"button product_type_simple\" data-product_id=\"7523\" data-product_sku=\"05220\" aria-label=\"En savoir plus sur &ldquo;HUILE DE GRAISSER HLP-68 (LTS.)&rdquo;\" rel=\"nofollow\" data-success_message=\"\">Lire la suite<\/a>\t<span id=\"woocommerce_loop_add_to_cart_link_describedby_7523\" class=\"screen-reader-text\">\n\t\t\t<\/span>\n<\/li>\n<\/ul>\n<\/div>\t\t\t\t<\/div>\n\t\t\t\t<\/div>\n\t\t\t\t\t<\/div>\n\t\t<\/div>\n\t\t\t\t\t<\/div>\n\t\t<\/section>\n\t\t\t\t<\/div>\n\t\t","protected":false},"excerpt":{"rendered":"<p>Nous fournissons \u00e0 nos clients des encres pour le r\u00e9f\u00e9rencement des semelles et des talons, ainsi que des lubrifiants en huile ou en spray pour le graissage et la lubrification des machines et des sprays de silicone pour le d\u00e9moulage.<\/p>\n","protected":false},"author":1,"featured_media":0,"parent":8939,"menu_order":0,"comment_status":"closed","ping_status":"closed","template":"elementor_header_footer","meta":{"footnotes":""},"class_list":["post-8953","page","type-page","status-publish","hentry"],"yoast_head":"<!-- This site is optimized with the Yoast SEO plugin v27.3 - https:\/\/yoast.com\/product\/yoast-seo-wordpress\/ -->\n<title>Lubrifiants, encres et silicones | Pradas<\/title>\n<meta name=\"robots\" content=\"index, follow, max-snippet:-1, max-image-preview:large, max-video-preview:-1\" \/>\n<link rel=\"canonical\" href=\"https:\/\/pradas.net\/fr\/consommables\/lubrifiants-teintures-et-silicone\/\" \/>\n<meta property=\"og:locale\" content=\"fr_FR\" \/>\n<meta property=\"og:type\" content=\"article\" \/>\n<meta property=\"og:title\" content=\"Lubrifiants, encres et silicones | Pradas\" \/>\n<meta property=\"og:description\" content=\"Nous fournissons \u00e0 nos clients des encres pour le r\u00e9f\u00e9rencement des semelles et des talons, ainsi que des lubrifiants en huile ou en spray pour le graissage et la lubrification des machines et des sprays de silicone pour le d\u00e9moulage.\" \/>\n<meta property=\"og:url\" content=\"https:\/\/pradas.net\/fr\/consommables\/lubrifiants-teintures-et-silicone\/\" \/>\n<meta property=\"og:site_name\" content=\"Pradas\" \/>\n<meta property=\"article:modified_time\" content=\"2026-01-21T22:22:20+00:00\" \/>\n<meta property=\"og:image\" content=\"https:\/\/pradas.net\/wp-content\/uploads\/2025\/01\/Pradas_Portada.png\" \/>\n\t<meta property=\"og:image:width\" content=\"1024\" \/>\n\t<meta property=\"og:image:height\" content=\"694\" \/>\n\t<meta property=\"og:image:type\" content=\"image\/png\" \/>\n<meta name=\"twitter:card\" content=\"summary_large_image\" \/>\n<script type=\"application\/ld+json\" class=\"yoast-schema-graph\">{\"@context\":\"https:\\\/\\\/schema.org\",\"@graph\":[{\"@type\":\"WebPage\",\"@id\":\"https:\\\/\\\/pradas.net\\\/fr\\\/consommables\\\/lubrifiants-teintures-et-silicone\\\/\",\"url\":\"https:\\\/\\\/pradas.net\\\/fr\\\/consommables\\\/lubrifiants-teintures-et-silicone\\\/\",\"name\":\"Lubrifiants, encres et silicones | Pradas\",\"isPartOf\":{\"@id\":\"https:\\\/\\\/pradas.net\\\/fr\\\/#website\"},\"datePublished\":\"2025-02-21T17:37:10+00:00\",\"dateModified\":\"2026-01-21T22:22:20+00:00\",\"breadcrumb\":{\"@id\":\"https:\\\/\\\/pradas.net\\\/fr\\\/consommables\\\/lubrifiants-teintures-et-silicone\\\/#breadcrumb\"},\"inLanguage\":\"fr-FR\",\"potentialAction\":[{\"@type\":\"ReadAction\",\"target\":[\"https:\\\/\\\/pradas.net\\\/fr\\\/consommables\\\/lubrifiants-teintures-et-silicone\\\/\"]}]},{\"@type\":\"BreadcrumbList\",\"@id\":\"https:\\\/\\\/pradas.net\\\/fr\\\/consommables\\\/lubrifiants-teintures-et-silicone\\\/#breadcrumb\",\"itemListElement\":[{\"@type\":\"ListItem\",\"position\":1,\"name\":\"Portada\",\"item\":\"https:\\\/\\\/pradas.net\\\/fr\\\/accueil\\\/\"},{\"@type\":\"ListItem\",\"position\":2,\"name\":\"Consommables\",\"item\":\"https:\\\/\\\/pradas.net\\\/fr\\\/consommables\\\/\"},{\"@type\":\"ListItem\",\"position\":3,\"name\":\"Lubrifiants, encres et silicones\"}]},{\"@type\":\"WebSite\",\"@id\":\"https:\\\/\\\/pradas.net\\\/fr\\\/#website\",\"url\":\"https:\\\/\\\/pradas.net\\\/fr\\\/\",\"name\":\"Pradas\",\"description\":\"\",\"potentialAction\":[{\"@type\":\"SearchAction\",\"target\":{\"@type\":\"EntryPoint\",\"urlTemplate\":\"https:\\\/\\\/pradas.net\\\/fr\\\/?s={search_term_string}\"},\"query-input\":{\"@type\":\"PropertyValueSpecification\",\"valueRequired\":true,\"valueName\":\"search_term_string\"}}],\"inLanguage\":\"fr-FR\"}]}<\/script>\n<!-- \/ Yoast SEO plugin. -->","yoast_head_json":{"title":"Lubrifiants, encres et silicones | Pradas","robots":{"index":"index","follow":"follow","max-snippet":"max-snippet:-1","max-image-preview":"max-image-preview:large","max-video-preview":"max-video-preview:-1"},"canonical":"https:\/\/pradas.net\/fr\/consommables\/lubrifiants-teintures-et-silicone\/","og_locale":"fr_FR","og_type":"article","og_title":"Lubrifiants, encres et silicones | Pradas","og_description":"Nous fournissons \u00e0 nos clients des encres pour le r\u00e9f\u00e9rencement des semelles et des talons, ainsi que des lubrifiants en huile ou en spray pour le graissage et la lubrification des machines et des sprays de silicone pour le d\u00e9moulage.","og_url":"https:\/\/pradas.net\/fr\/consommables\/lubrifiants-teintures-et-silicone\/","og_site_name":"Pradas","article_modified_time":"2026-01-21T22:22:20+00:00","og_image":[{"width":1024,"height":694,"url":"https:\/\/pradas.net\/wp-content\/uploads\/2025\/01\/Pradas_Portada.png","type":"image\/png"}],"twitter_card":"summary_large_image","schema":{"@context":"https:\/\/schema.org","@graph":[{"@type":"WebPage","@id":"https:\/\/pradas.net\/fr\/consommables\/lubrifiants-teintures-et-silicone\/","url":"https:\/\/pradas.net\/fr\/consommables\/lubrifiants-teintures-et-silicone\/","name":"Lubrifiants, encres et silicones | Pradas","isPartOf":{"@id":"https:\/\/pradas.net\/fr\/#website"},"datePublished":"2025-02-21T17:37:10+00:00","dateModified":"2026-01-21T22:22:20+00:00","breadcrumb":{"@id":"https:\/\/pradas.net\/fr\/consommables\/lubrifiants-teintures-et-silicone\/#breadcrumb"},"inLanguage":"fr-FR","potentialAction":[{"@type":"ReadAction","target":["https:\/\/pradas.net\/fr\/consommables\/lubrifiants-teintures-et-silicone\/"]}]},{"@type":"BreadcrumbList","@id":"https:\/\/pradas.net\/fr\/consommables\/lubrifiants-teintures-et-silicone\/#breadcrumb","itemListElement":[{"@type":"ListItem","position":1,"name":"Portada","item":"https:\/\/pradas.net\/fr\/accueil\/"},{"@type":"ListItem","position":2,"name":"Consommables","item":"https:\/\/pradas.net\/fr\/consommables\/"},{"@type":"ListItem","position":3,"name":"Lubrifiants, encres et silicones"}]},{"@type":"WebSite","@id":"https:\/\/pradas.net\/fr\/#website","url":"https:\/\/pradas.net\/fr\/","name":"Pradas","description":"","potentialAction":[{"@type":"SearchAction","target":{"@type":"EntryPoint","urlTemplate":"https:\/\/pradas.net\/fr\/?s={search_term_string}"},"query-input":{"@type":"PropertyValueSpecification","valueRequired":true,"valueName":"search_term_string"}}],"inLanguage":"fr-FR"}]}},"_links":{"self":[{"href":"https:\/\/pradas.net\/fr\/wp-json\/wp\/v2\/pages\/8953","targetHints":{"allow":["GET"]}}],"collection":[{"href":"https:\/\/pradas.net\/fr\/wp-json\/wp\/v2\/pages"}],"about":[{"href":"https:\/\/pradas.net\/fr\/wp-json\/wp\/v2\/types\/page"}],"author":[{"embeddable":true,"href":"https:\/\/pradas.net\/fr\/wp-json\/wp\/v2\/users\/1"}],"replies":[{"embeddable":true,"href":"https:\/\/pradas.net\/fr\/wp-json\/wp\/v2\/comments?post=8953"}],"version-history":[{"count":2,"href":"https:\/\/pradas.net\/fr\/wp-json\/wp\/v2\/pages\/8953\/revisions"}],"predecessor-version":[{"id":9869,"href":"https:\/\/pradas.net\/fr\/wp-json\/wp\/v2\/pages\/8953\/revisions\/9869"}],"up":[{"embeddable":true,"href":"https:\/\/pradas.net\/fr\/wp-json\/wp\/v2\/pages\/8939"}],"wp:attachment":[{"href":"https:\/\/pradas.net\/fr\/wp-json\/wp\/v2\/media?parent=8953"}],"curies":[{"name":"wp","href":"https:\/\/api.w.org\/{rel}","templated":true}]}}