{"id":8971,"date":"2025-02-21T18:21:52","date_gmt":"2025-02-21T17:21:52","guid":{"rendered":"https:\/\/pradas.net\/consommables\/cires-pate-a-polir-et-a-faire-luire\/"},"modified":"2025-06-03T12:10:27","modified_gmt":"2025-06-03T10:10:27","slug":"cires-pate-a-polir-et-a-faire-luire","status":"publish","type":"page","link":"https:\/\/pradas.net\/fr\/consommables\/cires-pate-a-polir-et-a-faire-luire\/","title":{"rendered":"Cires, P\u00e2te \u00e0 Polir et \u00e0 Faire Luire"},"content":{"rendered":"\t\t<div data-elementor-type=\"wp-page\" data-elementor-id=\"8971\" class=\"elementor elementor-8971 elementor-3440\" data-elementor-post-type=\"page\">\n\t\t\t\t\t\t<section class=\"elementor-section elementor-top-section elementor-element elementor-element-538b22d5 elementor-section-height-min-height elementor-section-full_width elementor-section-content-middle elementor-section-height-default elementor-section-items-middle\" data-id=\"538b22d5\" data-element_type=\"section\" data-e-type=\"section\" data-settings=\"{&quot;background_background&quot;:&quot;classic&quot;}\">\n\t\t\t\t\t\t\t<div class=\"elementor-background-overlay\"><\/div>\n\t\t\t\t\t\t\t<div class=\"elementor-container elementor-column-gap-no\">\n\t\t\t\t\t<div class=\"elementor-column elementor-col-100 elementor-top-column elementor-element elementor-element-6899f7b1\" data-id=\"6899f7b1\" data-element_type=\"column\" data-e-type=\"column\">\n\t\t\t<div class=\"elementor-widget-wrap elementor-element-populated\">\n\t\t\t\t\t\t\t<\/div>\n\t\t<\/div>\n\t\t\t\t\t<\/div>\n\t\t<\/section>\n\t\t<div class=\"elementor-element elementor-element-7b62d707 e-flex e-con-boxed e-con e-parent\" data-id=\"7b62d707\" data-element_type=\"container\" data-e-type=\"container\" data-settings=\"{&quot;background_background&quot;:&quot;classic&quot;}\">\n\t\t\t\t\t<div class=\"e-con-inner\">\n\t\t\t\t<div class=\"elementor-element elementor-element-6ab88cc7 animated-slow elementor-widget elementor-widget-text-editor\" data-id=\"6ab88cc7\" data-element_type=\"widget\" data-e-type=\"widget\" data-settings=\"{&quot;_animation&quot;:&quot;none&quot;,&quot;_animation_delay&quot;:300}\" data-widget_type=\"text-editor.default\">\n\t\t\t\t<div class=\"elementor-widget-container\">\n\t\t\t\t\t\t\t\t\t<p>Nous disposons de cires employ\u00e9es pour le cirage de fils dans les piqueuses et les machines \u00e0 poser la tr\u00e9pointe, ainsi que de la p\u00e2te en stick, \u00e0 appliquer sur brosse pour un polissage et un \u00e9clat parfait de la semelle et du cuir.<\/p>\t\t\t\t\t\t\t\t<\/div>\n\t\t\t\t<\/div>\n\t\t\t\t\t<\/div>\n\t\t\t\t<\/div>\n\t\t\t\t<section class=\"elementor-section elementor-top-section elementor-element elementor-element-7dfcd4e3 elementor-section-boxed elementor-section-height-default elementor-section-height-default\" data-id=\"7dfcd4e3\" data-element_type=\"section\" data-e-type=\"section\" data-settings=\"{&quot;background_background&quot;:&quot;classic&quot;}\">\n\t\t\t\t\t\t\t<div class=\"elementor-background-overlay\"><\/div>\n\t\t\t\t\t\t\t<div class=\"elementor-container elementor-column-gap-no\">\n\t\t\t\t\t<div class=\"elementor-column elementor-col-100 elementor-top-column elementor-element elementor-element-18262646\" data-id=\"18262646\" data-element_type=\"column\" data-e-type=\"column\">\n\t\t\t<div class=\"elementor-widget-wrap elementor-element-populated\">\n\t\t\t\t\t\t<div class=\"elementor-element elementor-element-59f6c79f elementor-product-loop-item--align-center elementor-grid-4 elementor-grid-tablet-3 elementor-grid-mobile-2 elementor-products-grid elementor-wc-products elementor-widget elementor-widget-woocommerce-products\" data-id=\"59f6c79f\" data-element_type=\"widget\" data-e-type=\"widget\" data-widget_type=\"woocommerce-products.default\">\n\t\t\t\t<div class=\"elementor-widget-container\">\n\t\t\t\t\t<div class=\"woocommerce columns-4 \"><div class=\"woocommerce-notices-wrapper\"><\/div><p class=\"woocommerce-result-count\" role=\"alert\" aria-relevant=\"all\" >\n\t4\u00a0r\u00e9sultats affich\u00e9s<\/p>\n<ul class=\"products elementor-grid columns-4\">\n<li class=\"product type-product post-7535 status-publish first instock product_cat-cires-pate-a-polir-et-a-faire-luire product_cat-consommables has-post-thumbnail shipping-taxable product-type-simple\">\n\t<a href=\"https:\/\/pradas.net\/fr\/producto\/pate-abrasive-rouge-et-reluante-pour-semelles\/\" class=\"woocommerce-LoopProduct-link woocommerce-loop-product__link\"><img fetchpriority=\"high\" decoding=\"async\" width=\"350\" height=\"467\" src=\"https:\/\/pradas.net\/wp-content\/uploads\/2025\/01\/ada96901-abca-4dc7-93fc-eab398525b48-350x467.jpg\" class=\"attachment-woocommerce_thumbnail size-woocommerce_thumbnail\" alt=\"P\u00c2TE ABRASIVE ROUGE ET RELUANTE POUR SEMELLES\" \/><h2 class=\"woocommerce-loop-product__title\">P\u00c2TE ABRASIVE ROUGE ET RELUANTE POUR SEMELLES<\/h2>\n<\/a><a href=\"https:\/\/pradas.net\/fr\/producto\/pate-abrasive-rouge-et-reluante-pour-semelles\/\" aria-describedby=\"woocommerce_loop_add_to_cart_link_describedby_7535\" data-quantity=\"1\" class=\"button product_type_simple\" data-product_id=\"7535\" data-product_sku=\"05291\" aria-label=\"En savoir plus sur &ldquo;P\u00c2TE ABRASIVE ROUGE ET RELUANTE POUR SEMELLES&rdquo;\" rel=\"nofollow\" data-success_message=\"\">Lire la suite<\/a>\t<span id=\"woocommerce_loop_add_to_cart_link_describedby_7535\" class=\"screen-reader-text\">\n\t\t\t<\/span>\n<\/li>\n<li class=\"product type-product post-8483 status-publish instock product_cat-cires-pate-a-polir-et-a-faire-luire product_cat-consommables has-post-thumbnail shipping-taxable product-type-simple\">\n\t<a href=\"https:\/\/pradas.net\/fr\/producto\/pate-abrasive-blanche-et-reluante-pour-semelles\/\" class=\"woocommerce-LoopProduct-link woocommerce-loop-product__link\"><img decoding=\"async\" width=\"350\" height=\"467\" src=\"https:\/\/pradas.net\/wp-content\/uploads\/2025\/01\/5c6a97b6-c512-429b-a718-f131120805ca-350x467.jpg\" class=\"attachment-woocommerce_thumbnail size-woocommerce_thumbnail\" alt=\"P\u00c2TE ABRASIVE BLANCHE ET RELUANTE POUR SEMELLES\" \/><h2 class=\"woocommerce-loop-product__title\">P\u00c2TE ABRASIVE BLANCHE ET RELUANTE POUR SEMELLES<\/h2>\n<\/a><a href=\"https:\/\/pradas.net\/fr\/producto\/pate-abrasive-blanche-et-reluante-pour-semelles\/\" aria-describedby=\"woocommerce_loop_add_to_cart_link_describedby_8483\" data-quantity=\"1\" class=\"button product_type_simple\" data-product_id=\"8483\" data-product_sku=\"05292\" aria-label=\"En savoir plus sur &ldquo;P\u00c2TE ABRASIVE BLANCHE ET RELUANTE POUR SEMELLES&rdquo;\" rel=\"nofollow\" data-success_message=\"\">Lire la suite<\/a>\t<span id=\"woocommerce_loop_add_to_cart_link_describedby_8483\" class=\"screen-reader-text\">\n\t\t\t<\/span>\n<\/li>\n<li class=\"product type-product post-9769 status-publish instock product_cat-cires-pate-a-polir-et-a-faire-luire product_cat-consommables has-post-thumbnail shipping-taxable product-type-simple\">\n\t<a href=\"https:\/\/pradas.net\/fr\/producto\/cire-blanche-flexible\/\" class=\"woocommerce-LoopProduct-link woocommerce-loop-product__link\"><img decoding=\"async\" width=\"350\" height=\"467\" src=\"https:\/\/pradas.net\/wp-content\/uploads\/2025\/04\/cera-blanca-encerar-hilo-350x467.png\" class=\"attachment-woocommerce_thumbnail size-woocommerce_thumbnail\" alt=\"CIRE BLANCHE FLEXIBLE\" srcset=\"https:\/\/pradas.net\/wp-content\/uploads\/2025\/04\/cera-blanca-encerar-hilo-350x467.png 350w, https:\/\/pradas.net\/wp-content\/uploads\/2025\/04\/cera-blanca-encerar-hilo-225x300.png 225w, https:\/\/pradas.net\/wp-content\/uploads\/2025\/04\/cera-blanca-encerar-hilo-768x1024.png 768w, https:\/\/pradas.net\/wp-content\/uploads\/2025\/04\/cera-blanca-encerar-hilo-800x1067.png 800w, https:\/\/pradas.net\/wp-content\/uploads\/2025\/04\/cera-blanca-encerar-hilo.png 810w\" sizes=\"(max-width: 350px) 100vw, 350px\" \/><h2 class=\"woocommerce-loop-product__title\">CIRE BLANCHE FLEXIBLE<\/h2>\n<\/a><a href=\"https:\/\/pradas.net\/fr\/producto\/cire-blanche-flexible\/\" aria-describedby=\"woocommerce_loop_add_to_cart_link_describedby_9769\" data-quantity=\"1\" class=\"button product_type_simple\" data-product_id=\"9769\" data-product_sku=\"04079-1\" aria-label=\"En savoir plus sur &ldquo;CIRE BLANCHE FLEXIBLE&rdquo;\" rel=\"nofollow\" data-success_message=\"\">Lire la suite<\/a>\t<span id=\"woocommerce_loop_add_to_cart_link_describedby_9769\" class=\"screen-reader-text\">\n\t\t\t<\/span>\n<\/li>\n<li class=\"product type-product post-7476 status-publish last instock product_cat-cires-pate-a-polir-et-a-faire-luire product_cat-consommables has-post-thumbnail shipping-taxable product-type-simple\">\n\t<a href=\"https:\/\/pradas.net\/fr\/producto\/poix-310300043-ambre-pain-de-055-kg\/\" class=\"woocommerce-LoopProduct-link woocommerce-loop-product__link\"><img loading=\"lazy\" decoding=\"async\" width=\"350\" height=\"467\" src=\"https:\/\/pradas.net\/wp-content\/uploads\/2025\/01\/b1191d6d-3144-4b41-8f41-45d2292d0dd5-350x467.jpg\" class=\"attachment-woocommerce_thumbnail size-woocommerce_thumbnail\" alt=\"POIX 310300043 AMBRE PAIN DE 0,55 KG\" \/><h2 class=\"woocommerce-loop-product__title\">POIX 310300043 AMBRE PAIN DE 0,55 KG<\/h2>\n<\/a><a href=\"https:\/\/pradas.net\/fr\/producto\/poix-310300043-ambre-pain-de-055-kg\/\" aria-describedby=\"woocommerce_loop_add_to_cart_link_describedby_7476\" data-quantity=\"1\" class=\"button product_type_simple\" data-product_id=\"7476\" data-product_sku=\"04079\" aria-label=\"En savoir plus sur &ldquo;POIX 310300043 AMBRE PAIN DE 0,55 KG&rdquo;\" rel=\"nofollow\" data-success_message=\"\">Lire la suite<\/a>\t<span id=\"woocommerce_loop_add_to_cart_link_describedby_7476\" class=\"screen-reader-text\">\n\t\t\t<\/span>\n<\/li>\n<\/ul>\n<\/div>\t\t\t\t<\/div>\n\t\t\t\t<\/div>\n\t\t\t\t\t<\/div>\n\t\t<\/div>\n\t\t\t\t\t<\/div>\n\t\t<\/section>\n\t\t\t\t<\/div>\n\t\t","protected":false},"excerpt":{"rendered":"<p>Nous disposons de cires employ\u00e9es pour le cirage de fils dans les piqueuses et les machines \u00e0 poser la tr\u00e9pointe, ainsi que de la p\u00e2te en stick, \u00e0 appliquer sur brosse pour un polissage et un \u00e9clat parfait de la semelle et du cuir.<\/p>\n","protected":false},"author":1,"featured_media":0,"parent":8939,"menu_order":0,"comment_status":"closed","ping_status":"closed","template":"elementor_header_footer","meta":{"footnotes":""},"class_list":["post-8971","page","type-page","status-publish","hentry"],"yoast_head":"<!-- This site is optimized with the Yoast SEO plugin v27.3 - https:\/\/yoast.com\/product\/yoast-seo-wordpress\/ -->\n<title>Cires, P\u00e2te \u00e0 Polir et \u00e0 Faire Luire | Pradas<\/title>\n<meta name=\"robots\" content=\"index, follow, max-snippet:-1, max-image-preview:large, max-video-preview:-1\" \/>\n<link rel=\"canonical\" href=\"https:\/\/pradas.net\/fr\/consommables\/cires-pate-a-polir-et-a-faire-luire\/\" \/>\n<meta property=\"og:locale\" content=\"fr_FR\" \/>\n<meta property=\"og:type\" content=\"article\" \/>\n<meta property=\"og:title\" content=\"Cires, P\u00e2te \u00e0 Polir et \u00e0 Faire Luire | Pradas\" \/>\n<meta property=\"og:description\" content=\"Nous disposons de cires employ\u00e9es pour le cirage de fils dans les piqueuses et les machines \u00e0 poser la tr\u00e9pointe, ainsi que de la p\u00e2te en stick, \u00e0 appliquer sur brosse pour un polissage et un \u00e9clat parfait de la semelle et du cuir.\" \/>\n<meta property=\"og:url\" content=\"https:\/\/pradas.net\/fr\/consommables\/cires-pate-a-polir-et-a-faire-luire\/\" \/>\n<meta property=\"og:site_name\" content=\"Pradas\" \/>\n<meta property=\"article:modified_time\" content=\"2025-06-03T10:10:27+00:00\" \/>\n<meta property=\"og:image\" content=\"https:\/\/pradas.net\/wp-content\/uploads\/2025\/01\/Pradas_Portada.png\" \/>\n\t<meta property=\"og:image:width\" content=\"1024\" \/>\n\t<meta property=\"og:image:height\" content=\"694\" \/>\n\t<meta property=\"og:image:type\" content=\"image\/png\" \/>\n<meta name=\"twitter:card\" content=\"summary_large_image\" \/>\n<script type=\"application\/ld+json\" class=\"yoast-schema-graph\">{\"@context\":\"https:\\\/\\\/schema.org\",\"@graph\":[{\"@type\":\"WebPage\",\"@id\":\"https:\\\/\\\/pradas.net\\\/fr\\\/consommables\\\/cires-pate-a-polir-et-a-faire-luire\\\/\",\"url\":\"https:\\\/\\\/pradas.net\\\/fr\\\/consommables\\\/cires-pate-a-polir-et-a-faire-luire\\\/\",\"name\":\"Cires, P\u00e2te \u00e0 Polir et \u00e0 Faire Luire | Pradas\",\"isPartOf\":{\"@id\":\"https:\\\/\\\/pradas.net\\\/fr\\\/#website\"},\"datePublished\":\"2025-02-21T17:21:52+00:00\",\"dateModified\":\"2025-06-03T10:10:27+00:00\",\"breadcrumb\":{\"@id\":\"https:\\\/\\\/pradas.net\\\/fr\\\/consommables\\\/cires-pate-a-polir-et-a-faire-luire\\\/#breadcrumb\"},\"inLanguage\":\"fr-FR\",\"potentialAction\":[{\"@type\":\"ReadAction\",\"target\":[\"https:\\\/\\\/pradas.net\\\/fr\\\/consommables\\\/cires-pate-a-polir-et-a-faire-luire\\\/\"]}]},{\"@type\":\"BreadcrumbList\",\"@id\":\"https:\\\/\\\/pradas.net\\\/fr\\\/consommables\\\/cires-pate-a-polir-et-a-faire-luire\\\/#breadcrumb\",\"itemListElement\":[{\"@type\":\"ListItem\",\"position\":1,\"name\":\"Portada\",\"item\":\"https:\\\/\\\/pradas.net\\\/fr\\\/accueil\\\/\"},{\"@type\":\"ListItem\",\"position\":2,\"name\":\"Consommables\",\"item\":\"https:\\\/\\\/pradas.net\\\/fr\\\/consommables\\\/\"},{\"@type\":\"ListItem\",\"position\":3,\"name\":\"Cires, P\u00e2te \u00e0 Polir et \u00e0 Faire Luire\"}]},{\"@type\":\"WebSite\",\"@id\":\"https:\\\/\\\/pradas.net\\\/fr\\\/#website\",\"url\":\"https:\\\/\\\/pradas.net\\\/fr\\\/\",\"name\":\"Pradas\",\"description\":\"\",\"potentialAction\":[{\"@type\":\"SearchAction\",\"target\":{\"@type\":\"EntryPoint\",\"urlTemplate\":\"https:\\\/\\\/pradas.net\\\/fr\\\/?s={search_term_string}\"},\"query-input\":{\"@type\":\"PropertyValueSpecification\",\"valueRequired\":true,\"valueName\":\"search_term_string\"}}],\"inLanguage\":\"fr-FR\"}]}<\/script>\n<!-- \/ Yoast SEO plugin. -->","yoast_head_json":{"title":"Cires, P\u00e2te \u00e0 Polir et \u00e0 Faire Luire | Pradas","robots":{"index":"index","follow":"follow","max-snippet":"max-snippet:-1","max-image-preview":"max-image-preview:large","max-video-preview":"max-video-preview:-1"},"canonical":"https:\/\/pradas.net\/fr\/consommables\/cires-pate-a-polir-et-a-faire-luire\/","og_locale":"fr_FR","og_type":"article","og_title":"Cires, P\u00e2te \u00e0 Polir et \u00e0 Faire Luire | Pradas","og_description":"Nous disposons de cires employ\u00e9es pour le cirage de fils dans les piqueuses et les machines \u00e0 poser la tr\u00e9pointe, ainsi que de la p\u00e2te en stick, \u00e0 appliquer sur brosse pour un polissage et un \u00e9clat parfait de la semelle et du cuir.","og_url":"https:\/\/pradas.net\/fr\/consommables\/cires-pate-a-polir-et-a-faire-luire\/","og_site_name":"Pradas","article_modified_time":"2025-06-03T10:10:27+00:00","og_image":[{"width":1024,"height":694,"url":"https:\/\/pradas.net\/wp-content\/uploads\/2025\/01\/Pradas_Portada.png","type":"image\/png"}],"twitter_card":"summary_large_image","schema":{"@context":"https:\/\/schema.org","@graph":[{"@type":"WebPage","@id":"https:\/\/pradas.net\/fr\/consommables\/cires-pate-a-polir-et-a-faire-luire\/","url":"https:\/\/pradas.net\/fr\/consommables\/cires-pate-a-polir-et-a-faire-luire\/","name":"Cires, P\u00e2te \u00e0 Polir et \u00e0 Faire Luire | Pradas","isPartOf":{"@id":"https:\/\/pradas.net\/fr\/#website"},"datePublished":"2025-02-21T17:21:52+00:00","dateModified":"2025-06-03T10:10:27+00:00","breadcrumb":{"@id":"https:\/\/pradas.net\/fr\/consommables\/cires-pate-a-polir-et-a-faire-luire\/#breadcrumb"},"inLanguage":"fr-FR","potentialAction":[{"@type":"ReadAction","target":["https:\/\/pradas.net\/fr\/consommables\/cires-pate-a-polir-et-a-faire-luire\/"]}]},{"@type":"BreadcrumbList","@id":"https:\/\/pradas.net\/fr\/consommables\/cires-pate-a-polir-et-a-faire-luire\/#breadcrumb","itemListElement":[{"@type":"ListItem","position":1,"name":"Portada","item":"https:\/\/pradas.net\/fr\/accueil\/"},{"@type":"ListItem","position":2,"name":"Consommables","item":"https:\/\/pradas.net\/fr\/consommables\/"},{"@type":"ListItem","position":3,"name":"Cires, P\u00e2te \u00e0 Polir et \u00e0 Faire Luire"}]},{"@type":"WebSite","@id":"https:\/\/pradas.net\/fr\/#website","url":"https:\/\/pradas.net\/fr\/","name":"Pradas","description":"","potentialAction":[{"@type":"SearchAction","target":{"@type":"EntryPoint","urlTemplate":"https:\/\/pradas.net\/fr\/?s={search_term_string}"},"query-input":{"@type":"PropertyValueSpecification","valueRequired":true,"valueName":"search_term_string"}}],"inLanguage":"fr-FR"}]}},"_links":{"self":[{"href":"https:\/\/pradas.net\/fr\/wp-json\/wp\/v2\/pages\/8971","targetHints":{"allow":["GET"]}}],"collection":[{"href":"https:\/\/pradas.net\/fr\/wp-json\/wp\/v2\/pages"}],"about":[{"href":"https:\/\/pradas.net\/fr\/wp-json\/wp\/v2\/types\/page"}],"author":[{"embeddable":true,"href":"https:\/\/pradas.net\/fr\/wp-json\/wp\/v2\/users\/1"}],"replies":[{"embeddable":true,"href":"https:\/\/pradas.net\/fr\/wp-json\/wp\/v2\/comments?post=8971"}],"version-history":[{"count":0,"href":"https:\/\/pradas.net\/fr\/wp-json\/wp\/v2\/pages\/8971\/revisions"}],"up":[{"embeddable":true,"href":"https:\/\/pradas.net\/fr\/wp-json\/wp\/v2\/pages\/8939"}],"wp:attachment":[{"href":"https:\/\/pradas.net\/fr\/wp-json\/wp\/v2\/media?parent=8971"}],"curies":[{"name":"wp","href":"https:\/\/api.w.org\/{rel}","templated":true}]}}