{"id":9850,"date":"2025-02-24T00:28:34","date_gmt":"2025-02-23T23:28:34","guid":{"rendered":"https:\/\/pradas.net\/politique-de-confidentialite\/"},"modified":"2026-01-21T23:21:59","modified_gmt":"2026-01-21T22:21:59","slug":"politique-de-confidentialite","status":"publish","type":"page","link":"https:\/\/pradas.net\/fr\/politique-de-confidentialite\/","title":{"rendered":"Politique de confidentialit\u00e9"},"content":{"rendered":"\t\t<div data-elementor-type=\"wp-page\" data-elementor-id=\"9850\" class=\"elementor elementor-9850 elementor-3567\" data-elementor-post-type=\"page\">\n\t\t\t\t<div class=\"elementor-element elementor-element-66a1c04 e-flex e-con-boxed e-con e-parent\" data-id=\"66a1c04\" data-element_type=\"container\" data-e-type=\"container\">\n\t\t\t\t\t<div class=\"e-con-inner\">\n\t\t\t\t<div class=\"elementor-element elementor-element-03c90d7 elementor-widget elementor-widget-heading\" data-id=\"03c90d7\" data-element_type=\"widget\" data-e-type=\"widget\" data-widget_type=\"heading.default\">\n\t\t\t\t<div class=\"elementor-widget-container\">\n\t\t\t\t\t<h1 class=\"elementor-heading-title elementor-size-default\">Politique de confidentialit\u00e9 et de protection des donn\u00e9es<\/h1>\t\t\t\t<\/div>\n\t\t\t\t<\/div>\n\t\t\t\t<div class=\"elementor-element elementor-element-246c488 elementor-widget elementor-widget-text-editor\" data-id=\"246c488\" data-element_type=\"widget\" data-e-type=\"widget\" data-widget_type=\"text-editor.default\">\n\t\t\t\t<div class=\"elementor-widget-container\">\n\t\t\t\t\t\t\t\t\t<p><strong><em>PRADAS SUCESORES SL ,  <\/em><\/strong>assume la plus grande responsabilit\u00e9 et s&rsquo;engage \u00e0 \u00e9tablir, mettre en \u0153uvre et maintenir la pr\u00e9sente politique de protection des donn\u00e9es, en assurant l&rsquo;am\u00e9lioration continue du traitement dans le but d&rsquo;atteindre l&rsquo;excellence en ce qui concerne la conformit\u00e9 avec le r\u00e8glement (UE) 2016\/679 du Parlement europ\u00e9en et du Conseil du 27 avril 2016, relatif \u00e0 la protection des personnes physiques \u00e0 l&rsquo;\u00e9gard du traitement des donn\u00e9es \u00e0 caract\u00e8re personnel et \u00e0 la libre circulation de ces donn\u00e9es, et abrogeant la directive 95\/46\/CE (r\u00e8glement g\u00e9n\u00e9ral sur la protection des donn\u00e9es) (JOUE L 119\/1, 04-05-2016), et la r\u00e9glementation espagnole en mati\u00e8re de protection des donn\u00e9es \u00e0 caract\u00e8re personnel (loi organique, l\u00e9gislation sectorielle sp\u00e9cifique et ses r\u00e8gles d&rsquo;application).<\/p><p>La politique de protection des donn\u00e9es de <strong><em>PRADAS SUCESORES SL <\/em><\/strong>est fond\u00e9e sur le principe de la responsabilit\u00e9 proactive, selon lequel le responsable du traitement est responsable du respect du cadre r\u00e9glementaire et jurisprudentiel qui r\u00e9git cette politique, et est en mesure de le d\u00e9montrer aux autorit\u00e9s de contr\u00f4le comp\u00e9tentes.<\/p><p>\u00c0 cet \u00e9gard, le responsable du traitement est r\u00e9gi par les principes suivants, qui devraient servir de guide et de cadre de r\u00e9f\u00e9rence \u00e0 l&rsquo;ensemble de l&rsquo;organisation pour le traitement des donn\u00e9es \u00e0 caract\u00e8re personnel :<\/p><ol><li>Protection des donn\u00e9es d\u00e8s la conception : le responsable du traitement met en \u0153uvre, tant au moment de la d\u00e9termination des moyens de traitement qu&rsquo;au moment du traitement lui-m\u00eame, des mesures techniques et organisationnelles appropri\u00e9es, telles que la pseudonymisation, destin\u00e9es \u00e0 mettre en \u0153uvre efficacement les principes de protection des donn\u00e9es, tels que la minimisation des donn\u00e9es, et \u00e0 int\u00e9grer les garanties n\u00e9cessaires dans le traitement.<\/li><li>Protection des donn\u00e9es par d\u00e9faut : le responsable du traitement met en \u0153uvre les mesures techniques et organisationnelles appropri\u00e9es afin de garantir que, par d\u00e9faut, seules les donn\u00e9es \u00e0 caract\u00e8re personnel qui sont n\u00e9cessaires au regard de chacune des finalit\u00e9s sp\u00e9cifiques du traitement sont trait\u00e9es.<\/li><li>Protection des donn\u00e9es dans le cycle de vie de l&rsquo;information : les mesures garantissant la protection des donn\u00e9es \u00e0 caract\u00e8re personnel s&rsquo;appliquent tout au long du cycle de vie de l&rsquo;information.<\/li><li>Lic\u00e9it\u00e9, loyaut\u00e9 et transparence : les donn\u00e9es \u00e0 caract\u00e8re personnel sont trait\u00e9es de mani\u00e8re licite, loyale et transparente par rapport \u00e0 la personne concern\u00e9e.<\/li><li>Limitation des finalit\u00e9s : les donn\u00e9es \u00e0 caract\u00e8re personnel sont collect\u00e9es pour des finalit\u00e9s d\u00e9termin\u00e9es, explicites et l\u00e9gitimes et ne sont pas trait\u00e9es ult\u00e9rieurement de mani\u00e8re incompatible avec les finalit\u00e9s pour lesquelles elles ont \u00e9t\u00e9 collect\u00e9es.  <\/li><li>Proportionnalit\u00e9 : les donn\u00e9es \u00e0 caract\u00e8re personnel sont ad\u00e9quates, pertinentes et limit\u00e9es \u00e0 ce qui est n\u00e9cessaire au regard des finalit\u00e9s pour lesquelles elles sont trait\u00e9es.  <\/li><li>Exactitude : les donn\u00e9es \u00e0 caract\u00e8re personnel sont exactes et mises \u00e0 jour ; toutes les mesures raisonnables sont prises pour que les donn\u00e9es \u00e0 caract\u00e8re personnel qui sont inexactes au regard des finalit\u00e9s pour lesquelles elles sont trait\u00e9es soient effac\u00e9es ou rectifi\u00e9es sans d\u00e9lai.  <\/li><li>Limitation de la dur\u00e9e de conservation : les donn\u00e9es \u00e0 caract\u00e8re personnel sont conserv\u00e9es sous une forme permettant l&rsquo;identification des personnes concern\u00e9es pendant une dur\u00e9e n&rsquo;exc\u00e9dant pas celle n\u00e9cessaire \u00e0 la r\u00e9alisation des finalit\u00e9s du traitement concern\u00e9.  <\/li><li>Int\u00e9grit\u00e9 et confidentialit\u00e9 : les donn\u00e9es \u00e0 caract\u00e8re personnel sont trait\u00e9es de mani\u00e8re \u00e0 garantir leur s\u00e9curit\u00e9, y compris la protection contre le traitement non autoris\u00e9 ou illicite et contre la perte, la destruction ou l&rsquo;endommagement accidentel, par la mise en \u0153uvre de mesures techniques ou organisationnelles appropri\u00e9es.<\/li><li>Information et formation : l&rsquo;une des cl\u00e9s pour assurer la protection des donn\u00e9es \u00e0 caract\u00e8re personnel est la formation et l&rsquo;information du personnel impliqu\u00e9 dans le traitement des donn\u00e9es \u00e0 caract\u00e8re personnel. Tout au long du cycle de vie des donn\u00e9es \u00e0 caract\u00e8re personnel, l&rsquo;ensemble du personnel ayant acc\u00e8s \u00e0 ces donn\u00e9es doit \u00eatre correctement form\u00e9 et inform\u00e9 de ses obligations en mati\u00e8re de respect des r\u00e8gles de protection des donn\u00e9es. <\/li><\/ol><p>De <strong>m\u00eame et conform\u00e9ment aux dispositions de la LOPDGDD 3\/2018<\/strong> du 5 d\u00e9cembre, Loi organique sur la protection des donn\u00e9es et la garantie des droits num\u00e9riques, dans son titre X (art. 79 \u00e0 97), <strong><em>PRADAS SUCESORES SL<\/em><\/strong>inclut et publie dans sa politique ces droits et s&rsquo;engage \u00e0 respecter ceux qui sont l\u00e9galement applicables.<\/p><ul><li>Les droits \u00e0 l&rsquo;\u00e8re num\u00e9rique<\/li><li>Le droit \u00e0 la neutralit\u00e9 du r\u00e9seau<\/li><li>Droit universel d&rsquo;acc\u00e8s \u00e0 l&rsquo;internet<\/li><li>Le droit \u00e0 la s\u00e9curit\u00e9 num\u00e9rique<\/li><li>Droit \u00e0 l&rsquo;\u00e9ducation num\u00e9rique<\/li><li>Prot\u00e9ger les mineurs sur Internet<\/li><li>Droit de rectification sur Internet<\/li><li>Droit \u00e0 la mise \u00e0 jour des informations dans les m\u00e9dias num\u00e9riques<\/li><li>Droit \u00e0 la vie priv\u00e9e et utilisation des appareils num\u00e9riques sur le lieu de travail<\/li><li>Le droit \u00e0 la d\u00e9connexion num\u00e9rique sur le lieu de travail<\/li><li>Droit au respect de la vie priv\u00e9e en cas d&rsquo;utilisation de dispositifs de vid\u00e9osurveillance et d&rsquo;enregistrement sonore sur le lieu de travail<\/li><li>Le droit \u00e0 la vie priv\u00e9e dans l&rsquo;utilisation de syst\u00e8mes de g\u00e9olocalisation dans le domaine du travail<\/li><li>Les droits num\u00e9riques dans les n\u00e9gociations collectives<\/li><li>Protection des donn\u00e9es des mineurs sur Internet<\/li><li>Droit \u00e0 l&rsquo;oubli dans les recherches sur Internet<\/li><li>Droit \u00e0 l&rsquo;oubli dans les services de r\u00e9seaux sociaux et services \u00e9quivalents<\/li><li>Droit \u00e0 la portabilit\u00e9 des services de r\u00e9seautage social et des services \u00e9quivalents<\/li><li>Le droit \u00e0 un testament num\u00e9rique<\/li><li>Politiques de promotion des droits num\u00e9riques<\/li><\/ul><p>Politique de protection des donn\u00e9es <strong><em>PRADAS SUCCESSORS SL <\/em><\/strong>est communiqu\u00e9e \u00e0 l&rsquo;ensemble du personnel du responsable du traitement et mise \u00e0 la disposition de toutes les parties int\u00e9ress\u00e9es.<\/p><p>Par cons\u00e9quent, la pr\u00e9sente politique de protection des donn\u00e9es concerne l&rsquo;ensemble du personnel du responsable du traitement, qui doit la conna\u00eetre et l&rsquo;accepter, en la consid\u00e9rant comme sienne, chaque membre \u00e9tant responsable de son application et de la v\u00e9rification des r\u00e8gles de protection des donn\u00e9es applicables \u00e0 son activit\u00e9, ainsi que de l&rsquo;identification et de la fourniture des possibilit\u00e9s d&rsquo;am\u00e9lioration qu&rsquo;il juge appropri\u00e9es dans le but d&rsquo;atteindre l&rsquo;excellence en ce qui concerne le respect des r\u00e8gles.<\/p><p>La politique de confidentialit\u00e9 de l&rsquo;entreprise doit \u00eatre connue et respect\u00e9e par les sous-traitants externes qui acc\u00e8dent aux donn\u00e9es personnelles du contr\u00f4leur.<\/p><p>Cette politique sera r\u00e9examin\u00e9e par <strong><em>PRADAS SUCESORES SL<\/em><\/strong>autant de fois qu&rsquo;elle le jugera n\u00e9cessaire, afin de s&rsquo;adapter, \u00e0 tout moment, aux dispositions en vigueur en mati\u00e8re de protection des donn\u00e9es \u00e0 caract\u00e8re personnel.<\/p><p><strong>PROTECTION DE LA VIE PRIV\u00c9E SUR LE WEB ET RESPONSABILIT\u00c9<\/strong><\/p><p><strong><em>PRADAS SUCESORES SL<\/em><\/strong> est le propri\u00e9taire du site web et est responsable du traitement des donn\u00e9es personnelles fournies par les utilisateurs par l&rsquo;interm\u00e9diaire de ce site.<\/p><p><strong><em>PRADAS SUCESORES SL<\/em><\/strong> informe les utilisateurs de ce site web de sa politique en mati\u00e8re de traitement et de protection des donn\u00e9es personnelles, au sein de son organisation et, en particulier, des utilisateurs et des clients qui peuvent \u00eatre obtenus en naviguant et en utilisant ce site web.<\/p><p>L&rsquo;objectif de ce document est d&rsquo;informer les parties int\u00e9ress\u00e9es ou concern\u00e9es de ce que nous faisons de leurs donn\u00e9es personnelles, de la mani\u00e8re dont elles sont collect\u00e9es, de l&rsquo;usage qui en est fait, des droits dont elles disposent et de toutes les informations n\u00e9cessaires pr\u00e9vues par la l\u00e9gislation en vigueur.<\/p><p>En utilisant ce site web, nous comprenons que vous avez lu et compris les informations relatives au traitement de vos donn\u00e9es personnelles.<\/p><p>Notre principal objectif est de traiter les donn\u00e9es \u00e0 caract\u00e8re personnel de mani\u00e8re licite, loyale et transparente.<\/p><p><strong>Donn\u00e9es collect\u00e9es, finalit\u00e9 et lic\u00e9it\u00e9<\/strong><\/p><p>Les donn\u00e9es personnelles que nous traitons sont celles fournies par les int\u00e9ress\u00e9s et\/ou les utilisateurs par diff\u00e9rents moyens, en l&rsquo;occurrence les formulaires de contact disponibles sur le site web, o\u00f9 les donn\u00e9es minimales requises sont demand\u00e9es afin de vous envoyer des informations sur nos produits ou services, de passer des commandes, ainsi que de pr\u00e9parer les factures correspondantes, de rendre compte de l&rsquo;\u00e9tat des commandes, de traiter les r\u00e9clamations et toute autre gestion d\u00e9riv\u00e9e de la fourniture du service effectu\u00e9 par le biais de notre gestion.<\/p><p>Ces finalit\u00e9s sont fond\u00e9es sur les principes juridiques du traitement des donn\u00e9es collect\u00e9es par la r\u00e9glementation en vigueur ; pour l&rsquo;ex\u00e9cution d&rsquo;un contrat ou pour la fourniture d&rsquo;un service aux utilisateurs, pour le respect d&rsquo;obligations l\u00e9gales, pour l&rsquo;int\u00e9r\u00eat l\u00e9gitime et avec le consentement des utilisateurs.<\/p><p><strong>Donn\u00e9es collect\u00e9es pour la demande d&rsquo;information par le biais du formulaire web.<\/strong><\/p><p>Les donn\u00e9es personnelles collect\u00e9es par le biais du formulaire web de demande d&rsquo;informations sont destin\u00e9es \u00e0 l&rsquo;envoi d&rsquo;informations commerciales sur nos produits et services.<\/p><p>Le traitement des donn\u00e9es dans ce cas pr\u00e9cis est l\u00e9gitim\u00e9 par le consentement expr\u00e8s que vous nous donnez en acceptant d&rsquo;envoyer les informations fournies par le biais du formulaire.<\/p><p><strong>Op\u00e9rations effectu\u00e9es avec des donn\u00e9es \u00e0 caract\u00e8re personnel<\/strong><\/p><p>Les donn\u00e9es personnelles sont enregistr\u00e9es via le site web et stock\u00e9es sur des supports \u00e9lectroniques contr\u00f4l\u00e9s et supervis\u00e9s par le responsable du traitement. Ces supports sont dot\u00e9s des mesures techniques et organisationnelles n\u00e9cessaires pour garantir la confidentialit\u00e9 du traitement des donn\u00e9es. <\/p><p>Le personnel impliqu\u00e9 dans les op\u00e9rations de traitement des donn\u00e9es : acc\u00e8s, \u00e9dition, suppression, etc&#8230; est form\u00e9 et s&rsquo;engage \u00e0 respecter notre politique de protection des donn\u00e9es.<\/p><p><strong>Conservation des donn\u00e9es<\/strong><\/p><p>Les donn\u00e9es \u00e0 caract\u00e8re personnel seront conserv\u00e9es aussi longtemps que n\u00e9cessaire pour atteindre l&rsquo;objectif ou les objectifs pour lesquels elles ont \u00e9t\u00e9 collect\u00e9es.<\/p><p>Nous conserverons donc vos informations personnelles tant qu&rsquo;il existera une relation contractuelle et\/ou commerciale avec vous ou tant que vous n&rsquo;exercerez pas votre droit de suppression, d&rsquo;annulation et\/ou de limitation du traitement de vos donn\u00e9es. Dans ces cas, nous conserverons les informations d\u00fbment bloqu\u00e9es, sans les utiliser, tant qu&rsquo;elles seront n\u00e9cessaires \u00e0 l&rsquo;exercice ou \u00e0 la d\u00e9fense de droits ou que leur traitement entra\u00eenera une quelconque responsabilit\u00e9 l\u00e9gale ou contractuelle, \u00e0 laquelle il faudra r\u00e9pondre et pour laquelle leur r\u00e9cup\u00e9ration est n\u00e9cessaire. <\/p><p><strong>Protection des mineurs<\/strong><\/p><p>Ce site web n&rsquo;est pas destin\u00e9 aux utilisateurs mineurs. Si vous \u00eates mineur, n&rsquo;essayez pas d&rsquo;interagir en tant qu&rsquo;utilisateur. Si nous d\u00e9couvrons que nous avons obtenu par erreur des informations personnelles d&rsquo;un mineur, nous supprimerons ces informations d\u00e8s que possible.  <\/p><p><strong>Destinataires de vos donn\u00e9es personnelles<\/strong><\/p><p>Nous informons les utilisateurs que leurs donn\u00e9es personnelles ne seront pas communiqu\u00e9es \u00e0 des tiers, \u00e0 l&rsquo;exception des cas o\u00f9 une telle communication de donn\u00e9es est couverte par une obligation l\u00e9gale ou lorsque, pour la fourniture correcte du service ou l&rsquo;ex\u00e9cution du contrat, il est n\u00e9cessaire de communiquer leurs donn\u00e9es \u00e0 d&rsquo;autres responsables du traitement des donn\u00e9es, tels que d&rsquo;autres soci\u00e9t\u00e9s li\u00e9es qui agissent en tant que sous-traitants des donn\u00e9es.<\/p><p>Dans les cas o\u00f9 la communication de donn\u00e9es \u00e0 des tiers n&rsquo;est pas couverte par les bases juridiques \u00e9tablies dans la section pr\u00e9c\u00e9dente, la communication de donn\u00e9es \u00e0 d&rsquo;autres destinataires n&rsquo;aura lieu que si l&rsquo;utilisateur a donn\u00e9 son consentement expr\u00e8s.<\/p><p><strong><em>PRADAS SUCESORES SL<\/em><\/strong> maintient des crit\u00e8res stricts pour la s\u00e9lection des responsables du traitement des donn\u00e9es et s&rsquo;engage contractuellement avec chacun d&rsquo;entre eux \u00e0 respecter et \u00e0 faire respecter les obligations \u00e9tablies dans le domaine de la protection des donn\u00e9es.<\/p><p>Vous pouvez obtenir de plus amples informations sur le traitement des donn\u00e9es \u00e0 caract\u00e8re personnel aupr\u00e8s de notre organisation par courrier \u00e9lectronique : contabilidad@pradas.net.<\/p><p><strong>Exercice des droits<\/strong><\/p><p>Conform\u00e9ment aux droits conf\u00e9r\u00e9s par la l\u00e9gislation en vigueur en mati\u00e8re de protection des donn\u00e9es \u00e0 caract\u00e8re personnel, les utilisateurs peuvent exercer leurs droits d&rsquo;acc\u00e8s, de rectification, de limitation, de suppression, de portabilit\u00e9 et d&rsquo;opposition au traitement de leurs donn\u00e9es \u00e0 caract\u00e8re personnel ou retirer le consentement donn\u00e9 en temps utile, en envoyant leur demande \u00e0 l&rsquo;adresse postale indiqu\u00e9e ou \u00e0 l&rsquo;adresse \u00e9lectronique <strong>contabilidad@pradas.net<\/strong>.<\/p><p>Pour exercer vos droits, vous devez vous identifier en pr\u00e9sentant votre carte d&rsquo;identit\u00e9.<\/p><p>Pour de plus amples informations ou pour d\u00e9poser une plainte, veuillez contacter la m\u00eame adresse \u00e9lectronique que celle indiqu\u00e9e ci-dessus. Vous pouvez \u00e9galement contacter l&rsquo;Agence espagnole de protection des donn\u00e9es (organe de contr\u00f4le) \u00e0 l&rsquo;adresse suivante : www.agpd.es. <\/p>\t\t\t\t\t\t\t\t<\/div>\n\t\t\t\t<\/div>\n\t\t\t\t\t<\/div>\n\t\t\t\t<\/div>\n\t\t\t\t<\/div>\n\t\t","protected":false},"excerpt":{"rendered":"<p>Politique de confidentialit\u00e9 et de protection des donn\u00e9es PRADAS SUCESORES SL , assume la plus grande responsabilit\u00e9 et s&rsquo;engage \u00e0 \u00e9tablir, mettre en \u0153uvre et maintenir la pr\u00e9sente politique de protection des donn\u00e9es, en assurant l&rsquo;am\u00e9lioration continue du traitement dans le but d&rsquo;atteindre l&rsquo;excellence en ce qui concerne la conformit\u00e9 avec le r\u00e8glement (UE) 2016\/679 [&hellip;]<\/p>\n","protected":false},"author":1,"featured_media":0,"parent":0,"menu_order":0,"comment_status":"closed","ping_status":"closed","template":"","meta":{"footnotes":""},"class_list":["post-9850","page","type-page","status-publish","hentry"],"yoast_head":"<!-- This site is optimized with the Yoast SEO plugin v27.3 - https:\/\/yoast.com\/product\/yoast-seo-wordpress\/ -->\n<title>Politique de confidentialit\u00e9 | Pradas<\/title>\n<meta name=\"robots\" content=\"index, follow, max-snippet:-1, max-image-preview:large, max-video-preview:-1\" \/>\n<link rel=\"canonical\" href=\"https:\/\/pradas.net\/fr\/politique-de-confidentialite\/\" \/>\n<meta property=\"og:locale\" content=\"fr_FR\" \/>\n<meta property=\"og:type\" content=\"article\" \/>\n<meta property=\"og:title\" content=\"Politique de confidentialit\u00e9 | Pradas\" \/>\n<meta property=\"og:description\" content=\"Politique de confidentialit\u00e9 et de protection des donn\u00e9es PRADAS SUCESORES SL , assume la plus grande responsabilit\u00e9 et s&rsquo;engage \u00e0 \u00e9tablir, mettre en \u0153uvre et maintenir la pr\u00e9sente politique de protection des donn\u00e9es, en assurant l&rsquo;am\u00e9lioration continue du traitement dans le but d&rsquo;atteindre l&rsquo;excellence en ce qui concerne la conformit\u00e9 avec le r\u00e8glement (UE) 2016\/679 [&hellip;]\" \/>\n<meta property=\"og:url\" content=\"https:\/\/pradas.net\/fr\/politique-de-confidentialite\/\" \/>\n<meta property=\"og:site_name\" content=\"Pradas\" \/>\n<meta property=\"article:modified_time\" content=\"2026-01-21T22:21:59+00:00\" \/>\n<meta property=\"og:image\" content=\"https:\/\/pradas.net\/wp-content\/uploads\/2025\/01\/Pradas_Portada.png\" \/>\n\t<meta property=\"og:image:width\" content=\"1024\" \/>\n\t<meta property=\"og:image:height\" content=\"694\" \/>\n\t<meta property=\"og:image:type\" content=\"image\/png\" \/>\n<meta name=\"twitter:card\" content=\"summary_large_image\" \/>\n<meta name=\"twitter:label1\" content=\"Dur\u00e9e de lecture estim\u00e9e\" \/>\n\t<meta name=\"twitter:data1\" content=\"11 minutes\" \/>\n<script type=\"application\/ld+json\" class=\"yoast-schema-graph\">{\"@context\":\"https:\\\/\\\/schema.org\",\"@graph\":[{\"@type\":\"WebPage\",\"@id\":\"https:\\\/\\\/pradas.net\\\/fr\\\/politique-de-confidentialite\\\/\",\"url\":\"https:\\\/\\\/pradas.net\\\/fr\\\/politique-de-confidentialite\\\/\",\"name\":\"Politique de confidentialit\u00e9 | Pradas\",\"isPartOf\":{\"@id\":\"https:\\\/\\\/pradas.net\\\/fr\\\/#website\"},\"datePublished\":\"2025-02-23T23:28:34+00:00\",\"dateModified\":\"2026-01-21T22:21:59+00:00\",\"breadcrumb\":{\"@id\":\"https:\\\/\\\/pradas.net\\\/fr\\\/politique-de-confidentialite\\\/#breadcrumb\"},\"inLanguage\":\"fr-FR\",\"potentialAction\":[{\"@type\":\"ReadAction\",\"target\":[\"https:\\\/\\\/pradas.net\\\/fr\\\/politique-de-confidentialite\\\/\"]}]},{\"@type\":\"BreadcrumbList\",\"@id\":\"https:\\\/\\\/pradas.net\\\/fr\\\/politique-de-confidentialite\\\/#breadcrumb\",\"itemListElement\":[{\"@type\":\"ListItem\",\"position\":1,\"name\":\"Portada\",\"item\":\"https:\\\/\\\/pradas.net\\\/fr\\\/accueil\\\/\"},{\"@type\":\"ListItem\",\"position\":2,\"name\":\"Politique de confidentialit\u00e9\"}]},{\"@type\":\"WebSite\",\"@id\":\"https:\\\/\\\/pradas.net\\\/fr\\\/#website\",\"url\":\"https:\\\/\\\/pradas.net\\\/fr\\\/\",\"name\":\"Pradas\",\"description\":\"\",\"potentialAction\":[{\"@type\":\"SearchAction\",\"target\":{\"@type\":\"EntryPoint\",\"urlTemplate\":\"https:\\\/\\\/pradas.net\\\/fr\\\/?s={search_term_string}\"},\"query-input\":{\"@type\":\"PropertyValueSpecification\",\"valueRequired\":true,\"valueName\":\"search_term_string\"}}],\"inLanguage\":\"fr-FR\"}]}<\/script>\n<!-- \/ Yoast SEO plugin. -->","yoast_head_json":{"title":"Politique de confidentialit\u00e9 | Pradas","robots":{"index":"index","follow":"follow","max-snippet":"max-snippet:-1","max-image-preview":"max-image-preview:large","max-video-preview":"max-video-preview:-1"},"canonical":"https:\/\/pradas.net\/fr\/politique-de-confidentialite\/","og_locale":"fr_FR","og_type":"article","og_title":"Politique de confidentialit\u00e9 | Pradas","og_description":"Politique de confidentialit\u00e9 et de protection des donn\u00e9es PRADAS SUCESORES SL , assume la plus grande responsabilit\u00e9 et s&rsquo;engage \u00e0 \u00e9tablir, mettre en \u0153uvre et maintenir la pr\u00e9sente politique de protection des donn\u00e9es, en assurant l&rsquo;am\u00e9lioration continue du traitement dans le but d&rsquo;atteindre l&rsquo;excellence en ce qui concerne la conformit\u00e9 avec le r\u00e8glement (UE) 2016\/679 [&hellip;]","og_url":"https:\/\/pradas.net\/fr\/politique-de-confidentialite\/","og_site_name":"Pradas","article_modified_time":"2026-01-21T22:21:59+00:00","og_image":[{"width":1024,"height":694,"url":"https:\/\/pradas.net\/wp-content\/uploads\/2025\/01\/Pradas_Portada.png","type":"image\/png"}],"twitter_card":"summary_large_image","twitter_misc":{"Dur\u00e9e de lecture estim\u00e9e":"11 minutes"},"schema":{"@context":"https:\/\/schema.org","@graph":[{"@type":"WebPage","@id":"https:\/\/pradas.net\/fr\/politique-de-confidentialite\/","url":"https:\/\/pradas.net\/fr\/politique-de-confidentialite\/","name":"Politique de confidentialit\u00e9 | Pradas","isPartOf":{"@id":"https:\/\/pradas.net\/fr\/#website"},"datePublished":"2025-02-23T23:28:34+00:00","dateModified":"2026-01-21T22:21:59+00:00","breadcrumb":{"@id":"https:\/\/pradas.net\/fr\/politique-de-confidentialite\/#breadcrumb"},"inLanguage":"fr-FR","potentialAction":[{"@type":"ReadAction","target":["https:\/\/pradas.net\/fr\/politique-de-confidentialite\/"]}]},{"@type":"BreadcrumbList","@id":"https:\/\/pradas.net\/fr\/politique-de-confidentialite\/#breadcrumb","itemListElement":[{"@type":"ListItem","position":1,"name":"Portada","item":"https:\/\/pradas.net\/fr\/accueil\/"},{"@type":"ListItem","position":2,"name":"Politique de confidentialit\u00e9"}]},{"@type":"WebSite","@id":"https:\/\/pradas.net\/fr\/#website","url":"https:\/\/pradas.net\/fr\/","name":"Pradas","description":"","potentialAction":[{"@type":"SearchAction","target":{"@type":"EntryPoint","urlTemplate":"https:\/\/pradas.net\/fr\/?s={search_term_string}"},"query-input":{"@type":"PropertyValueSpecification","valueRequired":true,"valueName":"search_term_string"}}],"inLanguage":"fr-FR"}]}},"_links":{"self":[{"href":"https:\/\/pradas.net\/fr\/wp-json\/wp\/v2\/pages\/9850","targetHints":{"allow":["GET"]}}],"collection":[{"href":"https:\/\/pradas.net\/fr\/wp-json\/wp\/v2\/pages"}],"about":[{"href":"https:\/\/pradas.net\/fr\/wp-json\/wp\/v2\/types\/page"}],"author":[{"embeddable":true,"href":"https:\/\/pradas.net\/fr\/wp-json\/wp\/v2\/users\/1"}],"replies":[{"embeddable":true,"href":"https:\/\/pradas.net\/fr\/wp-json\/wp\/v2\/comments?post=9850"}],"version-history":[{"count":1,"href":"https:\/\/pradas.net\/fr\/wp-json\/wp\/v2\/pages\/9850\/revisions"}],"predecessor-version":[{"id":9851,"href":"https:\/\/pradas.net\/fr\/wp-json\/wp\/v2\/pages\/9850\/revisions\/9851"}],"wp:attachment":[{"href":"https:\/\/pradas.net\/fr\/wp-json\/wp\/v2\/media?parent=9850"}],"curies":[{"name":"wp","href":"https:\/\/api.w.org\/{rel}","templated":true}]}}