{"id":9852,"date":"2025-02-24T00:21:40","date_gmt":"2025-02-23T23:21:40","guid":{"rendered":"https:\/\/pradas.net\/avis-juridique\/"},"modified":"2026-01-21T23:22:16","modified_gmt":"2026-01-21T22:22:16","slug":"avis-juridique","status":"publish","type":"page","link":"https:\/\/pradas.net\/fr\/avis-juridique\/","title":{"rendered":"Avis juridique"},"content":{"rendered":"\t\t<div data-elementor-type=\"wp-page\" data-elementor-id=\"9852\" class=\"elementor elementor-9852 elementor-3559\" data-elementor-post-type=\"page\">\n\t\t\t\t<div class=\"elementor-element elementor-element-31047fa e-flex e-con-boxed e-con e-parent\" data-id=\"31047fa\" data-element_type=\"container\" data-e-type=\"container\">\n\t\t\t\t\t<div class=\"e-con-inner\">\n\t\t\t\t<div class=\"elementor-element elementor-element-57f9e09 elementor-widget elementor-widget-heading\" data-id=\"57f9e09\" data-element_type=\"widget\" data-e-type=\"widget\" data-widget_type=\"heading.default\">\n\t\t\t\t<div class=\"elementor-widget-container\">\n\t\t\t\t\t<h1 class=\"elementor-heading-title elementor-size-default\">AVIS JURIDIQUE<\/h1>\t\t\t\t<\/div>\n\t\t\t\t<\/div>\n\t\t\t\t<div class=\"elementor-element elementor-element-c140775 elementor-widget elementor-widget-text-editor\" data-id=\"c140775\" data-element_type=\"widget\" data-e-type=\"widget\" data-widget_type=\"text-editor.default\">\n\t\t\t\t<div class=\"elementor-widget-container\">\n\t\t\t\t\t\t\t\t\t<p>ADAPTATION A LA LOI 34\/2002 SUR LES SERVICES DE LA SOCIETE DE L&rsquo;INFORMATION ET LE COMMERCE ELECTRONIQUE (LSSICE).<\/p><p><strong><em>AVIS JURIDIQUE :<\/em><\/strong><\/p><p><em>Conform\u00e9ment \u00e0 l&rsquo;article 10 de la loi 34\/2002, du 11 juillet, sur les services de la soci\u00e9t\u00e9 de l&rsquo;information et le commerce \u00e9lectronique (LSSICE), les donn\u00e9es d&rsquo;identification de l&rsquo;entit\u00e9 sont indiqu\u00e9es ci-dessous :<\/em><\/p><p><em>PRADAS SUCCESSORS<br><\/em><em>Nom de la soci\u00e9t\u00e9 : PRADAS SUCESORES SL<br><\/em><em>NUM\u00c9RO DE TVA : B02266179<br><\/em><em>Adresse : Pol\u00edgono Industrial el Mugr\u00f3n, Calle Escultor Jos\u00e9 Luis S\u00e1nchez N\u00ba 6 &#8211; 02640 &#8211; ALMANSA &#8211; ALBACETE.<br><\/em><em>T\u00e9l\u00e9phone : 967340482<br><\/em><em>Courriel : <\/em><a href=\"mailto:administracion@pradas.net\"><em>administracion@pradas.net<\/em><\/a><\/p><p><em>Ins. Registre du commerce : Page AB-8280 Volume 610 Folio 142 IRUS : 1000193110646 <\/em><\/p><p><em> <\/em><\/p><p><strong><em>OBJECTIF DU SITE WEB.<\/em><\/strong><\/p><p><em>L&rsquo;objectif de ce site est de fournir des informations sur nos produits et services et de faciliter le contact avec des clients potentiels.<\/em><\/p><p><em>Le pr\u00e9sent avis juridique (ci-apr\u00e8s, l'\u00a0\u00bbavis juridique\u00a0\u00bb) r\u00e9git l&rsquo;utilisation du site web : www.pradas.net<\/em><\/p><p><strong><em>L\u00c9GISLATION.<\/em><\/strong><\/p><p><em>En g\u00e9n\u00e9ral, les relations entre PRADAS SUCESORES SL et les utilisateurs de ses services t\u00e9l\u00e9matiques, pr\u00e9sents sur ce site web, sont soumises \u00e0 la l\u00e9gislation et \u00e0 la juridiction espagnoles.<\/em><\/p><p><strong><em>L&rsquo;UTILISATION ET L&rsquo;ACC\u00c8S DES UTILISATEURS.<\/em><\/strong><\/p><p><em>L&rsquo;utilisateur est inform\u00e9 et accepte que l&rsquo;acc\u00e8s \u00e0 ce site Web n&rsquo;implique en aucun cas l&rsquo;\u00e9tablissement d&rsquo;une relation commerciale avec PRADAS SUCESORES SL ou l&rsquo;une de ses succursales.<\/em><\/p><p><strong><em>LA PROPRI\u00c9T\u00c9 INTELLECTUELLE ET INDUSTRIELLE.<\/em><\/strong><\/p><p><em>Les droits de propri\u00e9t\u00e9 intellectuelle des contenus des pages web, leur conception graphique et leurs codes sont la propri\u00e9t\u00e9 de PRADAS SUCESORES SL et, par cons\u00e9quent, leur reproduction, distribution, communication publique, transformation ou toute autre activit\u00e9 pouvant \u00eatre r\u00e9alis\u00e9e avec les contenus de ses pages web est interdite, m\u00eame en citant les sources, sauf avec le consentement \u00e9crit de PRADAS SUCESORES SL.<\/em><em>.<\/em><\/p><p><strong><em>LE CONTENU DU SITE ET LES LIENS.<\/em><\/strong><\/p><p><em>PRADAS SUCESORES SL se r\u00e9serve le droit de mettre \u00e0 jour, de modifier ou de supprimer les informations contenues dans ses pages Web et peut m\u00eame limiter ou refuser l&rsquo;acc\u00e8s \u00e0 ces informations \u00e0 certains utilisateurs.<\/em><\/p><p><em>PRADAS SUCESORES SL d\u00e9cline toute responsabilit\u00e9 quant \u00e0 l&rsquo;information contenue dans les sites Web de tiers auxquels il est possible d&rsquo;acc\u00e9der par le biais de liens depuis n&rsquo;importe quel site Web appartenant \u00e0 PRADAS SUCESORES SL. La pr\u00e9sence de liens sur les sites web de PRADAS SUCESORES SL est uniquement \u00e0 titre informatif et n&rsquo;implique en aucun cas une suggestion, une invitation ou une recommandation \u00e0 les visiter. <\/em><\/p><p><em>ou une recommandation \u00e0 leur sujet.<\/em><\/p>\t\t\t\t\t\t\t\t<\/div>\n\t\t\t\t<\/div>\n\t\t\t\t\t<\/div>\n\t\t\t\t<\/div>\n\t\t\t\t<\/div>\n\t\t","protected":false},"excerpt":{"rendered":"<p>AVIS JURIDIQUE ADAPTATION A LA LOI 34\/2002 SUR LES SERVICES DE LA SOCIETE DE L&rsquo;INFORMATION ET LE COMMERCE ELECTRONIQUE (LSSICE). AVIS JURIDIQUE : Conform\u00e9ment \u00e0 l&rsquo;article 10 de la loi 34\/2002, du 11 juillet, sur les services de la soci\u00e9t\u00e9 de l&rsquo;information et le commerce \u00e9lectronique (LSSICE), les donn\u00e9es d&rsquo;identification de l&rsquo;entit\u00e9 sont indiqu\u00e9es ci-dessous [&hellip;]<\/p>\n","protected":false},"author":1,"featured_media":0,"parent":0,"menu_order":0,"comment_status":"closed","ping_status":"closed","template":"","meta":{"footnotes":""},"class_list":["post-9852","page","type-page","status-publish","hentry"],"yoast_head":"<!-- This site is optimized with the Yoast SEO plugin v27.3 - https:\/\/yoast.com\/product\/yoast-seo-wordpress\/ -->\n<title>Avis juridique | Pradas<\/title>\n<meta name=\"robots\" content=\"index, follow, max-snippet:-1, max-image-preview:large, max-video-preview:-1\" \/>\n<link rel=\"canonical\" href=\"https:\/\/pradas.net\/fr\/avis-juridique\/\" \/>\n<meta property=\"og:locale\" content=\"fr_FR\" \/>\n<meta property=\"og:type\" content=\"article\" \/>\n<meta property=\"og:title\" content=\"Avis juridique | Pradas\" \/>\n<meta property=\"og:description\" content=\"AVIS JURIDIQUE ADAPTATION A LA LOI 34\/2002 SUR LES SERVICES DE LA SOCIETE DE L&rsquo;INFORMATION ET LE COMMERCE ELECTRONIQUE (LSSICE). AVIS JURIDIQUE : Conform\u00e9ment \u00e0 l&rsquo;article 10 de la loi 34\/2002, du 11 juillet, sur les services de la soci\u00e9t\u00e9 de l&rsquo;information et le commerce \u00e9lectronique (LSSICE), les donn\u00e9es d&rsquo;identification de l&rsquo;entit\u00e9 sont indiqu\u00e9es ci-dessous [&hellip;]\" \/>\n<meta property=\"og:url\" content=\"https:\/\/pradas.net\/fr\/avis-juridique\/\" \/>\n<meta property=\"og:site_name\" content=\"Pradas\" \/>\n<meta property=\"article:modified_time\" content=\"2026-01-21T22:22:16+00:00\" \/>\n<meta property=\"og:image\" content=\"https:\/\/pradas.net\/wp-content\/uploads\/2025\/01\/Pradas_Portada.png\" \/>\n\t<meta property=\"og:image:width\" content=\"1024\" \/>\n\t<meta property=\"og:image:height\" content=\"694\" \/>\n\t<meta property=\"og:image:type\" content=\"image\/png\" \/>\n<meta name=\"twitter:card\" content=\"summary_large_image\" \/>\n<meta name=\"twitter:label1\" content=\"Dur\u00e9e de lecture estim\u00e9e\" \/>\n\t<meta name=\"twitter:data1\" content=\"2 minutes\" \/>\n<script type=\"application\/ld+json\" class=\"yoast-schema-graph\">{\"@context\":\"https:\\\/\\\/schema.org\",\"@graph\":[{\"@type\":\"WebPage\",\"@id\":\"https:\\\/\\\/pradas.net\\\/fr\\\/avis-juridique\\\/\",\"url\":\"https:\\\/\\\/pradas.net\\\/fr\\\/avis-juridique\\\/\",\"name\":\"Avis juridique | Pradas\",\"isPartOf\":{\"@id\":\"https:\\\/\\\/pradas.net\\\/fr\\\/#website\"},\"datePublished\":\"2025-02-23T23:21:40+00:00\",\"dateModified\":\"2026-01-21T22:22:16+00:00\",\"breadcrumb\":{\"@id\":\"https:\\\/\\\/pradas.net\\\/fr\\\/avis-juridique\\\/#breadcrumb\"},\"inLanguage\":\"fr-FR\",\"potentialAction\":[{\"@type\":\"ReadAction\",\"target\":[\"https:\\\/\\\/pradas.net\\\/fr\\\/avis-juridique\\\/\"]}]},{\"@type\":\"BreadcrumbList\",\"@id\":\"https:\\\/\\\/pradas.net\\\/fr\\\/avis-juridique\\\/#breadcrumb\",\"itemListElement\":[{\"@type\":\"ListItem\",\"position\":1,\"name\":\"Portada\",\"item\":\"https:\\\/\\\/pradas.net\\\/fr\\\/accueil\\\/\"},{\"@type\":\"ListItem\",\"position\":2,\"name\":\"Avis juridique\"}]},{\"@type\":\"WebSite\",\"@id\":\"https:\\\/\\\/pradas.net\\\/fr\\\/#website\",\"url\":\"https:\\\/\\\/pradas.net\\\/fr\\\/\",\"name\":\"Pradas\",\"description\":\"\",\"potentialAction\":[{\"@type\":\"SearchAction\",\"target\":{\"@type\":\"EntryPoint\",\"urlTemplate\":\"https:\\\/\\\/pradas.net\\\/fr\\\/?s={search_term_string}\"},\"query-input\":{\"@type\":\"PropertyValueSpecification\",\"valueRequired\":true,\"valueName\":\"search_term_string\"}}],\"inLanguage\":\"fr-FR\"}]}<\/script>\n<!-- \/ Yoast SEO plugin. -->","yoast_head_json":{"title":"Avis juridique | Pradas","robots":{"index":"index","follow":"follow","max-snippet":"max-snippet:-1","max-image-preview":"max-image-preview:large","max-video-preview":"max-video-preview:-1"},"canonical":"https:\/\/pradas.net\/fr\/avis-juridique\/","og_locale":"fr_FR","og_type":"article","og_title":"Avis juridique | Pradas","og_description":"AVIS JURIDIQUE ADAPTATION A LA LOI 34\/2002 SUR LES SERVICES DE LA SOCIETE DE L&rsquo;INFORMATION ET LE COMMERCE ELECTRONIQUE (LSSICE). AVIS JURIDIQUE : Conform\u00e9ment \u00e0 l&rsquo;article 10 de la loi 34\/2002, du 11 juillet, sur les services de la soci\u00e9t\u00e9 de l&rsquo;information et le commerce \u00e9lectronique (LSSICE), les donn\u00e9es d&rsquo;identification de l&rsquo;entit\u00e9 sont indiqu\u00e9es ci-dessous [&hellip;]","og_url":"https:\/\/pradas.net\/fr\/avis-juridique\/","og_site_name":"Pradas","article_modified_time":"2026-01-21T22:22:16+00:00","og_image":[{"width":1024,"height":694,"url":"https:\/\/pradas.net\/wp-content\/uploads\/2025\/01\/Pradas_Portada.png","type":"image\/png"}],"twitter_card":"summary_large_image","twitter_misc":{"Dur\u00e9e de lecture estim\u00e9e":"2 minutes"},"schema":{"@context":"https:\/\/schema.org","@graph":[{"@type":"WebPage","@id":"https:\/\/pradas.net\/fr\/avis-juridique\/","url":"https:\/\/pradas.net\/fr\/avis-juridique\/","name":"Avis juridique | Pradas","isPartOf":{"@id":"https:\/\/pradas.net\/fr\/#website"},"datePublished":"2025-02-23T23:21:40+00:00","dateModified":"2026-01-21T22:22:16+00:00","breadcrumb":{"@id":"https:\/\/pradas.net\/fr\/avis-juridique\/#breadcrumb"},"inLanguage":"fr-FR","potentialAction":[{"@type":"ReadAction","target":["https:\/\/pradas.net\/fr\/avis-juridique\/"]}]},{"@type":"BreadcrumbList","@id":"https:\/\/pradas.net\/fr\/avis-juridique\/#breadcrumb","itemListElement":[{"@type":"ListItem","position":1,"name":"Portada","item":"https:\/\/pradas.net\/fr\/accueil\/"},{"@type":"ListItem","position":2,"name":"Avis juridique"}]},{"@type":"WebSite","@id":"https:\/\/pradas.net\/fr\/#website","url":"https:\/\/pradas.net\/fr\/","name":"Pradas","description":"","potentialAction":[{"@type":"SearchAction","target":{"@type":"EntryPoint","urlTemplate":"https:\/\/pradas.net\/fr\/?s={search_term_string}"},"query-input":{"@type":"PropertyValueSpecification","valueRequired":true,"valueName":"search_term_string"}}],"inLanguage":"fr-FR"}]}},"_links":{"self":[{"href":"https:\/\/pradas.net\/fr\/wp-json\/wp\/v2\/pages\/9852","targetHints":{"allow":["GET"]}}],"collection":[{"href":"https:\/\/pradas.net\/fr\/wp-json\/wp\/v2\/pages"}],"about":[{"href":"https:\/\/pradas.net\/fr\/wp-json\/wp\/v2\/types\/page"}],"author":[{"embeddable":true,"href":"https:\/\/pradas.net\/fr\/wp-json\/wp\/v2\/users\/1"}],"replies":[{"embeddable":true,"href":"https:\/\/pradas.net\/fr\/wp-json\/wp\/v2\/comments?post=9852"}],"version-history":[{"count":1,"href":"https:\/\/pradas.net\/fr\/wp-json\/wp\/v2\/pages\/9852\/revisions"}],"predecessor-version":[{"id":9854,"href":"https:\/\/pradas.net\/fr\/wp-json\/wp\/v2\/pages\/9852\/revisions\/9854"}],"wp:attachment":[{"href":"https:\/\/pradas.net\/fr\/wp-json\/wp\/v2\/media?parent=9852"}],"curies":[{"name":"wp","href":"https:\/\/api.w.org\/{rel}","templated":true}]}}