{"id":10007,"date":"2026-04-30T09:44:45","date_gmt":"2026-04-30T07:44:45","guid":{"rendered":"https:\/\/pradas.net\/?post_type=product&#038;p=10007"},"modified":"2026-04-30T13:29:11","modified_gmt":"2026-04-30T11:29:11","slug":"presse-a-decouper-se20-ce-copia","status":"publish","type":"product","link":"https:\/\/pradas.net\/fr\/producto\/presse-a-decouper-se20-ce-copia\/","title":{"rendered":"MACHINES POUR LE CONTR\u00d4LE DE LA QUALIT\u00c9 DES CUIRS ET PEAUX"},"content":{"rendered":"<p>https:\/\/youtube.com\/shorts\/Vky19oec-zs<\/p>\n<p> <iframe title=\"MAQ  VERIFICAR LA CALIDAD DE LAS PIELES\" width=\"563\" height=\"1000\" src=\"https:\/\/www.youtube.com\/embed\/fkzQfOvUUD0?feature=oembed\" frameborder=\"0\" allow=\"accelerometer; autoplay; clipboard-write; encrypted-media; gyroscope; picture-in-picture; web-share\" referrerpolicy=\"strict-origin-when-cross-origin\" allowfullscreen><\/iframe><\/p>\n","protected":false},"excerpt":{"rendered":"<p>Gr\u00e2ce \u00e0 sa conception ergonomique, la machine permet un contr\u00f4le pr\u00e9cis de la qualit\u00e9 des peaux. Son fonctionnement intuitif permet \u00e0 un seul employ\u00e9 de l&rsquo;utiliser, ce qui optimise les ressources et am\u00e9liore consid\u00e9rablement les r\u00e9sultats du processus de coupe. <\/p>\n<p>Cette solution augmente la qualit\u00e9 de la production en \u00e9liminant les d\u00e9fauts d\u00e9tectables \u00e0 des stades ult\u00e9rieurs, tels que l&rsquo;assemblage, ce qui permet d&rsquo;\u00e9viter les reprises et les retouches.<\/p>\n<p><strong>Principaux avantages :<\/strong><\/p>\n<ul>\n<li>Am\u00e9liore la qualit\u00e9 du produit final, en r\u00e9duisant la n\u00e9cessit\u00e9 de le retravailler.<\/li>\n<li>Il unifie les crit\u00e8res de qualit\u00e9, centralisant la supervision sur une seule personne au lieu de plusieurs op\u00e9rateurs.<\/li>\n<li>Augmentation de la productivit\u00e9 dans le processus de coupe, gr\u00e2ce \u00e0 la v\u00e9rification et au marquage pr\u00e9alables des peaux.<\/li>\n<li>Il permet de s\u00e9lectionner rapidement les peaux qui ne r\u00e9pondent pas aux normes de qualit\u00e9 avant la d\u00e9coupe.<\/li>\n<\/ul>\n","protected":false},"featured_media":10011,"comment_status":"open","ping_status":"closed","template":"","meta":[],"product_brand":[],"product_cat":[184,92],"product_tag":[123],"class_list":{"0":"post-10007","1":"product","2":"type-product","3":"status-publish","4":"has-post-thumbnail","6":"product_cat-decouper","7":"product_cat-non-categorise","8":"product_tag-nueva-fr","10":"first","11":"instock","12":"shipping-taxable","13":"product-type-simple"},"yoast_head":"<!-- This site is optimized with the Yoast SEO plugin v27.3 - https:\/\/yoast.com\/product\/yoast-seo-wordpress\/ -->\n<title>MACHINES POUR LE CONTR\u00d4LE DE LA QUALIT\u00c9 DES CUIRS ET PEAUX | Pradas<\/title>\n<meta name=\"robots\" content=\"index, follow, max-snippet:-1, max-image-preview:large, max-video-preview:-1\" \/>\n<link rel=\"canonical\" href=\"https:\/\/pradas.net\/fr\/producto\/presse-a-decouper-se20-ce-copia\/\" \/>\n<meta property=\"og:locale\" content=\"fr_FR\" \/>\n<meta property=\"og:type\" content=\"article\" \/>\n<meta property=\"og:title\" content=\"MACHINES POUR LE CONTR\u00d4LE DE LA QUALIT\u00c9 DES CUIRS ET PEAUX | Pradas\" \/>\n<meta property=\"og:description\" content=\"Gr\u00e2ce \u00e0 sa conception ergonomique, la machine permet un contr\u00f4le pr\u00e9cis de la qualit\u00e9 des peaux. Son fonctionnement intuitif permet \u00e0 un seul employ\u00e9 de l&#039;utiliser, ce qui optimise les ressources et am\u00e9liore consid\u00e9rablement les r\u00e9sultats du processus de coupe.  Cette solution augmente la qualit\u00e9 de la production en \u00e9liminant les d\u00e9fauts d\u00e9tectables \u00e0 des stades ult\u00e9rieurs, tels que l&#039;assemblage, ce qui permet d&#039;\u00e9viter les reprises et les retouches. Principaux avantages :  Am\u00e9liore la qualit\u00e9 du produit final, en r\u00e9duisant la n\u00e9cessit\u00e9 de le retravailler.  Il unifie les crit\u00e8res de qualit\u00e9, centralisant la supervision sur une seule personne au lieu de plusieurs op\u00e9rateurs.  Augmentation de la productivit\u00e9 dans le processus de coupe, gr\u00e2ce \u00e0 la v\u00e9rification et au marquage pr\u00e9alables des peaux.  Il permet de s\u00e9lectionner rapidement les peaux qui ne r\u00e9pondent pas aux normes de qualit\u00e9 avant la d\u00e9coupe.\" \/>\n<meta property=\"og:url\" content=\"https:\/\/pradas.net\/fr\/producto\/presse-a-decouper-se20-ce-copia\/\" \/>\n<meta property=\"og:site_name\" content=\"Pradas\" \/>\n<meta property=\"article:modified_time\" content=\"2026-04-30T11:29:11+00:00\" \/>\n<meta property=\"og:image\" content=\"https:\/\/pradas.net\/wp-content\/uploads\/2026\/04\/ALEN-150_1.jpg\" \/>\n\t<meta property=\"og:image:width\" content=\"787\" \/>\n\t<meta property=\"og:image:height\" content=\"829\" \/>\n\t<meta property=\"og:image:type\" content=\"image\/jpeg\" \/>\n<meta name=\"twitter:card\" content=\"summary_large_image\" \/>\n<script type=\"application\/ld+json\" class=\"yoast-schema-graph\">{\"@context\":\"https:\\\/\\\/schema.org\",\"@graph\":[{\"@type\":\"WebPage\",\"@id\":\"https:\\\/\\\/pradas.net\\\/fr\\\/producto\\\/presse-a-decouper-se20-ce-copia\\\/\",\"url\":\"https:\\\/\\\/pradas.net\\\/fr\\\/producto\\\/presse-a-decouper-se20-ce-copia\\\/\",\"name\":\"MACHINES POUR LE CONTR\u00d4LE DE LA QUALIT\u00c9 DES CUIRS ET PEAUX | Pradas\",\"isPartOf\":{\"@id\":\"https:\\\/\\\/pradas.net\\\/fr\\\/#website\"},\"primaryImageOfPage\":{\"@id\":\"https:\\\/\\\/pradas.net\\\/fr\\\/producto\\\/presse-a-decouper-se20-ce-copia\\\/#primaryimage\"},\"image\":{\"@id\":\"https:\\\/\\\/pradas.net\\\/fr\\\/producto\\\/presse-a-decouper-se20-ce-copia\\\/#primaryimage\"},\"thumbnailUrl\":\"https:\\\/\\\/pradas.net\\\/wp-content\\\/uploads\\\/2026\\\/04\\\/ALEN-150_1.jpg\",\"datePublished\":\"2026-04-30T07:44:45+00:00\",\"dateModified\":\"2026-04-30T11:29:11+00:00\",\"breadcrumb\":{\"@id\":\"https:\\\/\\\/pradas.net\\\/fr\\\/producto\\\/presse-a-decouper-se20-ce-copia\\\/#breadcrumb\"},\"inLanguage\":\"fr-FR\",\"potentialAction\":[{\"@type\":\"ReadAction\",\"target\":[\"https:\\\/\\\/pradas.net\\\/fr\\\/producto\\\/presse-a-decouper-se20-ce-copia\\\/\"]}]},{\"@type\":\"ImageObject\",\"inLanguage\":\"fr-FR\",\"@id\":\"https:\\\/\\\/pradas.net\\\/fr\\\/producto\\\/presse-a-decouper-se20-ce-copia\\\/#primaryimage\",\"url\":\"https:\\\/\\\/pradas.net\\\/wp-content\\\/uploads\\\/2026\\\/04\\\/ALEN-150_1.jpg\",\"contentUrl\":\"https:\\\/\\\/pradas.net\\\/wp-content\\\/uploads\\\/2026\\\/04\\\/ALEN-150_1.jpg\",\"width\":787,\"height\":829},{\"@type\":\"BreadcrumbList\",\"@id\":\"https:\\\/\\\/pradas.net\\\/fr\\\/producto\\\/presse-a-decouper-se20-ce-copia\\\/#breadcrumb\",\"itemListElement\":[{\"@type\":\"ListItem\",\"position\":1,\"name\":\"Portada\",\"item\":\"https:\\\/\\\/pradas.net\\\/fr\\\/accueil\\\/\"},{\"@type\":\"ListItem\",\"position\":2,\"name\":\"Shop\",\"item\":\"https:\\\/\\\/pradas.net\\\/?page_id=192\"},{\"@type\":\"ListItem\",\"position\":3,\"name\":\"MACHINES POUR LE CONTR\u00d4LE DE LA QUALIT\u00c9 DES CUIRS ET PEAUX\"}]},{\"@type\":\"WebSite\",\"@id\":\"https:\\\/\\\/pradas.net\\\/fr\\\/#website\",\"url\":\"https:\\\/\\\/pradas.net\\\/fr\\\/\",\"name\":\"Pradas\",\"description\":\"\",\"potentialAction\":[{\"@type\":\"SearchAction\",\"target\":{\"@type\":\"EntryPoint\",\"urlTemplate\":\"https:\\\/\\\/pradas.net\\\/fr\\\/?s={search_term_string}\"},\"query-input\":{\"@type\":\"PropertyValueSpecification\",\"valueRequired\":true,\"valueName\":\"search_term_string\"}}],\"inLanguage\":\"fr-FR\"}]}<\/script>\n<!-- \/ Yoast SEO plugin. -->","yoast_head_json":{"title":"MACHINES POUR LE CONTR\u00d4LE DE LA QUALIT\u00c9 DES CUIRS ET PEAUX | Pradas","robots":{"index":"index","follow":"follow","max-snippet":"max-snippet:-1","max-image-preview":"max-image-preview:large","max-video-preview":"max-video-preview:-1"},"canonical":"https:\/\/pradas.net\/fr\/producto\/presse-a-decouper-se20-ce-copia\/","og_locale":"fr_FR","og_type":"article","og_title":"MACHINES POUR LE CONTR\u00d4LE DE LA QUALIT\u00c9 DES CUIRS ET PEAUX | Pradas","og_description":"Gr\u00e2ce \u00e0 sa conception ergonomique, la machine permet un contr\u00f4le pr\u00e9cis de la qualit\u00e9 des peaux. Son fonctionnement intuitif permet \u00e0 un seul employ\u00e9 de l'utiliser, ce qui optimise les ressources et am\u00e9liore consid\u00e9rablement les r\u00e9sultats du processus de coupe.  Cette solution augmente la qualit\u00e9 de la production en \u00e9liminant les d\u00e9fauts d\u00e9tectables \u00e0 des stades ult\u00e9rieurs, tels que l'assemblage, ce qui permet d'\u00e9viter les reprises et les retouches. Principaux avantages :  Am\u00e9liore la qualit\u00e9 du produit final, en r\u00e9duisant la n\u00e9cessit\u00e9 de le retravailler.  Il unifie les crit\u00e8res de qualit\u00e9, centralisant la supervision sur une seule personne au lieu de plusieurs op\u00e9rateurs.  Augmentation de la productivit\u00e9 dans le processus de coupe, gr\u00e2ce \u00e0 la v\u00e9rification et au marquage pr\u00e9alables des peaux.  Il permet de s\u00e9lectionner rapidement les peaux qui ne r\u00e9pondent pas aux normes de qualit\u00e9 avant la d\u00e9coupe.","og_url":"https:\/\/pradas.net\/fr\/producto\/presse-a-decouper-se20-ce-copia\/","og_site_name":"Pradas","article_modified_time":"2026-04-30T11:29:11+00:00","og_image":[{"width":787,"height":829,"url":"https:\/\/pradas.net\/wp-content\/uploads\/2026\/04\/ALEN-150_1.jpg","type":"image\/jpeg"}],"twitter_card":"summary_large_image","schema":{"@context":"https:\/\/schema.org","@graph":[{"@type":"WebPage","@id":"https:\/\/pradas.net\/fr\/producto\/presse-a-decouper-se20-ce-copia\/","url":"https:\/\/pradas.net\/fr\/producto\/presse-a-decouper-se20-ce-copia\/","name":"MACHINES POUR LE CONTR\u00d4LE DE LA QUALIT\u00c9 DES CUIRS ET PEAUX | Pradas","isPartOf":{"@id":"https:\/\/pradas.net\/fr\/#website"},"primaryImageOfPage":{"@id":"https:\/\/pradas.net\/fr\/producto\/presse-a-decouper-se20-ce-copia\/#primaryimage"},"image":{"@id":"https:\/\/pradas.net\/fr\/producto\/presse-a-decouper-se20-ce-copia\/#primaryimage"},"thumbnailUrl":"https:\/\/pradas.net\/wp-content\/uploads\/2026\/04\/ALEN-150_1.jpg","datePublished":"2026-04-30T07:44:45+00:00","dateModified":"2026-04-30T11:29:11+00:00","breadcrumb":{"@id":"https:\/\/pradas.net\/fr\/producto\/presse-a-decouper-se20-ce-copia\/#breadcrumb"},"inLanguage":"fr-FR","potentialAction":[{"@type":"ReadAction","target":["https:\/\/pradas.net\/fr\/producto\/presse-a-decouper-se20-ce-copia\/"]}]},{"@type":"ImageObject","inLanguage":"fr-FR","@id":"https:\/\/pradas.net\/fr\/producto\/presse-a-decouper-se20-ce-copia\/#primaryimage","url":"https:\/\/pradas.net\/wp-content\/uploads\/2026\/04\/ALEN-150_1.jpg","contentUrl":"https:\/\/pradas.net\/wp-content\/uploads\/2026\/04\/ALEN-150_1.jpg","width":787,"height":829},{"@type":"BreadcrumbList","@id":"https:\/\/pradas.net\/fr\/producto\/presse-a-decouper-se20-ce-copia\/#breadcrumb","itemListElement":[{"@type":"ListItem","position":1,"name":"Portada","item":"https:\/\/pradas.net\/fr\/accueil\/"},{"@type":"ListItem","position":2,"name":"Shop","item":"https:\/\/pradas.net\/?page_id=192"},{"@type":"ListItem","position":3,"name":"MACHINES POUR LE CONTR\u00d4LE DE LA QUALIT\u00c9 DES CUIRS ET PEAUX"}]},{"@type":"WebSite","@id":"https:\/\/pradas.net\/fr\/#website","url":"https:\/\/pradas.net\/fr\/","name":"Pradas","description":"","potentialAction":[{"@type":"SearchAction","target":{"@type":"EntryPoint","urlTemplate":"https:\/\/pradas.net\/fr\/?s={search_term_string}"},"query-input":{"@type":"PropertyValueSpecification","valueRequired":true,"valueName":"search_term_string"}}],"inLanguage":"fr-FR"}]}},"_links":{"self":[{"href":"https:\/\/pradas.net\/fr\/wp-json\/wp\/v2\/product\/10007","targetHints":{"allow":["GET"]}}],"collection":[{"href":"https:\/\/pradas.net\/fr\/wp-json\/wp\/v2\/product"}],"about":[{"href":"https:\/\/pradas.net\/fr\/wp-json\/wp\/v2\/types\/product"}],"replies":[{"embeddable":true,"href":"https:\/\/pradas.net\/fr\/wp-json\/wp\/v2\/comments?post=10007"}],"wp:featuredmedia":[{"embeddable":true,"href":"https:\/\/pradas.net\/fr\/wp-json\/wp\/v2\/media\/10011"}],"wp:attachment":[{"href":"https:\/\/pradas.net\/fr\/wp-json\/wp\/v2\/media?parent=10007"}],"wp:term":[{"taxonomy":"product_brand","embeddable":true,"href":"https:\/\/pradas.net\/fr\/wp-json\/wp\/v2\/product_brand?post=10007"},{"taxonomy":"product_cat","embeddable":true,"href":"https:\/\/pradas.net\/fr\/wp-json\/wp\/v2\/product_cat?post=10007"},{"taxonomy":"product_tag","embeddable":true,"href":"https:\/\/pradas.net\/fr\/wp-json\/wp\/v2\/product_tag?post=10007"}],"curies":[{"name":"wp","href":"https:\/\/api.w.org\/{rel}","templated":true}]}}