{"id":7338,"date":"2025-04-03T11:08:42","date_gmt":"2025-04-03T09:08:42","guid":{"rendered":"https:\/\/pradas.net\/?post_type=product&#038;p=7338"},"modified":"2026-01-21T23:20:26","modified_gmt":"2026-01-21T22:20:26","slug":"via-de-fabricacion-semiautom-flexiline","status":"publish","type":"product","link":"https:\/\/pradas.net\/fr\/producto\/via-de-fabricacion-semiautom-flexiline\/","title":{"rendered":"LIGNE DE PRODUCTION SEMI-AUTOMATIQUE. FLEXILINE"},"content":{"rendered":"<p><iframe title=\"FLEXILINE\" width=\"800\" height=\"450\" src=\"https:\/\/www.youtube.com\/embed\/SjmIEqQtWqI?feature=oembed\" frameborder=\"0\" allow=\"accelerometer; autoplay; clipboard-write; encrypted-media; gyroscope; picture-in-picture; web-share\" referrerpolicy=\"strict-origin-when-cross-origin\" allowfullscreen><\/iframe><\/p>\n","protected":false},"excerpt":{"rendered":"<h3 class=\"\" data-start=\"298\" data-end=\"359\"><strong data-start=\"302\" data-end=\"359\">Flexiline : productivit\u00e9 et efficacit\u00e9 au plus haut niveau<\/strong><\/h3>\n<h4 class=\"\" data-start=\"361\" data-end=\"383\"><strong data-start=\"366\" data-end=\"383\">Productivit\u00e9<\/strong><\/h4>\n<p class=\"\" data-start=\"384\" data-end=\"532\">Flexiline int\u00e8gre deux niveaux de production en une seule voie, optimisant ainsi l&rsquo;utilisation de l&rsquo;espace vertical et am\u00e9liorant l&rsquo;efficacit\u00e9 globale du processus.<\/p>\n<ul data-start=\"534\" data-end=\"746\">\n<li class=\"\" data-start=\"534\" data-end=\"586\">\n<p class=\"\" data-start=\"536\" data-end=\"586\">Un seul s\u00e9cheur pour les deux lignes de production.<\/p>\n<\/li>\n<li class=\"\" data-start=\"587\" data-end=\"657\">\n<p class=\"\" data-start=\"589\" data-end=\"657\">Zone de chargement commune fournissant les mati\u00e8res premi\u00e8res aux deux niveaux.<\/p>\n<\/li>\n<li class=\"\" data-start=\"658\" data-end=\"746\">\n<p class=\"\" data-start=\"660\" data-end=\"746\">Conception adaptable en ligne droite, en forme de L ou de U selon les besoins d&rsquo;espace.<\/p>\n<\/li>\n<\/ul>\n<h4 class=\"\" data-start=\"748\" data-end=\"784\"><strong data-start=\"753\" data-end=\"784\">\u00c9conomie d&rsquo;espace et de consommation<\/strong><\/h4>\n<ul data-start=\"785\" data-end=\"1324\">\n<li class=\"\" data-start=\"785\" data-end=\"823\">\n<p class=\"\" data-start=\"787\" data-end=\"823\">Niveaux de travail ind\u00e9pendants.<\/p>\n<\/li>\n<li class=\"\" data-start=\"824\" data-end=\"874\">\n<p class=\"\" data-start=\"826\" data-end=\"874\">Voies d&rsquo;acc\u00e8s enti\u00e8rement s\u00e9par\u00e9es \u00e0 chaque niveau.<\/p>\n<\/li>\n<li class=\"\" data-start=\"875\" data-end=\"1005\">\n<p class=\"\" data-start=\"877\" data-end=\"1005\">Mouvement individuel de chaque chariot, avec la possibilit\u00e9 d&rsquo;avancer ou de reculer facilement, ce qui \u00e9vite les lacunes et les pertes de temps.<\/p>\n<\/li>\n<li class=\"\" data-start=\"1006\" data-end=\"1098\">\n<p class=\"\" data-start=\"1008\" data-end=\"1098\">Un seul op\u00e9rateur peut g\u00e9rer deux postes diff\u00e9rents dans le cadre d&rsquo;une production faible ou moyenne.<\/p>\n<\/li>\n<li class=\"\" data-start=\"1099\" data-end=\"1215\">\n<p class=\"\" data-start=\"1101\" data-end=\"1215\">L&rsquo;effet tampon am\u00e9liore la qualit\u00e9 et l&rsquo;organisation : les trolleys ne s&rsquo;arr\u00eatent que le temps n\u00e9cessaire \u00e0 chaque station.<\/p>\n<\/li>\n<li class=\"\" data-start=\"1216\" data-end=\"1324\">\n<p class=\"\" data-start=\"1218\" data-end=\"1324\">Les derniers reviennent automatiquement au d\u00e9but, car le point de d\u00e9part et le point d&rsquo;arriv\u00e9e du processus co\u00efncident.<\/p>\n<\/li>\n<\/ul>\n","protected":false},"featured_media":7735,"comment_status":"open","ping_status":"closed","template":"","meta":[],"product_brand":[],"product_cat":[122,92],"product_tag":[123],"class_list":{"0":"post-7338","1":"product","2":"type-product","3":"status-publish","4":"has-post-thumbnail","6":"product_cat-chaussures","7":"product_cat-non-categorise","8":"product_tag-nueva-fr","10":"first","11":"instock","12":"shipping-taxable","13":"product-type-simple"},"yoast_head":"<!-- This site is optimized with the Yoast SEO plugin v27.3 - https:\/\/yoast.com\/product\/yoast-seo-wordpress\/ -->\n<title>LIGNE DE PRODUCTION SEMI-AUTOMATIQUE. FLEXILINE | Pradas<\/title>\n<meta name=\"robots\" content=\"index, follow, max-snippet:-1, max-image-preview:large, max-video-preview:-1\" \/>\n<link rel=\"canonical\" href=\"https:\/\/pradas.net\/fr\/producto\/via-de-fabricacion-semiautom-flexiline\/\" \/>\n<meta property=\"og:locale\" content=\"fr_FR\" \/>\n<meta property=\"og:type\" content=\"article\" \/>\n<meta property=\"og:title\" content=\"LIGNE DE PRODUCTION SEMI-AUTOMATIQUE. FLEXILINE | Pradas\" \/>\n<meta property=\"og:description\" content=\"Flexiline : productivit\u00e9 et efficacit\u00e9 au plus haut niveau Productivit\u00e9 Flexiline int\u00e8gre deux niveaux de production en une seule voie, optimisant ainsi l&#039;utilisation de l&#039;espace vertical et am\u00e9liorant l&#039;efficacit\u00e9 globale du processus.   Un seul s\u00e9cheur pour les deux lignes de production.   Zone de chargement commune fournissant les mati\u00e8res premi\u00e8res aux deux niveaux.   Conception adaptable en ligne droite, en forme de L ou de U selon les besoins d&#039;espace.  \u00c9conomie d&#039;espace et de consommation   Niveaux de travail ind\u00e9pendants.   Voies d&#039;acc\u00e8s enti\u00e8rement s\u00e9par\u00e9es \u00e0 chaque niveau.   Mouvement individuel de chaque chariot, avec la possibilit\u00e9 d&#039;avancer ou de reculer facilement, ce qui \u00e9vite les lacunes et les pertes de temps.   Un seul op\u00e9rateur peut g\u00e9rer deux postes diff\u00e9rents dans le cadre d&#039;une production faible ou moyenne.   L&#039;effet tampon am\u00e9liore la qualit\u00e9 et l&#039;organisation : les trolleys ne s&#039;arr\u00eatent que le temps n\u00e9cessaire \u00e0 chaque station.   Les derniers reviennent automatiquement au d\u00e9but, car le point de d\u00e9part et le point d&#039;arriv\u00e9e du processus co\u00efncident.\" \/>\n<meta property=\"og:url\" content=\"https:\/\/pradas.net\/fr\/producto\/via-de-fabricacion-semiautom-flexiline\/\" \/>\n<meta property=\"og:site_name\" content=\"Pradas\" \/>\n<meta property=\"article:modified_time\" content=\"2026-01-21T22:20:26+00:00\" \/>\n<meta property=\"og:image\" content=\"https:\/\/pradas.net\/wp-content\/uploads\/2025\/04\/VIA-DE-FABRICACION-SEMIAUTOM.-FLEXILINE.jpeg\" \/>\n\t<meta property=\"og:image:width\" content=\"1600\" \/>\n\t<meta property=\"og:image:height\" content=\"1066\" \/>\n\t<meta property=\"og:image:type\" content=\"image\/jpeg\" \/>\n<meta name=\"twitter:card\" content=\"summary_large_image\" \/>\n<script type=\"application\/ld+json\" class=\"yoast-schema-graph\">{\"@context\":\"https:\\\/\\\/schema.org\",\"@graph\":[{\"@type\":\"WebPage\",\"@id\":\"https:\\\/\\\/pradas.net\\\/fr\\\/producto\\\/via-de-fabricacion-semiautom-flexiline\\\/\",\"url\":\"https:\\\/\\\/pradas.net\\\/fr\\\/producto\\\/via-de-fabricacion-semiautom-flexiline\\\/\",\"name\":\"LIGNE DE PRODUCTION SEMI-AUTOMATIQUE. FLEXILINE | Pradas\",\"isPartOf\":{\"@id\":\"https:\\\/\\\/pradas.net\\\/fr\\\/#website\"},\"primaryImageOfPage\":{\"@id\":\"https:\\\/\\\/pradas.net\\\/fr\\\/producto\\\/via-de-fabricacion-semiautom-flexiline\\\/#primaryimage\"},\"image\":{\"@id\":\"https:\\\/\\\/pradas.net\\\/fr\\\/producto\\\/via-de-fabricacion-semiautom-flexiline\\\/#primaryimage\"},\"thumbnailUrl\":\"https:\\\/\\\/pradas.net\\\/wp-content\\\/uploads\\\/2025\\\/04\\\/VIA-DE-FABRICACION-SEMIAUTOM.-FLEXILINE.jpeg\",\"datePublished\":\"2025-04-03T09:08:42+00:00\",\"dateModified\":\"2026-01-21T22:20:26+00:00\",\"breadcrumb\":{\"@id\":\"https:\\\/\\\/pradas.net\\\/fr\\\/producto\\\/via-de-fabricacion-semiautom-flexiline\\\/#breadcrumb\"},\"inLanguage\":\"fr-FR\",\"potentialAction\":[{\"@type\":\"ReadAction\",\"target\":[\"https:\\\/\\\/pradas.net\\\/fr\\\/producto\\\/via-de-fabricacion-semiautom-flexiline\\\/\"]}]},{\"@type\":\"ImageObject\",\"inLanguage\":\"fr-FR\",\"@id\":\"https:\\\/\\\/pradas.net\\\/fr\\\/producto\\\/via-de-fabricacion-semiautom-flexiline\\\/#primaryimage\",\"url\":\"https:\\\/\\\/pradas.net\\\/wp-content\\\/uploads\\\/2025\\\/04\\\/VIA-DE-FABRICACION-SEMIAUTOM.-FLEXILINE.jpeg\",\"contentUrl\":\"https:\\\/\\\/pradas.net\\\/wp-content\\\/uploads\\\/2025\\\/04\\\/VIA-DE-FABRICACION-SEMIAUTOM.-FLEXILINE.jpeg\",\"width\":1600,\"height\":1066},{\"@type\":\"BreadcrumbList\",\"@id\":\"https:\\\/\\\/pradas.net\\\/fr\\\/producto\\\/via-de-fabricacion-semiautom-flexiline\\\/#breadcrumb\",\"itemListElement\":[{\"@type\":\"ListItem\",\"position\":1,\"name\":\"Portada\",\"item\":\"https:\\\/\\\/pradas.net\\\/fr\\\/accueil\\\/\"},{\"@type\":\"ListItem\",\"position\":2,\"name\":\"Shop\",\"item\":\"https:\\\/\\\/pradas.net\\\/?page_id=192\"},{\"@type\":\"ListItem\",\"position\":3,\"name\":\"LIGNE DE PRODUCTION SEMI-AUTOMATIQUE. FLEXILINE\"}]},{\"@type\":\"WebSite\",\"@id\":\"https:\\\/\\\/pradas.net\\\/fr\\\/#website\",\"url\":\"https:\\\/\\\/pradas.net\\\/fr\\\/\",\"name\":\"Pradas\",\"description\":\"\",\"potentialAction\":[{\"@type\":\"SearchAction\",\"target\":{\"@type\":\"EntryPoint\",\"urlTemplate\":\"https:\\\/\\\/pradas.net\\\/fr\\\/?s={search_term_string}\"},\"query-input\":{\"@type\":\"PropertyValueSpecification\",\"valueRequired\":true,\"valueName\":\"search_term_string\"}}],\"inLanguage\":\"fr-FR\"}]}<\/script>\n<!-- \/ Yoast SEO plugin. -->","yoast_head_json":{"title":"LIGNE DE PRODUCTION SEMI-AUTOMATIQUE. FLEXILINE | Pradas","robots":{"index":"index","follow":"follow","max-snippet":"max-snippet:-1","max-image-preview":"max-image-preview:large","max-video-preview":"max-video-preview:-1"},"canonical":"https:\/\/pradas.net\/fr\/producto\/via-de-fabricacion-semiautom-flexiline\/","og_locale":"fr_FR","og_type":"article","og_title":"LIGNE DE PRODUCTION SEMI-AUTOMATIQUE. FLEXILINE | Pradas","og_description":"Flexiline : productivit\u00e9 et efficacit\u00e9 au plus haut niveau Productivit\u00e9 Flexiline int\u00e8gre deux niveaux de production en une seule voie, optimisant ainsi l'utilisation de l'espace vertical et am\u00e9liorant l'efficacit\u00e9 globale du processus.   Un seul s\u00e9cheur pour les deux lignes de production.   Zone de chargement commune fournissant les mati\u00e8res premi\u00e8res aux deux niveaux.   Conception adaptable en ligne droite, en forme de L ou de U selon les besoins d'espace.  \u00c9conomie d'espace et de consommation   Niveaux de travail ind\u00e9pendants.   Voies d'acc\u00e8s enti\u00e8rement s\u00e9par\u00e9es \u00e0 chaque niveau.   Mouvement individuel de chaque chariot, avec la possibilit\u00e9 d'avancer ou de reculer facilement, ce qui \u00e9vite les lacunes et les pertes de temps.   Un seul op\u00e9rateur peut g\u00e9rer deux postes diff\u00e9rents dans le cadre d'une production faible ou moyenne.   L'effet tampon am\u00e9liore la qualit\u00e9 et l'organisation : les trolleys ne s'arr\u00eatent que le temps n\u00e9cessaire \u00e0 chaque station.   Les derniers reviennent automatiquement au d\u00e9but, car le point de d\u00e9part et le point d'arriv\u00e9e du processus co\u00efncident.","og_url":"https:\/\/pradas.net\/fr\/producto\/via-de-fabricacion-semiautom-flexiline\/","og_site_name":"Pradas","article_modified_time":"2026-01-21T22:20:26+00:00","og_image":[{"width":1600,"height":1066,"url":"https:\/\/pradas.net\/wp-content\/uploads\/2025\/04\/VIA-DE-FABRICACION-SEMIAUTOM.-FLEXILINE.jpeg","type":"image\/jpeg"}],"twitter_card":"summary_large_image","schema":{"@context":"https:\/\/schema.org","@graph":[{"@type":"WebPage","@id":"https:\/\/pradas.net\/fr\/producto\/via-de-fabricacion-semiautom-flexiline\/","url":"https:\/\/pradas.net\/fr\/producto\/via-de-fabricacion-semiautom-flexiline\/","name":"LIGNE DE PRODUCTION SEMI-AUTOMATIQUE. FLEXILINE | Pradas","isPartOf":{"@id":"https:\/\/pradas.net\/fr\/#website"},"primaryImageOfPage":{"@id":"https:\/\/pradas.net\/fr\/producto\/via-de-fabricacion-semiautom-flexiline\/#primaryimage"},"image":{"@id":"https:\/\/pradas.net\/fr\/producto\/via-de-fabricacion-semiautom-flexiline\/#primaryimage"},"thumbnailUrl":"https:\/\/pradas.net\/wp-content\/uploads\/2025\/04\/VIA-DE-FABRICACION-SEMIAUTOM.-FLEXILINE.jpeg","datePublished":"2025-04-03T09:08:42+00:00","dateModified":"2026-01-21T22:20:26+00:00","breadcrumb":{"@id":"https:\/\/pradas.net\/fr\/producto\/via-de-fabricacion-semiautom-flexiline\/#breadcrumb"},"inLanguage":"fr-FR","potentialAction":[{"@type":"ReadAction","target":["https:\/\/pradas.net\/fr\/producto\/via-de-fabricacion-semiautom-flexiline\/"]}]},{"@type":"ImageObject","inLanguage":"fr-FR","@id":"https:\/\/pradas.net\/fr\/producto\/via-de-fabricacion-semiautom-flexiline\/#primaryimage","url":"https:\/\/pradas.net\/wp-content\/uploads\/2025\/04\/VIA-DE-FABRICACION-SEMIAUTOM.-FLEXILINE.jpeg","contentUrl":"https:\/\/pradas.net\/wp-content\/uploads\/2025\/04\/VIA-DE-FABRICACION-SEMIAUTOM.-FLEXILINE.jpeg","width":1600,"height":1066},{"@type":"BreadcrumbList","@id":"https:\/\/pradas.net\/fr\/producto\/via-de-fabricacion-semiautom-flexiline\/#breadcrumb","itemListElement":[{"@type":"ListItem","position":1,"name":"Portada","item":"https:\/\/pradas.net\/fr\/accueil\/"},{"@type":"ListItem","position":2,"name":"Shop","item":"https:\/\/pradas.net\/?page_id=192"},{"@type":"ListItem","position":3,"name":"LIGNE DE PRODUCTION SEMI-AUTOMATIQUE. FLEXILINE"}]},{"@type":"WebSite","@id":"https:\/\/pradas.net\/fr\/#website","url":"https:\/\/pradas.net\/fr\/","name":"Pradas","description":"","potentialAction":[{"@type":"SearchAction","target":{"@type":"EntryPoint","urlTemplate":"https:\/\/pradas.net\/fr\/?s={search_term_string}"},"query-input":{"@type":"PropertyValueSpecification","valueRequired":true,"valueName":"search_term_string"}}],"inLanguage":"fr-FR"}]}},"_links":{"self":[{"href":"https:\/\/pradas.net\/fr\/wp-json\/wp\/v2\/product\/7338","targetHints":{"allow":["GET"]}}],"collection":[{"href":"https:\/\/pradas.net\/fr\/wp-json\/wp\/v2\/product"}],"about":[{"href":"https:\/\/pradas.net\/fr\/wp-json\/wp\/v2\/types\/product"}],"replies":[{"embeddable":true,"href":"https:\/\/pradas.net\/fr\/wp-json\/wp\/v2\/comments?post=7338"}],"wp:featuredmedia":[{"embeddable":true,"href":"https:\/\/pradas.net\/fr\/wp-json\/wp\/v2\/media\/7735"}],"wp:attachment":[{"href":"https:\/\/pradas.net\/fr\/wp-json\/wp\/v2\/media?parent=7338"}],"wp:term":[{"taxonomy":"product_brand","embeddable":true,"href":"https:\/\/pradas.net\/fr\/wp-json\/wp\/v2\/product_brand?post=7338"},{"taxonomy":"product_cat","embeddable":true,"href":"https:\/\/pradas.net\/fr\/wp-json\/wp\/v2\/product_cat?post=7338"},{"taxonomy":"product_tag","embeddable":true,"href":"https:\/\/pradas.net\/fr\/wp-json\/wp\/v2\/product_tag?post=7338"}],"curies":[{"name":"wp","href":"https:\/\/api.w.org\/{rel}","templated":true}]}}