{"id":7344,"date":"2025-04-03T11:18:47","date_gmt":"2025-04-03T09:18:47","guid":{"rendered":"https:\/\/pradas.net\/?post_type=product&#038;p=7344"},"modified":"2026-01-21T23:20:30","modified_gmt":"2026-01-21T22:20:30","slug":"maq-modulo-de-reactivado-para-puntas-mod-rp","status":"publish","type":"product","link":"https:\/\/pradas.net\/fr\/producto\/maq-modulo-de-reactivado-para-puntas-mod-rp\/","title":{"rendered":"MODULE DE R\u00c9ACTIVATION POUR LES CONSEILS MOD.RP"},"content":{"rendered":"<p><iframe title=\"Steamer included\" width=\"800\" height=\"450\" src=\"https:\/\/www.youtube.com\/embed\/2ZngJSRlsb4?feature=oembed\" frameborder=\"0\" allow=\"accelerometer; autoplay; clipboard-write; encrypted-media; gyroscope; picture-in-picture; web-share\" referrerpolicy=\"strict-origin-when-cross-origin\" allowfullscreen><\/iframe><\/p>\n","protected":false},"excerpt":{"rendered":"<p class=\"\" data-start=\"155\" data-end=\"438\"><strong data-start=\"155\" data-end=\"175\">Cet \u00e9tuveur<\/strong> active les d\u00e9blais plac\u00e9s sur les chariots de la voie flexible, qui entrent directement dans le processus de centrage des pointes. Sa conception innovante \u00e9vite \u00e0 l&rsquo;op\u00e9rateur de manipuler manuellement les d\u00e9blais pour les placer dans un \u00e9tuveur externe \u00e0 la voie. <\/p>\n<p class=\"\" data-start=\"440\" data-end=\"599\">Le <strong data-start=\"469\" data-end=\"524\">d\u00e9bit de vapeur et la temp\u00e9rature peuvent \u00eatre r\u00e9gl\u00e9s<\/strong> en fonction des caract\u00e9ristiques sp\u00e9cifiques des peaux \u00e0 \u00e9tuver.<\/p>\n<p class=\"\" data-start=\"601\" data-end=\"810\">Il s&rsquo;agit d&rsquo;un <strong data-start=\"616\" data-end=\"640\">module tr\u00e8s efficace<\/strong>, qui acc\u00e9l\u00e8re consid\u00e9rablement le processus d&rsquo;assemblage des pointes et permet d&rsquo;\u00e9viter les ruptures dans les coupes, am\u00e9liorant ainsi la qualit\u00e9 finale et r\u00e9duisant le nombre de rejets.<\/p>\n","protected":false},"featured_media":7347,"comment_status":"open","ping_status":"closed","template":"","meta":[],"product_brand":[],"product_cat":[122,92],"product_tag":[123],"class_list":{"0":"post-7344","1":"product","2":"type-product","3":"status-publish","4":"has-post-thumbnail","6":"product_cat-chaussures","7":"product_cat-non-categorise","8":"product_tag-nueva-fr","10":"first","11":"instock","12":"shipping-taxable","13":"product-type-simple"},"yoast_head":"<!-- This site is optimized with the Yoast SEO plugin v27.3 - https:\/\/yoast.com\/product\/yoast-seo-wordpress\/ -->\n<title>MODULE DE R\u00c9ACTIVATION POUR LES CONSEILS MOD.RP | Pradas<\/title>\n<meta name=\"robots\" content=\"index, follow, max-snippet:-1, max-image-preview:large, max-video-preview:-1\" \/>\n<link rel=\"canonical\" href=\"https:\/\/pradas.net\/fr\/producto\/maq-modulo-de-reactivado-para-puntas-mod-rp\/\" \/>\n<meta property=\"og:locale\" content=\"fr_FR\" \/>\n<meta property=\"og:type\" content=\"article\" \/>\n<meta property=\"og:title\" content=\"MODULE DE R\u00c9ACTIVATION POUR LES CONSEILS MOD.RP | Pradas\" \/>\n<meta property=\"og:description\" content=\"Cet \u00e9tuveur active les d\u00e9blais plac\u00e9s sur les chariots de la voie flexible, qui entrent directement dans le processus de centrage des pointes. Sa conception innovante \u00e9vite \u00e0 l&#039;op\u00e9rateur de manipuler manuellement les d\u00e9blais pour les placer dans un \u00e9tuveur externe \u00e0 la voie. Le d\u00e9bit de vapeur et la temp\u00e9rature peuvent \u00eatre r\u00e9gl\u00e9s en fonction des caract\u00e9ristiques sp\u00e9cifiques des peaux \u00e0 \u00e9tuver. Il s&#039;agit d&#039;un module tr\u00e8s efficace, qui acc\u00e9l\u00e8re consid\u00e9rablement le processus d&#039;assemblage des pointes et permet d&#039;\u00e9viter les ruptures dans les coupes, am\u00e9liorant ainsi la qualit\u00e9 finale et r\u00e9duisant le nombre de rejets.\" \/>\n<meta property=\"og:url\" content=\"https:\/\/pradas.net\/fr\/producto\/maq-modulo-de-reactivado-para-puntas-mod-rp\/\" \/>\n<meta property=\"og:site_name\" content=\"Pradas\" \/>\n<meta property=\"article:modified_time\" content=\"2026-01-21T22:20:30+00:00\" \/>\n<meta property=\"og:image\" content=\"https:\/\/pradas.net\/wp-content\/uploads\/2025\/04\/MODULO-DE-REACTIVADO-PARA-PUNTAS-MOD.RP_.jpg\" \/>\n\t<meta property=\"og:image:width\" content=\"358\" \/>\n\t<meta property=\"og:image:height\" content=\"300\" \/>\n\t<meta property=\"og:image:type\" content=\"image\/jpeg\" \/>\n<meta name=\"twitter:card\" content=\"summary_large_image\" \/>\n<script type=\"application\/ld+json\" class=\"yoast-schema-graph\">{\"@context\":\"https:\\\/\\\/schema.org\",\"@graph\":[{\"@type\":\"WebPage\",\"@id\":\"https:\\\/\\\/pradas.net\\\/fr\\\/producto\\\/maq-modulo-de-reactivado-para-puntas-mod-rp\\\/\",\"url\":\"https:\\\/\\\/pradas.net\\\/fr\\\/producto\\\/maq-modulo-de-reactivado-para-puntas-mod-rp\\\/\",\"name\":\"MODULE DE R\u00c9ACTIVATION POUR LES CONSEILS MOD.RP | Pradas\",\"isPartOf\":{\"@id\":\"https:\\\/\\\/pradas.net\\\/fr\\\/#website\"},\"primaryImageOfPage\":{\"@id\":\"https:\\\/\\\/pradas.net\\\/fr\\\/producto\\\/maq-modulo-de-reactivado-para-puntas-mod-rp\\\/#primaryimage\"},\"image\":{\"@id\":\"https:\\\/\\\/pradas.net\\\/fr\\\/producto\\\/maq-modulo-de-reactivado-para-puntas-mod-rp\\\/#primaryimage\"},\"thumbnailUrl\":\"https:\\\/\\\/pradas.net\\\/wp-content\\\/uploads\\\/2025\\\/04\\\/MODULO-DE-REACTIVADO-PARA-PUNTAS-MOD.RP_.jpg\",\"datePublished\":\"2025-04-03T09:18:47+00:00\",\"dateModified\":\"2026-01-21T22:20:30+00:00\",\"breadcrumb\":{\"@id\":\"https:\\\/\\\/pradas.net\\\/fr\\\/producto\\\/maq-modulo-de-reactivado-para-puntas-mod-rp\\\/#breadcrumb\"},\"inLanguage\":\"fr-FR\",\"potentialAction\":[{\"@type\":\"ReadAction\",\"target\":[\"https:\\\/\\\/pradas.net\\\/fr\\\/producto\\\/maq-modulo-de-reactivado-para-puntas-mod-rp\\\/\"]}]},{\"@type\":\"ImageObject\",\"inLanguage\":\"fr-FR\",\"@id\":\"https:\\\/\\\/pradas.net\\\/fr\\\/producto\\\/maq-modulo-de-reactivado-para-puntas-mod-rp\\\/#primaryimage\",\"url\":\"https:\\\/\\\/pradas.net\\\/wp-content\\\/uploads\\\/2025\\\/04\\\/MODULO-DE-REACTIVADO-PARA-PUNTAS-MOD.RP_.jpg\",\"contentUrl\":\"https:\\\/\\\/pradas.net\\\/wp-content\\\/uploads\\\/2025\\\/04\\\/MODULO-DE-REACTIVADO-PARA-PUNTAS-MOD.RP_.jpg\",\"width\":358,\"height\":300},{\"@type\":\"BreadcrumbList\",\"@id\":\"https:\\\/\\\/pradas.net\\\/fr\\\/producto\\\/maq-modulo-de-reactivado-para-puntas-mod-rp\\\/#breadcrumb\",\"itemListElement\":[{\"@type\":\"ListItem\",\"position\":1,\"name\":\"Portada\",\"item\":\"https:\\\/\\\/pradas.net\\\/fr\\\/accueil\\\/\"},{\"@type\":\"ListItem\",\"position\":2,\"name\":\"Shop\",\"item\":\"https:\\\/\\\/pradas.net\\\/?page_id=192\"},{\"@type\":\"ListItem\",\"position\":3,\"name\":\"MODULE DE R\u00c9ACTIVATION POUR LES CONSEILS MOD.RP\"}]},{\"@type\":\"WebSite\",\"@id\":\"https:\\\/\\\/pradas.net\\\/fr\\\/#website\",\"url\":\"https:\\\/\\\/pradas.net\\\/fr\\\/\",\"name\":\"Pradas\",\"description\":\"\",\"potentialAction\":[{\"@type\":\"SearchAction\",\"target\":{\"@type\":\"EntryPoint\",\"urlTemplate\":\"https:\\\/\\\/pradas.net\\\/fr\\\/?s={search_term_string}\"},\"query-input\":{\"@type\":\"PropertyValueSpecification\",\"valueRequired\":true,\"valueName\":\"search_term_string\"}}],\"inLanguage\":\"fr-FR\"}]}<\/script>\n<!-- \/ Yoast SEO plugin. -->","yoast_head_json":{"title":"MODULE DE R\u00c9ACTIVATION POUR LES CONSEILS MOD.RP | Pradas","robots":{"index":"index","follow":"follow","max-snippet":"max-snippet:-1","max-image-preview":"max-image-preview:large","max-video-preview":"max-video-preview:-1"},"canonical":"https:\/\/pradas.net\/fr\/producto\/maq-modulo-de-reactivado-para-puntas-mod-rp\/","og_locale":"fr_FR","og_type":"article","og_title":"MODULE DE R\u00c9ACTIVATION POUR LES CONSEILS MOD.RP | Pradas","og_description":"Cet \u00e9tuveur active les d\u00e9blais plac\u00e9s sur les chariots de la voie flexible, qui entrent directement dans le processus de centrage des pointes. Sa conception innovante \u00e9vite \u00e0 l'op\u00e9rateur de manipuler manuellement les d\u00e9blais pour les placer dans un \u00e9tuveur externe \u00e0 la voie. Le d\u00e9bit de vapeur et la temp\u00e9rature peuvent \u00eatre r\u00e9gl\u00e9s en fonction des caract\u00e9ristiques sp\u00e9cifiques des peaux \u00e0 \u00e9tuver. Il s'agit d'un module tr\u00e8s efficace, qui acc\u00e9l\u00e8re consid\u00e9rablement le processus d'assemblage des pointes et permet d'\u00e9viter les ruptures dans les coupes, am\u00e9liorant ainsi la qualit\u00e9 finale et r\u00e9duisant le nombre de rejets.","og_url":"https:\/\/pradas.net\/fr\/producto\/maq-modulo-de-reactivado-para-puntas-mod-rp\/","og_site_name":"Pradas","article_modified_time":"2026-01-21T22:20:30+00:00","og_image":[{"width":358,"height":300,"url":"https:\/\/pradas.net\/wp-content\/uploads\/2025\/04\/MODULO-DE-REACTIVADO-PARA-PUNTAS-MOD.RP_.jpg","type":"image\/jpeg"}],"twitter_card":"summary_large_image","schema":{"@context":"https:\/\/schema.org","@graph":[{"@type":"WebPage","@id":"https:\/\/pradas.net\/fr\/producto\/maq-modulo-de-reactivado-para-puntas-mod-rp\/","url":"https:\/\/pradas.net\/fr\/producto\/maq-modulo-de-reactivado-para-puntas-mod-rp\/","name":"MODULE DE R\u00c9ACTIVATION POUR LES CONSEILS MOD.RP | Pradas","isPartOf":{"@id":"https:\/\/pradas.net\/fr\/#website"},"primaryImageOfPage":{"@id":"https:\/\/pradas.net\/fr\/producto\/maq-modulo-de-reactivado-para-puntas-mod-rp\/#primaryimage"},"image":{"@id":"https:\/\/pradas.net\/fr\/producto\/maq-modulo-de-reactivado-para-puntas-mod-rp\/#primaryimage"},"thumbnailUrl":"https:\/\/pradas.net\/wp-content\/uploads\/2025\/04\/MODULO-DE-REACTIVADO-PARA-PUNTAS-MOD.RP_.jpg","datePublished":"2025-04-03T09:18:47+00:00","dateModified":"2026-01-21T22:20:30+00:00","breadcrumb":{"@id":"https:\/\/pradas.net\/fr\/producto\/maq-modulo-de-reactivado-para-puntas-mod-rp\/#breadcrumb"},"inLanguage":"fr-FR","potentialAction":[{"@type":"ReadAction","target":["https:\/\/pradas.net\/fr\/producto\/maq-modulo-de-reactivado-para-puntas-mod-rp\/"]}]},{"@type":"ImageObject","inLanguage":"fr-FR","@id":"https:\/\/pradas.net\/fr\/producto\/maq-modulo-de-reactivado-para-puntas-mod-rp\/#primaryimage","url":"https:\/\/pradas.net\/wp-content\/uploads\/2025\/04\/MODULO-DE-REACTIVADO-PARA-PUNTAS-MOD.RP_.jpg","contentUrl":"https:\/\/pradas.net\/wp-content\/uploads\/2025\/04\/MODULO-DE-REACTIVADO-PARA-PUNTAS-MOD.RP_.jpg","width":358,"height":300},{"@type":"BreadcrumbList","@id":"https:\/\/pradas.net\/fr\/producto\/maq-modulo-de-reactivado-para-puntas-mod-rp\/#breadcrumb","itemListElement":[{"@type":"ListItem","position":1,"name":"Portada","item":"https:\/\/pradas.net\/fr\/accueil\/"},{"@type":"ListItem","position":2,"name":"Shop","item":"https:\/\/pradas.net\/?page_id=192"},{"@type":"ListItem","position":3,"name":"MODULE DE R\u00c9ACTIVATION POUR LES CONSEILS MOD.RP"}]},{"@type":"WebSite","@id":"https:\/\/pradas.net\/fr\/#website","url":"https:\/\/pradas.net\/fr\/","name":"Pradas","description":"","potentialAction":[{"@type":"SearchAction","target":{"@type":"EntryPoint","urlTemplate":"https:\/\/pradas.net\/fr\/?s={search_term_string}"},"query-input":{"@type":"PropertyValueSpecification","valueRequired":true,"valueName":"search_term_string"}}],"inLanguage":"fr-FR"}]}},"_links":{"self":[{"href":"https:\/\/pradas.net\/fr\/wp-json\/wp\/v2\/product\/7344","targetHints":{"allow":["GET"]}}],"collection":[{"href":"https:\/\/pradas.net\/fr\/wp-json\/wp\/v2\/product"}],"about":[{"href":"https:\/\/pradas.net\/fr\/wp-json\/wp\/v2\/types\/product"}],"replies":[{"embeddable":true,"href":"https:\/\/pradas.net\/fr\/wp-json\/wp\/v2\/comments?post=7344"}],"wp:featuredmedia":[{"embeddable":true,"href":"https:\/\/pradas.net\/fr\/wp-json\/wp\/v2\/media\/7347"}],"wp:attachment":[{"href":"https:\/\/pradas.net\/fr\/wp-json\/wp\/v2\/media?parent=7344"}],"wp:term":[{"taxonomy":"product_brand","embeddable":true,"href":"https:\/\/pradas.net\/fr\/wp-json\/wp\/v2\/product_brand?post=7344"},{"taxonomy":"product_cat","embeddable":true,"href":"https:\/\/pradas.net\/fr\/wp-json\/wp\/v2\/product_cat?post=7344"},{"taxonomy":"product_tag","embeddable":true,"href":"https:\/\/pradas.net\/fr\/wp-json\/wp\/v2\/product_tag?post=7344"}],"curies":[{"name":"wp","href":"https:\/\/api.w.org\/{rel}","templated":true}]}}