{"id":7350,"date":"2025-04-03T11:22:55","date_gmt":"2025-04-03T09:22:55","guid":{"rendered":"https:\/\/pradas.net\/?post_type=product&#038;p=7350"},"modified":"2026-01-21T23:20:29","modified_gmt":"2026-01-21T22:20:29","slug":"modulo-de-secado-2m-aire-caliente-mod-sec","status":"publish","type":"product","link":"https:\/\/pradas.net\/fr\/producto\/modulo-de-secado-2m-aire-caliente-mod-sec\/","title":{"rendered":"MODULE DE S\u00c9CHAGE 2M. MOD. AIR CHAUD SEC"},"content":{"rendered":"<p><iframe title=\"Via Semi Automatica Flexiline Aroca.\" width=\"800\" height=\"450\" src=\"https:\/\/www.youtube.com\/embed\/dL_RbfJLO7s?feature=oembed\" frameborder=\"0\" allow=\"accelerometer; autoplay; clipboard-write; encrypted-media; gyroscope; picture-in-picture; web-share\" referrerpolicy=\"strict-origin-when-cross-origin\" allowfullscreen><\/iframe><\/p>\n","protected":false},"excerpt":{"rendered":"<p><strong data-start=\"139\" data-end=\"386\">Ce module a \u00e9t\u00e9 con\u00e7u pour r\u00e9pondre aux besoins sp\u00e9cifiques des fabricants, en permettant un r\u00e9glage pr\u00e9cis des temps de s\u00e9chage et en assurant un \u00e9quilibre optimal entre productivit\u00e9 et efficacit\u00e9 sur la ligne de production.<\/strong><br data-start=\"386\" data-end=\"389\">Il est dot\u00e9 d&rsquo;une r\u00e9gulation de la temp\u00e9rature et d&rsquo;un d\u00e9bit d&rsquo;air \u00e9lev\u00e9, ce qui le rend id\u00e9al \u00e9galement pour le s\u00e9chage des colles \u00e0 base d&rsquo;eau.<br data-start=\"519\" data-end=\"522\">Une solution parfaite pour \u00e9viter les interruptions et maintenir la fluidit\u00e9 des processus de production, en \u00e9liminant les temps d&rsquo;attente li\u00e9s au s\u00e9chage.<\/p>\n","protected":false},"featured_media":7738,"comment_status":"open","ping_status":"closed","template":"","meta":[],"product_brand":[],"product_cat":[122,92],"product_tag":[123],"class_list":{"0":"post-7350","1":"product","2":"type-product","3":"status-publish","4":"has-post-thumbnail","6":"product_cat-chaussures","7":"product_cat-non-categorise","8":"product_tag-nueva-fr","10":"first","11":"instock","12":"shipping-taxable","13":"product-type-simple"},"yoast_head":"<!-- This site is optimized with the Yoast SEO plugin v27.3 - https:\/\/yoast.com\/product\/yoast-seo-wordpress\/ -->\n<title>MODULE DE S\u00c9CHAGE 2M. MOD. AIR CHAUD SEC | Pradas<\/title>\n<meta name=\"robots\" content=\"index, follow, max-snippet:-1, max-image-preview:large, max-video-preview:-1\" \/>\n<link rel=\"canonical\" href=\"https:\/\/pradas.net\/fr\/producto\/modulo-de-secado-2m-aire-caliente-mod-sec\/\" \/>\n<meta property=\"og:locale\" content=\"fr_FR\" \/>\n<meta property=\"og:type\" content=\"article\" \/>\n<meta property=\"og:title\" content=\"MODULE DE S\u00c9CHAGE 2M. MOD. AIR CHAUD SEC | Pradas\" \/>\n<meta property=\"og:description\" content=\"Ce module a \u00e9t\u00e9 con\u00e7u pour r\u00e9pondre aux besoins sp\u00e9cifiques des fabricants, en permettant un r\u00e9glage pr\u00e9cis des temps de s\u00e9chage et en assurant un \u00e9quilibre optimal entre productivit\u00e9 et efficacit\u00e9 sur la ligne de production.Il est dot\u00e9 d&#039;une r\u00e9gulation de la temp\u00e9rature et d&#039;un d\u00e9bit d&#039;air \u00e9lev\u00e9, ce qui le rend id\u00e9al \u00e9galement pour le s\u00e9chage des colles \u00e0 base d&#039;eau.Une solution parfaite pour \u00e9viter les interruptions et maintenir la fluidit\u00e9 des processus de production, en \u00e9liminant les temps d&#039;attente li\u00e9s au s\u00e9chage.\" \/>\n<meta property=\"og:url\" content=\"https:\/\/pradas.net\/fr\/producto\/modulo-de-secado-2m-aire-caliente-mod-sec\/\" \/>\n<meta property=\"og:site_name\" content=\"Pradas\" \/>\n<meta property=\"article:modified_time\" content=\"2026-01-21T22:20:29+00:00\" \/>\n<meta property=\"og:image\" content=\"https:\/\/pradas.net\/wp-content\/uploads\/2025\/04\/MODULO-DE-SECADO-2M.-AIRE-CALIENTE-MOD.-SEC.jpeg\" \/>\n\t<meta property=\"og:image:width\" content=\"1269\" \/>\n\t<meta property=\"og:image:height\" content=\"1365\" \/>\n\t<meta property=\"og:image:type\" content=\"image\/jpeg\" \/>\n<meta name=\"twitter:card\" content=\"summary_large_image\" \/>\n<script type=\"application\/ld+json\" class=\"yoast-schema-graph\">{\"@context\":\"https:\\\/\\\/schema.org\",\"@graph\":[{\"@type\":\"WebPage\",\"@id\":\"https:\\\/\\\/pradas.net\\\/fr\\\/producto\\\/modulo-de-secado-2m-aire-caliente-mod-sec\\\/\",\"url\":\"https:\\\/\\\/pradas.net\\\/fr\\\/producto\\\/modulo-de-secado-2m-aire-caliente-mod-sec\\\/\",\"name\":\"MODULE DE S\u00c9CHAGE 2M. MOD. AIR CHAUD SEC | Pradas\",\"isPartOf\":{\"@id\":\"https:\\\/\\\/pradas.net\\\/fr\\\/#website\"},\"primaryImageOfPage\":{\"@id\":\"https:\\\/\\\/pradas.net\\\/fr\\\/producto\\\/modulo-de-secado-2m-aire-caliente-mod-sec\\\/#primaryimage\"},\"image\":{\"@id\":\"https:\\\/\\\/pradas.net\\\/fr\\\/producto\\\/modulo-de-secado-2m-aire-caliente-mod-sec\\\/#primaryimage\"},\"thumbnailUrl\":\"https:\\\/\\\/pradas.net\\\/wp-content\\\/uploads\\\/2025\\\/04\\\/MODULO-DE-SECADO-2M.-AIRE-CALIENTE-MOD.-SEC.jpeg\",\"datePublished\":\"2025-04-03T09:22:55+00:00\",\"dateModified\":\"2026-01-21T22:20:29+00:00\",\"breadcrumb\":{\"@id\":\"https:\\\/\\\/pradas.net\\\/fr\\\/producto\\\/modulo-de-secado-2m-aire-caliente-mod-sec\\\/#breadcrumb\"},\"inLanguage\":\"fr-FR\",\"potentialAction\":[{\"@type\":\"ReadAction\",\"target\":[\"https:\\\/\\\/pradas.net\\\/fr\\\/producto\\\/modulo-de-secado-2m-aire-caliente-mod-sec\\\/\"]}]},{\"@type\":\"ImageObject\",\"inLanguage\":\"fr-FR\",\"@id\":\"https:\\\/\\\/pradas.net\\\/fr\\\/producto\\\/modulo-de-secado-2m-aire-caliente-mod-sec\\\/#primaryimage\",\"url\":\"https:\\\/\\\/pradas.net\\\/wp-content\\\/uploads\\\/2025\\\/04\\\/MODULO-DE-SECADO-2M.-AIRE-CALIENTE-MOD.-SEC.jpeg\",\"contentUrl\":\"https:\\\/\\\/pradas.net\\\/wp-content\\\/uploads\\\/2025\\\/04\\\/MODULO-DE-SECADO-2M.-AIRE-CALIENTE-MOD.-SEC.jpeg\",\"width\":1269,\"height\":1365},{\"@type\":\"BreadcrumbList\",\"@id\":\"https:\\\/\\\/pradas.net\\\/fr\\\/producto\\\/modulo-de-secado-2m-aire-caliente-mod-sec\\\/#breadcrumb\",\"itemListElement\":[{\"@type\":\"ListItem\",\"position\":1,\"name\":\"Portada\",\"item\":\"https:\\\/\\\/pradas.net\\\/fr\\\/accueil\\\/\"},{\"@type\":\"ListItem\",\"position\":2,\"name\":\"Shop\",\"item\":\"https:\\\/\\\/pradas.net\\\/?page_id=192\"},{\"@type\":\"ListItem\",\"position\":3,\"name\":\"MODULE DE S\u00c9CHAGE 2M. MOD. AIR CHAUD SEC\"}]},{\"@type\":\"WebSite\",\"@id\":\"https:\\\/\\\/pradas.net\\\/fr\\\/#website\",\"url\":\"https:\\\/\\\/pradas.net\\\/fr\\\/\",\"name\":\"Pradas\",\"description\":\"\",\"potentialAction\":[{\"@type\":\"SearchAction\",\"target\":{\"@type\":\"EntryPoint\",\"urlTemplate\":\"https:\\\/\\\/pradas.net\\\/fr\\\/?s={search_term_string}\"},\"query-input\":{\"@type\":\"PropertyValueSpecification\",\"valueRequired\":true,\"valueName\":\"search_term_string\"}}],\"inLanguage\":\"fr-FR\"}]}<\/script>\n<!-- \/ Yoast SEO plugin. -->","yoast_head_json":{"title":"MODULE DE S\u00c9CHAGE 2M. MOD. AIR CHAUD SEC | Pradas","robots":{"index":"index","follow":"follow","max-snippet":"max-snippet:-1","max-image-preview":"max-image-preview:large","max-video-preview":"max-video-preview:-1"},"canonical":"https:\/\/pradas.net\/fr\/producto\/modulo-de-secado-2m-aire-caliente-mod-sec\/","og_locale":"fr_FR","og_type":"article","og_title":"MODULE DE S\u00c9CHAGE 2M. MOD. AIR CHAUD SEC | Pradas","og_description":"Ce module a \u00e9t\u00e9 con\u00e7u pour r\u00e9pondre aux besoins sp\u00e9cifiques des fabricants, en permettant un r\u00e9glage pr\u00e9cis des temps de s\u00e9chage et en assurant un \u00e9quilibre optimal entre productivit\u00e9 et efficacit\u00e9 sur la ligne de production.Il est dot\u00e9 d'une r\u00e9gulation de la temp\u00e9rature et d'un d\u00e9bit d'air \u00e9lev\u00e9, ce qui le rend id\u00e9al \u00e9galement pour le s\u00e9chage des colles \u00e0 base d'eau.Une solution parfaite pour \u00e9viter les interruptions et maintenir la fluidit\u00e9 des processus de production, en \u00e9liminant les temps d'attente li\u00e9s au s\u00e9chage.","og_url":"https:\/\/pradas.net\/fr\/producto\/modulo-de-secado-2m-aire-caliente-mod-sec\/","og_site_name":"Pradas","article_modified_time":"2026-01-21T22:20:29+00:00","og_image":[{"width":1269,"height":1365,"url":"https:\/\/pradas.net\/wp-content\/uploads\/2025\/04\/MODULO-DE-SECADO-2M.-AIRE-CALIENTE-MOD.-SEC.jpeg","type":"image\/jpeg"}],"twitter_card":"summary_large_image","schema":{"@context":"https:\/\/schema.org","@graph":[{"@type":"WebPage","@id":"https:\/\/pradas.net\/fr\/producto\/modulo-de-secado-2m-aire-caliente-mod-sec\/","url":"https:\/\/pradas.net\/fr\/producto\/modulo-de-secado-2m-aire-caliente-mod-sec\/","name":"MODULE DE S\u00c9CHAGE 2M. MOD. AIR CHAUD SEC | Pradas","isPartOf":{"@id":"https:\/\/pradas.net\/fr\/#website"},"primaryImageOfPage":{"@id":"https:\/\/pradas.net\/fr\/producto\/modulo-de-secado-2m-aire-caliente-mod-sec\/#primaryimage"},"image":{"@id":"https:\/\/pradas.net\/fr\/producto\/modulo-de-secado-2m-aire-caliente-mod-sec\/#primaryimage"},"thumbnailUrl":"https:\/\/pradas.net\/wp-content\/uploads\/2025\/04\/MODULO-DE-SECADO-2M.-AIRE-CALIENTE-MOD.-SEC.jpeg","datePublished":"2025-04-03T09:22:55+00:00","dateModified":"2026-01-21T22:20:29+00:00","breadcrumb":{"@id":"https:\/\/pradas.net\/fr\/producto\/modulo-de-secado-2m-aire-caliente-mod-sec\/#breadcrumb"},"inLanguage":"fr-FR","potentialAction":[{"@type":"ReadAction","target":["https:\/\/pradas.net\/fr\/producto\/modulo-de-secado-2m-aire-caliente-mod-sec\/"]}]},{"@type":"ImageObject","inLanguage":"fr-FR","@id":"https:\/\/pradas.net\/fr\/producto\/modulo-de-secado-2m-aire-caliente-mod-sec\/#primaryimage","url":"https:\/\/pradas.net\/wp-content\/uploads\/2025\/04\/MODULO-DE-SECADO-2M.-AIRE-CALIENTE-MOD.-SEC.jpeg","contentUrl":"https:\/\/pradas.net\/wp-content\/uploads\/2025\/04\/MODULO-DE-SECADO-2M.-AIRE-CALIENTE-MOD.-SEC.jpeg","width":1269,"height":1365},{"@type":"BreadcrumbList","@id":"https:\/\/pradas.net\/fr\/producto\/modulo-de-secado-2m-aire-caliente-mod-sec\/#breadcrumb","itemListElement":[{"@type":"ListItem","position":1,"name":"Portada","item":"https:\/\/pradas.net\/fr\/accueil\/"},{"@type":"ListItem","position":2,"name":"Shop","item":"https:\/\/pradas.net\/?page_id=192"},{"@type":"ListItem","position":3,"name":"MODULE DE S\u00c9CHAGE 2M. MOD. AIR CHAUD SEC"}]},{"@type":"WebSite","@id":"https:\/\/pradas.net\/fr\/#website","url":"https:\/\/pradas.net\/fr\/","name":"Pradas","description":"","potentialAction":[{"@type":"SearchAction","target":{"@type":"EntryPoint","urlTemplate":"https:\/\/pradas.net\/fr\/?s={search_term_string}"},"query-input":{"@type":"PropertyValueSpecification","valueRequired":true,"valueName":"search_term_string"}}],"inLanguage":"fr-FR"}]}},"_links":{"self":[{"href":"https:\/\/pradas.net\/fr\/wp-json\/wp\/v2\/product\/7350","targetHints":{"allow":["GET"]}}],"collection":[{"href":"https:\/\/pradas.net\/fr\/wp-json\/wp\/v2\/product"}],"about":[{"href":"https:\/\/pradas.net\/fr\/wp-json\/wp\/v2\/types\/product"}],"replies":[{"embeddable":true,"href":"https:\/\/pradas.net\/fr\/wp-json\/wp\/v2\/comments?post=7350"}],"wp:featuredmedia":[{"embeddable":true,"href":"https:\/\/pradas.net\/fr\/wp-json\/wp\/v2\/media\/7738"}],"wp:attachment":[{"href":"https:\/\/pradas.net\/fr\/wp-json\/wp\/v2\/media?parent=7350"}],"wp:term":[{"taxonomy":"product_brand","embeddable":true,"href":"https:\/\/pradas.net\/fr\/wp-json\/wp\/v2\/product_brand?post=7350"},{"taxonomy":"product_cat","embeddable":true,"href":"https:\/\/pradas.net\/fr\/wp-json\/wp\/v2\/product_cat?post=7350"},{"taxonomy":"product_tag","embeddable":true,"href":"https:\/\/pradas.net\/fr\/wp-json\/wp\/v2\/product_tag?post=7350"}],"curies":[{"name":"wp","href":"https:\/\/api.w.org\/{rel}","templated":true}]}}