{"id":7356,"date":"2025-04-03T11:32:04","date_gmt":"2025-04-03T09:32:04","guid":{"rendered":"https:\/\/pradas.net\/?post_type=product&#038;p=7356"},"modified":"2026-01-21T23:20:28","modified_gmt":"2026-01-21T22:20:28","slug":"modulo-reactivacion-para-pegado-2-nive-rpz-2-plus","status":"publish","type":"product","link":"https:\/\/pradas.net\/fr\/producto\/modulo-reactivacion-para-pegado-2-nive-rpz-2-plus\/","title":{"rendered":"MODULE DE R\u00c9ACTIVATION POUR LE COLLAGE DE 2 NIVEAUX. RPZ-2-PLUS"},"content":{"rendered":"<p><iframe title=\"Via Semi Automatica Flexiline Aroca.\" width=\"800\" height=\"450\" src=\"https:\/\/www.youtube.com\/embed\/dL_RbfJLO7s?feature=oembed\" frameborder=\"0\" allow=\"accelerometer; autoplay; clipboard-write; encrypted-media; gyroscope; picture-in-picture; web-share\" referrerpolicy=\"strict-origin-when-cross-origin\" allowfullscreen><\/iframe><\/p>\n","protected":false},"excerpt":{"rendered":"<p>&nbsp;<\/p>\n<p class=\"\" data-start=\"0\" data-end=\"60\">L&rsquo;un des principaux avantages de ce module est le suivant :<\/p>\n<p class=\"\" data-start=\"62\" data-end=\"517\">&#8211; <strong data-start=\"64\" data-end=\"118\">Facilit\u00e9 et efficacit\u00e9 du processus d&rsquo;activation<\/strong>: en plus de remplir sa fonction principale d&rsquo;activation de la semelle et de la coupe d\u00e9j\u00e0 assembl\u00e9es, l <strong data-start=\"202\" data-end=\"289\">&lsquo;op\u00e9rateur n&rsquo;a pas besoin d&rsquo;ins\u00e9rer manuellement ces \u00e9l\u00e9ments dans l&rsquo;activateur<\/strong>, puisqu&rsquo;ils <strong data-start=\"298\" data-end=\"375\">arrivent automatiquement transport\u00e9s par les chariots \u00e0 chenilles \u00ab\u00a0Flexiline\u00a0\u00bb.<\/strong> Cela permet non seulement <strong data-start=\"390\" data-end=\"419\">de r\u00e9duire l&rsquo;effort manuel<\/strong>, mais aussi d <strong data-start=\"438\" data-end=\"476\">&lsquo;optimiser les temps de production<\/strong> et de <strong data-start=\"479\" data-end=\"516\">minimiser les erreurs d&rsquo;installation<\/strong>. <\/p>\n<p class=\"\" data-start=\"519\" data-end=\"926\">&#8211; <strong data-start=\"521\" data-end=\"562\">Console de programmation personnalis\u00e9e<\/strong>: le syst\u00e8me est dot\u00e9 d&rsquo;une console de programmation qui permet de <strong data-start=\"626\" data-end=\"720\">m\u00e9moriser les temp\u00e9ratures et les temps d&rsquo;activation ind\u00e9pendamment pour les semelles et les chaussures<\/strong>, en s&rsquo;adaptant aux besoins sp\u00e9cifiques de chaque article. Cette caract\u00e9ristique garantit la <strong data-start=\"812\" data-end=\"841\">pr\u00e9cision et la r\u00e9p\u00e9tabilit\u00e9<\/strong>, ce qui <strong data-start=\"850\" data-end=\"890\">am\u00e9liore la qualit\u00e9 du produit final<\/strong> et facilite le travail de l&rsquo;op\u00e9rateur. <\/p>\n<p class=\"\" data-start=\"928\" data-end=\"1095\">\ud83d\udd27 En bref, ce module offre une <strong data-start=\"966\" data-end=\"993\">automatisation<\/strong> et une <strong data-start=\"1000\" data-end=\"1038\">flexibilit\u00e9 de configuration<\/strong> <strong data-start=\"966\" data-end=\"993\">avanc\u00e9es<\/strong>, id\u00e9ales pour les environnements de production modernes et exigeants.<\/p>\n","protected":false},"featured_media":7732,"comment_status":"open","ping_status":"closed","template":"","meta":[],"product_brand":[],"product_cat":[122,92],"product_tag":[123],"class_list":{"0":"post-7356","1":"product","2":"type-product","3":"status-publish","4":"has-post-thumbnail","6":"product_cat-chaussures","7":"product_cat-non-categorise","8":"product_tag-nueva-fr","10":"first","11":"instock","12":"shipping-taxable","13":"product-type-simple"},"yoast_head":"<!-- This site is optimized with the Yoast SEO plugin v27.3 - https:\/\/yoast.com\/product\/yoast-seo-wordpress\/ -->\n<title>MODULE DE R\u00c9ACTIVATION POUR LE COLLAGE DE 2 NIVEAUX. RPZ-2-PLUS | Pradas<\/title>\n<meta name=\"robots\" content=\"index, follow, max-snippet:-1, max-image-preview:large, max-video-preview:-1\" \/>\n<link rel=\"canonical\" href=\"https:\/\/pradas.net\/fr\/producto\/modulo-reactivacion-para-pegado-2-nive-rpz-2-plus\/\" \/>\n<meta property=\"og:locale\" content=\"fr_FR\" \/>\n<meta property=\"og:type\" content=\"article\" \/>\n<meta property=\"og:title\" content=\"MODULE DE R\u00c9ACTIVATION POUR LE COLLAGE DE 2 NIVEAUX. RPZ-2-PLUS | Pradas\" \/>\n<meta property=\"og:description\" content=\"&nbsp; L&#039;un des principaux avantages de ce module est le suivant : - Facilit\u00e9 et efficacit\u00e9 du processus d&#039;activation: en plus de remplir sa fonction principale d&#039;activation de la semelle et de la coupe d\u00e9j\u00e0 assembl\u00e9es, l &#039;op\u00e9rateur n&#039;a pas besoin d&#039;ins\u00e9rer manuellement ces \u00e9l\u00e9ments dans l&#039;activateur, puisqu&#039;ils arrivent automatiquement transport\u00e9s par les chariots \u00e0 chenilles &quot;Flexiline&quot;. Cela permet non seulement de r\u00e9duire l&#039;effort manuel, mais aussi d &#039;optimiser les temps de production et de minimiser les erreurs d&#039;installation. - Console de programmation personnalis\u00e9e: le syst\u00e8me est dot\u00e9 d&#039;une console de programmation qui permet de m\u00e9moriser les temp\u00e9ratures et les temps d&#039;activation ind\u00e9pendamment pour les semelles et les chaussures, en s&#039;adaptant aux besoins sp\u00e9cifiques de chaque article. Cette caract\u00e9ristique garantit la pr\u00e9cision et la r\u00e9p\u00e9tabilit\u00e9, ce qui am\u00e9liore la qualit\u00e9 du produit final et facilite le travail de l&#039;op\u00e9rateur. \ud83d\udd27 En bref, ce module offre une automatisation et une flexibilit\u00e9 de configuration avanc\u00e9es, id\u00e9ales pour les environnements de production modernes et exigeants.\" \/>\n<meta property=\"og:url\" content=\"https:\/\/pradas.net\/fr\/producto\/modulo-reactivacion-para-pegado-2-nive-rpz-2-plus\/\" \/>\n<meta property=\"og:site_name\" content=\"Pradas\" \/>\n<meta property=\"article:modified_time\" content=\"2026-01-21T22:20:28+00:00\" \/>\n<meta property=\"og:image\" content=\"https:\/\/pradas.net\/wp-content\/uploads\/2025\/04\/MODULO-REACTIVACION-PARA-PEGADO-RPZ-2-PLUS.jpeg\" \/>\n\t<meta property=\"og:image:width\" content=\"848\" \/>\n\t<meta property=\"og:image:height\" content=\"1365\" \/>\n\t<meta property=\"og:image:type\" content=\"image\/jpeg\" \/>\n<meta name=\"twitter:card\" content=\"summary_large_image\" \/>\n<script type=\"application\/ld+json\" class=\"yoast-schema-graph\">{\"@context\":\"https:\\\/\\\/schema.org\",\"@graph\":[{\"@type\":\"WebPage\",\"@id\":\"https:\\\/\\\/pradas.net\\\/fr\\\/producto\\\/modulo-reactivacion-para-pegado-2-nive-rpz-2-plus\\\/\",\"url\":\"https:\\\/\\\/pradas.net\\\/fr\\\/producto\\\/modulo-reactivacion-para-pegado-2-nive-rpz-2-plus\\\/\",\"name\":\"MODULE DE R\u00c9ACTIVATION POUR LE COLLAGE DE 2 NIVEAUX. RPZ-2-PLUS | Pradas\",\"isPartOf\":{\"@id\":\"https:\\\/\\\/pradas.net\\\/fr\\\/#website\"},\"primaryImageOfPage\":{\"@id\":\"https:\\\/\\\/pradas.net\\\/fr\\\/producto\\\/modulo-reactivacion-para-pegado-2-nive-rpz-2-plus\\\/#primaryimage\"},\"image\":{\"@id\":\"https:\\\/\\\/pradas.net\\\/fr\\\/producto\\\/modulo-reactivacion-para-pegado-2-nive-rpz-2-plus\\\/#primaryimage\"},\"thumbnailUrl\":\"https:\\\/\\\/pradas.net\\\/wp-content\\\/uploads\\\/2025\\\/04\\\/MODULO-REACTIVACION-PARA-PEGADO-RPZ-2-PLUS.jpeg\",\"datePublished\":\"2025-04-03T09:32:04+00:00\",\"dateModified\":\"2026-01-21T22:20:28+00:00\",\"breadcrumb\":{\"@id\":\"https:\\\/\\\/pradas.net\\\/fr\\\/producto\\\/modulo-reactivacion-para-pegado-2-nive-rpz-2-plus\\\/#breadcrumb\"},\"inLanguage\":\"fr-FR\",\"potentialAction\":[{\"@type\":\"ReadAction\",\"target\":[\"https:\\\/\\\/pradas.net\\\/fr\\\/producto\\\/modulo-reactivacion-para-pegado-2-nive-rpz-2-plus\\\/\"]}]},{\"@type\":\"ImageObject\",\"inLanguage\":\"fr-FR\",\"@id\":\"https:\\\/\\\/pradas.net\\\/fr\\\/producto\\\/modulo-reactivacion-para-pegado-2-nive-rpz-2-plus\\\/#primaryimage\",\"url\":\"https:\\\/\\\/pradas.net\\\/wp-content\\\/uploads\\\/2025\\\/04\\\/MODULO-REACTIVACION-PARA-PEGADO-RPZ-2-PLUS.jpeg\",\"contentUrl\":\"https:\\\/\\\/pradas.net\\\/wp-content\\\/uploads\\\/2025\\\/04\\\/MODULO-REACTIVACION-PARA-PEGADO-RPZ-2-PLUS.jpeg\",\"width\":848,\"height\":1365},{\"@type\":\"BreadcrumbList\",\"@id\":\"https:\\\/\\\/pradas.net\\\/fr\\\/producto\\\/modulo-reactivacion-para-pegado-2-nive-rpz-2-plus\\\/#breadcrumb\",\"itemListElement\":[{\"@type\":\"ListItem\",\"position\":1,\"name\":\"Portada\",\"item\":\"https:\\\/\\\/pradas.net\\\/fr\\\/accueil\\\/\"},{\"@type\":\"ListItem\",\"position\":2,\"name\":\"Shop\",\"item\":\"https:\\\/\\\/pradas.net\\\/?page_id=192\"},{\"@type\":\"ListItem\",\"position\":3,\"name\":\"MODULE DE R\u00c9ACTIVATION POUR LE COLLAGE DE 2 NIVEAUX. RPZ-2-PLUS\"}]},{\"@type\":\"WebSite\",\"@id\":\"https:\\\/\\\/pradas.net\\\/fr\\\/#website\",\"url\":\"https:\\\/\\\/pradas.net\\\/fr\\\/\",\"name\":\"Pradas\",\"description\":\"\",\"potentialAction\":[{\"@type\":\"SearchAction\",\"target\":{\"@type\":\"EntryPoint\",\"urlTemplate\":\"https:\\\/\\\/pradas.net\\\/fr\\\/?s={search_term_string}\"},\"query-input\":{\"@type\":\"PropertyValueSpecification\",\"valueRequired\":true,\"valueName\":\"search_term_string\"}}],\"inLanguage\":\"fr-FR\"}]}<\/script>\n<!-- \/ Yoast SEO plugin. -->","yoast_head_json":{"title":"MODULE DE R\u00c9ACTIVATION POUR LE COLLAGE DE 2 NIVEAUX. RPZ-2-PLUS | Pradas","robots":{"index":"index","follow":"follow","max-snippet":"max-snippet:-1","max-image-preview":"max-image-preview:large","max-video-preview":"max-video-preview:-1"},"canonical":"https:\/\/pradas.net\/fr\/producto\/modulo-reactivacion-para-pegado-2-nive-rpz-2-plus\/","og_locale":"fr_FR","og_type":"article","og_title":"MODULE DE R\u00c9ACTIVATION POUR LE COLLAGE DE 2 NIVEAUX. RPZ-2-PLUS | Pradas","og_description":"&nbsp; L'un des principaux avantages de ce module est le suivant : - Facilit\u00e9 et efficacit\u00e9 du processus d'activation: en plus de remplir sa fonction principale d'activation de la semelle et de la coupe d\u00e9j\u00e0 assembl\u00e9es, l 'op\u00e9rateur n'a pas besoin d'ins\u00e9rer manuellement ces \u00e9l\u00e9ments dans l'activateur, puisqu'ils arrivent automatiquement transport\u00e9s par les chariots \u00e0 chenilles \"Flexiline\". Cela permet non seulement de r\u00e9duire l'effort manuel, mais aussi d 'optimiser les temps de production et de minimiser les erreurs d'installation. - Console de programmation personnalis\u00e9e: le syst\u00e8me est dot\u00e9 d'une console de programmation qui permet de m\u00e9moriser les temp\u00e9ratures et les temps d'activation ind\u00e9pendamment pour les semelles et les chaussures, en s'adaptant aux besoins sp\u00e9cifiques de chaque article. Cette caract\u00e9ristique garantit la pr\u00e9cision et la r\u00e9p\u00e9tabilit\u00e9, ce qui am\u00e9liore la qualit\u00e9 du produit final et facilite le travail de l'op\u00e9rateur. \ud83d\udd27 En bref, ce module offre une automatisation et une flexibilit\u00e9 de configuration avanc\u00e9es, id\u00e9ales pour les environnements de production modernes et exigeants.","og_url":"https:\/\/pradas.net\/fr\/producto\/modulo-reactivacion-para-pegado-2-nive-rpz-2-plus\/","og_site_name":"Pradas","article_modified_time":"2026-01-21T22:20:28+00:00","og_image":[{"width":848,"height":1365,"url":"https:\/\/pradas.net\/wp-content\/uploads\/2025\/04\/MODULO-REACTIVACION-PARA-PEGADO-RPZ-2-PLUS.jpeg","type":"image\/jpeg"}],"twitter_card":"summary_large_image","schema":{"@context":"https:\/\/schema.org","@graph":[{"@type":"WebPage","@id":"https:\/\/pradas.net\/fr\/producto\/modulo-reactivacion-para-pegado-2-nive-rpz-2-plus\/","url":"https:\/\/pradas.net\/fr\/producto\/modulo-reactivacion-para-pegado-2-nive-rpz-2-plus\/","name":"MODULE DE R\u00c9ACTIVATION POUR LE COLLAGE DE 2 NIVEAUX. RPZ-2-PLUS | Pradas","isPartOf":{"@id":"https:\/\/pradas.net\/fr\/#website"},"primaryImageOfPage":{"@id":"https:\/\/pradas.net\/fr\/producto\/modulo-reactivacion-para-pegado-2-nive-rpz-2-plus\/#primaryimage"},"image":{"@id":"https:\/\/pradas.net\/fr\/producto\/modulo-reactivacion-para-pegado-2-nive-rpz-2-plus\/#primaryimage"},"thumbnailUrl":"https:\/\/pradas.net\/wp-content\/uploads\/2025\/04\/MODULO-REACTIVACION-PARA-PEGADO-RPZ-2-PLUS.jpeg","datePublished":"2025-04-03T09:32:04+00:00","dateModified":"2026-01-21T22:20:28+00:00","breadcrumb":{"@id":"https:\/\/pradas.net\/fr\/producto\/modulo-reactivacion-para-pegado-2-nive-rpz-2-plus\/#breadcrumb"},"inLanguage":"fr-FR","potentialAction":[{"@type":"ReadAction","target":["https:\/\/pradas.net\/fr\/producto\/modulo-reactivacion-para-pegado-2-nive-rpz-2-plus\/"]}]},{"@type":"ImageObject","inLanguage":"fr-FR","@id":"https:\/\/pradas.net\/fr\/producto\/modulo-reactivacion-para-pegado-2-nive-rpz-2-plus\/#primaryimage","url":"https:\/\/pradas.net\/wp-content\/uploads\/2025\/04\/MODULO-REACTIVACION-PARA-PEGADO-RPZ-2-PLUS.jpeg","contentUrl":"https:\/\/pradas.net\/wp-content\/uploads\/2025\/04\/MODULO-REACTIVACION-PARA-PEGADO-RPZ-2-PLUS.jpeg","width":848,"height":1365},{"@type":"BreadcrumbList","@id":"https:\/\/pradas.net\/fr\/producto\/modulo-reactivacion-para-pegado-2-nive-rpz-2-plus\/#breadcrumb","itemListElement":[{"@type":"ListItem","position":1,"name":"Portada","item":"https:\/\/pradas.net\/fr\/accueil\/"},{"@type":"ListItem","position":2,"name":"Shop","item":"https:\/\/pradas.net\/?page_id=192"},{"@type":"ListItem","position":3,"name":"MODULE DE R\u00c9ACTIVATION POUR LE COLLAGE DE 2 NIVEAUX. RPZ-2-PLUS"}]},{"@type":"WebSite","@id":"https:\/\/pradas.net\/fr\/#website","url":"https:\/\/pradas.net\/fr\/","name":"Pradas","description":"","potentialAction":[{"@type":"SearchAction","target":{"@type":"EntryPoint","urlTemplate":"https:\/\/pradas.net\/fr\/?s={search_term_string}"},"query-input":{"@type":"PropertyValueSpecification","valueRequired":true,"valueName":"search_term_string"}}],"inLanguage":"fr-FR"}]}},"_links":{"self":[{"href":"https:\/\/pradas.net\/fr\/wp-json\/wp\/v2\/product\/7356","targetHints":{"allow":["GET"]}}],"collection":[{"href":"https:\/\/pradas.net\/fr\/wp-json\/wp\/v2\/product"}],"about":[{"href":"https:\/\/pradas.net\/fr\/wp-json\/wp\/v2\/types\/product"}],"replies":[{"embeddable":true,"href":"https:\/\/pradas.net\/fr\/wp-json\/wp\/v2\/comments?post=7356"}],"wp:featuredmedia":[{"embeddable":true,"href":"https:\/\/pradas.net\/fr\/wp-json\/wp\/v2\/media\/7732"}],"wp:attachment":[{"href":"https:\/\/pradas.net\/fr\/wp-json\/wp\/v2\/media?parent=7356"}],"wp:term":[{"taxonomy":"product_brand","embeddable":true,"href":"https:\/\/pradas.net\/fr\/wp-json\/wp\/v2\/product_brand?post=7356"},{"taxonomy":"product_cat","embeddable":true,"href":"https:\/\/pradas.net\/fr\/wp-json\/wp\/v2\/product_cat?post=7356"},{"taxonomy":"product_tag","embeddable":true,"href":"https:\/\/pradas.net\/fr\/wp-json\/wp\/v2\/product_tag?post=7356"}],"curies":[{"name":"wp","href":"https:\/\/api.w.org\/{rel}","templated":true}]}}