{"id":7476,"date":"2025-01-20T18:33:52","date_gmt":"2025-01-20T17:33:52","guid":{"rendered":"https:\/\/pradas.net\/producto\/poix-310300043-ambre-pain-de-055-kg\/"},"modified":"2026-01-21T23:19:46","modified_gmt":"2026-01-21T22:19:46","slug":"poix-310300043-ambre-pain-de-055-kg","status":"publish","type":"product","link":"https:\/\/pradas.net\/fr\/producto\/poix-310300043-ambre-pain-de-055-kg\/","title":{"rendered":"POIX 310300043 AMBRE PAIN DE 0,55 KG"},"content":{"rendered":"<p>Le but de l&rsquo;utilisation est que le fil passe \u00e0 travers le d\u00e9p\u00f4t o\u00f9 la cire est dilu\u00e9e par la chaleur du d\u00e9p\u00f4t et une fois que la cl\u00f4ture est \u00e9piss\u00e9e (cousue) au mur, la cire se cristallise en cr\u00e9ant une fixation et un scellement qui \u00e9vite le d\u00e9collement, garantissant la s\u00e9curit\u00e9 du processus et l&rsquo;obtention d&rsquo;un r\u00e9sultat durable et parfait.<\/p>\n","protected":false},"excerpt":{"rendered":"<p>Le but de l&rsquo;utilisation est que le fil passe \u00e0 travers le d\u00e9p\u00f4t o\u00f9 la cire est dilu\u00e9e par la chaleur du d\u00e9p\u00f4t et une fois que la cl\u00f4ture est \u00e9piss\u00e9e (cousue) au mur, la cire se cristallise en cr\u00e9ant une fixation et un scellement qui \u00e9vite le d\u00e9collement, garantissant la s\u00e9curit\u00e9 du processus et [&hellip;]<\/p>\n","protected":false},"featured_media":5638,"comment_status":"open","ping_status":"closed","template":"","meta":[],"product_brand":[],"product_cat":[157,148],"product_tag":[],"class_list":{"0":"post-7476","1":"product","2":"type-product","3":"status-publish","4":"has-post-thumbnail","6":"product_cat-cires-pate-a-polir-et-a-faire-luire","7":"product_cat-consommables","9":"first","10":"instock","11":"shipping-taxable","12":"product-type-simple"},"yoast_head":"<!-- This site is optimized with the Yoast SEO plugin v27.3 - https:\/\/yoast.com\/product\/yoast-seo-wordpress\/ -->\n<title>POIX 310300043 AMBRE PAIN DE 0,55 KG | Pradas<\/title>\n<meta name=\"robots\" content=\"index, follow, max-snippet:-1, max-image-preview:large, max-video-preview:-1\" \/>\n<link rel=\"canonical\" href=\"https:\/\/pradas.net\/fr\/producto\/poix-310300043-ambre-pain-de-055-kg\/\" \/>\n<meta property=\"og:locale\" content=\"fr_FR\" \/>\n<meta property=\"og:type\" content=\"article\" \/>\n<meta property=\"og:title\" content=\"POIX 310300043 AMBRE PAIN DE 0,55 KG | Pradas\" \/>\n<meta property=\"og:description\" content=\"Le but de l&rsquo;utilisation est que le fil passe \u00e0 travers le d\u00e9p\u00f4t o\u00f9 la cire est dilu\u00e9e par la chaleur du d\u00e9p\u00f4t et une fois que la cl\u00f4ture est \u00e9piss\u00e9e (cousue) au mur, la cire se cristallise en cr\u00e9ant une fixation et un scellement qui \u00e9vite le d\u00e9collement, garantissant la s\u00e9curit\u00e9 du processus et [&hellip;]\" \/>\n<meta property=\"og:url\" content=\"https:\/\/pradas.net\/fr\/producto\/poix-310300043-ambre-pain-de-055-kg\/\" \/>\n<meta property=\"og:site_name\" content=\"Pradas\" \/>\n<meta property=\"article:modified_time\" content=\"2026-01-21T22:19:46+00:00\" \/>\n<meta property=\"og:image\" content=\"https:\/\/pradas.net\/wp-content\/uploads\/2025\/01\/b1191d6d-3144-4b41-8f41-45d2292d0dd5.jpg\" \/>\n\t<meta property=\"og:image:width\" content=\"1024\" \/>\n\t<meta property=\"og:image:height\" content=\"1024\" \/>\n\t<meta property=\"og:image:type\" content=\"image\/jpeg\" \/>\n<meta name=\"twitter:card\" content=\"summary_large_image\" \/>\n<script type=\"application\/ld+json\" class=\"yoast-schema-graph\">{\"@context\":\"https:\\\/\\\/schema.org\",\"@graph\":[{\"@type\":\"WebPage\",\"@id\":\"https:\\\/\\\/pradas.net\\\/fr\\\/producto\\\/poix-310300043-ambre-pain-de-055-kg\\\/\",\"url\":\"https:\\\/\\\/pradas.net\\\/fr\\\/producto\\\/poix-310300043-ambre-pain-de-055-kg\\\/\",\"name\":\"POIX 310300043 AMBRE PAIN DE 0,55 KG | Pradas\",\"isPartOf\":{\"@id\":\"https:\\\/\\\/pradas.net\\\/fr\\\/#website\"},\"primaryImageOfPage\":{\"@id\":\"https:\\\/\\\/pradas.net\\\/fr\\\/producto\\\/poix-310300043-ambre-pain-de-055-kg\\\/#primaryimage\"},\"image\":{\"@id\":\"https:\\\/\\\/pradas.net\\\/fr\\\/producto\\\/poix-310300043-ambre-pain-de-055-kg\\\/#primaryimage\"},\"thumbnailUrl\":\"https:\\\/\\\/pradas.net\\\/wp-content\\\/uploads\\\/2025\\\/01\\\/b1191d6d-3144-4b41-8f41-45d2292d0dd5.jpg\",\"datePublished\":\"2025-01-20T17:33:52+00:00\",\"dateModified\":\"2026-01-21T22:19:46+00:00\",\"breadcrumb\":{\"@id\":\"https:\\\/\\\/pradas.net\\\/fr\\\/producto\\\/poix-310300043-ambre-pain-de-055-kg\\\/#breadcrumb\"},\"inLanguage\":\"fr-FR\",\"potentialAction\":[{\"@type\":\"ReadAction\",\"target\":[\"https:\\\/\\\/pradas.net\\\/fr\\\/producto\\\/poix-310300043-ambre-pain-de-055-kg\\\/\"]}]},{\"@type\":\"ImageObject\",\"inLanguage\":\"fr-FR\",\"@id\":\"https:\\\/\\\/pradas.net\\\/fr\\\/producto\\\/poix-310300043-ambre-pain-de-055-kg\\\/#primaryimage\",\"url\":\"https:\\\/\\\/pradas.net\\\/wp-content\\\/uploads\\\/2025\\\/01\\\/b1191d6d-3144-4b41-8f41-45d2292d0dd5.jpg\",\"contentUrl\":\"https:\\\/\\\/pradas.net\\\/wp-content\\\/uploads\\\/2025\\\/01\\\/b1191d6d-3144-4b41-8f41-45d2292d0dd5.jpg\",\"width\":1024,\"height\":1024},{\"@type\":\"BreadcrumbList\",\"@id\":\"https:\\\/\\\/pradas.net\\\/fr\\\/producto\\\/poix-310300043-ambre-pain-de-055-kg\\\/#breadcrumb\",\"itemListElement\":[{\"@type\":\"ListItem\",\"position\":1,\"name\":\"Portada\",\"item\":\"https:\\\/\\\/pradas.net\\\/fr\\\/accueil\\\/\"},{\"@type\":\"ListItem\",\"position\":2,\"name\":\"Shop\",\"item\":\"https:\\\/\\\/pradas.net\\\/?page_id=192\"},{\"@type\":\"ListItem\",\"position\":3,\"name\":\"POIX 310300043 AMBRE PAIN DE 0,55 KG\"}]},{\"@type\":\"WebSite\",\"@id\":\"https:\\\/\\\/pradas.net\\\/fr\\\/#website\",\"url\":\"https:\\\/\\\/pradas.net\\\/fr\\\/\",\"name\":\"Pradas\",\"description\":\"\",\"potentialAction\":[{\"@type\":\"SearchAction\",\"target\":{\"@type\":\"EntryPoint\",\"urlTemplate\":\"https:\\\/\\\/pradas.net\\\/fr\\\/?s={search_term_string}\"},\"query-input\":{\"@type\":\"PropertyValueSpecification\",\"valueRequired\":true,\"valueName\":\"search_term_string\"}}],\"inLanguage\":\"fr-FR\"}]}<\/script>\n<!-- \/ Yoast SEO plugin. -->","yoast_head_json":{"title":"POIX 310300043 AMBRE PAIN DE 0,55 KG | Pradas","robots":{"index":"index","follow":"follow","max-snippet":"max-snippet:-1","max-image-preview":"max-image-preview:large","max-video-preview":"max-video-preview:-1"},"canonical":"https:\/\/pradas.net\/fr\/producto\/poix-310300043-ambre-pain-de-055-kg\/","og_locale":"fr_FR","og_type":"article","og_title":"POIX 310300043 AMBRE PAIN DE 0,55 KG | Pradas","og_description":"Le but de l&rsquo;utilisation est que le fil passe \u00e0 travers le d\u00e9p\u00f4t o\u00f9 la cire est dilu\u00e9e par la chaleur du d\u00e9p\u00f4t et une fois que la cl\u00f4ture est \u00e9piss\u00e9e (cousue) au mur, la cire se cristallise en cr\u00e9ant une fixation et un scellement qui \u00e9vite le d\u00e9collement, garantissant la s\u00e9curit\u00e9 du processus et [&hellip;]","og_url":"https:\/\/pradas.net\/fr\/producto\/poix-310300043-ambre-pain-de-055-kg\/","og_site_name":"Pradas","article_modified_time":"2026-01-21T22:19:46+00:00","og_image":[{"width":1024,"height":1024,"url":"https:\/\/pradas.net\/wp-content\/uploads\/2025\/01\/b1191d6d-3144-4b41-8f41-45d2292d0dd5.jpg","type":"image\/jpeg"}],"twitter_card":"summary_large_image","schema":{"@context":"https:\/\/schema.org","@graph":[{"@type":"WebPage","@id":"https:\/\/pradas.net\/fr\/producto\/poix-310300043-ambre-pain-de-055-kg\/","url":"https:\/\/pradas.net\/fr\/producto\/poix-310300043-ambre-pain-de-055-kg\/","name":"POIX 310300043 AMBRE PAIN DE 0,55 KG | Pradas","isPartOf":{"@id":"https:\/\/pradas.net\/fr\/#website"},"primaryImageOfPage":{"@id":"https:\/\/pradas.net\/fr\/producto\/poix-310300043-ambre-pain-de-055-kg\/#primaryimage"},"image":{"@id":"https:\/\/pradas.net\/fr\/producto\/poix-310300043-ambre-pain-de-055-kg\/#primaryimage"},"thumbnailUrl":"https:\/\/pradas.net\/wp-content\/uploads\/2025\/01\/b1191d6d-3144-4b41-8f41-45d2292d0dd5.jpg","datePublished":"2025-01-20T17:33:52+00:00","dateModified":"2026-01-21T22:19:46+00:00","breadcrumb":{"@id":"https:\/\/pradas.net\/fr\/producto\/poix-310300043-ambre-pain-de-055-kg\/#breadcrumb"},"inLanguage":"fr-FR","potentialAction":[{"@type":"ReadAction","target":["https:\/\/pradas.net\/fr\/producto\/poix-310300043-ambre-pain-de-055-kg\/"]}]},{"@type":"ImageObject","inLanguage":"fr-FR","@id":"https:\/\/pradas.net\/fr\/producto\/poix-310300043-ambre-pain-de-055-kg\/#primaryimage","url":"https:\/\/pradas.net\/wp-content\/uploads\/2025\/01\/b1191d6d-3144-4b41-8f41-45d2292d0dd5.jpg","contentUrl":"https:\/\/pradas.net\/wp-content\/uploads\/2025\/01\/b1191d6d-3144-4b41-8f41-45d2292d0dd5.jpg","width":1024,"height":1024},{"@type":"BreadcrumbList","@id":"https:\/\/pradas.net\/fr\/producto\/poix-310300043-ambre-pain-de-055-kg\/#breadcrumb","itemListElement":[{"@type":"ListItem","position":1,"name":"Portada","item":"https:\/\/pradas.net\/fr\/accueil\/"},{"@type":"ListItem","position":2,"name":"Shop","item":"https:\/\/pradas.net\/?page_id=192"},{"@type":"ListItem","position":3,"name":"POIX 310300043 AMBRE PAIN DE 0,55 KG"}]},{"@type":"WebSite","@id":"https:\/\/pradas.net\/fr\/#website","url":"https:\/\/pradas.net\/fr\/","name":"Pradas","description":"","potentialAction":[{"@type":"SearchAction","target":{"@type":"EntryPoint","urlTemplate":"https:\/\/pradas.net\/fr\/?s={search_term_string}"},"query-input":{"@type":"PropertyValueSpecification","valueRequired":true,"valueName":"search_term_string"}}],"inLanguage":"fr-FR"}]}},"_links":{"self":[{"href":"https:\/\/pradas.net\/fr\/wp-json\/wp\/v2\/product\/7476","targetHints":{"allow":["GET"]}}],"collection":[{"href":"https:\/\/pradas.net\/fr\/wp-json\/wp\/v2\/product"}],"about":[{"href":"https:\/\/pradas.net\/fr\/wp-json\/wp\/v2\/types\/product"}],"replies":[{"embeddable":true,"href":"https:\/\/pradas.net\/fr\/wp-json\/wp\/v2\/comments?post=7476"}],"wp:featuredmedia":[{"embeddable":true,"href":"https:\/\/pradas.net\/fr\/wp-json\/wp\/v2\/media\/5638"}],"wp:attachment":[{"href":"https:\/\/pradas.net\/fr\/wp-json\/wp\/v2\/media?parent=7476"}],"wp:term":[{"taxonomy":"product_brand","embeddable":true,"href":"https:\/\/pradas.net\/fr\/wp-json\/wp\/v2\/product_brand?post=7476"},{"taxonomy":"product_cat","embeddable":true,"href":"https:\/\/pradas.net\/fr\/wp-json\/wp\/v2\/product_cat?post=7476"},{"taxonomy":"product_tag","embeddable":true,"href":"https:\/\/pradas.net\/fr\/wp-json\/wp\/v2\/product_tag?post=7476"}],"curies":[{"name":"wp","href":"https:\/\/api.w.org\/{rel}","templated":true}]}}