{"id":8842,"date":"2025-01-26T19:50:06","date_gmt":"2025-01-26T18:50:06","guid":{"rendered":"https:\/\/pradas.net\/producto\/machine-a-rafraichir-pradas-p-93-c-e\/"},"modified":"2025-01-26T19:50:06","modified_gmt":"2025-01-26T18:50:06","slug":"machine-a-rafraichir-pradas-p-93-c-e","status":"publish","type":"product","link":"https:\/\/pradas.net\/fr\/producto\/machine-a-rafraichir-pradas-p-93-c-e\/","title":{"rendered":"Machine \u00e0 Rafra\u00eechir Pradas P.93 C.E."},"content":{"rendered":"<p><iframe title=\"UPPER TRIMMING MACHINE P93 RECORTAR SOBRANTE MONTADO P93\" width=\"800\" height=\"450\" src=\"https:\/\/www.youtube.com\/embed\/rxR-l-zfsdE?feature=oembed\" frameborder=\"0\" allow=\"accelerometer; autoplay; clipboard-write; encrypted-media; gyroscope; picture-in-picture; web-share\" referrerpolicy=\"strict-origin-when-cross-origin\" allowfullscreen><\/iframe><\/p>\n","protected":false},"excerpt":{"rendered":"<p>La machine est utilis\u00e9e pour d\u00e9couper l&rsquo;exc\u00e9dent de cuir de la chaussure mont\u00e9e dans le syst\u00e8me Goodyear. La d\u00e9coupe du cuir facilite les op\u00e9rations suivantes de couture de la tr\u00e9pointe. Par ailleurs, elle est dot\u00e9e de deux lames circulaires r\u00e9glables en hauteur et en profondeur, permettant de travailler n&rsquo;importe quel type de chaussures Goodyear, aussi bien \u00e0 pointe \u00e9troite, carr\u00e9e ou arrondie. Elle est \u00e9galement \u00e9quip\u00e9e d&rsquo;un seul moteur qui actionne les deux lames, ce qui permet d&rsquo;\u00e9conomiser de l&rsquo;\u00e9lectricit\u00e9. Le rafra\u00eechissage est constant et se fait toujours \u00e0 la m\u00eame hauteur gr\u00e2ce au guide situ\u00e9 sous la lame arri\u00e8re.    <\/p>\n<p>&nbsp;<\/p>\n<p><a href=\"https:\/\/www.pradas.net\/wp-content\/uploads\/2025\/01\/4-MAQ.RECORTAR-SOBRANTE-MONTADO-P93-N-14628.pdf\" target=\"_blank\" rel=\"noopener\">Catalogue : T\u00e9l\u00e9charger<\/a><\/p>\n<p>&nbsp;<\/p>\n<p>&nbsp;<\/p>\n","protected":false},"featured_media":4182,"comment_status":"open","ping_status":"closed","template":"","meta":[],"product_brand":[],"product_cat":[196,92],"product_tag":[123],"class_list":{"0":"post-8842","1":"product","2":"type-product","3":"status-publish","4":"has-post-thumbnail","6":"product_cat-goodyear-welt-fr-2","7":"product_cat-non-categorise","8":"product_tag-nueva-fr","10":"first","11":"instock","12":"shipping-taxable","13":"product-type-simple"},"yoast_head":"<!-- This site is optimized with the Yoast SEO plugin v27.3 - https:\/\/yoast.com\/product\/yoast-seo-wordpress\/ -->\n<title>Machine \u00e0 Rafra\u00eechir Pradas P.93 C.E. | Pradas<\/title>\n<meta name=\"robots\" content=\"index, follow, max-snippet:-1, max-image-preview:large, max-video-preview:-1\" \/>\n<link rel=\"canonical\" href=\"https:\/\/pradas.net\/fr\/producto\/machine-a-rafraichir-pradas-p-93-c-e\/\" \/>\n<meta property=\"og:locale\" content=\"fr_FR\" \/>\n<meta property=\"og:type\" content=\"article\" \/>\n<meta property=\"og:title\" content=\"Machine \u00e0 Rafra\u00eechir Pradas P.93 C.E. | Pradas\" \/>\n<meta property=\"og:description\" content=\"La machine est utilis\u00e9e pour d\u00e9couper l&#039;exc\u00e9dent de cuir de la chaussure mont\u00e9e dans le syst\u00e8me Goodyear. La d\u00e9coupe du cuir facilite les op\u00e9rations suivantes de couture de la tr\u00e9pointe. Par ailleurs, elle est dot\u00e9e de deux lames circulaires r\u00e9glables en hauteur et en profondeur, permettant de travailler n&#039;importe quel type de chaussures Goodyear, aussi bien \u00e0 pointe \u00e9troite, carr\u00e9e ou arrondie. Elle est \u00e9galement \u00e9quip\u00e9e d&#039;un seul moteur qui actionne les deux lames, ce qui permet d&#039;\u00e9conomiser de l&#039;\u00e9lectricit\u00e9. Le rafra\u00eechissage est constant et se fait toujours \u00e0 la m\u00eame hauteur gr\u00e2ce au guide situ\u00e9 sous la lame arri\u00e8re.   &nbsp; Catalogue : T\u00e9l\u00e9charger &nbsp; &nbsp;\" \/>\n<meta property=\"og:url\" content=\"https:\/\/pradas.net\/fr\/producto\/machine-a-rafraichir-pradas-p-93-c-e\/\" \/>\n<meta property=\"og:site_name\" content=\"Pradas\" \/>\n<meta property=\"og:image\" content=\"https:\/\/pradas.net\/wp-content\/uploads\/2025\/01\/4-MAQ.RECORTAR-SOBRANTE-DEL-MONTADO-P93-N-14628-2025_-1.png\" \/>\n\t<meta property=\"og:image:width\" content=\"1050\" \/>\n\t<meta property=\"og:image:height\" content=\"1400\" \/>\n\t<meta property=\"og:image:type\" content=\"image\/png\" \/>\n<meta name=\"twitter:card\" content=\"summary_large_image\" \/>\n<script type=\"application\/ld+json\" class=\"yoast-schema-graph\">{\"@context\":\"https:\\\/\\\/schema.org\",\"@graph\":[{\"@type\":\"WebPage\",\"@id\":\"https:\\\/\\\/pradas.net\\\/fr\\\/producto\\\/machine-a-rafraichir-pradas-p-93-c-e\\\/\",\"url\":\"https:\\\/\\\/pradas.net\\\/fr\\\/producto\\\/machine-a-rafraichir-pradas-p-93-c-e\\\/\",\"name\":\"Machine \u00e0 Rafra\u00eechir Pradas P.93 C.E. | Pradas\",\"isPartOf\":{\"@id\":\"https:\\\/\\\/pradas.net\\\/fr\\\/#website\"},\"primaryImageOfPage\":{\"@id\":\"https:\\\/\\\/pradas.net\\\/fr\\\/producto\\\/machine-a-rafraichir-pradas-p-93-c-e\\\/#primaryimage\"},\"image\":{\"@id\":\"https:\\\/\\\/pradas.net\\\/fr\\\/producto\\\/machine-a-rafraichir-pradas-p-93-c-e\\\/#primaryimage\"},\"thumbnailUrl\":\"https:\\\/\\\/pradas.net\\\/wp-content\\\/uploads\\\/2025\\\/01\\\/4-MAQ.RECORTAR-SOBRANTE-DEL-MONTADO-P93-N-14628-2025_-1.png\",\"datePublished\":\"2025-01-26T18:50:06+00:00\",\"breadcrumb\":{\"@id\":\"https:\\\/\\\/pradas.net\\\/fr\\\/producto\\\/machine-a-rafraichir-pradas-p-93-c-e\\\/#breadcrumb\"},\"inLanguage\":\"fr-FR\",\"potentialAction\":[{\"@type\":\"ReadAction\",\"target\":[\"https:\\\/\\\/pradas.net\\\/fr\\\/producto\\\/machine-a-rafraichir-pradas-p-93-c-e\\\/\"]}]},{\"@type\":\"ImageObject\",\"inLanguage\":\"fr-FR\",\"@id\":\"https:\\\/\\\/pradas.net\\\/fr\\\/producto\\\/machine-a-rafraichir-pradas-p-93-c-e\\\/#primaryimage\",\"url\":\"https:\\\/\\\/pradas.net\\\/wp-content\\\/uploads\\\/2025\\\/01\\\/4-MAQ.RECORTAR-SOBRANTE-DEL-MONTADO-P93-N-14628-2025_-1.png\",\"contentUrl\":\"https:\\\/\\\/pradas.net\\\/wp-content\\\/uploads\\\/2025\\\/01\\\/4-MAQ.RECORTAR-SOBRANTE-DEL-MONTADO-P93-N-14628-2025_-1.png\",\"width\":1050,\"height\":1400},{\"@type\":\"BreadcrumbList\",\"@id\":\"https:\\\/\\\/pradas.net\\\/fr\\\/producto\\\/machine-a-rafraichir-pradas-p-93-c-e\\\/#breadcrumb\",\"itemListElement\":[{\"@type\":\"ListItem\",\"position\":1,\"name\":\"Portada\",\"item\":\"https:\\\/\\\/pradas.net\\\/fr\\\/accueil\\\/\"},{\"@type\":\"ListItem\",\"position\":2,\"name\":\"Shop\",\"item\":\"https:\\\/\\\/pradas.net\\\/?page_id=192\"},{\"@type\":\"ListItem\",\"position\":3,\"name\":\"Machine \u00e0 Rafra\u00eechir Pradas P.93 C.E.\"}]},{\"@type\":\"WebSite\",\"@id\":\"https:\\\/\\\/pradas.net\\\/fr\\\/#website\",\"url\":\"https:\\\/\\\/pradas.net\\\/fr\\\/\",\"name\":\"Pradas\",\"description\":\"\",\"potentialAction\":[{\"@type\":\"SearchAction\",\"target\":{\"@type\":\"EntryPoint\",\"urlTemplate\":\"https:\\\/\\\/pradas.net\\\/fr\\\/?s={search_term_string}\"},\"query-input\":{\"@type\":\"PropertyValueSpecification\",\"valueRequired\":true,\"valueName\":\"search_term_string\"}}],\"inLanguage\":\"fr-FR\"}]}<\/script>\n<!-- \/ Yoast SEO plugin. -->","yoast_head_json":{"title":"Machine \u00e0 Rafra\u00eechir Pradas P.93 C.E. | Pradas","robots":{"index":"index","follow":"follow","max-snippet":"max-snippet:-1","max-image-preview":"max-image-preview:large","max-video-preview":"max-video-preview:-1"},"canonical":"https:\/\/pradas.net\/fr\/producto\/machine-a-rafraichir-pradas-p-93-c-e\/","og_locale":"fr_FR","og_type":"article","og_title":"Machine \u00e0 Rafra\u00eechir Pradas P.93 C.E. | Pradas","og_description":"La machine est utilis\u00e9e pour d\u00e9couper l'exc\u00e9dent de cuir de la chaussure mont\u00e9e dans le syst\u00e8me Goodyear. La d\u00e9coupe du cuir facilite les op\u00e9rations suivantes de couture de la tr\u00e9pointe. Par ailleurs, elle est dot\u00e9e de deux lames circulaires r\u00e9glables en hauteur et en profondeur, permettant de travailler n'importe quel type de chaussures Goodyear, aussi bien \u00e0 pointe \u00e9troite, carr\u00e9e ou arrondie. Elle est \u00e9galement \u00e9quip\u00e9e d'un seul moteur qui actionne les deux lames, ce qui permet d'\u00e9conomiser de l'\u00e9lectricit\u00e9. Le rafra\u00eechissage est constant et se fait toujours \u00e0 la m\u00eame hauteur gr\u00e2ce au guide situ\u00e9 sous la lame arri\u00e8re.   &nbsp; Catalogue : T\u00e9l\u00e9charger &nbsp; &nbsp;","og_url":"https:\/\/pradas.net\/fr\/producto\/machine-a-rafraichir-pradas-p-93-c-e\/","og_site_name":"Pradas","og_image":[{"width":1050,"height":1400,"url":"https:\/\/pradas.net\/wp-content\/uploads\/2025\/01\/4-MAQ.RECORTAR-SOBRANTE-DEL-MONTADO-P93-N-14628-2025_-1.png","type":"image\/png"}],"twitter_card":"summary_large_image","schema":{"@context":"https:\/\/schema.org","@graph":[{"@type":"WebPage","@id":"https:\/\/pradas.net\/fr\/producto\/machine-a-rafraichir-pradas-p-93-c-e\/","url":"https:\/\/pradas.net\/fr\/producto\/machine-a-rafraichir-pradas-p-93-c-e\/","name":"Machine \u00e0 Rafra\u00eechir Pradas P.93 C.E. | Pradas","isPartOf":{"@id":"https:\/\/pradas.net\/fr\/#website"},"primaryImageOfPage":{"@id":"https:\/\/pradas.net\/fr\/producto\/machine-a-rafraichir-pradas-p-93-c-e\/#primaryimage"},"image":{"@id":"https:\/\/pradas.net\/fr\/producto\/machine-a-rafraichir-pradas-p-93-c-e\/#primaryimage"},"thumbnailUrl":"https:\/\/pradas.net\/wp-content\/uploads\/2025\/01\/4-MAQ.RECORTAR-SOBRANTE-DEL-MONTADO-P93-N-14628-2025_-1.png","datePublished":"2025-01-26T18:50:06+00:00","breadcrumb":{"@id":"https:\/\/pradas.net\/fr\/producto\/machine-a-rafraichir-pradas-p-93-c-e\/#breadcrumb"},"inLanguage":"fr-FR","potentialAction":[{"@type":"ReadAction","target":["https:\/\/pradas.net\/fr\/producto\/machine-a-rafraichir-pradas-p-93-c-e\/"]}]},{"@type":"ImageObject","inLanguage":"fr-FR","@id":"https:\/\/pradas.net\/fr\/producto\/machine-a-rafraichir-pradas-p-93-c-e\/#primaryimage","url":"https:\/\/pradas.net\/wp-content\/uploads\/2025\/01\/4-MAQ.RECORTAR-SOBRANTE-DEL-MONTADO-P93-N-14628-2025_-1.png","contentUrl":"https:\/\/pradas.net\/wp-content\/uploads\/2025\/01\/4-MAQ.RECORTAR-SOBRANTE-DEL-MONTADO-P93-N-14628-2025_-1.png","width":1050,"height":1400},{"@type":"BreadcrumbList","@id":"https:\/\/pradas.net\/fr\/producto\/machine-a-rafraichir-pradas-p-93-c-e\/#breadcrumb","itemListElement":[{"@type":"ListItem","position":1,"name":"Portada","item":"https:\/\/pradas.net\/fr\/accueil\/"},{"@type":"ListItem","position":2,"name":"Shop","item":"https:\/\/pradas.net\/?page_id=192"},{"@type":"ListItem","position":3,"name":"Machine \u00e0 Rafra\u00eechir Pradas P.93 C.E."}]},{"@type":"WebSite","@id":"https:\/\/pradas.net\/fr\/#website","url":"https:\/\/pradas.net\/fr\/","name":"Pradas","description":"","potentialAction":[{"@type":"SearchAction","target":{"@type":"EntryPoint","urlTemplate":"https:\/\/pradas.net\/fr\/?s={search_term_string}"},"query-input":{"@type":"PropertyValueSpecification","valueRequired":true,"valueName":"search_term_string"}}],"inLanguage":"fr-FR"}]}},"_links":{"self":[{"href":"https:\/\/pradas.net\/fr\/wp-json\/wp\/v2\/product\/8842","targetHints":{"allow":["GET"]}}],"collection":[{"href":"https:\/\/pradas.net\/fr\/wp-json\/wp\/v2\/product"}],"about":[{"href":"https:\/\/pradas.net\/fr\/wp-json\/wp\/v2\/types\/product"}],"replies":[{"embeddable":true,"href":"https:\/\/pradas.net\/fr\/wp-json\/wp\/v2\/comments?post=8842"}],"wp:featuredmedia":[{"embeddable":true,"href":"https:\/\/pradas.net\/fr\/wp-json\/wp\/v2\/media\/4182"}],"wp:attachment":[{"href":"https:\/\/pradas.net\/fr\/wp-json\/wp\/v2\/media?parent=8842"}],"wp:term":[{"taxonomy":"product_brand","embeddable":true,"href":"https:\/\/pradas.net\/fr\/wp-json\/wp\/v2\/product_brand?post=8842"},{"taxonomy":"product_cat","embeddable":true,"href":"https:\/\/pradas.net\/fr\/wp-json\/wp\/v2\/product_cat?post=8842"},{"taxonomy":"product_tag","embeddable":true,"href":"https:\/\/pradas.net\/fr\/wp-json\/wp\/v2\/product_tag?post=8842"}],"curies":[{"name":"wp","href":"https:\/\/api.w.org\/{rel}","templated":true}]}}