{"id":8843,"date":"2025-01-26T19:55:36","date_gmt":"2025-01-26T18:55:36","guid":{"rendered":"https:\/\/pradas.net\/producto\/plastifier-les-chaussures-04255\/"},"modified":"2025-01-26T19:55:36","modified_gmt":"2025-01-26T18:55:36","slug":"plastifier-les-chaussures-04255","status":"publish","type":"product","link":"https:\/\/pradas.net\/fr\/producto\/plastifier-les-chaussures-04255\/","title":{"rendered":"Plastifier les Chaussures 04255"},"content":{"rendered":"<p><iframe title=\"SHOE WRAPPING MACHINE 04255 PLASTIFICAR CALZADO 04255\" width=\"800\" height=\"450\" src=\"https:\/\/www.youtube.com\/embed\/aAxXXOpgmTA?feature=oembed\" frameborder=\"0\" allow=\"accelerometer; autoplay; clipboard-write; encrypted-media; gyroscope; picture-in-picture; web-share\" referrerpolicy=\"strict-origin-when-cross-origin\" allowfullscreen><\/iframe><\/p>\n","protected":false},"excerpt":{"rendered":"<p>Machine de petite taille et \u00e0 faible consommation pour plastifier les chaussures. Actionnement, chargement et d\u00e9chargement manuels. \u00c9quip\u00e9e de:<br \/>Porte-bobines mobile et syst\u00e8me de perforation int\u00e9gr\u00e9, supports \u00e0 roues pour faciliter le transport et ventilateur int\u00e9rieur \u00e0 haut d\u00e9bit.  <\/p>\n<ul>\n<li>Dans le processus de fabrication de chaussures du syst\u00e8me Goodyear welt,<\/li>\n<li>il est recommand\u00e9 et tr\u00e8s important de plastifier les chaussures ou bottes lors de leur fabrication,<\/li>\n<li>car elles sont ainsi prot\u00e9g\u00e9es de la salet\u00e9 que produisent les agents externes et les composants,<\/li>\n<li>pouvant endommager le cuir de la chaussure\/botte, voire m\u00eame produire le rejet du produit au vu de l&rsquo;impossibilit\u00e9 de r\u00e9parer la d\u00e9t\u00e9rioration du cuir ou de la difficult\u00e9 de nettoyer les taches produites dans le processus de production. Cette protection s&rsquo;\u00e9limine facilement \u00e0 la fin du processus de fabrication, sans laisser de traces.<\/li>\n<\/ul>\n<p>&nbsp;<\/p>\n<p>Cat\u00e1logo: <a href=\"https:\/\/www.pradas.net\/wp-content\/uploads\/2025\/01\/5-MAQ.PLASTIFICAR-CALZADO-04255.pdf\" target=\"_blank\" rel=\"noopener\">Descargar<\/a><\/p>\n<p>&nbsp;<\/p>\n<p>&nbsp;<\/p>\n","protected":false},"featured_media":4188,"comment_status":"open","ping_status":"closed","template":"","meta":[],"product_brand":[],"product_cat":[196,92],"product_tag":[123],"class_list":{"0":"post-8843","1":"product","2":"type-product","3":"status-publish","4":"has-post-thumbnail","6":"product_cat-goodyear-welt-fr-2","7":"product_cat-non-categorise","8":"product_tag-nueva-fr","10":"first","11":"instock","12":"shipping-taxable","13":"product-type-simple"},"yoast_head":"<!-- This site is optimized with the Yoast SEO plugin v27.3 - https:\/\/yoast.com\/product\/yoast-seo-wordpress\/ -->\n<title>Plastifier les Chaussures 04255 | Pradas<\/title>\n<meta name=\"robots\" content=\"index, follow, max-snippet:-1, max-image-preview:large, max-video-preview:-1\" \/>\n<link rel=\"canonical\" href=\"https:\/\/pradas.net\/fr\/producto\/plastifier-les-chaussures-04255\/\" \/>\n<meta property=\"og:locale\" content=\"fr_FR\" \/>\n<meta property=\"og:type\" content=\"article\" \/>\n<meta property=\"og:title\" content=\"Plastifier les Chaussures 04255 | Pradas\" \/>\n<meta property=\"og:description\" content=\"Machine de petite taille et \u00e0 faible consommation pour plastifier les chaussures. Actionnement, chargement et d\u00e9chargement manuels. \u00c9quip\u00e9e de:Porte-bobines mobile et syst\u00e8me de perforation int\u00e9gr\u00e9, supports \u00e0 roues pour faciliter le transport et ventilateur int\u00e9rieur \u00e0 haut d\u00e9bit.   Dans le processus de fabrication de chaussures du syst\u00e8me Goodyear welt,  il est recommand\u00e9 et tr\u00e8s important de plastifier les chaussures ou bottes lors de leur fabrication,  car elles sont ainsi prot\u00e9g\u00e9es de la salet\u00e9 que produisent les agents externes et les composants,  pouvant endommager le cuir de la chaussure\/botte, voire m\u00eame produire le rejet du produit au vu de l&#039;impossibilit\u00e9 de r\u00e9parer la d\u00e9t\u00e9rioration du cuir ou de la difficult\u00e9 de nettoyer les taches produites dans le processus de production. Cette protection s&#039;\u00e9limine facilement \u00e0 la fin du processus de fabrication, sans laisser de traces. &nbsp; Cat\u00e1logo: Descargar &nbsp; &nbsp;\" \/>\n<meta property=\"og:url\" content=\"https:\/\/pradas.net\/fr\/producto\/plastifier-les-chaussures-04255\/\" \/>\n<meta property=\"og:site_name\" content=\"Pradas\" \/>\n<meta property=\"og:image\" content=\"https:\/\/pradas.net\/wp-content\/uploads\/2025\/01\/5-MAQ.PLASTIFICAR-CALZADO-04255-2025_.png\" \/>\n\t<meta property=\"og:image:width\" content=\"1050\" \/>\n\t<meta property=\"og:image:height\" content=\"1400\" \/>\n\t<meta property=\"og:image:type\" content=\"image\/png\" \/>\n<meta name=\"twitter:card\" content=\"summary_large_image\" \/>\n<script type=\"application\/ld+json\" class=\"yoast-schema-graph\">{\"@context\":\"https:\\\/\\\/schema.org\",\"@graph\":[{\"@type\":\"WebPage\",\"@id\":\"https:\\\/\\\/pradas.net\\\/fr\\\/producto\\\/plastifier-les-chaussures-04255\\\/\",\"url\":\"https:\\\/\\\/pradas.net\\\/fr\\\/producto\\\/plastifier-les-chaussures-04255\\\/\",\"name\":\"Plastifier les Chaussures 04255 | Pradas\",\"isPartOf\":{\"@id\":\"https:\\\/\\\/pradas.net\\\/fr\\\/#website\"},\"primaryImageOfPage\":{\"@id\":\"https:\\\/\\\/pradas.net\\\/fr\\\/producto\\\/plastifier-les-chaussures-04255\\\/#primaryimage\"},\"image\":{\"@id\":\"https:\\\/\\\/pradas.net\\\/fr\\\/producto\\\/plastifier-les-chaussures-04255\\\/#primaryimage\"},\"thumbnailUrl\":\"https:\\\/\\\/pradas.net\\\/wp-content\\\/uploads\\\/2025\\\/01\\\/5-MAQ.PLASTIFICAR-CALZADO-04255-2025_.png\",\"datePublished\":\"2025-01-26T18:55:36+00:00\",\"breadcrumb\":{\"@id\":\"https:\\\/\\\/pradas.net\\\/fr\\\/producto\\\/plastifier-les-chaussures-04255\\\/#breadcrumb\"},\"inLanguage\":\"fr-FR\",\"potentialAction\":[{\"@type\":\"ReadAction\",\"target\":[\"https:\\\/\\\/pradas.net\\\/fr\\\/producto\\\/plastifier-les-chaussures-04255\\\/\"]}]},{\"@type\":\"ImageObject\",\"inLanguage\":\"fr-FR\",\"@id\":\"https:\\\/\\\/pradas.net\\\/fr\\\/producto\\\/plastifier-les-chaussures-04255\\\/#primaryimage\",\"url\":\"https:\\\/\\\/pradas.net\\\/wp-content\\\/uploads\\\/2025\\\/01\\\/5-MAQ.PLASTIFICAR-CALZADO-04255-2025_.png\",\"contentUrl\":\"https:\\\/\\\/pradas.net\\\/wp-content\\\/uploads\\\/2025\\\/01\\\/5-MAQ.PLASTIFICAR-CALZADO-04255-2025_.png\",\"width\":1050,\"height\":1400},{\"@type\":\"BreadcrumbList\",\"@id\":\"https:\\\/\\\/pradas.net\\\/fr\\\/producto\\\/plastifier-les-chaussures-04255\\\/#breadcrumb\",\"itemListElement\":[{\"@type\":\"ListItem\",\"position\":1,\"name\":\"Portada\",\"item\":\"https:\\\/\\\/pradas.net\\\/fr\\\/accueil\\\/\"},{\"@type\":\"ListItem\",\"position\":2,\"name\":\"Shop\",\"item\":\"https:\\\/\\\/pradas.net\\\/?page_id=192\"},{\"@type\":\"ListItem\",\"position\":3,\"name\":\"Plastifier les Chaussures 04255\"}]},{\"@type\":\"WebSite\",\"@id\":\"https:\\\/\\\/pradas.net\\\/fr\\\/#website\",\"url\":\"https:\\\/\\\/pradas.net\\\/fr\\\/\",\"name\":\"Pradas\",\"description\":\"\",\"potentialAction\":[{\"@type\":\"SearchAction\",\"target\":{\"@type\":\"EntryPoint\",\"urlTemplate\":\"https:\\\/\\\/pradas.net\\\/fr\\\/?s={search_term_string}\"},\"query-input\":{\"@type\":\"PropertyValueSpecification\",\"valueRequired\":true,\"valueName\":\"search_term_string\"}}],\"inLanguage\":\"fr-FR\"}]}<\/script>\n<!-- \/ Yoast SEO plugin. -->","yoast_head_json":{"title":"Plastifier les Chaussures 04255 | Pradas","robots":{"index":"index","follow":"follow","max-snippet":"max-snippet:-1","max-image-preview":"max-image-preview:large","max-video-preview":"max-video-preview:-1"},"canonical":"https:\/\/pradas.net\/fr\/producto\/plastifier-les-chaussures-04255\/","og_locale":"fr_FR","og_type":"article","og_title":"Plastifier les Chaussures 04255 | Pradas","og_description":"Machine de petite taille et \u00e0 faible consommation pour plastifier les chaussures. Actionnement, chargement et d\u00e9chargement manuels. \u00c9quip\u00e9e de:Porte-bobines mobile et syst\u00e8me de perforation int\u00e9gr\u00e9, supports \u00e0 roues pour faciliter le transport et ventilateur int\u00e9rieur \u00e0 haut d\u00e9bit.   Dans le processus de fabrication de chaussures du syst\u00e8me Goodyear welt,  il est recommand\u00e9 et tr\u00e8s important de plastifier les chaussures ou bottes lors de leur fabrication,  car elles sont ainsi prot\u00e9g\u00e9es de la salet\u00e9 que produisent les agents externes et les composants,  pouvant endommager le cuir de la chaussure\/botte, voire m\u00eame produire le rejet du produit au vu de l'impossibilit\u00e9 de r\u00e9parer la d\u00e9t\u00e9rioration du cuir ou de la difficult\u00e9 de nettoyer les taches produites dans le processus de production. Cette protection s'\u00e9limine facilement \u00e0 la fin du processus de fabrication, sans laisser de traces. &nbsp; Cat\u00e1logo: Descargar &nbsp; &nbsp;","og_url":"https:\/\/pradas.net\/fr\/producto\/plastifier-les-chaussures-04255\/","og_site_name":"Pradas","og_image":[{"width":1050,"height":1400,"url":"https:\/\/pradas.net\/wp-content\/uploads\/2025\/01\/5-MAQ.PLASTIFICAR-CALZADO-04255-2025_.png","type":"image\/png"}],"twitter_card":"summary_large_image","schema":{"@context":"https:\/\/schema.org","@graph":[{"@type":"WebPage","@id":"https:\/\/pradas.net\/fr\/producto\/plastifier-les-chaussures-04255\/","url":"https:\/\/pradas.net\/fr\/producto\/plastifier-les-chaussures-04255\/","name":"Plastifier les Chaussures 04255 | Pradas","isPartOf":{"@id":"https:\/\/pradas.net\/fr\/#website"},"primaryImageOfPage":{"@id":"https:\/\/pradas.net\/fr\/producto\/plastifier-les-chaussures-04255\/#primaryimage"},"image":{"@id":"https:\/\/pradas.net\/fr\/producto\/plastifier-les-chaussures-04255\/#primaryimage"},"thumbnailUrl":"https:\/\/pradas.net\/wp-content\/uploads\/2025\/01\/5-MAQ.PLASTIFICAR-CALZADO-04255-2025_.png","datePublished":"2025-01-26T18:55:36+00:00","breadcrumb":{"@id":"https:\/\/pradas.net\/fr\/producto\/plastifier-les-chaussures-04255\/#breadcrumb"},"inLanguage":"fr-FR","potentialAction":[{"@type":"ReadAction","target":["https:\/\/pradas.net\/fr\/producto\/plastifier-les-chaussures-04255\/"]}]},{"@type":"ImageObject","inLanguage":"fr-FR","@id":"https:\/\/pradas.net\/fr\/producto\/plastifier-les-chaussures-04255\/#primaryimage","url":"https:\/\/pradas.net\/wp-content\/uploads\/2025\/01\/5-MAQ.PLASTIFICAR-CALZADO-04255-2025_.png","contentUrl":"https:\/\/pradas.net\/wp-content\/uploads\/2025\/01\/5-MAQ.PLASTIFICAR-CALZADO-04255-2025_.png","width":1050,"height":1400},{"@type":"BreadcrumbList","@id":"https:\/\/pradas.net\/fr\/producto\/plastifier-les-chaussures-04255\/#breadcrumb","itemListElement":[{"@type":"ListItem","position":1,"name":"Portada","item":"https:\/\/pradas.net\/fr\/accueil\/"},{"@type":"ListItem","position":2,"name":"Shop","item":"https:\/\/pradas.net\/?page_id=192"},{"@type":"ListItem","position":3,"name":"Plastifier les Chaussures 04255"}]},{"@type":"WebSite","@id":"https:\/\/pradas.net\/fr\/#website","url":"https:\/\/pradas.net\/fr\/","name":"Pradas","description":"","potentialAction":[{"@type":"SearchAction","target":{"@type":"EntryPoint","urlTemplate":"https:\/\/pradas.net\/fr\/?s={search_term_string}"},"query-input":{"@type":"PropertyValueSpecification","valueRequired":true,"valueName":"search_term_string"}}],"inLanguage":"fr-FR"}]}},"_links":{"self":[{"href":"https:\/\/pradas.net\/fr\/wp-json\/wp\/v2\/product\/8843","targetHints":{"allow":["GET"]}}],"collection":[{"href":"https:\/\/pradas.net\/fr\/wp-json\/wp\/v2\/product"}],"about":[{"href":"https:\/\/pradas.net\/fr\/wp-json\/wp\/v2\/types\/product"}],"replies":[{"embeddable":true,"href":"https:\/\/pradas.net\/fr\/wp-json\/wp\/v2\/comments?post=8843"}],"wp:featuredmedia":[{"embeddable":true,"href":"https:\/\/pradas.net\/fr\/wp-json\/wp\/v2\/media\/4188"}],"wp:attachment":[{"href":"https:\/\/pradas.net\/fr\/wp-json\/wp\/v2\/media?parent=8843"}],"wp:term":[{"taxonomy":"product_brand","embeddable":true,"href":"https:\/\/pradas.net\/fr\/wp-json\/wp\/v2\/product_brand?post=8843"},{"taxonomy":"product_cat","embeddable":true,"href":"https:\/\/pradas.net\/fr\/wp-json\/wp\/v2\/product_cat?post=8843"},{"taxonomy":"product_tag","embeddable":true,"href":"https:\/\/pradas.net\/fr\/wp-json\/wp\/v2\/product_tag?post=8843"}],"curies":[{"name":"wp","href":"https:\/\/api.w.org\/{rel}","templated":true}]}}