{"id":8844,"date":"2025-01-26T20:04:22","date_gmt":"2025-01-26T19:04:22","guid":{"rendered":"https:\/\/pradas.net\/producto\/coudre-la-trepointe-gis-l-usm\/"},"modified":"2025-01-26T20:04:22","modified_gmt":"2025-01-26T19:04:22","slug":"coudre-la-trepointe-gis-l-usm","status":"publish","type":"product","link":"https:\/\/pradas.net\/fr\/producto\/coudre-la-trepointe-gis-l-usm\/","title":{"rendered":"Coudre la Tr\u00e9pointe GIS-L USM"},"content":{"rendered":"<p><iframe title=\"INSEAM SEWING MACHINE GIS L EMPALMILLAR GIS L\" width=\"800\" height=\"450\" src=\"https:\/\/www.youtube.com\/embed\/9_mFqd6nOZE?feature=oembed\" frameborder=\"0\" allow=\"accelerometer; autoplay; clipboard-write; encrypted-media; gyroscope; picture-in-picture; web-share\" referrerpolicy=\"strict-origin-when-cross-origin\" allowfullscreen><\/iframe><\/p>\n","protected":false},"excerpt":{"rendered":"<p>La m\u00e1quina de empalmillar cerco, realiza el cosido del cerco en el muro del calzado fabricado en sistema Goodyear perforando el mismo mediante una lezna y una aguja y lo deja cosido cadeneta con una gran firmeza gracias a la tensi\u00f3n regulable del hilo. Opcionalmente, esta m\u00e1quina se puede adaptar con diferentes gu\u00edas para trabajar con diversos tipos de cerco. <\/p>\n<p>&nbsp;<\/p>\n<p><a href=\"https:\/\/www.pradas.net\/wp-content\/uploads\/2025\/01\/6-MAQ.EMPALMILLAR-CERCO-GIS-L-09345.pdf\" target=\"_blank\" rel=\"noopener\">Catalogue : T\u00e9l\u00e9charger<\/a><\/p>\n<p>&nbsp;<\/p>\n<p>&nbsp;<\/p>\n","protected":false},"featured_media":4192,"comment_status":"open","ping_status":"closed","template":"","meta":[],"product_brand":[],"product_cat":[196,92],"product_tag":[123],"class_list":{"0":"post-8844","1":"product","2":"type-product","3":"status-publish","4":"has-post-thumbnail","6":"product_cat-goodyear-welt-fr-2","7":"product_cat-non-categorise","8":"product_tag-nueva-fr","10":"first","11":"instock","12":"shipping-taxable","13":"product-type-simple"},"yoast_head":"<!-- This site is optimized with the Yoast SEO plugin v27.1.1 - https:\/\/yoast.com\/product\/yoast-seo-wordpress\/ -->\n<title>Coudre la Tr\u00e9pointe GIS-L USM | Pradas<\/title>\n<meta name=\"robots\" content=\"index, follow, max-snippet:-1, max-image-preview:large, max-video-preview:-1\" \/>\n<link rel=\"canonical\" href=\"https:\/\/pradas.net\/fr\/producto\/coudre-la-trepointe-gis-l-usm\/\" \/>\n<meta property=\"og:locale\" content=\"fr_FR\" \/>\n<meta property=\"og:type\" content=\"article\" \/>\n<meta property=\"og:title\" content=\"Coudre la Tr\u00e9pointe GIS-L USM | Pradas\" \/>\n<meta property=\"og:description\" content=\"La m\u00e1quina de empalmillar cerco, realiza el cosido del cerco en el muro del calzado fabricado en sistema Goodyear perforando el mismo mediante una lezna y una aguja y lo deja cosido cadeneta con una gran firmeza gracias a la tensi\u00f3n regulable del hilo. Opcionalmente, esta m\u00e1quina se puede adaptar con diferentes gu\u00edas para trabajar con diversos tipos de cerco.  &nbsp; Catalogue : T\u00e9l\u00e9charger &nbsp; &nbsp;\" \/>\n<meta property=\"og:url\" content=\"https:\/\/pradas.net\/fr\/producto\/coudre-la-trepointe-gis-l-usm\/\" \/>\n<meta property=\"og:site_name\" content=\"Pradas\" \/>\n<meta property=\"og:image\" content=\"https:\/\/pradas.net\/wp-content\/uploads\/2025\/01\/6-MAQ.-EMPALMILLAR-CERCO-GIS-L-09345-2025_.png\" \/>\n\t<meta property=\"og:image:width\" content=\"1050\" \/>\n\t<meta property=\"og:image:height\" content=\"1400\" \/>\n\t<meta property=\"og:image:type\" content=\"image\/png\" \/>\n<meta name=\"twitter:card\" content=\"summary_large_image\" \/>\n<script type=\"application\/ld+json\" class=\"yoast-schema-graph\">{\"@context\":\"https:\/\/schema.org\",\"@graph\":[{\"@type\":\"WebPage\",\"@id\":\"https:\/\/pradas.net\/fr\/producto\/coudre-la-trepointe-gis-l-usm\/\",\"url\":\"https:\/\/pradas.net\/fr\/producto\/coudre-la-trepointe-gis-l-usm\/\",\"name\":\"Coudre la Tr\u00e9pointe GIS-L USM | Pradas\",\"isPartOf\":{\"@id\":\"https:\/\/pradas.net\/fr\/#website\"},\"primaryImageOfPage\":{\"@id\":\"https:\/\/pradas.net\/fr\/producto\/coudre-la-trepointe-gis-l-usm\/#primaryimage\"},\"image\":{\"@id\":\"https:\/\/pradas.net\/fr\/producto\/coudre-la-trepointe-gis-l-usm\/#primaryimage\"},\"thumbnailUrl\":\"https:\/\/pradas.net\/wp-content\/uploads\/2025\/01\/6-MAQ.-EMPALMILLAR-CERCO-GIS-L-09345-2025_.png\",\"datePublished\":\"2025-01-26T19:04:22+00:00\",\"breadcrumb\":{\"@id\":\"https:\/\/pradas.net\/fr\/producto\/coudre-la-trepointe-gis-l-usm\/#breadcrumb\"},\"inLanguage\":\"fr-FR\",\"potentialAction\":[{\"@type\":\"ReadAction\",\"target\":[\"https:\/\/pradas.net\/fr\/producto\/coudre-la-trepointe-gis-l-usm\/\"]}]},{\"@type\":\"ImageObject\",\"inLanguage\":\"fr-FR\",\"@id\":\"https:\/\/pradas.net\/fr\/producto\/coudre-la-trepointe-gis-l-usm\/#primaryimage\",\"url\":\"https:\/\/pradas.net\/wp-content\/uploads\/2025\/01\/6-MAQ.-EMPALMILLAR-CERCO-GIS-L-09345-2025_.png\",\"contentUrl\":\"https:\/\/pradas.net\/wp-content\/uploads\/2025\/01\/6-MAQ.-EMPALMILLAR-CERCO-GIS-L-09345-2025_.png\",\"width\":1050,\"height\":1400},{\"@type\":\"BreadcrumbList\",\"@id\":\"https:\/\/pradas.net\/fr\/producto\/coudre-la-trepointe-gis-l-usm\/#breadcrumb\",\"itemListElement\":[{\"@type\":\"ListItem\",\"position\":1,\"name\":\"Portada\",\"item\":\"https:\/\/pradas.net\/fr\/accueil\/\"},{\"@type\":\"ListItem\",\"position\":2,\"name\":\"Shop\",\"item\":\"https:\/\/pradas.net\/?page_id=192\"},{\"@type\":\"ListItem\",\"position\":3,\"name\":\"Coudre la Tr\u00e9pointe GIS-L USM\"}]},{\"@type\":\"WebSite\",\"@id\":\"https:\/\/pradas.net\/fr\/#website\",\"url\":\"https:\/\/pradas.net\/fr\/\",\"name\":\"Pradas\",\"description\":\"\",\"potentialAction\":[{\"@type\":\"SearchAction\",\"target\":{\"@type\":\"EntryPoint\",\"urlTemplate\":\"https:\/\/pradas.net\/fr\/?s={search_term_string}\"},\"query-input\":{\"@type\":\"PropertyValueSpecification\",\"valueRequired\":true,\"valueName\":\"search_term_string\"}}],\"inLanguage\":\"fr-FR\"}]}<\/script>\n<!-- \/ Yoast SEO plugin. -->","yoast_head_json":{"title":"Coudre la Tr\u00e9pointe GIS-L USM | Pradas","robots":{"index":"index","follow":"follow","max-snippet":"max-snippet:-1","max-image-preview":"max-image-preview:large","max-video-preview":"max-video-preview:-1"},"canonical":"https:\/\/pradas.net\/fr\/producto\/coudre-la-trepointe-gis-l-usm\/","og_locale":"fr_FR","og_type":"article","og_title":"Coudre la Tr\u00e9pointe GIS-L USM | Pradas","og_description":"La m\u00e1quina de empalmillar cerco, realiza el cosido del cerco en el muro del calzado fabricado en sistema Goodyear perforando el mismo mediante una lezna y una aguja y lo deja cosido cadeneta con una gran firmeza gracias a la tensi\u00f3n regulable del hilo. Opcionalmente, esta m\u00e1quina se puede adaptar con diferentes gu\u00edas para trabajar con diversos tipos de cerco.  &nbsp; Catalogue : T\u00e9l\u00e9charger &nbsp; &nbsp;","og_url":"https:\/\/pradas.net\/fr\/producto\/coudre-la-trepointe-gis-l-usm\/","og_site_name":"Pradas","og_image":[{"width":1050,"height":1400,"url":"https:\/\/pradas.net\/wp-content\/uploads\/2025\/01\/6-MAQ.-EMPALMILLAR-CERCO-GIS-L-09345-2025_.png","type":"image\/png"}],"twitter_card":"summary_large_image","schema":{"@context":"https:\/\/schema.org","@graph":[{"@type":"WebPage","@id":"https:\/\/pradas.net\/fr\/producto\/coudre-la-trepointe-gis-l-usm\/","url":"https:\/\/pradas.net\/fr\/producto\/coudre-la-trepointe-gis-l-usm\/","name":"Coudre la Tr\u00e9pointe GIS-L USM | Pradas","isPartOf":{"@id":"https:\/\/pradas.net\/fr\/#website"},"primaryImageOfPage":{"@id":"https:\/\/pradas.net\/fr\/producto\/coudre-la-trepointe-gis-l-usm\/#primaryimage"},"image":{"@id":"https:\/\/pradas.net\/fr\/producto\/coudre-la-trepointe-gis-l-usm\/#primaryimage"},"thumbnailUrl":"https:\/\/pradas.net\/wp-content\/uploads\/2025\/01\/6-MAQ.-EMPALMILLAR-CERCO-GIS-L-09345-2025_.png","datePublished":"2025-01-26T19:04:22+00:00","breadcrumb":{"@id":"https:\/\/pradas.net\/fr\/producto\/coudre-la-trepointe-gis-l-usm\/#breadcrumb"},"inLanguage":"fr-FR","potentialAction":[{"@type":"ReadAction","target":["https:\/\/pradas.net\/fr\/producto\/coudre-la-trepointe-gis-l-usm\/"]}]},{"@type":"ImageObject","inLanguage":"fr-FR","@id":"https:\/\/pradas.net\/fr\/producto\/coudre-la-trepointe-gis-l-usm\/#primaryimage","url":"https:\/\/pradas.net\/wp-content\/uploads\/2025\/01\/6-MAQ.-EMPALMILLAR-CERCO-GIS-L-09345-2025_.png","contentUrl":"https:\/\/pradas.net\/wp-content\/uploads\/2025\/01\/6-MAQ.-EMPALMILLAR-CERCO-GIS-L-09345-2025_.png","width":1050,"height":1400},{"@type":"BreadcrumbList","@id":"https:\/\/pradas.net\/fr\/producto\/coudre-la-trepointe-gis-l-usm\/#breadcrumb","itemListElement":[{"@type":"ListItem","position":1,"name":"Portada","item":"https:\/\/pradas.net\/fr\/accueil\/"},{"@type":"ListItem","position":2,"name":"Shop","item":"https:\/\/pradas.net\/?page_id=192"},{"@type":"ListItem","position":3,"name":"Coudre la Tr\u00e9pointe GIS-L USM"}]},{"@type":"WebSite","@id":"https:\/\/pradas.net\/fr\/#website","url":"https:\/\/pradas.net\/fr\/","name":"Pradas","description":"","potentialAction":[{"@type":"SearchAction","target":{"@type":"EntryPoint","urlTemplate":"https:\/\/pradas.net\/fr\/?s={search_term_string}"},"query-input":{"@type":"PropertyValueSpecification","valueRequired":true,"valueName":"search_term_string"}}],"inLanguage":"fr-FR"}]}},"_links":{"self":[{"href":"https:\/\/pradas.net\/fr\/wp-json\/wp\/v2\/product\/8844","targetHints":{"allow":["GET"]}}],"collection":[{"href":"https:\/\/pradas.net\/fr\/wp-json\/wp\/v2\/product"}],"about":[{"href":"https:\/\/pradas.net\/fr\/wp-json\/wp\/v2\/types\/product"}],"replies":[{"embeddable":true,"href":"https:\/\/pradas.net\/fr\/wp-json\/wp\/v2\/comments?post=8844"}],"wp:featuredmedia":[{"embeddable":true,"href":"https:\/\/pradas.net\/fr\/wp-json\/wp\/v2\/media\/4192"}],"wp:attachment":[{"href":"https:\/\/pradas.net\/fr\/wp-json\/wp\/v2\/media?parent=8844"}],"wp:term":[{"taxonomy":"product_brand","embeddable":true,"href":"https:\/\/pradas.net\/fr\/wp-json\/wp\/v2\/product_brand?post=8844"},{"taxonomy":"product_cat","embeddable":true,"href":"https:\/\/pradas.net\/fr\/wp-json\/wp\/v2\/product_cat?post=8844"},{"taxonomy":"product_tag","embeddable":true,"href":"https:\/\/pradas.net\/fr\/wp-json\/wp\/v2\/product_tag?post=8844"}],"curies":[{"name":"wp","href":"https:\/\/api.w.org\/{rel}","templated":true}]}}