{"id":8845,"date":"2025-01-26T20:10:58","date_gmt":"2025-01-26T19:10:58","guid":{"rendered":"https:\/\/pradas.net\/producto\/coudre-la-trepointe-gis-d-usm\/"},"modified":"2025-01-26T20:10:58","modified_gmt":"2025-01-26T19:10:58","slug":"coudre-la-trepointe-gis-d-usm","status":"publish","type":"product","link":"https:\/\/pradas.net\/fr\/producto\/coudre-la-trepointe-gis-d-usm\/","title":{"rendered":"Coudre la Tr\u00e9pointe GIS-D USM"},"content":{"rendered":"<p><iframe title=\"INSEAM SEWING MACHINE WITH AUTOMATIC CUTT OFF GIS D\" width=\"800\" height=\"450\" src=\"https:\/\/www.youtube.com\/embed\/09f6qwlBOCs?feature=oembed\" frameborder=\"0\" allow=\"accelerometer; autoplay; clipboard-write; encrypted-media; gyroscope; picture-in-picture; web-share\" referrerpolicy=\"strict-origin-when-cross-origin\" allowfullscreen><\/iframe><\/p>\n","protected":false},"excerpt":{"rendered":"<ul>\n<li>La machine \u00e0 coudre la tr\u00e9pointe 09357 permet de coudre la tr\u00e9pointe au mur de la chaussure, fabriqu\u00e9 avec le syst\u00e8me Good Year, en la perforant avec une al\u00eane et une aiguille, pour obtenir une couture d&rsquo;une grande fermet\u00e9 gr\u00e2ce \u00e0 la tension ajustable du fil.<\/li>\n<li>Cette machine \u00e0 coudre la tr\u00e9pointe a \u00e9t\u00e9 con\u00e7ue pour obtenir une grande production de chaussures au moindre effort pour le travailleur, et ce, gr\u00e2ce \u00e0 la haute vitesse de fonctionnement de son moteur, \u00e0 la d\u00e9coupe de la tr\u00e9pointe et au repositionnement automatique qui permet une grande \u00e9conomie, et \u00e0 sa simplicit\u00e9 d&rsquo;usage.<\/li>\n<li>La d\u00e9coupe automatique de la tr\u00e9pointe peut \u00eatre s\u00e9lectionn\u00e9e de 2 fa\u00e7ons diff\u00e9rentes \u00e0 l&rsquo;aide de l&rsquo;interrupteur situ\u00e9 sur le panneau \u00e9lectrique de la machine:<br \/>\n1) La tr\u00e9pointe est coup\u00e9e automatiquement lorsque l&rsquo;op\u00e9rateur l\u00e2che la p\u00e9dale de marche et apr\u00e8s avoir appuy\u00e9 sur le levier situ\u00e9 \u00e0 la hauteur du genou.<br \/>\n2) La tr\u00e9pointe est coup\u00e9e automatiquement apr\u00e8s avoir appuy\u00e9 sur le levier situ\u00e9 \u00e0 la hauteur du genou. Ce levier actionne la descente de la sonde qui fr\u00f4le la l&rsquo;extr\u00e9mit\u00e9 de la tr\u00e9pointe pr\u00e9alablement pos\u00e9e, la coupe et r\u00e9alise un assemblage pratiquement invisible.<\/li>\n<li>En ning\u00fan caso tenemos que activar la rodillera como en las m\u00e1quinas tradicionales, ya que la m\u00e1quina no dispone de la misma.<\/li>\n<li>Todo esto, est\u00e1 gestionado a trav\u00e9s de un simple aparato electr\u00f3nico que hace activar el palpador siempre en el mismo punto preciso sin importarle la velocidad de trabajo.<\/li>\n<li>La m\u00e1quina tiene la posibilidad de montar de f\u00e1brica, o cambiar en un futuro la aguja y lezna de radio corto o largo.<\/li>\n<\/ul>\n<p>&nbsp;<\/p>\n<p><a href=\"https:\/\/www.pradas.net\/wp-content\/uploads\/2025\/01\/7-MAQ.EMPALMILLAR-CERCO-GIS-D-09357.pdf\" target=\"_blank\" rel=\"noopener\">Catalogue : T\u00e9l\u00e9charger<\/a><\/p>\n","protected":false},"featured_media":4196,"comment_status":"open","ping_status":"closed","template":"","meta":[],"product_brand":[],"product_cat":[196,92],"product_tag":[123],"class_list":{"0":"post-8845","1":"product","2":"type-product","3":"status-publish","4":"has-post-thumbnail","6":"product_cat-goodyear-welt-fr-2","7":"product_cat-non-categorise","8":"product_tag-nueva-fr","10":"first","11":"instock","12":"shipping-taxable","13":"product-type-simple"},"yoast_head":"<!-- This site is optimized with the Yoast SEO plugin v27.3 - https:\/\/yoast.com\/product\/yoast-seo-wordpress\/ -->\n<title>Coudre la Tr\u00e9pointe GIS-D USM | Pradas<\/title>\n<meta name=\"robots\" content=\"index, follow, max-snippet:-1, max-image-preview:large, max-video-preview:-1\" \/>\n<link rel=\"canonical\" href=\"https:\/\/pradas.net\/fr\/producto\/coudre-la-trepointe-gis-d-usm\/\" \/>\n<meta property=\"og:locale\" content=\"fr_FR\" \/>\n<meta property=\"og:type\" content=\"article\" \/>\n<meta property=\"og:title\" content=\"Coudre la Tr\u00e9pointe GIS-D USM | Pradas\" \/>\n<meta property=\"og:description\" content=\"La machine \u00e0 coudre la tr\u00e9pointe 09357 permet de coudre la tr\u00e9pointe au mur de la chaussure, fabriqu\u00e9 avec le syst\u00e8me Good Year, en la perforant avec une al\u00eane et une aiguille, pour obtenir une couture d&#039;une grande fermet\u00e9 gr\u00e2ce \u00e0 la tension ajustable du fil.  Cette machine \u00e0 coudre la tr\u00e9pointe a \u00e9t\u00e9 con\u00e7ue pour obtenir une grande production de chaussures au moindre effort pour le travailleur, et ce, gr\u00e2ce \u00e0 la haute vitesse de fonctionnement de son moteur, \u00e0 la d\u00e9coupe de la tr\u00e9pointe et au repositionnement automatique qui permet une grande \u00e9conomie, et \u00e0 sa simplicit\u00e9 d&#039;usage.  La d\u00e9coupe automatique de la tr\u00e9pointe peut \u00eatre s\u00e9lectionn\u00e9e de 2 fa\u00e7ons diff\u00e9rentes \u00e0 l&#039;aide de l&#039;interrupteur situ\u00e9 sur le panneau \u00e9lectrique de la machine: 1) La tr\u00e9pointe est coup\u00e9e automatiquement lorsque l&#039;op\u00e9rateur l\u00e2che la p\u00e9dale de marche et apr\u00e8s avoir appuy\u00e9 sur le levier situ\u00e9 \u00e0 la hauteur du genou. 2) La tr\u00e9pointe est coup\u00e9e automatiquement apr\u00e8s avoir appuy\u00e9 sur le levier situ\u00e9 \u00e0 la hauteur du genou. Ce levier actionne la descente de la sonde qui fr\u00f4le la l&#039;extr\u00e9mit\u00e9 de la tr\u00e9pointe pr\u00e9alablement pos\u00e9e, la coupe et r\u00e9alise un assemblage pratiquement invisible.  En ning\u00fan caso tenemos que activar la rodillera como en las m\u00e1quinas tradicionales, ya que la m\u00e1quina no dispone de la misma.  Todo esto, est\u00e1 gestionado a trav\u00e9s de un simple aparato electr\u00f3nico que hace activar el palpador siempre en el mismo punto preciso sin importarle la velocidad de trabajo.  La m\u00e1quina tiene la posibilidad de montar de f\u00e1brica, o cambiar en un futuro la aguja y lezna de radio corto o largo. &nbsp; Catalogue : T\u00e9l\u00e9charger\" \/>\n<meta property=\"og:url\" content=\"https:\/\/pradas.net\/fr\/producto\/coudre-la-trepointe-gis-d-usm\/\" \/>\n<meta property=\"og:site_name\" content=\"Pradas\" \/>\n<meta property=\"og:image\" content=\"https:\/\/pradas.net\/wp-content\/uploads\/2025\/01\/7-MAQ.-EMPALMILLAR-CERCO-GIS-D-9357-2025_.png\" \/>\n\t<meta property=\"og:image:width\" content=\"1050\" \/>\n\t<meta property=\"og:image:height\" content=\"1400\" \/>\n\t<meta property=\"og:image:type\" content=\"image\/png\" \/>\n<meta name=\"twitter:card\" content=\"summary_large_image\" \/>\n<script type=\"application\/ld+json\" class=\"yoast-schema-graph\">{\"@context\":\"https:\\\/\\\/schema.org\",\"@graph\":[{\"@type\":\"WebPage\",\"@id\":\"https:\\\/\\\/pradas.net\\\/fr\\\/producto\\\/coudre-la-trepointe-gis-d-usm\\\/\",\"url\":\"https:\\\/\\\/pradas.net\\\/fr\\\/producto\\\/coudre-la-trepointe-gis-d-usm\\\/\",\"name\":\"Coudre la Tr\u00e9pointe GIS-D USM | Pradas\",\"isPartOf\":{\"@id\":\"https:\\\/\\\/pradas.net\\\/fr\\\/#website\"},\"primaryImageOfPage\":{\"@id\":\"https:\\\/\\\/pradas.net\\\/fr\\\/producto\\\/coudre-la-trepointe-gis-d-usm\\\/#primaryimage\"},\"image\":{\"@id\":\"https:\\\/\\\/pradas.net\\\/fr\\\/producto\\\/coudre-la-trepointe-gis-d-usm\\\/#primaryimage\"},\"thumbnailUrl\":\"https:\\\/\\\/pradas.net\\\/wp-content\\\/uploads\\\/2025\\\/01\\\/7-MAQ.-EMPALMILLAR-CERCO-GIS-D-9357-2025_.png\",\"datePublished\":\"2025-01-26T19:10:58+00:00\",\"breadcrumb\":{\"@id\":\"https:\\\/\\\/pradas.net\\\/fr\\\/producto\\\/coudre-la-trepointe-gis-d-usm\\\/#breadcrumb\"},\"inLanguage\":\"fr-FR\",\"potentialAction\":[{\"@type\":\"ReadAction\",\"target\":[\"https:\\\/\\\/pradas.net\\\/fr\\\/producto\\\/coudre-la-trepointe-gis-d-usm\\\/\"]}]},{\"@type\":\"ImageObject\",\"inLanguage\":\"fr-FR\",\"@id\":\"https:\\\/\\\/pradas.net\\\/fr\\\/producto\\\/coudre-la-trepointe-gis-d-usm\\\/#primaryimage\",\"url\":\"https:\\\/\\\/pradas.net\\\/wp-content\\\/uploads\\\/2025\\\/01\\\/7-MAQ.-EMPALMILLAR-CERCO-GIS-D-9357-2025_.png\",\"contentUrl\":\"https:\\\/\\\/pradas.net\\\/wp-content\\\/uploads\\\/2025\\\/01\\\/7-MAQ.-EMPALMILLAR-CERCO-GIS-D-9357-2025_.png\",\"width\":1050,\"height\":1400},{\"@type\":\"BreadcrumbList\",\"@id\":\"https:\\\/\\\/pradas.net\\\/fr\\\/producto\\\/coudre-la-trepointe-gis-d-usm\\\/#breadcrumb\",\"itemListElement\":[{\"@type\":\"ListItem\",\"position\":1,\"name\":\"Portada\",\"item\":\"https:\\\/\\\/pradas.net\\\/fr\\\/accueil\\\/\"},{\"@type\":\"ListItem\",\"position\":2,\"name\":\"Shop\",\"item\":\"https:\\\/\\\/pradas.net\\\/?page_id=192\"},{\"@type\":\"ListItem\",\"position\":3,\"name\":\"Coudre la Tr\u00e9pointe GIS-D USM\"}]},{\"@type\":\"WebSite\",\"@id\":\"https:\\\/\\\/pradas.net\\\/fr\\\/#website\",\"url\":\"https:\\\/\\\/pradas.net\\\/fr\\\/\",\"name\":\"Pradas\",\"description\":\"\",\"potentialAction\":[{\"@type\":\"SearchAction\",\"target\":{\"@type\":\"EntryPoint\",\"urlTemplate\":\"https:\\\/\\\/pradas.net\\\/fr\\\/?s={search_term_string}\"},\"query-input\":{\"@type\":\"PropertyValueSpecification\",\"valueRequired\":true,\"valueName\":\"search_term_string\"}}],\"inLanguage\":\"fr-FR\"}]}<\/script>\n<!-- \/ Yoast SEO plugin. -->","yoast_head_json":{"title":"Coudre la Tr\u00e9pointe GIS-D USM | Pradas","robots":{"index":"index","follow":"follow","max-snippet":"max-snippet:-1","max-image-preview":"max-image-preview:large","max-video-preview":"max-video-preview:-1"},"canonical":"https:\/\/pradas.net\/fr\/producto\/coudre-la-trepointe-gis-d-usm\/","og_locale":"fr_FR","og_type":"article","og_title":"Coudre la Tr\u00e9pointe GIS-D USM | Pradas","og_description":"La machine \u00e0 coudre la tr\u00e9pointe 09357 permet de coudre la tr\u00e9pointe au mur de la chaussure, fabriqu\u00e9 avec le syst\u00e8me Good Year, en la perforant avec une al\u00eane et une aiguille, pour obtenir une couture d'une grande fermet\u00e9 gr\u00e2ce \u00e0 la tension ajustable du fil.  Cette machine \u00e0 coudre la tr\u00e9pointe a \u00e9t\u00e9 con\u00e7ue pour obtenir une grande production de chaussures au moindre effort pour le travailleur, et ce, gr\u00e2ce \u00e0 la haute vitesse de fonctionnement de son moteur, \u00e0 la d\u00e9coupe de la tr\u00e9pointe et au repositionnement automatique qui permet une grande \u00e9conomie, et \u00e0 sa simplicit\u00e9 d'usage.  La d\u00e9coupe automatique de la tr\u00e9pointe peut \u00eatre s\u00e9lectionn\u00e9e de 2 fa\u00e7ons diff\u00e9rentes \u00e0 l'aide de l'interrupteur situ\u00e9 sur le panneau \u00e9lectrique de la machine: 1) La tr\u00e9pointe est coup\u00e9e automatiquement lorsque l'op\u00e9rateur l\u00e2che la p\u00e9dale de marche et apr\u00e8s avoir appuy\u00e9 sur le levier situ\u00e9 \u00e0 la hauteur du genou. 2) La tr\u00e9pointe est coup\u00e9e automatiquement apr\u00e8s avoir appuy\u00e9 sur le levier situ\u00e9 \u00e0 la hauteur du genou. Ce levier actionne la descente de la sonde qui fr\u00f4le la l'extr\u00e9mit\u00e9 de la tr\u00e9pointe pr\u00e9alablement pos\u00e9e, la coupe et r\u00e9alise un assemblage pratiquement invisible.  En ning\u00fan caso tenemos que activar la rodillera como en las m\u00e1quinas tradicionales, ya que la m\u00e1quina no dispone de la misma.  Todo esto, est\u00e1 gestionado a trav\u00e9s de un simple aparato electr\u00f3nico que hace activar el palpador siempre en el mismo punto preciso sin importarle la velocidad de trabajo.  La m\u00e1quina tiene la posibilidad de montar de f\u00e1brica, o cambiar en un futuro la aguja y lezna de radio corto o largo. &nbsp; Catalogue : T\u00e9l\u00e9charger","og_url":"https:\/\/pradas.net\/fr\/producto\/coudre-la-trepointe-gis-d-usm\/","og_site_name":"Pradas","og_image":[{"width":1050,"height":1400,"url":"https:\/\/pradas.net\/wp-content\/uploads\/2025\/01\/7-MAQ.-EMPALMILLAR-CERCO-GIS-D-9357-2025_.png","type":"image\/png"}],"twitter_card":"summary_large_image","schema":{"@context":"https:\/\/schema.org","@graph":[{"@type":"WebPage","@id":"https:\/\/pradas.net\/fr\/producto\/coudre-la-trepointe-gis-d-usm\/","url":"https:\/\/pradas.net\/fr\/producto\/coudre-la-trepointe-gis-d-usm\/","name":"Coudre la Tr\u00e9pointe GIS-D USM | Pradas","isPartOf":{"@id":"https:\/\/pradas.net\/fr\/#website"},"primaryImageOfPage":{"@id":"https:\/\/pradas.net\/fr\/producto\/coudre-la-trepointe-gis-d-usm\/#primaryimage"},"image":{"@id":"https:\/\/pradas.net\/fr\/producto\/coudre-la-trepointe-gis-d-usm\/#primaryimage"},"thumbnailUrl":"https:\/\/pradas.net\/wp-content\/uploads\/2025\/01\/7-MAQ.-EMPALMILLAR-CERCO-GIS-D-9357-2025_.png","datePublished":"2025-01-26T19:10:58+00:00","breadcrumb":{"@id":"https:\/\/pradas.net\/fr\/producto\/coudre-la-trepointe-gis-d-usm\/#breadcrumb"},"inLanguage":"fr-FR","potentialAction":[{"@type":"ReadAction","target":["https:\/\/pradas.net\/fr\/producto\/coudre-la-trepointe-gis-d-usm\/"]}]},{"@type":"ImageObject","inLanguage":"fr-FR","@id":"https:\/\/pradas.net\/fr\/producto\/coudre-la-trepointe-gis-d-usm\/#primaryimage","url":"https:\/\/pradas.net\/wp-content\/uploads\/2025\/01\/7-MAQ.-EMPALMILLAR-CERCO-GIS-D-9357-2025_.png","contentUrl":"https:\/\/pradas.net\/wp-content\/uploads\/2025\/01\/7-MAQ.-EMPALMILLAR-CERCO-GIS-D-9357-2025_.png","width":1050,"height":1400},{"@type":"BreadcrumbList","@id":"https:\/\/pradas.net\/fr\/producto\/coudre-la-trepointe-gis-d-usm\/#breadcrumb","itemListElement":[{"@type":"ListItem","position":1,"name":"Portada","item":"https:\/\/pradas.net\/fr\/accueil\/"},{"@type":"ListItem","position":2,"name":"Shop","item":"https:\/\/pradas.net\/?page_id=192"},{"@type":"ListItem","position":3,"name":"Coudre la Tr\u00e9pointe GIS-D USM"}]},{"@type":"WebSite","@id":"https:\/\/pradas.net\/fr\/#website","url":"https:\/\/pradas.net\/fr\/","name":"Pradas","description":"","potentialAction":[{"@type":"SearchAction","target":{"@type":"EntryPoint","urlTemplate":"https:\/\/pradas.net\/fr\/?s={search_term_string}"},"query-input":{"@type":"PropertyValueSpecification","valueRequired":true,"valueName":"search_term_string"}}],"inLanguage":"fr-FR"}]}},"_links":{"self":[{"href":"https:\/\/pradas.net\/fr\/wp-json\/wp\/v2\/product\/8845","targetHints":{"allow":["GET"]}}],"collection":[{"href":"https:\/\/pradas.net\/fr\/wp-json\/wp\/v2\/product"}],"about":[{"href":"https:\/\/pradas.net\/fr\/wp-json\/wp\/v2\/types\/product"}],"replies":[{"embeddable":true,"href":"https:\/\/pradas.net\/fr\/wp-json\/wp\/v2\/comments?post=8845"}],"wp:featuredmedia":[{"embeddable":true,"href":"https:\/\/pradas.net\/fr\/wp-json\/wp\/v2\/media\/4196"}],"wp:attachment":[{"href":"https:\/\/pradas.net\/fr\/wp-json\/wp\/v2\/media?parent=8845"}],"wp:term":[{"taxonomy":"product_brand","embeddable":true,"href":"https:\/\/pradas.net\/fr\/wp-json\/wp\/v2\/product_brand?post=8845"},{"taxonomy":"product_cat","embeddable":true,"href":"https:\/\/pradas.net\/fr\/wp-json\/wp\/v2\/product_cat?post=8845"},{"taxonomy":"product_tag","embeddable":true,"href":"https:\/\/pradas.net\/fr\/wp-json\/wp\/v2\/product_tag?post=8845"}],"curies":[{"name":"wp","href":"https:\/\/api.w.org\/{rel}","templated":true}]}}