{"id":8846,"date":"2025-01-26T20:18:16","date_gmt":"2025-01-26T19:18:16","guid":{"rendered":"https:\/\/pradas.net\/producto\/coudre-la-trepointe-ec-p08\/"},"modified":"2025-01-26T20:18:16","modified_gmt":"2025-01-26T19:18:16","slug":"coudre-la-trepointe-ec-p08","status":"publish","type":"product","link":"https:\/\/pradas.net\/fr\/producto\/coudre-la-trepointe-ec-p08\/","title":{"rendered":"Coudre la Tr\u00e9pointe EC P08"},"content":{"rendered":"","protected":false},"excerpt":{"rendered":"<p>La machine \u00e0 coudre la tr\u00e9pointe permet de coudre la tr\u00e9pointe au mur de la chaussure, fabriqu\u00e9 avec le syst\u00e8me GoodYear, en la perforant avec une al\u00eane et une aiguille, pour obtenir une couture d&rsquo;une grande fermet\u00e9 gr\u00e2ce \u00e0 la tension ajustable du fil. Cette machine a \u00e9t\u00e9 con\u00e7ue pour obtenir une grande production de chaussures au moindre effort pour le travailleur, et ce, gr\u00e2ce \u00e0 la haute vitesse de fonctionnement de son moteur \u00e9lectronique, \u00e0 la fiabilit\u00e9 de tous ses mouvements qui sont contr\u00f4l\u00e9s par un PLC \u00e9lectronique et \u00e0 la d\u00e9coupe de la tr\u00e9pointe et au repositionnement automatique qui permet une grande \u00e9conomie, et \u00e0 sa simplicit\u00e9 d&rsquo;usage. Il ne faut en aucun cas activer le levier \u00e0 la hauteur du genou comme dans les machines traditionnelles, \u00e9tant donn\u00e9 que la machine n&rsquo;en a pas. Tout ceci est contr\u00f4l\u00e9 \u00e0 l&rsquo;aide d&rsquo;un simple appareil \u00e9lectronique qui permet d&rsquo;activer la sonde toujours sur le point pr\u00e9cis, quelle que soit la vitesse de travail, pour plus de simplicit\u00e9 et de confort dans son utilisation. La machine est \u00e9quip\u00e9e d&rsquo;un \u00e9cran tactile qui nous permettra de r\u00e9aliser tous les r\u00e9glages et programmations en nous facilitant l&rsquo;usage de la m\u00eame. En option, cette machine peut \u00eatre adapt\u00e9e avec plusieurs guides pour le travail de divers types de tr\u00e9pointes.     <\/p>\n<p>&nbsp;<\/p>\n<p>Cat\u00e1logo: <a href=\"https:\/\/www.pradas.net\/wp-content\/uploads\/2025\/01\/8-MAQ.EMPALMILLAR-CERCO-EC-P08-12021.pdf\" target=\"_blank\" rel=\"noopener\">Descargar<\/a><\/p>\n","protected":false},"featured_media":1440,"comment_status":"open","ping_status":"closed","template":"","meta":[],"product_brand":[],"product_cat":[196,92],"product_tag":[123],"class_list":{"0":"post-8846","1":"product","2":"type-product","3":"status-publish","4":"has-post-thumbnail","6":"product_cat-goodyear-welt-fr-2","7":"product_cat-non-categorise","8":"product_tag-nueva-fr","10":"first","11":"instock","12":"shipping-taxable","13":"product-type-simple"},"yoast_head":"<!-- This site is optimized with the Yoast SEO plugin v27.3 - https:\/\/yoast.com\/product\/yoast-seo-wordpress\/ -->\n<title>Coudre la Tr\u00e9pointe EC P08 | Pradas<\/title>\n<meta name=\"robots\" content=\"index, follow, max-snippet:-1, max-image-preview:large, max-video-preview:-1\" \/>\n<link rel=\"canonical\" href=\"https:\/\/pradas.net\/fr\/producto\/coudre-la-trepointe-ec-p08\/\" \/>\n<meta property=\"og:locale\" content=\"fr_FR\" \/>\n<meta property=\"og:type\" content=\"article\" \/>\n<meta property=\"og:title\" content=\"Coudre la Tr\u00e9pointe EC P08 | Pradas\" \/>\n<meta property=\"og:description\" content=\"La machine \u00e0 coudre la tr\u00e9pointe permet de coudre la tr\u00e9pointe au mur de la chaussure, fabriqu\u00e9 avec le syst\u00e8me GoodYear, en la perforant avec une al\u00eane et une aiguille, pour obtenir une couture d&#039;une grande fermet\u00e9 gr\u00e2ce \u00e0 la tension ajustable du fil. Cette machine a \u00e9t\u00e9 con\u00e7ue pour obtenir une grande production de chaussures au moindre effort pour le travailleur, et ce, gr\u00e2ce \u00e0 la haute vitesse de fonctionnement de son moteur \u00e9lectronique, \u00e0 la fiabilit\u00e9 de tous ses mouvements qui sont contr\u00f4l\u00e9s par un PLC \u00e9lectronique et \u00e0 la d\u00e9coupe de la tr\u00e9pointe et au repositionnement automatique qui permet une grande \u00e9conomie, et \u00e0 sa simplicit\u00e9 d&#039;usage. Il ne faut en aucun cas activer le levier \u00e0 la hauteur du genou comme dans les machines traditionnelles, \u00e9tant donn\u00e9 que la machine n&#039;en a pas. Tout ceci est contr\u00f4l\u00e9 \u00e0 l&#039;aide d&#039;un simple appareil \u00e9lectronique qui permet d&#039;activer la sonde toujours sur le point pr\u00e9cis, quelle que soit la vitesse de travail, pour plus de simplicit\u00e9 et de confort dans son utilisation. La machine est \u00e9quip\u00e9e d&#039;un \u00e9cran tactile qui nous permettra de r\u00e9aliser tous les r\u00e9glages et programmations en nous facilitant l&#039;usage de la m\u00eame. En option, cette machine peut \u00eatre adapt\u00e9e avec plusieurs guides pour le travail de divers types de tr\u00e9pointes.    &nbsp; Cat\u00e1logo: Descargar\" \/>\n<meta property=\"og:url\" content=\"https:\/\/pradas.net\/fr\/producto\/coudre-la-trepointe-ec-p08\/\" \/>\n<meta property=\"og:site_name\" content=\"Pradas\" \/>\n<meta property=\"og:image\" content=\"https:\/\/pradas.net\/wp-content\/uploads\/2025\/01\/8-MAQ.-EMPALMILLAR-CERCO-EC-P08-12021-2025_.png\" \/>\n\t<meta property=\"og:image:width\" content=\"1050\" \/>\n\t<meta property=\"og:image:height\" content=\"1400\" \/>\n\t<meta property=\"og:image:type\" content=\"image\/png\" \/>\n<meta name=\"twitter:card\" content=\"summary_large_image\" \/>\n<script type=\"application\/ld+json\" class=\"yoast-schema-graph\">{\"@context\":\"https:\\\/\\\/schema.org\",\"@graph\":[{\"@type\":\"WebPage\",\"@id\":\"https:\\\/\\\/pradas.net\\\/fr\\\/producto\\\/coudre-la-trepointe-ec-p08\\\/\",\"url\":\"https:\\\/\\\/pradas.net\\\/fr\\\/producto\\\/coudre-la-trepointe-ec-p08\\\/\",\"name\":\"Coudre la Tr\u00e9pointe EC P08 | Pradas\",\"isPartOf\":{\"@id\":\"https:\\\/\\\/pradas.net\\\/fr\\\/#website\"},\"primaryImageOfPage\":{\"@id\":\"https:\\\/\\\/pradas.net\\\/fr\\\/producto\\\/coudre-la-trepointe-ec-p08\\\/#primaryimage\"},\"image\":{\"@id\":\"https:\\\/\\\/pradas.net\\\/fr\\\/producto\\\/coudre-la-trepointe-ec-p08\\\/#primaryimage\"},\"thumbnailUrl\":\"https:\\\/\\\/pradas.net\\\/wp-content\\\/uploads\\\/2025\\\/01\\\/8-MAQ.-EMPALMILLAR-CERCO-EC-P08-12021-2025_.png\",\"datePublished\":\"2025-01-26T19:18:16+00:00\",\"breadcrumb\":{\"@id\":\"https:\\\/\\\/pradas.net\\\/fr\\\/producto\\\/coudre-la-trepointe-ec-p08\\\/#breadcrumb\"},\"inLanguage\":\"fr-FR\",\"potentialAction\":[{\"@type\":\"ReadAction\",\"target\":[\"https:\\\/\\\/pradas.net\\\/fr\\\/producto\\\/coudre-la-trepointe-ec-p08\\\/\"]}]},{\"@type\":\"ImageObject\",\"inLanguage\":\"fr-FR\",\"@id\":\"https:\\\/\\\/pradas.net\\\/fr\\\/producto\\\/coudre-la-trepointe-ec-p08\\\/#primaryimage\",\"url\":\"https:\\\/\\\/pradas.net\\\/wp-content\\\/uploads\\\/2025\\\/01\\\/8-MAQ.-EMPALMILLAR-CERCO-EC-P08-12021-2025_.png\",\"contentUrl\":\"https:\\\/\\\/pradas.net\\\/wp-content\\\/uploads\\\/2025\\\/01\\\/8-MAQ.-EMPALMILLAR-CERCO-EC-P08-12021-2025_.png\",\"width\":1050,\"height\":1400,\"caption\":\"Maquinaria Calzado Goodyear\"},{\"@type\":\"BreadcrumbList\",\"@id\":\"https:\\\/\\\/pradas.net\\\/fr\\\/producto\\\/coudre-la-trepointe-ec-p08\\\/#breadcrumb\",\"itemListElement\":[{\"@type\":\"ListItem\",\"position\":1,\"name\":\"Portada\",\"item\":\"https:\\\/\\\/pradas.net\\\/fr\\\/accueil\\\/\"},{\"@type\":\"ListItem\",\"position\":2,\"name\":\"Shop\",\"item\":\"https:\\\/\\\/pradas.net\\\/?page_id=192\"},{\"@type\":\"ListItem\",\"position\":3,\"name\":\"Coudre la Tr\u00e9pointe EC P08\"}]},{\"@type\":\"WebSite\",\"@id\":\"https:\\\/\\\/pradas.net\\\/fr\\\/#website\",\"url\":\"https:\\\/\\\/pradas.net\\\/fr\\\/\",\"name\":\"Pradas\",\"description\":\"\",\"potentialAction\":[{\"@type\":\"SearchAction\",\"target\":{\"@type\":\"EntryPoint\",\"urlTemplate\":\"https:\\\/\\\/pradas.net\\\/fr\\\/?s={search_term_string}\"},\"query-input\":{\"@type\":\"PropertyValueSpecification\",\"valueRequired\":true,\"valueName\":\"search_term_string\"}}],\"inLanguage\":\"fr-FR\"}]}<\/script>\n<!-- \/ Yoast SEO plugin. -->","yoast_head_json":{"title":"Coudre la Tr\u00e9pointe EC P08 | Pradas","robots":{"index":"index","follow":"follow","max-snippet":"max-snippet:-1","max-image-preview":"max-image-preview:large","max-video-preview":"max-video-preview:-1"},"canonical":"https:\/\/pradas.net\/fr\/producto\/coudre-la-trepointe-ec-p08\/","og_locale":"fr_FR","og_type":"article","og_title":"Coudre la Tr\u00e9pointe EC P08 | Pradas","og_description":"La machine \u00e0 coudre la tr\u00e9pointe permet de coudre la tr\u00e9pointe au mur de la chaussure, fabriqu\u00e9 avec le syst\u00e8me GoodYear, en la perforant avec une al\u00eane et une aiguille, pour obtenir une couture d'une grande fermet\u00e9 gr\u00e2ce \u00e0 la tension ajustable du fil. Cette machine a \u00e9t\u00e9 con\u00e7ue pour obtenir une grande production de chaussures au moindre effort pour le travailleur, et ce, gr\u00e2ce \u00e0 la haute vitesse de fonctionnement de son moteur \u00e9lectronique, \u00e0 la fiabilit\u00e9 de tous ses mouvements qui sont contr\u00f4l\u00e9s par un PLC \u00e9lectronique et \u00e0 la d\u00e9coupe de la tr\u00e9pointe et au repositionnement automatique qui permet une grande \u00e9conomie, et \u00e0 sa simplicit\u00e9 d'usage. Il ne faut en aucun cas activer le levier \u00e0 la hauteur du genou comme dans les machines traditionnelles, \u00e9tant donn\u00e9 que la machine n'en a pas. Tout ceci est contr\u00f4l\u00e9 \u00e0 l'aide d'un simple appareil \u00e9lectronique qui permet d'activer la sonde toujours sur le point pr\u00e9cis, quelle que soit la vitesse de travail, pour plus de simplicit\u00e9 et de confort dans son utilisation. La machine est \u00e9quip\u00e9e d'un \u00e9cran tactile qui nous permettra de r\u00e9aliser tous les r\u00e9glages et programmations en nous facilitant l'usage de la m\u00eame. En option, cette machine peut \u00eatre adapt\u00e9e avec plusieurs guides pour le travail de divers types de tr\u00e9pointes.    &nbsp; Cat\u00e1logo: Descargar","og_url":"https:\/\/pradas.net\/fr\/producto\/coudre-la-trepointe-ec-p08\/","og_site_name":"Pradas","og_image":[{"width":1050,"height":1400,"url":"https:\/\/pradas.net\/wp-content\/uploads\/2025\/01\/8-MAQ.-EMPALMILLAR-CERCO-EC-P08-12021-2025_.png","type":"image\/png"}],"twitter_card":"summary_large_image","schema":{"@context":"https:\/\/schema.org","@graph":[{"@type":"WebPage","@id":"https:\/\/pradas.net\/fr\/producto\/coudre-la-trepointe-ec-p08\/","url":"https:\/\/pradas.net\/fr\/producto\/coudre-la-trepointe-ec-p08\/","name":"Coudre la Tr\u00e9pointe EC P08 | Pradas","isPartOf":{"@id":"https:\/\/pradas.net\/fr\/#website"},"primaryImageOfPage":{"@id":"https:\/\/pradas.net\/fr\/producto\/coudre-la-trepointe-ec-p08\/#primaryimage"},"image":{"@id":"https:\/\/pradas.net\/fr\/producto\/coudre-la-trepointe-ec-p08\/#primaryimage"},"thumbnailUrl":"https:\/\/pradas.net\/wp-content\/uploads\/2025\/01\/8-MAQ.-EMPALMILLAR-CERCO-EC-P08-12021-2025_.png","datePublished":"2025-01-26T19:18:16+00:00","breadcrumb":{"@id":"https:\/\/pradas.net\/fr\/producto\/coudre-la-trepointe-ec-p08\/#breadcrumb"},"inLanguage":"fr-FR","potentialAction":[{"@type":"ReadAction","target":["https:\/\/pradas.net\/fr\/producto\/coudre-la-trepointe-ec-p08\/"]}]},{"@type":"ImageObject","inLanguage":"fr-FR","@id":"https:\/\/pradas.net\/fr\/producto\/coudre-la-trepointe-ec-p08\/#primaryimage","url":"https:\/\/pradas.net\/wp-content\/uploads\/2025\/01\/8-MAQ.-EMPALMILLAR-CERCO-EC-P08-12021-2025_.png","contentUrl":"https:\/\/pradas.net\/wp-content\/uploads\/2025\/01\/8-MAQ.-EMPALMILLAR-CERCO-EC-P08-12021-2025_.png","width":1050,"height":1400,"caption":"Maquinaria Calzado Goodyear"},{"@type":"BreadcrumbList","@id":"https:\/\/pradas.net\/fr\/producto\/coudre-la-trepointe-ec-p08\/#breadcrumb","itemListElement":[{"@type":"ListItem","position":1,"name":"Portada","item":"https:\/\/pradas.net\/fr\/accueil\/"},{"@type":"ListItem","position":2,"name":"Shop","item":"https:\/\/pradas.net\/?page_id=192"},{"@type":"ListItem","position":3,"name":"Coudre la Tr\u00e9pointe EC P08"}]},{"@type":"WebSite","@id":"https:\/\/pradas.net\/fr\/#website","url":"https:\/\/pradas.net\/fr\/","name":"Pradas","description":"","potentialAction":[{"@type":"SearchAction","target":{"@type":"EntryPoint","urlTemplate":"https:\/\/pradas.net\/fr\/?s={search_term_string}"},"query-input":{"@type":"PropertyValueSpecification","valueRequired":true,"valueName":"search_term_string"}}],"inLanguage":"fr-FR"}]}},"_links":{"self":[{"href":"https:\/\/pradas.net\/fr\/wp-json\/wp\/v2\/product\/8846","targetHints":{"allow":["GET"]}}],"collection":[{"href":"https:\/\/pradas.net\/fr\/wp-json\/wp\/v2\/product"}],"about":[{"href":"https:\/\/pradas.net\/fr\/wp-json\/wp\/v2\/types\/product"}],"replies":[{"embeddable":true,"href":"https:\/\/pradas.net\/fr\/wp-json\/wp\/v2\/comments?post=8846"}],"wp:featuredmedia":[{"embeddable":true,"href":"https:\/\/pradas.net\/fr\/wp-json\/wp\/v2\/media\/1440"}],"wp:attachment":[{"href":"https:\/\/pradas.net\/fr\/wp-json\/wp\/v2\/media?parent=8846"}],"wp:term":[{"taxonomy":"product_brand","embeddable":true,"href":"https:\/\/pradas.net\/fr\/wp-json\/wp\/v2\/product_brand?post=8846"},{"taxonomy":"product_cat","embeddable":true,"href":"https:\/\/pradas.net\/fr\/wp-json\/wp\/v2\/product_cat?post=8846"},{"taxonomy":"product_tag","embeddable":true,"href":"https:\/\/pradas.net\/fr\/wp-json\/wp\/v2\/product_tag?post=8846"}],"curies":[{"name":"wp","href":"https:\/\/api.w.org\/{rel}","templated":true}]}}