{"id":8847,"date":"2025-01-26T20:22:58","date_gmt":"2025-01-26T19:22:58","guid":{"rendered":"https:\/\/pradas.net\/producto\/coudre-cousu-norvegien\/"},"modified":"2025-01-26T20:22:58","modified_gmt":"2025-01-26T19:22:58","slug":"coudre-cousu-norvegien","status":"publish","type":"product","link":"https:\/\/pradas.net\/fr\/producto\/coudre-cousu-norvegien\/","title":{"rendered":"Coudre Cousu Norv\u00e9gien"},"content":{"rendered":"<p><iframe title=\"INVERTED WELT INSEAM SEWING MACHINE EMPALMILLAR NORDICO\" width=\"800\" height=\"450\" src=\"https:\/\/www.youtube.com\/embed\/UNQ4KwORhPY?feature=oembed\" frameborder=\"0\" allow=\"accelerometer; autoplay; clipboard-write; encrypted-media; gyroscope; picture-in-picture; web-share\" referrerpolicy=\"strict-origin-when-cross-origin\" allowfullscreen><\/iframe><\/p>\n","protected":false},"excerpt":{"rendered":"<ul>\n<li>Cette machine est employ\u00e9e dans la construction GoodYear et dans la fabrication de ballerines<\/li>\n<li>Elle dispose d&rsquo;un seul fil \u00e0 coudre qui forme la cha\u00eenette sur la partie interne du mur. C&rsquo;est-\u00e0-dire, dans le sens contraire des machines \u00e0 poser la tr\u00e9pointe conventionnelles. <\/li>\n<li>Elle dispose d&rsquo;un seul fil \u00e0 coudre qui forme la cha\u00eenette sur la partie interne du mur. C&rsquo;est-\u00e0-dire, dans le sens contraire des machines \u00e0 poser la tr\u00e9pointe conventionnelles.<\/li>\n<li>La vitesse du point de la machine est r\u00e9glable de 0 \u00e0 350 points par minute gr\u00e2ce \u00e0 un moteur \u00e9lectrique dot\u00e9 de variateur de vitesse pour un travail plus ais\u00e9 et plus pr\u00e9cis.<\/li>\n<li>la position d&rsquo;arr\u00eat est contr\u00f4l\u00e9e \u00e0 l&rsquo;aide d&rsquo;un codeur \u00e9lectronique, de telle sorte que l&rsquo;aiguille reste toujours ouverte pour pouvoir enlever la chaussure.<\/li>\n<\/ul>\n<p>&nbsp;<\/p>\n<p>Cat\u00e1logo: <a href=\"https:\/\/www.pradas.net\/wp-content\/uploads\/2025\/01\/9-MAQ.EMPALMILLAR-CERCO-INVERTIDO-00137.pdf\" target=\"_blank\" rel=\"noopener\">Descargar<\/a><\/p>\n","protected":false},"featured_media":4204,"comment_status":"open","ping_status":"closed","template":"","meta":[],"product_brand":[],"product_cat":[196,92],"product_tag":[123],"class_list":{"0":"post-8847","1":"product","2":"type-product","3":"status-publish","4":"has-post-thumbnail","6":"product_cat-goodyear-welt-fr-2","7":"product_cat-non-categorise","8":"product_tag-nueva-fr","10":"first","11":"instock","12":"shipping-taxable","13":"product-type-simple"},"yoast_head":"<!-- This site is optimized with the Yoast SEO plugin v27.3 - https:\/\/yoast.com\/product\/yoast-seo-wordpress\/ -->\n<title>Coudre Cousu Norv\u00e9gien | Pradas<\/title>\n<meta name=\"robots\" content=\"index, follow, max-snippet:-1, max-image-preview:large, max-video-preview:-1\" \/>\n<link rel=\"canonical\" href=\"https:\/\/pradas.net\/fr\/producto\/coudre-cousu-norvegien\/\" \/>\n<meta property=\"og:locale\" content=\"fr_FR\" \/>\n<meta property=\"og:type\" content=\"article\" \/>\n<meta property=\"og:title\" content=\"Coudre Cousu Norv\u00e9gien | Pradas\" \/>\n<meta property=\"og:description\" content=\"Cette machine est employ\u00e9e dans la construction GoodYear et dans la fabrication de ballerines  Elle dispose d&#039;un seul fil \u00e0 coudre qui forme la cha\u00eenette sur la partie interne du mur. C&#039;est-\u00e0-dire, dans le sens contraire des machines \u00e0 poser la tr\u00e9pointe conventionnelles.  Elle dispose d&#039;un seul fil \u00e0 coudre qui forme la cha\u00eenette sur la partie interne du mur. C&#039;est-\u00e0-dire, dans le sens contraire des machines \u00e0 poser la tr\u00e9pointe conventionnelles.  La vitesse du point de la machine est r\u00e9glable de 0 \u00e0 350 points par minute gr\u00e2ce \u00e0 un moteur \u00e9lectrique dot\u00e9 de variateur de vitesse pour un travail plus ais\u00e9 et plus pr\u00e9cis.  la position d&#039;arr\u00eat est contr\u00f4l\u00e9e \u00e0 l&#039;aide d&#039;un codeur \u00e9lectronique, de telle sorte que l&#039;aiguille reste toujours ouverte pour pouvoir enlever la chaussure. &nbsp; Cat\u00e1logo: Descargar\" \/>\n<meta property=\"og:url\" content=\"https:\/\/pradas.net\/fr\/producto\/coudre-cousu-norvegien\/\" \/>\n<meta property=\"og:site_name\" content=\"Pradas\" \/>\n<meta property=\"og:image\" content=\"https:\/\/pradas.net\/wp-content\/uploads\/2025\/01\/9-MAQ.-EMPALMILLAR-CERCO-INVERTIDO-00137-2025_.png\" \/>\n\t<meta property=\"og:image:width\" content=\"1050\" \/>\n\t<meta property=\"og:image:height\" content=\"1400\" \/>\n\t<meta property=\"og:image:type\" content=\"image\/png\" \/>\n<meta name=\"twitter:card\" content=\"summary_large_image\" \/>\n<script type=\"application\/ld+json\" class=\"yoast-schema-graph\">{\"@context\":\"https:\\\/\\\/schema.org\",\"@graph\":[{\"@type\":\"WebPage\",\"@id\":\"https:\\\/\\\/pradas.net\\\/fr\\\/producto\\\/coudre-cousu-norvegien\\\/\",\"url\":\"https:\\\/\\\/pradas.net\\\/fr\\\/producto\\\/coudre-cousu-norvegien\\\/\",\"name\":\"Coudre Cousu Norv\u00e9gien | Pradas\",\"isPartOf\":{\"@id\":\"https:\\\/\\\/pradas.net\\\/fr\\\/#website\"},\"primaryImageOfPage\":{\"@id\":\"https:\\\/\\\/pradas.net\\\/fr\\\/producto\\\/coudre-cousu-norvegien\\\/#primaryimage\"},\"image\":{\"@id\":\"https:\\\/\\\/pradas.net\\\/fr\\\/producto\\\/coudre-cousu-norvegien\\\/#primaryimage\"},\"thumbnailUrl\":\"https:\\\/\\\/pradas.net\\\/wp-content\\\/uploads\\\/2025\\\/01\\\/9-MAQ.-EMPALMILLAR-CERCO-INVERTIDO-00137-2025_.png\",\"datePublished\":\"2025-01-26T19:22:58+00:00\",\"breadcrumb\":{\"@id\":\"https:\\\/\\\/pradas.net\\\/fr\\\/producto\\\/coudre-cousu-norvegien\\\/#breadcrumb\"},\"inLanguage\":\"fr-FR\",\"potentialAction\":[{\"@type\":\"ReadAction\",\"target\":[\"https:\\\/\\\/pradas.net\\\/fr\\\/producto\\\/coudre-cousu-norvegien\\\/\"]}]},{\"@type\":\"ImageObject\",\"inLanguage\":\"fr-FR\",\"@id\":\"https:\\\/\\\/pradas.net\\\/fr\\\/producto\\\/coudre-cousu-norvegien\\\/#primaryimage\",\"url\":\"https:\\\/\\\/pradas.net\\\/wp-content\\\/uploads\\\/2025\\\/01\\\/9-MAQ.-EMPALMILLAR-CERCO-INVERTIDO-00137-2025_.png\",\"contentUrl\":\"https:\\\/\\\/pradas.net\\\/wp-content\\\/uploads\\\/2025\\\/01\\\/9-MAQ.-EMPALMILLAR-CERCO-INVERTIDO-00137-2025_.png\",\"width\":1050,\"height\":1400},{\"@type\":\"BreadcrumbList\",\"@id\":\"https:\\\/\\\/pradas.net\\\/fr\\\/producto\\\/coudre-cousu-norvegien\\\/#breadcrumb\",\"itemListElement\":[{\"@type\":\"ListItem\",\"position\":1,\"name\":\"Portada\",\"item\":\"https:\\\/\\\/pradas.net\\\/fr\\\/accueil\\\/\"},{\"@type\":\"ListItem\",\"position\":2,\"name\":\"Shop\",\"item\":\"https:\\\/\\\/pradas.net\\\/?page_id=192\"},{\"@type\":\"ListItem\",\"position\":3,\"name\":\"Coudre Cousu Norv\u00e9gien\"}]},{\"@type\":\"WebSite\",\"@id\":\"https:\\\/\\\/pradas.net\\\/fr\\\/#website\",\"url\":\"https:\\\/\\\/pradas.net\\\/fr\\\/\",\"name\":\"Pradas\",\"description\":\"\",\"potentialAction\":[{\"@type\":\"SearchAction\",\"target\":{\"@type\":\"EntryPoint\",\"urlTemplate\":\"https:\\\/\\\/pradas.net\\\/fr\\\/?s={search_term_string}\"},\"query-input\":{\"@type\":\"PropertyValueSpecification\",\"valueRequired\":true,\"valueName\":\"search_term_string\"}}],\"inLanguage\":\"fr-FR\"}]}<\/script>\n<!-- \/ Yoast SEO plugin. -->","yoast_head_json":{"title":"Coudre Cousu Norv\u00e9gien | Pradas","robots":{"index":"index","follow":"follow","max-snippet":"max-snippet:-1","max-image-preview":"max-image-preview:large","max-video-preview":"max-video-preview:-1"},"canonical":"https:\/\/pradas.net\/fr\/producto\/coudre-cousu-norvegien\/","og_locale":"fr_FR","og_type":"article","og_title":"Coudre Cousu Norv\u00e9gien | Pradas","og_description":"Cette machine est employ\u00e9e dans la construction GoodYear et dans la fabrication de ballerines  Elle dispose d'un seul fil \u00e0 coudre qui forme la cha\u00eenette sur la partie interne du mur. C'est-\u00e0-dire, dans le sens contraire des machines \u00e0 poser la tr\u00e9pointe conventionnelles.  Elle dispose d'un seul fil \u00e0 coudre qui forme la cha\u00eenette sur la partie interne du mur. C'est-\u00e0-dire, dans le sens contraire des machines \u00e0 poser la tr\u00e9pointe conventionnelles.  La vitesse du point de la machine est r\u00e9glable de 0 \u00e0 350 points par minute gr\u00e2ce \u00e0 un moteur \u00e9lectrique dot\u00e9 de variateur de vitesse pour un travail plus ais\u00e9 et plus pr\u00e9cis.  la position d'arr\u00eat est contr\u00f4l\u00e9e \u00e0 l'aide d'un codeur \u00e9lectronique, de telle sorte que l'aiguille reste toujours ouverte pour pouvoir enlever la chaussure. &nbsp; Cat\u00e1logo: Descargar","og_url":"https:\/\/pradas.net\/fr\/producto\/coudre-cousu-norvegien\/","og_site_name":"Pradas","og_image":[{"width":1050,"height":1400,"url":"https:\/\/pradas.net\/wp-content\/uploads\/2025\/01\/9-MAQ.-EMPALMILLAR-CERCO-INVERTIDO-00137-2025_.png","type":"image\/png"}],"twitter_card":"summary_large_image","schema":{"@context":"https:\/\/schema.org","@graph":[{"@type":"WebPage","@id":"https:\/\/pradas.net\/fr\/producto\/coudre-cousu-norvegien\/","url":"https:\/\/pradas.net\/fr\/producto\/coudre-cousu-norvegien\/","name":"Coudre Cousu Norv\u00e9gien | Pradas","isPartOf":{"@id":"https:\/\/pradas.net\/fr\/#website"},"primaryImageOfPage":{"@id":"https:\/\/pradas.net\/fr\/producto\/coudre-cousu-norvegien\/#primaryimage"},"image":{"@id":"https:\/\/pradas.net\/fr\/producto\/coudre-cousu-norvegien\/#primaryimage"},"thumbnailUrl":"https:\/\/pradas.net\/wp-content\/uploads\/2025\/01\/9-MAQ.-EMPALMILLAR-CERCO-INVERTIDO-00137-2025_.png","datePublished":"2025-01-26T19:22:58+00:00","breadcrumb":{"@id":"https:\/\/pradas.net\/fr\/producto\/coudre-cousu-norvegien\/#breadcrumb"},"inLanguage":"fr-FR","potentialAction":[{"@type":"ReadAction","target":["https:\/\/pradas.net\/fr\/producto\/coudre-cousu-norvegien\/"]}]},{"@type":"ImageObject","inLanguage":"fr-FR","@id":"https:\/\/pradas.net\/fr\/producto\/coudre-cousu-norvegien\/#primaryimage","url":"https:\/\/pradas.net\/wp-content\/uploads\/2025\/01\/9-MAQ.-EMPALMILLAR-CERCO-INVERTIDO-00137-2025_.png","contentUrl":"https:\/\/pradas.net\/wp-content\/uploads\/2025\/01\/9-MAQ.-EMPALMILLAR-CERCO-INVERTIDO-00137-2025_.png","width":1050,"height":1400},{"@type":"BreadcrumbList","@id":"https:\/\/pradas.net\/fr\/producto\/coudre-cousu-norvegien\/#breadcrumb","itemListElement":[{"@type":"ListItem","position":1,"name":"Portada","item":"https:\/\/pradas.net\/fr\/accueil\/"},{"@type":"ListItem","position":2,"name":"Shop","item":"https:\/\/pradas.net\/?page_id=192"},{"@type":"ListItem","position":3,"name":"Coudre Cousu Norv\u00e9gien"}]},{"@type":"WebSite","@id":"https:\/\/pradas.net\/fr\/#website","url":"https:\/\/pradas.net\/fr\/","name":"Pradas","description":"","potentialAction":[{"@type":"SearchAction","target":{"@type":"EntryPoint","urlTemplate":"https:\/\/pradas.net\/fr\/?s={search_term_string}"},"query-input":{"@type":"PropertyValueSpecification","valueRequired":true,"valueName":"search_term_string"}}],"inLanguage":"fr-FR"}]}},"_links":{"self":[{"href":"https:\/\/pradas.net\/fr\/wp-json\/wp\/v2\/product\/8847","targetHints":{"allow":["GET"]}}],"collection":[{"href":"https:\/\/pradas.net\/fr\/wp-json\/wp\/v2\/product"}],"about":[{"href":"https:\/\/pradas.net\/fr\/wp-json\/wp\/v2\/types\/product"}],"replies":[{"embeddable":true,"href":"https:\/\/pradas.net\/fr\/wp-json\/wp\/v2\/comments?post=8847"}],"wp:featuredmedia":[{"embeddable":true,"href":"https:\/\/pradas.net\/fr\/wp-json\/wp\/v2\/media\/4204"}],"wp:attachment":[{"href":"https:\/\/pradas.net\/fr\/wp-json\/wp\/v2\/media?parent=8847"}],"wp:term":[{"taxonomy":"product_brand","embeddable":true,"href":"https:\/\/pradas.net\/fr\/wp-json\/wp\/v2\/product_brand?post=8847"},{"taxonomy":"product_cat","embeddable":true,"href":"https:\/\/pradas.net\/fr\/wp-json\/wp\/v2\/product_cat?post=8847"},{"taxonomy":"product_tag","embeddable":true,"href":"https:\/\/pradas.net\/fr\/wp-json\/wp\/v2\/product_tag?post=8847"}],"curies":[{"name":"wp","href":"https:\/\/api.w.org\/{rel}","templated":true}]}}