{"id":8848,"date":"2025-01-26T20:52:48","date_gmt":"2025-01-26T19:52:48","guid":{"rendered":"https:\/\/pradas.net\/producto\/rafraichir-et-a-faire-la-gravure\/"},"modified":"2025-01-26T20:52:48","modified_gmt":"2025-01-26T19:52:48","slug":"rafraichir-et-a-faire-la-gravure","status":"publish","type":"product","link":"https:\/\/pradas.net\/fr\/producto\/rafraichir-et-a-faire-la-gravure\/","title":{"rendered":"Rafra\u00eechir et \u00e0 Faire la Gravure"},"content":{"rendered":"<p><iframe title=\"ROUGH ROUNDING AND CHANNELLING MACHINE 09574\" width=\"800\" height=\"450\" src=\"https:\/\/www.youtube.com\/embed\/Ykg21M-OAgE?feature=oembed\" frameborder=\"0\" allow=\"accelerometer; autoplay; clipboard-write; encrypted-media; gyroscope; picture-in-picture; web-share\" referrerpolicy=\"strict-origin-when-cross-origin\" allowfullscreen><\/iframe><\/p>\n","protected":false},"excerpt":{"rendered":"<p>Cette machine nous permet de rafra\u00eechir l&rsquo;exc\u00e9dent de la tr\u00e9pointe et de la semelle ext\u00e9rieure en cuir ou en caoutchouc, tout autour de la chaussure, ce qui permet de simplifier les op\u00e9rations suivantes de piquage et de rafra\u00eechissage. De plus, en fonction de l&rsquo;op\u00e9ration \u00e0 r\u00e9aliser et du type de lame install\u00e9e dans la machine, elle permet de faire des rainures sur tout le p\u00e9rim\u00e8tre de la semelle ou de faire une gravure simultan\u00e9ment au rafra\u00eechissage. Cette machine est dot\u00e9e d&rsquo;un guide ajustable en fonction de la distance souhait\u00e9e entre le chant de la chaussure et celui de la semelle.  <\/p>\n<p>&nbsp;<\/p>\n<p>Cat\u00e1logo: <a href=\"https:\/\/www.pradas.net\/wp-content\/uploads\/2025\/01\/16-MAQ.RECORTAR-SUELA-Y-ABRIR-HENDIDOS-FAV-09574-2025.pdf\" target=\"_blank\" rel=\"noopener\">Descargar<\/a><\/p>\n","protected":false},"featured_media":4228,"comment_status":"open","ping_status":"closed","template":"","meta":[],"product_brand":[],"product_cat":[196,92],"product_tag":[123],"class_list":{"0":"post-8848","1":"product","2":"type-product","3":"status-publish","4":"has-post-thumbnail","6":"product_cat-goodyear-welt-fr-2","7":"product_cat-non-categorise","8":"product_tag-nueva-fr","10":"first","11":"instock","12":"shipping-taxable","13":"product-type-simple"},"yoast_head":"<!-- This site is optimized with the Yoast SEO plugin v27.3 - https:\/\/yoast.com\/product\/yoast-seo-wordpress\/ -->\n<title>Rafra\u00eechir et \u00e0 Faire la Gravure | Pradas<\/title>\n<meta name=\"robots\" content=\"index, follow, max-snippet:-1, max-image-preview:large, max-video-preview:-1\" \/>\n<link rel=\"canonical\" href=\"https:\/\/pradas.net\/fr\/producto\/rafraichir-et-a-faire-la-gravure\/\" \/>\n<meta property=\"og:locale\" content=\"fr_FR\" \/>\n<meta property=\"og:type\" content=\"article\" \/>\n<meta property=\"og:title\" content=\"Rafra\u00eechir et \u00e0 Faire la Gravure | Pradas\" \/>\n<meta property=\"og:description\" content=\"Cette machine nous permet de rafra\u00eechir l&#039;exc\u00e9dent de la tr\u00e9pointe et de la semelle ext\u00e9rieure en cuir ou en caoutchouc, tout autour de la chaussure, ce qui permet de simplifier les op\u00e9rations suivantes de piquage et de rafra\u00eechissage. De plus, en fonction de l&#039;op\u00e9ration \u00e0 r\u00e9aliser et du type de lame install\u00e9e dans la machine, elle permet de faire des rainures sur tout le p\u00e9rim\u00e8tre de la semelle ou de faire une gravure simultan\u00e9ment au rafra\u00eechissage. Cette machine est dot\u00e9e d&#039;un guide ajustable en fonction de la distance souhait\u00e9e entre le chant de la chaussure et celui de la semelle.  &nbsp; Cat\u00e1logo: Descargar\" \/>\n<meta property=\"og:url\" content=\"https:\/\/pradas.net\/fr\/producto\/rafraichir-et-a-faire-la-gravure\/\" \/>\n<meta property=\"og:site_name\" content=\"Pradas\" \/>\n<meta property=\"og:image\" content=\"https:\/\/pradas.net\/wp-content\/uploads\/2025\/01\/16-MAQ.-RECOTAR-SUELA-Y-ABRIR-HENDIDO-FAV-09574-2025_.png\" \/>\n\t<meta property=\"og:image:width\" content=\"1050\" \/>\n\t<meta property=\"og:image:height\" content=\"1400\" \/>\n\t<meta property=\"og:image:type\" content=\"image\/png\" \/>\n<meta name=\"twitter:card\" content=\"summary_large_image\" \/>\n<script type=\"application\/ld+json\" class=\"yoast-schema-graph\">{\"@context\":\"https:\\\/\\\/schema.org\",\"@graph\":[{\"@type\":\"WebPage\",\"@id\":\"https:\\\/\\\/pradas.net\\\/fr\\\/producto\\\/rafraichir-et-a-faire-la-gravure\\\/\",\"url\":\"https:\\\/\\\/pradas.net\\\/fr\\\/producto\\\/rafraichir-et-a-faire-la-gravure\\\/\",\"name\":\"Rafra\u00eechir et \u00e0 Faire la Gravure | Pradas\",\"isPartOf\":{\"@id\":\"https:\\\/\\\/pradas.net\\\/fr\\\/#website\"},\"primaryImageOfPage\":{\"@id\":\"https:\\\/\\\/pradas.net\\\/fr\\\/producto\\\/rafraichir-et-a-faire-la-gravure\\\/#primaryimage\"},\"image\":{\"@id\":\"https:\\\/\\\/pradas.net\\\/fr\\\/producto\\\/rafraichir-et-a-faire-la-gravure\\\/#primaryimage\"},\"thumbnailUrl\":\"https:\\\/\\\/pradas.net\\\/wp-content\\\/uploads\\\/2025\\\/01\\\/16-MAQ.-RECOTAR-SUELA-Y-ABRIR-HENDIDO-FAV-09574-2025_.png\",\"datePublished\":\"2025-01-26T19:52:48+00:00\",\"breadcrumb\":{\"@id\":\"https:\\\/\\\/pradas.net\\\/fr\\\/producto\\\/rafraichir-et-a-faire-la-gravure\\\/#breadcrumb\"},\"inLanguage\":\"fr-FR\",\"potentialAction\":[{\"@type\":\"ReadAction\",\"target\":[\"https:\\\/\\\/pradas.net\\\/fr\\\/producto\\\/rafraichir-et-a-faire-la-gravure\\\/\"]}]},{\"@type\":\"ImageObject\",\"inLanguage\":\"fr-FR\",\"@id\":\"https:\\\/\\\/pradas.net\\\/fr\\\/producto\\\/rafraichir-et-a-faire-la-gravure\\\/#primaryimage\",\"url\":\"https:\\\/\\\/pradas.net\\\/wp-content\\\/uploads\\\/2025\\\/01\\\/16-MAQ.-RECOTAR-SUELA-Y-ABRIR-HENDIDO-FAV-09574-2025_.png\",\"contentUrl\":\"https:\\\/\\\/pradas.net\\\/wp-content\\\/uploads\\\/2025\\\/01\\\/16-MAQ.-RECOTAR-SUELA-Y-ABRIR-HENDIDO-FAV-09574-2025_.png\",\"width\":1050,\"height\":1400},{\"@type\":\"BreadcrumbList\",\"@id\":\"https:\\\/\\\/pradas.net\\\/fr\\\/producto\\\/rafraichir-et-a-faire-la-gravure\\\/#breadcrumb\",\"itemListElement\":[{\"@type\":\"ListItem\",\"position\":1,\"name\":\"Portada\",\"item\":\"https:\\\/\\\/pradas.net\\\/fr\\\/accueil\\\/\"},{\"@type\":\"ListItem\",\"position\":2,\"name\":\"Shop\",\"item\":\"https:\\\/\\\/pradas.net\\\/?page_id=192\"},{\"@type\":\"ListItem\",\"position\":3,\"name\":\"Rafra\u00eechir et \u00e0 Faire la Gravure\"}]},{\"@type\":\"WebSite\",\"@id\":\"https:\\\/\\\/pradas.net\\\/fr\\\/#website\",\"url\":\"https:\\\/\\\/pradas.net\\\/fr\\\/\",\"name\":\"Pradas\",\"description\":\"\",\"potentialAction\":[{\"@type\":\"SearchAction\",\"target\":{\"@type\":\"EntryPoint\",\"urlTemplate\":\"https:\\\/\\\/pradas.net\\\/fr\\\/?s={search_term_string}\"},\"query-input\":{\"@type\":\"PropertyValueSpecification\",\"valueRequired\":true,\"valueName\":\"search_term_string\"}}],\"inLanguage\":\"fr-FR\"}]}<\/script>\n<!-- \/ Yoast SEO plugin. -->","yoast_head_json":{"title":"Rafra\u00eechir et \u00e0 Faire la Gravure | Pradas","robots":{"index":"index","follow":"follow","max-snippet":"max-snippet:-1","max-image-preview":"max-image-preview:large","max-video-preview":"max-video-preview:-1"},"canonical":"https:\/\/pradas.net\/fr\/producto\/rafraichir-et-a-faire-la-gravure\/","og_locale":"fr_FR","og_type":"article","og_title":"Rafra\u00eechir et \u00e0 Faire la Gravure | Pradas","og_description":"Cette machine nous permet de rafra\u00eechir l'exc\u00e9dent de la tr\u00e9pointe et de la semelle ext\u00e9rieure en cuir ou en caoutchouc, tout autour de la chaussure, ce qui permet de simplifier les op\u00e9rations suivantes de piquage et de rafra\u00eechissage. De plus, en fonction de l'op\u00e9ration \u00e0 r\u00e9aliser et du type de lame install\u00e9e dans la machine, elle permet de faire des rainures sur tout le p\u00e9rim\u00e8tre de la semelle ou de faire une gravure simultan\u00e9ment au rafra\u00eechissage. Cette machine est dot\u00e9e d'un guide ajustable en fonction de la distance souhait\u00e9e entre le chant de la chaussure et celui de la semelle.  &nbsp; Cat\u00e1logo: Descargar","og_url":"https:\/\/pradas.net\/fr\/producto\/rafraichir-et-a-faire-la-gravure\/","og_site_name":"Pradas","og_image":[{"width":1050,"height":1400,"url":"https:\/\/pradas.net\/wp-content\/uploads\/2025\/01\/16-MAQ.-RECOTAR-SUELA-Y-ABRIR-HENDIDO-FAV-09574-2025_.png","type":"image\/png"}],"twitter_card":"summary_large_image","schema":{"@context":"https:\/\/schema.org","@graph":[{"@type":"WebPage","@id":"https:\/\/pradas.net\/fr\/producto\/rafraichir-et-a-faire-la-gravure\/","url":"https:\/\/pradas.net\/fr\/producto\/rafraichir-et-a-faire-la-gravure\/","name":"Rafra\u00eechir et \u00e0 Faire la Gravure | Pradas","isPartOf":{"@id":"https:\/\/pradas.net\/fr\/#website"},"primaryImageOfPage":{"@id":"https:\/\/pradas.net\/fr\/producto\/rafraichir-et-a-faire-la-gravure\/#primaryimage"},"image":{"@id":"https:\/\/pradas.net\/fr\/producto\/rafraichir-et-a-faire-la-gravure\/#primaryimage"},"thumbnailUrl":"https:\/\/pradas.net\/wp-content\/uploads\/2025\/01\/16-MAQ.-RECOTAR-SUELA-Y-ABRIR-HENDIDO-FAV-09574-2025_.png","datePublished":"2025-01-26T19:52:48+00:00","breadcrumb":{"@id":"https:\/\/pradas.net\/fr\/producto\/rafraichir-et-a-faire-la-gravure\/#breadcrumb"},"inLanguage":"fr-FR","potentialAction":[{"@type":"ReadAction","target":["https:\/\/pradas.net\/fr\/producto\/rafraichir-et-a-faire-la-gravure\/"]}]},{"@type":"ImageObject","inLanguage":"fr-FR","@id":"https:\/\/pradas.net\/fr\/producto\/rafraichir-et-a-faire-la-gravure\/#primaryimage","url":"https:\/\/pradas.net\/wp-content\/uploads\/2025\/01\/16-MAQ.-RECOTAR-SUELA-Y-ABRIR-HENDIDO-FAV-09574-2025_.png","contentUrl":"https:\/\/pradas.net\/wp-content\/uploads\/2025\/01\/16-MAQ.-RECOTAR-SUELA-Y-ABRIR-HENDIDO-FAV-09574-2025_.png","width":1050,"height":1400},{"@type":"BreadcrumbList","@id":"https:\/\/pradas.net\/fr\/producto\/rafraichir-et-a-faire-la-gravure\/#breadcrumb","itemListElement":[{"@type":"ListItem","position":1,"name":"Portada","item":"https:\/\/pradas.net\/fr\/accueil\/"},{"@type":"ListItem","position":2,"name":"Shop","item":"https:\/\/pradas.net\/?page_id=192"},{"@type":"ListItem","position":3,"name":"Rafra\u00eechir et \u00e0 Faire la Gravure"}]},{"@type":"WebSite","@id":"https:\/\/pradas.net\/fr\/#website","url":"https:\/\/pradas.net\/fr\/","name":"Pradas","description":"","potentialAction":[{"@type":"SearchAction","target":{"@type":"EntryPoint","urlTemplate":"https:\/\/pradas.net\/fr\/?s={search_term_string}"},"query-input":{"@type":"PropertyValueSpecification","valueRequired":true,"valueName":"search_term_string"}}],"inLanguage":"fr-FR"}]}},"_links":{"self":[{"href":"https:\/\/pradas.net\/fr\/wp-json\/wp\/v2\/product\/8848","targetHints":{"allow":["GET"]}}],"collection":[{"href":"https:\/\/pradas.net\/fr\/wp-json\/wp\/v2\/product"}],"about":[{"href":"https:\/\/pradas.net\/fr\/wp-json\/wp\/v2\/types\/product"}],"replies":[{"embeddable":true,"href":"https:\/\/pradas.net\/fr\/wp-json\/wp\/v2\/comments?post=8848"}],"wp:featuredmedia":[{"embeddable":true,"href":"https:\/\/pradas.net\/fr\/wp-json\/wp\/v2\/media\/4228"}],"wp:attachment":[{"href":"https:\/\/pradas.net\/fr\/wp-json\/wp\/v2\/media?parent=8848"}],"wp:term":[{"taxonomy":"product_brand","embeddable":true,"href":"https:\/\/pradas.net\/fr\/wp-json\/wp\/v2\/product_brand?post=8848"},{"taxonomy":"product_cat","embeddable":true,"href":"https:\/\/pradas.net\/fr\/wp-json\/wp\/v2\/product_cat?post=8848"},{"taxonomy":"product_tag","embeddable":true,"href":"https:\/\/pradas.net\/fr\/wp-json\/wp\/v2\/product_tag?post=8848"}],"curies":[{"name":"wp","href":"https:\/\/api.w.org\/{rel}","templated":true}]}}