{"id":8852,"date":"2025-01-26T19:06:52","date_gmt":"2025-01-26T18:06:52","guid":{"rendered":"https:\/\/pradas.net\/producto\/poser-le-mur-ira-c-usm-vario-stop\/"},"modified":"2025-01-26T19:06:52","modified_gmt":"2025-01-26T18:06:52","slug":"poser-le-mur-ira-c-usm-vario-stop","status":"publish","type":"product","link":"https:\/\/pradas.net\/fr\/producto\/poser-le-mur-ira-c-usm-vario-stop\/","title":{"rendered":"Poser le Mur IRA-C USM Vario Stop"},"content":{"rendered":"<p><iframe title=\"INSOLE RIB ATTACHING MACHINE IRA C PONER MURO IRA C\" width=\"800\" height=\"450\" src=\"https:\/\/www.youtube.com\/embed\/9L_7gZ2c7Ec?feature=oembed\" frameborder=\"0\" allow=\"accelerometer; autoplay; clipboard-write; encrypted-media; gyroscope; picture-in-picture; web-share\" referrerpolicy=\"strict-origin-when-cross-origin\" allowfullscreen><\/iframe><\/p>\n","protected":false},"excerpt":{"rendered":"<p>Cette machine fixe le mur \u00e0 la semelle sous l&rsquo;effet de la chaleur et de la pression. Le mur circule \u00e0 travers un tambour chaud qui le pr\u00e9chauffe et en m\u00eame temps, un courant d&rsquo;air chaud active le mur et la surface encoll\u00e9e de la semelle pour am\u00e9liorer l&rsquo;adh\u00e9rence du mur. Un dispositif automatique de d\u00e9coupe se charge de couper le mur en toute pr\u00e9cision sur un point pr\u00e9\u00e9tabli, ce qui permet de simplifier les op\u00e9rations suivantes du processus de fabrication. D&rsquo;autre part, son guide \u00e0 bord r\u00e9glable permet de r\u00e9gler la distance du mur par rapport au chant de la semelle int\u00e9rieure, constituant sans aucun doute la meilleure base pour l&rsquo;\u00e9laboration des processus suivants de la fabrication Goodyear. La conception de cette machine permet l&rsquo;application du mur aussi bien sur les semelles \u00e0 pointe arrondie que sur les semelles \u00e0 pointe \u00e9troite pour les chaussures ou les bottes de cowboy. Le moteur \u00e9lectronique variostop est une mesure sure et fiable qui garantit que la machine s&rsquo;arr\u00eate toujours avec le marteau lev\u00e9 pour pouvoir enlever et introduire la semelle suivante.     <\/p>\n<p>&nbsp;<\/p>\n<p>Cat\u00e1logo: <a href=\"https:\/\/www.pradas.net\/wp-content\/uploads\/2025\/01\/1-MAQ.PONER-MURO-IRA-C-VARIO-STOP-09504.pdf\" target=\"_blank\" rel=\"noopener\">Descargar<\/a><\/p>\n","protected":false},"featured_media":4166,"comment_status":"open","ping_status":"closed","template":"","meta":[],"product_brand":[],"product_cat":[196,92],"product_tag":[123],"class_list":{"0":"post-8852","1":"product","2":"type-product","3":"status-publish","4":"has-post-thumbnail","6":"product_cat-goodyear-welt-fr-2","7":"product_cat-non-categorise","8":"product_tag-nueva-fr","10":"first","11":"instock","12":"shipping-taxable","13":"product-type-simple"},"yoast_head":"<!-- This site is optimized with the Yoast SEO plugin v27.3 - https:\/\/yoast.com\/product\/yoast-seo-wordpress\/ -->\n<title>Poser le Mur IRA-C USM Vario Stop | Pradas<\/title>\n<meta name=\"robots\" content=\"index, follow, max-snippet:-1, max-image-preview:large, max-video-preview:-1\" \/>\n<link rel=\"canonical\" href=\"https:\/\/pradas.net\/fr\/producto\/poser-le-mur-ira-c-usm-vario-stop\/\" \/>\n<meta property=\"og:locale\" content=\"fr_FR\" \/>\n<meta property=\"og:type\" content=\"article\" \/>\n<meta property=\"og:title\" content=\"Poser le Mur IRA-C USM Vario Stop | Pradas\" \/>\n<meta property=\"og:description\" content=\"Cette machine fixe le mur \u00e0 la semelle sous l&#039;effet de la chaleur et de la pression. Le mur circule \u00e0 travers un tambour chaud qui le pr\u00e9chauffe et en m\u00eame temps, un courant d&#039;air chaud active le mur et la surface encoll\u00e9e de la semelle pour am\u00e9liorer l&#039;adh\u00e9rence du mur. Un dispositif automatique de d\u00e9coupe se charge de couper le mur en toute pr\u00e9cision sur un point pr\u00e9\u00e9tabli, ce qui permet de simplifier les op\u00e9rations suivantes du processus de fabrication. D&#039;autre part, son guide \u00e0 bord r\u00e9glable permet de r\u00e9gler la distance du mur par rapport au chant de la semelle int\u00e9rieure, constituant sans aucun doute la meilleure base pour l&#039;\u00e9laboration des processus suivants de la fabrication Goodyear. La conception de cette machine permet l&#039;application du mur aussi bien sur les semelles \u00e0 pointe arrondie que sur les semelles \u00e0 pointe \u00e9troite pour les chaussures ou les bottes de cowboy. Le moteur \u00e9lectronique variostop est une mesure sure et fiable qui garantit que la machine s&#039;arr\u00eate toujours avec le marteau lev\u00e9 pour pouvoir enlever et introduire la semelle suivante.    &nbsp; Cat\u00e1logo: Descargar\" \/>\n<meta property=\"og:url\" content=\"https:\/\/pradas.net\/fr\/producto\/poser-le-mur-ira-c-usm-vario-stop\/\" \/>\n<meta property=\"og:site_name\" content=\"Pradas\" \/>\n<meta property=\"og:image\" content=\"https:\/\/pradas.net\/wp-content\/uploads\/2025\/01\/1-MAQ.PONER-MURO-IRA-C-VARIO-STOP-09504_.png\" \/>\n\t<meta property=\"og:image:width\" content=\"1050\" \/>\n\t<meta property=\"og:image:height\" content=\"1400\" \/>\n\t<meta property=\"og:image:type\" content=\"image\/png\" \/>\n<meta name=\"twitter:card\" content=\"summary_large_image\" \/>\n<script type=\"application\/ld+json\" class=\"yoast-schema-graph\">{\"@context\":\"https:\\\/\\\/schema.org\",\"@graph\":[{\"@type\":\"WebPage\",\"@id\":\"https:\\\/\\\/pradas.net\\\/fr\\\/producto\\\/poser-le-mur-ira-c-usm-vario-stop\\\/\",\"url\":\"https:\\\/\\\/pradas.net\\\/fr\\\/producto\\\/poser-le-mur-ira-c-usm-vario-stop\\\/\",\"name\":\"Poser le Mur IRA-C USM Vario Stop | Pradas\",\"isPartOf\":{\"@id\":\"https:\\\/\\\/pradas.net\\\/fr\\\/#website\"},\"primaryImageOfPage\":{\"@id\":\"https:\\\/\\\/pradas.net\\\/fr\\\/producto\\\/poser-le-mur-ira-c-usm-vario-stop\\\/#primaryimage\"},\"image\":{\"@id\":\"https:\\\/\\\/pradas.net\\\/fr\\\/producto\\\/poser-le-mur-ira-c-usm-vario-stop\\\/#primaryimage\"},\"thumbnailUrl\":\"https:\\\/\\\/pradas.net\\\/wp-content\\\/uploads\\\/2025\\\/01\\\/1-MAQ.PONER-MURO-IRA-C-VARIO-STOP-09504_.png\",\"datePublished\":\"2025-01-26T18:06:52+00:00\",\"breadcrumb\":{\"@id\":\"https:\\\/\\\/pradas.net\\\/fr\\\/producto\\\/poser-le-mur-ira-c-usm-vario-stop\\\/#breadcrumb\"},\"inLanguage\":\"fr-FR\",\"potentialAction\":[{\"@type\":\"ReadAction\",\"target\":[\"https:\\\/\\\/pradas.net\\\/fr\\\/producto\\\/poser-le-mur-ira-c-usm-vario-stop\\\/\"]}]},{\"@type\":\"ImageObject\",\"inLanguage\":\"fr-FR\",\"@id\":\"https:\\\/\\\/pradas.net\\\/fr\\\/producto\\\/poser-le-mur-ira-c-usm-vario-stop\\\/#primaryimage\",\"url\":\"https:\\\/\\\/pradas.net\\\/wp-content\\\/uploads\\\/2025\\\/01\\\/1-MAQ.PONER-MURO-IRA-C-VARIO-STOP-09504_.png\",\"contentUrl\":\"https:\\\/\\\/pradas.net\\\/wp-content\\\/uploads\\\/2025\\\/01\\\/1-MAQ.PONER-MURO-IRA-C-VARIO-STOP-09504_.png\",\"width\":1050,\"height\":1400},{\"@type\":\"BreadcrumbList\",\"@id\":\"https:\\\/\\\/pradas.net\\\/fr\\\/producto\\\/poser-le-mur-ira-c-usm-vario-stop\\\/#breadcrumb\",\"itemListElement\":[{\"@type\":\"ListItem\",\"position\":1,\"name\":\"Portada\",\"item\":\"https:\\\/\\\/pradas.net\\\/fr\\\/accueil\\\/\"},{\"@type\":\"ListItem\",\"position\":2,\"name\":\"Shop\",\"item\":\"https:\\\/\\\/pradas.net\\\/?page_id=192\"},{\"@type\":\"ListItem\",\"position\":3,\"name\":\"Poser le Mur IRA-C USM Vario Stop\"}]},{\"@type\":\"WebSite\",\"@id\":\"https:\\\/\\\/pradas.net\\\/fr\\\/#website\",\"url\":\"https:\\\/\\\/pradas.net\\\/fr\\\/\",\"name\":\"Pradas\",\"description\":\"\",\"potentialAction\":[{\"@type\":\"SearchAction\",\"target\":{\"@type\":\"EntryPoint\",\"urlTemplate\":\"https:\\\/\\\/pradas.net\\\/fr\\\/?s={search_term_string}\"},\"query-input\":{\"@type\":\"PropertyValueSpecification\",\"valueRequired\":true,\"valueName\":\"search_term_string\"}}],\"inLanguage\":\"fr-FR\"}]}<\/script>\n<!-- \/ Yoast SEO plugin. -->","yoast_head_json":{"title":"Poser le Mur IRA-C USM Vario Stop | Pradas","robots":{"index":"index","follow":"follow","max-snippet":"max-snippet:-1","max-image-preview":"max-image-preview:large","max-video-preview":"max-video-preview:-1"},"canonical":"https:\/\/pradas.net\/fr\/producto\/poser-le-mur-ira-c-usm-vario-stop\/","og_locale":"fr_FR","og_type":"article","og_title":"Poser le Mur IRA-C USM Vario Stop | Pradas","og_description":"Cette machine fixe le mur \u00e0 la semelle sous l'effet de la chaleur et de la pression. Le mur circule \u00e0 travers un tambour chaud qui le pr\u00e9chauffe et en m\u00eame temps, un courant d'air chaud active le mur et la surface encoll\u00e9e de la semelle pour am\u00e9liorer l'adh\u00e9rence du mur. Un dispositif automatique de d\u00e9coupe se charge de couper le mur en toute pr\u00e9cision sur un point pr\u00e9\u00e9tabli, ce qui permet de simplifier les op\u00e9rations suivantes du processus de fabrication. D'autre part, son guide \u00e0 bord r\u00e9glable permet de r\u00e9gler la distance du mur par rapport au chant de la semelle int\u00e9rieure, constituant sans aucun doute la meilleure base pour l'\u00e9laboration des processus suivants de la fabrication Goodyear. La conception de cette machine permet l'application du mur aussi bien sur les semelles \u00e0 pointe arrondie que sur les semelles \u00e0 pointe \u00e9troite pour les chaussures ou les bottes de cowboy. Le moteur \u00e9lectronique variostop est une mesure sure et fiable qui garantit que la machine s'arr\u00eate toujours avec le marteau lev\u00e9 pour pouvoir enlever et introduire la semelle suivante.    &nbsp; Cat\u00e1logo: Descargar","og_url":"https:\/\/pradas.net\/fr\/producto\/poser-le-mur-ira-c-usm-vario-stop\/","og_site_name":"Pradas","og_image":[{"width":1050,"height":1400,"url":"https:\/\/pradas.net\/wp-content\/uploads\/2025\/01\/1-MAQ.PONER-MURO-IRA-C-VARIO-STOP-09504_.png","type":"image\/png"}],"twitter_card":"summary_large_image","schema":{"@context":"https:\/\/schema.org","@graph":[{"@type":"WebPage","@id":"https:\/\/pradas.net\/fr\/producto\/poser-le-mur-ira-c-usm-vario-stop\/","url":"https:\/\/pradas.net\/fr\/producto\/poser-le-mur-ira-c-usm-vario-stop\/","name":"Poser le Mur IRA-C USM Vario Stop | Pradas","isPartOf":{"@id":"https:\/\/pradas.net\/fr\/#website"},"primaryImageOfPage":{"@id":"https:\/\/pradas.net\/fr\/producto\/poser-le-mur-ira-c-usm-vario-stop\/#primaryimage"},"image":{"@id":"https:\/\/pradas.net\/fr\/producto\/poser-le-mur-ira-c-usm-vario-stop\/#primaryimage"},"thumbnailUrl":"https:\/\/pradas.net\/wp-content\/uploads\/2025\/01\/1-MAQ.PONER-MURO-IRA-C-VARIO-STOP-09504_.png","datePublished":"2025-01-26T18:06:52+00:00","breadcrumb":{"@id":"https:\/\/pradas.net\/fr\/producto\/poser-le-mur-ira-c-usm-vario-stop\/#breadcrumb"},"inLanguage":"fr-FR","potentialAction":[{"@type":"ReadAction","target":["https:\/\/pradas.net\/fr\/producto\/poser-le-mur-ira-c-usm-vario-stop\/"]}]},{"@type":"ImageObject","inLanguage":"fr-FR","@id":"https:\/\/pradas.net\/fr\/producto\/poser-le-mur-ira-c-usm-vario-stop\/#primaryimage","url":"https:\/\/pradas.net\/wp-content\/uploads\/2025\/01\/1-MAQ.PONER-MURO-IRA-C-VARIO-STOP-09504_.png","contentUrl":"https:\/\/pradas.net\/wp-content\/uploads\/2025\/01\/1-MAQ.PONER-MURO-IRA-C-VARIO-STOP-09504_.png","width":1050,"height":1400},{"@type":"BreadcrumbList","@id":"https:\/\/pradas.net\/fr\/producto\/poser-le-mur-ira-c-usm-vario-stop\/#breadcrumb","itemListElement":[{"@type":"ListItem","position":1,"name":"Portada","item":"https:\/\/pradas.net\/fr\/accueil\/"},{"@type":"ListItem","position":2,"name":"Shop","item":"https:\/\/pradas.net\/?page_id=192"},{"@type":"ListItem","position":3,"name":"Poser le Mur IRA-C USM Vario Stop"}]},{"@type":"WebSite","@id":"https:\/\/pradas.net\/fr\/#website","url":"https:\/\/pradas.net\/fr\/","name":"Pradas","description":"","potentialAction":[{"@type":"SearchAction","target":{"@type":"EntryPoint","urlTemplate":"https:\/\/pradas.net\/fr\/?s={search_term_string}"},"query-input":{"@type":"PropertyValueSpecification","valueRequired":true,"valueName":"search_term_string"}}],"inLanguage":"fr-FR"}]}},"_links":{"self":[{"href":"https:\/\/pradas.net\/fr\/wp-json\/wp\/v2\/product\/8852","targetHints":{"allow":["GET"]}}],"collection":[{"href":"https:\/\/pradas.net\/fr\/wp-json\/wp\/v2\/product"}],"about":[{"href":"https:\/\/pradas.net\/fr\/wp-json\/wp\/v2\/types\/product"}],"replies":[{"embeddable":true,"href":"https:\/\/pradas.net\/fr\/wp-json\/wp\/v2\/comments?post=8852"}],"wp:featuredmedia":[{"embeddable":true,"href":"https:\/\/pradas.net\/fr\/wp-json\/wp\/v2\/media\/4166"}],"wp:attachment":[{"href":"https:\/\/pradas.net\/fr\/wp-json\/wp\/v2\/media?parent=8852"}],"wp:term":[{"taxonomy":"product_brand","embeddable":true,"href":"https:\/\/pradas.net\/fr\/wp-json\/wp\/v2\/product_brand?post=8852"},{"taxonomy":"product_cat","embeddable":true,"href":"https:\/\/pradas.net\/fr\/wp-json\/wp\/v2\/product_cat?post=8852"},{"taxonomy":"product_tag","embeddable":true,"href":"https:\/\/pradas.net\/fr\/wp-json\/wp\/v2\/product_tag?post=8852"}],"curies":[{"name":"wp","href":"https:\/\/api.w.org\/{rel}","templated":true}]}}