{"id":8853,"date":"2025-01-26T20:59:28","date_gmt":"2025-01-26T19:59:28","guid":{"rendered":"https:\/\/pradas.net\/producto\/piqueuse-de-semelles-jupiter\/"},"modified":"2025-05-19T14:07:49","modified_gmt":"2025-05-19T12:07:49","slug":"piqueuse-de-semelles-jupiter","status":"publish","type":"product","link":"https:\/\/pradas.net\/fr\/producto\/piqueuse-de-semelles-jupiter\/","title":{"rendered":"Piqueuse de Semelles JUPITER"},"content":{"rendered":"","protected":false},"excerpt":{"rendered":"<p>Le mod\u00e8le 10346 a \u00e9t\u00e9 con\u00e7u pour r\u00e9aliser une couture parfaite. Il s&rsquo;agit d&rsquo;une machine efficace et versatile, id\u00e9ale pour les grandes productions. Elle offre un haut niveau de s\u00e9curit\u00e9 dans son fonctionnement et une valeur r\u00e9elle avec de nombreuses caract\u00e9ristiques sp\u00e9ciales permettant d&rsquo;obtenir les meilleurs r\u00e9sultats. Par ailleurs, des accessoires suppl\u00e9mentaires sont disponibles \u00ab sur demande \u00bb pour applications sp\u00e9ciales en fonction des chaussures \u00e0 fabriquer. Cette machine permet de r\u00e9aliser n&rsquo;importe quel type de couture de semelles, y comprises les chaussures \u00e0 tr\u00e9pointe, du type sandales, bottes de travail et chaussures militaires. Elle permet de r\u00e9aliser des chaussures pour hommes, femmes et enfants avec des r\u00e9sultats de haute qualit\u00e9. Son moteur \u00e9lectronique variostop permet de r\u00e9gler la vitesse de piquage en fonction de l&rsquo;habilet\u00e9 de l&rsquo;op\u00e9rateur et du type de chaussures. En toute s\u00e9curit\u00e9 et fiabilit\u00e9, la machine s&rsquo;arr\u00eatera toujours avec l&rsquo;aiguille lev\u00e9e pour pouvoir enlever et introduire la chaussure suivante.       <\/p>\n<p>&nbsp;<\/p>\n<p>Cat\u00e1logo: <a href=\"https:\/\/www.pradas.net\/wp-content\/uploads\/2025\/01\/19-MAQ.PUNTEAR-SUELAS-JUPITER-10346.pdf\" target=\"_blank\" rel=\"noopener\">Descargar<\/a><\/p>\n","protected":false},"featured_media":4234,"comment_status":"open","ping_status":"closed","template":"","meta":[],"product_brand":[],"product_cat":[196,92],"product_tag":[123],"class_list":{"0":"post-8853","1":"product","2":"type-product","3":"status-publish","4":"has-post-thumbnail","6":"product_cat-goodyear-welt-fr-2","7":"product_cat-non-categorise","8":"product_tag-nueva-fr","10":"first","11":"instock","12":"shipping-taxable","13":"product-type-simple"},"yoast_head":"<!-- This site is optimized with the Yoast SEO plugin v27.3 - https:\/\/yoast.com\/product\/yoast-seo-wordpress\/ -->\n<title>Piqueuse de Semelles JUPITER | Pradas<\/title>\n<meta name=\"robots\" content=\"index, follow, max-snippet:-1, max-image-preview:large, max-video-preview:-1\" \/>\n<link rel=\"canonical\" href=\"https:\/\/pradas.net\/fr\/producto\/piqueuse-de-semelles-jupiter\/\" \/>\n<meta property=\"og:locale\" content=\"fr_FR\" \/>\n<meta property=\"og:type\" content=\"article\" \/>\n<meta property=\"og:title\" content=\"Piqueuse de Semelles JUPITER | Pradas\" \/>\n<meta property=\"og:description\" content=\"Le mod\u00e8le 10346 a \u00e9t\u00e9 con\u00e7u pour r\u00e9aliser une couture parfaite. Il s&#039;agit d&#039;une machine efficace et versatile, id\u00e9ale pour les grandes productions. Elle offre un haut niveau de s\u00e9curit\u00e9 dans son fonctionnement et une valeur r\u00e9elle avec de nombreuses caract\u00e9ristiques sp\u00e9ciales permettant d&#039;obtenir les meilleurs r\u00e9sultats. Par ailleurs, des accessoires suppl\u00e9mentaires sont disponibles \u00ab sur demande \u00bb pour applications sp\u00e9ciales en fonction des chaussures \u00e0 fabriquer. Cette machine permet de r\u00e9aliser n&#039;importe quel type de couture de semelles, y comprises les chaussures \u00e0 tr\u00e9pointe, du type sandales, bottes de travail et chaussures militaires. Elle permet de r\u00e9aliser des chaussures pour hommes, femmes et enfants avec des r\u00e9sultats de haute qualit\u00e9. Son moteur \u00e9lectronique variostop permet de r\u00e9gler la vitesse de piquage en fonction de l&#039;habilet\u00e9 de l&#039;op\u00e9rateur et du type de chaussures. En toute s\u00e9curit\u00e9 et fiabilit\u00e9, la machine s&#039;arr\u00eatera toujours avec l&#039;aiguille lev\u00e9e pour pouvoir enlever et introduire la chaussure suivante.     &nbsp; Cat\u00e1logo: Descargar\" \/>\n<meta property=\"og:url\" content=\"https:\/\/pradas.net\/fr\/producto\/piqueuse-de-semelles-jupiter\/\" \/>\n<meta property=\"og:site_name\" content=\"Pradas\" \/>\n<meta property=\"article:modified_time\" content=\"2025-05-19T12:07:49+00:00\" \/>\n<meta property=\"og:image\" content=\"https:\/\/pradas.net\/wp-content\/uploads\/2025\/01\/19-MAQ.-PUNTEAR-SUELAS-JUPITER-10345-2025.png\" \/>\n\t<meta property=\"og:image:width\" content=\"1050\" \/>\n\t<meta property=\"og:image:height\" content=\"1400\" \/>\n\t<meta property=\"og:image:type\" content=\"image\/png\" \/>\n<meta name=\"twitter:card\" content=\"summary_large_image\" \/>\n<script type=\"application\/ld+json\" class=\"yoast-schema-graph\">{\"@context\":\"https:\\\/\\\/schema.org\",\"@graph\":[{\"@type\":\"WebPage\",\"@id\":\"https:\\\/\\\/pradas.net\\\/fr\\\/producto\\\/piqueuse-de-semelles-jupiter\\\/\",\"url\":\"https:\\\/\\\/pradas.net\\\/fr\\\/producto\\\/piqueuse-de-semelles-jupiter\\\/\",\"name\":\"Piqueuse de Semelles JUPITER | Pradas\",\"isPartOf\":{\"@id\":\"https:\\\/\\\/pradas.net\\\/fr\\\/#website\"},\"primaryImageOfPage\":{\"@id\":\"https:\\\/\\\/pradas.net\\\/fr\\\/producto\\\/piqueuse-de-semelles-jupiter\\\/#primaryimage\"},\"image\":{\"@id\":\"https:\\\/\\\/pradas.net\\\/fr\\\/producto\\\/piqueuse-de-semelles-jupiter\\\/#primaryimage\"},\"thumbnailUrl\":\"https:\\\/\\\/pradas.net\\\/wp-content\\\/uploads\\\/2025\\\/01\\\/19-MAQ.-PUNTEAR-SUELAS-JUPITER-10345-2025.png\",\"datePublished\":\"2025-01-26T19:59:28+00:00\",\"dateModified\":\"2025-05-19T12:07:49+00:00\",\"breadcrumb\":{\"@id\":\"https:\\\/\\\/pradas.net\\\/fr\\\/producto\\\/piqueuse-de-semelles-jupiter\\\/#breadcrumb\"},\"inLanguage\":\"fr-FR\",\"potentialAction\":[{\"@type\":\"ReadAction\",\"target\":[\"https:\\\/\\\/pradas.net\\\/fr\\\/producto\\\/piqueuse-de-semelles-jupiter\\\/\"]}]},{\"@type\":\"ImageObject\",\"inLanguage\":\"fr-FR\",\"@id\":\"https:\\\/\\\/pradas.net\\\/fr\\\/producto\\\/piqueuse-de-semelles-jupiter\\\/#primaryimage\",\"url\":\"https:\\\/\\\/pradas.net\\\/wp-content\\\/uploads\\\/2025\\\/01\\\/19-MAQ.-PUNTEAR-SUELAS-JUPITER-10345-2025.png\",\"contentUrl\":\"https:\\\/\\\/pradas.net\\\/wp-content\\\/uploads\\\/2025\\\/01\\\/19-MAQ.-PUNTEAR-SUELAS-JUPITER-10345-2025.png\",\"width\":1050,\"height\":1400},{\"@type\":\"BreadcrumbList\",\"@id\":\"https:\\\/\\\/pradas.net\\\/fr\\\/producto\\\/piqueuse-de-semelles-jupiter\\\/#breadcrumb\",\"itemListElement\":[{\"@type\":\"ListItem\",\"position\":1,\"name\":\"Portada\",\"item\":\"https:\\\/\\\/pradas.net\\\/fr\\\/accueil\\\/\"},{\"@type\":\"ListItem\",\"position\":2,\"name\":\"Shop\",\"item\":\"https:\\\/\\\/pradas.net\\\/?page_id=192\"},{\"@type\":\"ListItem\",\"position\":3,\"name\":\"Piqueuse de Semelles JUPITER\"}]},{\"@type\":\"WebSite\",\"@id\":\"https:\\\/\\\/pradas.net\\\/fr\\\/#website\",\"url\":\"https:\\\/\\\/pradas.net\\\/fr\\\/\",\"name\":\"Pradas\",\"description\":\"\",\"potentialAction\":[{\"@type\":\"SearchAction\",\"target\":{\"@type\":\"EntryPoint\",\"urlTemplate\":\"https:\\\/\\\/pradas.net\\\/fr\\\/?s={search_term_string}\"},\"query-input\":{\"@type\":\"PropertyValueSpecification\",\"valueRequired\":true,\"valueName\":\"search_term_string\"}}],\"inLanguage\":\"fr-FR\"}]}<\/script>\n<!-- \/ Yoast SEO plugin. -->","yoast_head_json":{"title":"Piqueuse de Semelles JUPITER | Pradas","robots":{"index":"index","follow":"follow","max-snippet":"max-snippet:-1","max-image-preview":"max-image-preview:large","max-video-preview":"max-video-preview:-1"},"canonical":"https:\/\/pradas.net\/fr\/producto\/piqueuse-de-semelles-jupiter\/","og_locale":"fr_FR","og_type":"article","og_title":"Piqueuse de Semelles JUPITER | Pradas","og_description":"Le mod\u00e8le 10346 a \u00e9t\u00e9 con\u00e7u pour r\u00e9aliser une couture parfaite. Il s'agit d'une machine efficace et versatile, id\u00e9ale pour les grandes productions. Elle offre un haut niveau de s\u00e9curit\u00e9 dans son fonctionnement et une valeur r\u00e9elle avec de nombreuses caract\u00e9ristiques sp\u00e9ciales permettant d'obtenir les meilleurs r\u00e9sultats. Par ailleurs, des accessoires suppl\u00e9mentaires sont disponibles \u00ab sur demande \u00bb pour applications sp\u00e9ciales en fonction des chaussures \u00e0 fabriquer. Cette machine permet de r\u00e9aliser n'importe quel type de couture de semelles, y comprises les chaussures \u00e0 tr\u00e9pointe, du type sandales, bottes de travail et chaussures militaires. Elle permet de r\u00e9aliser des chaussures pour hommes, femmes et enfants avec des r\u00e9sultats de haute qualit\u00e9. Son moteur \u00e9lectronique variostop permet de r\u00e9gler la vitesse de piquage en fonction de l'habilet\u00e9 de l'op\u00e9rateur et du type de chaussures. En toute s\u00e9curit\u00e9 et fiabilit\u00e9, la machine s'arr\u00eatera toujours avec l'aiguille lev\u00e9e pour pouvoir enlever et introduire la chaussure suivante.     &nbsp; Cat\u00e1logo: Descargar","og_url":"https:\/\/pradas.net\/fr\/producto\/piqueuse-de-semelles-jupiter\/","og_site_name":"Pradas","article_modified_time":"2025-05-19T12:07:49+00:00","og_image":[{"width":1050,"height":1400,"url":"https:\/\/pradas.net\/wp-content\/uploads\/2025\/01\/19-MAQ.-PUNTEAR-SUELAS-JUPITER-10345-2025.png","type":"image\/png"}],"twitter_card":"summary_large_image","schema":{"@context":"https:\/\/schema.org","@graph":[{"@type":"WebPage","@id":"https:\/\/pradas.net\/fr\/producto\/piqueuse-de-semelles-jupiter\/","url":"https:\/\/pradas.net\/fr\/producto\/piqueuse-de-semelles-jupiter\/","name":"Piqueuse de Semelles JUPITER | Pradas","isPartOf":{"@id":"https:\/\/pradas.net\/fr\/#website"},"primaryImageOfPage":{"@id":"https:\/\/pradas.net\/fr\/producto\/piqueuse-de-semelles-jupiter\/#primaryimage"},"image":{"@id":"https:\/\/pradas.net\/fr\/producto\/piqueuse-de-semelles-jupiter\/#primaryimage"},"thumbnailUrl":"https:\/\/pradas.net\/wp-content\/uploads\/2025\/01\/19-MAQ.-PUNTEAR-SUELAS-JUPITER-10345-2025.png","datePublished":"2025-01-26T19:59:28+00:00","dateModified":"2025-05-19T12:07:49+00:00","breadcrumb":{"@id":"https:\/\/pradas.net\/fr\/producto\/piqueuse-de-semelles-jupiter\/#breadcrumb"},"inLanguage":"fr-FR","potentialAction":[{"@type":"ReadAction","target":["https:\/\/pradas.net\/fr\/producto\/piqueuse-de-semelles-jupiter\/"]}]},{"@type":"ImageObject","inLanguage":"fr-FR","@id":"https:\/\/pradas.net\/fr\/producto\/piqueuse-de-semelles-jupiter\/#primaryimage","url":"https:\/\/pradas.net\/wp-content\/uploads\/2025\/01\/19-MAQ.-PUNTEAR-SUELAS-JUPITER-10345-2025.png","contentUrl":"https:\/\/pradas.net\/wp-content\/uploads\/2025\/01\/19-MAQ.-PUNTEAR-SUELAS-JUPITER-10345-2025.png","width":1050,"height":1400},{"@type":"BreadcrumbList","@id":"https:\/\/pradas.net\/fr\/producto\/piqueuse-de-semelles-jupiter\/#breadcrumb","itemListElement":[{"@type":"ListItem","position":1,"name":"Portada","item":"https:\/\/pradas.net\/fr\/accueil\/"},{"@type":"ListItem","position":2,"name":"Shop","item":"https:\/\/pradas.net\/?page_id=192"},{"@type":"ListItem","position":3,"name":"Piqueuse de Semelles JUPITER"}]},{"@type":"WebSite","@id":"https:\/\/pradas.net\/fr\/#website","url":"https:\/\/pradas.net\/fr\/","name":"Pradas","description":"","potentialAction":[{"@type":"SearchAction","target":{"@type":"EntryPoint","urlTemplate":"https:\/\/pradas.net\/fr\/?s={search_term_string}"},"query-input":{"@type":"PropertyValueSpecification","valueRequired":true,"valueName":"search_term_string"}}],"inLanguage":"fr-FR"}]}},"_links":{"self":[{"href":"https:\/\/pradas.net\/fr\/wp-json\/wp\/v2\/product\/8853","targetHints":{"allow":["GET"]}}],"collection":[{"href":"https:\/\/pradas.net\/fr\/wp-json\/wp\/v2\/product"}],"about":[{"href":"https:\/\/pradas.net\/fr\/wp-json\/wp\/v2\/types\/product"}],"replies":[{"embeddable":true,"href":"https:\/\/pradas.net\/fr\/wp-json\/wp\/v2\/comments?post=8853"}],"wp:featuredmedia":[{"embeddable":true,"href":"https:\/\/pradas.net\/fr\/wp-json\/wp\/v2\/media\/4234"}],"wp:attachment":[{"href":"https:\/\/pradas.net\/fr\/wp-json\/wp\/v2\/media?parent=8853"}],"wp:term":[{"taxonomy":"product_brand","embeddable":true,"href":"https:\/\/pradas.net\/fr\/wp-json\/wp\/v2\/product_brand?post=8853"},{"taxonomy":"product_cat","embeddable":true,"href":"https:\/\/pradas.net\/fr\/wp-json\/wp\/v2\/product_cat?post=8853"},{"taxonomy":"product_tag","embeddable":true,"href":"https:\/\/pradas.net\/fr\/wp-json\/wp\/v2\/product_tag?post=8853"}],"curies":[{"name":"wp","href":"https:\/\/api.w.org\/{rel}","templated":true}]}}