{"id":8854,"date":"2025-01-26T21:01:23","date_gmt":"2025-01-26T20:01:23","guid":{"rendered":"https:\/\/pradas.net\/producto\/piqueuse-semelles-bhss-10-usm-vario-stop\/"},"modified":"2025-05-19T14:08:07","modified_gmt":"2025-05-19T12:08:07","slug":"piqueuse-semelles-bhss-10-usm-vario-stop","status":"publish","type":"product","link":"https:\/\/pradas.net\/fr\/producto\/piqueuse-semelles-bhss-10-usm-vario-stop\/","title":{"rendered":"Piqueuse Semelles BHSS 10 USM Vario Stop"},"content":{"rendered":"<p><iframe title=\"OUTSOLE STITCHING MACHINE BHSS 10 VARIO STOP\" width=\"800\" height=\"450\" src=\"https:\/\/www.youtube.com\/embed\/0nkg0S545lo?feature=oembed\" frameborder=\"0\" allow=\"accelerometer; autoplay; clipboard-write; encrypted-media; gyroscope; picture-in-picture; web-share\" referrerpolicy=\"strict-origin-when-cross-origin\" allowfullscreen><\/iframe><\/p>\n<p><iframe title=\"OUTSOLE STITCHING MACHINE BHSS 10 VARIO STOP\" width=\"800\" height=\"600\" src=\"https:\/\/www.youtube.com\/embed\/NAAML7i2TLU?feature=oembed\" frameborder=\"0\" allow=\"accelerometer; autoplay; clipboard-write; encrypted-media; gyroscope; picture-in-picture; web-share\" referrerpolicy=\"strict-origin-when-cross-origin\" allowfullscreen><\/iframe><\/p>\n<p><iframe title=\"OUTSOLE STITCHING MACHINE BHSS 10 VARIO STOP\" width=\"800\" height=\"450\" src=\"https:\/\/www.youtube.com\/embed\/-x_cEjuuYVE?feature=oembed\" frameborder=\"0\" allow=\"accelerometer; autoplay; clipboard-write; encrypted-media; gyroscope; picture-in-picture; web-share\" referrerpolicy=\"strict-origin-when-cross-origin\" allowfullscreen><\/iframe><\/p>\n","protected":false},"excerpt":{"rendered":"<p>Le mod\u00e8le 09543 a \u00e9t\u00e9 con\u00e7u pour un haut niveau de productivit\u00e9 et de s\u00e9curit\u00e9 de fonctionnement Elle est capable de maintenir une vitesse \u00e9lev\u00e9e de 800 points par minute avec des profils de came ferm\u00e9s pour assurer un mouvement consistant et en douceur. Il s&rsquo;agit d&rsquo;une machine rapide et efficace qui offre une valeur r\u00e9elle avec de nombreuses caract\u00e9ristiques sp\u00e9ciales permettant d&rsquo;obtenir les meilleurs r\u00e9sultats dans les meilleurs d\u00e9lais. Il s&rsquo;agit d&rsquo;une machine rapide et efficace qui offre une valeur r\u00e9elle avec de nombreuses caract\u00e9ristiques sp\u00e9ciales permettant d&rsquo;obtenir les meilleurs r\u00e9sultats dans les meilleurs d\u00e9lais. Cette machine permet de r\u00e9aliser n&rsquo;importe quel type de couture de semelles, y comprises les chaussures \u00e0 tr\u00e9pointe, du type sandales, bottes de travail et chaussures militaires. Elle permet de r\u00e9aliser des chaussures pour hommes, femmes et enfants avec des r\u00e9sultats de haute qualit\u00e9.     <\/p>\n<p>&nbsp;<\/p>\n<p>Cat\u00e1logo: <a href=\"https:\/\/www.pradas.net\/wp-content\/uploads\/2025\/01\/20-MAQ.PUNTEAR-SUELAS-BHSS-10-VARIO-STOP-09543-2025.pdf\" target=\"_blank\" rel=\"noopener\">Descargar<\/a><\/p>\n","protected":false},"featured_media":4236,"comment_status":"open","ping_status":"closed","template":"","meta":[],"product_brand":[],"product_cat":[196,92],"product_tag":[123],"class_list":{"0":"post-8854","1":"product","2":"type-product","3":"status-publish","4":"has-post-thumbnail","6":"product_cat-goodyear-welt-fr-2","7":"product_cat-non-categorise","8":"product_tag-nueva-fr","10":"first","11":"instock","12":"shipping-taxable","13":"product-type-simple"},"yoast_head":"<!-- This site is optimized with the Yoast SEO plugin v27.3 - https:\/\/yoast.com\/product\/yoast-seo-wordpress\/ -->\n<title>Piqueuse Semelles BHSS 10 USM Vario Stop | Pradas<\/title>\n<meta name=\"robots\" content=\"index, follow, max-snippet:-1, max-image-preview:large, max-video-preview:-1\" \/>\n<link rel=\"canonical\" href=\"https:\/\/pradas.net\/fr\/producto\/piqueuse-semelles-bhss-10-usm-vario-stop\/\" \/>\n<meta property=\"og:locale\" content=\"fr_FR\" \/>\n<meta property=\"og:type\" content=\"article\" \/>\n<meta property=\"og:title\" content=\"Piqueuse Semelles BHSS 10 USM Vario Stop | Pradas\" \/>\n<meta property=\"og:description\" content=\"Le mod\u00e8le 09543 a \u00e9t\u00e9 con\u00e7u pour un haut niveau de productivit\u00e9 et de s\u00e9curit\u00e9 de fonctionnement Elle est capable de maintenir une vitesse \u00e9lev\u00e9e de 800 points par minute avec des profils de came ferm\u00e9s pour assurer un mouvement consistant et en douceur. Il s&#039;agit d&#039;une machine rapide et efficace qui offre une valeur r\u00e9elle avec de nombreuses caract\u00e9ristiques sp\u00e9ciales permettant d&#039;obtenir les meilleurs r\u00e9sultats dans les meilleurs d\u00e9lais. Il s&#039;agit d&#039;une machine rapide et efficace qui offre une valeur r\u00e9elle avec de nombreuses caract\u00e9ristiques sp\u00e9ciales permettant d&#039;obtenir les meilleurs r\u00e9sultats dans les meilleurs d\u00e9lais. Cette machine permet de r\u00e9aliser n&#039;importe quel type de couture de semelles, y comprises les chaussures \u00e0 tr\u00e9pointe, du type sandales, bottes de travail et chaussures militaires. Elle permet de r\u00e9aliser des chaussures pour hommes, femmes et enfants avec des r\u00e9sultats de haute qualit\u00e9.    &nbsp; Cat\u00e1logo: Descargar\" \/>\n<meta property=\"og:url\" content=\"https:\/\/pradas.net\/fr\/producto\/piqueuse-semelles-bhss-10-usm-vario-stop\/\" \/>\n<meta property=\"og:site_name\" content=\"Pradas\" \/>\n<meta property=\"article:modified_time\" content=\"2025-05-19T12:08:07+00:00\" \/>\n<meta property=\"og:image\" content=\"https:\/\/pradas.net\/wp-content\/uploads\/2025\/01\/20MAQ.-PUTEAR-SUELAS-BHSS-10-VARIO-STOP-09543-2025_.png\" \/>\n\t<meta property=\"og:image:width\" content=\"1050\" \/>\n\t<meta property=\"og:image:height\" content=\"1400\" \/>\n\t<meta property=\"og:image:type\" content=\"image\/png\" \/>\n<meta name=\"twitter:card\" content=\"summary_large_image\" \/>\n<script type=\"application\/ld+json\" class=\"yoast-schema-graph\">{\"@context\":\"https:\\\/\\\/schema.org\",\"@graph\":[{\"@type\":\"WebPage\",\"@id\":\"https:\\\/\\\/pradas.net\\\/fr\\\/producto\\\/piqueuse-semelles-bhss-10-usm-vario-stop\\\/\",\"url\":\"https:\\\/\\\/pradas.net\\\/fr\\\/producto\\\/piqueuse-semelles-bhss-10-usm-vario-stop\\\/\",\"name\":\"Piqueuse Semelles BHSS 10 USM Vario Stop | Pradas\",\"isPartOf\":{\"@id\":\"https:\\\/\\\/pradas.net\\\/fr\\\/#website\"},\"primaryImageOfPage\":{\"@id\":\"https:\\\/\\\/pradas.net\\\/fr\\\/producto\\\/piqueuse-semelles-bhss-10-usm-vario-stop\\\/#primaryimage\"},\"image\":{\"@id\":\"https:\\\/\\\/pradas.net\\\/fr\\\/producto\\\/piqueuse-semelles-bhss-10-usm-vario-stop\\\/#primaryimage\"},\"thumbnailUrl\":\"https:\\\/\\\/pradas.net\\\/wp-content\\\/uploads\\\/2025\\\/01\\\/20MAQ.-PUTEAR-SUELAS-BHSS-10-VARIO-STOP-09543-2025_.png\",\"datePublished\":\"2025-01-26T20:01:23+00:00\",\"dateModified\":\"2025-05-19T12:08:07+00:00\",\"breadcrumb\":{\"@id\":\"https:\\\/\\\/pradas.net\\\/fr\\\/producto\\\/piqueuse-semelles-bhss-10-usm-vario-stop\\\/#breadcrumb\"},\"inLanguage\":\"fr-FR\",\"potentialAction\":[{\"@type\":\"ReadAction\",\"target\":[\"https:\\\/\\\/pradas.net\\\/fr\\\/producto\\\/piqueuse-semelles-bhss-10-usm-vario-stop\\\/\"]}]},{\"@type\":\"ImageObject\",\"inLanguage\":\"fr-FR\",\"@id\":\"https:\\\/\\\/pradas.net\\\/fr\\\/producto\\\/piqueuse-semelles-bhss-10-usm-vario-stop\\\/#primaryimage\",\"url\":\"https:\\\/\\\/pradas.net\\\/wp-content\\\/uploads\\\/2025\\\/01\\\/20MAQ.-PUTEAR-SUELAS-BHSS-10-VARIO-STOP-09543-2025_.png\",\"contentUrl\":\"https:\\\/\\\/pradas.net\\\/wp-content\\\/uploads\\\/2025\\\/01\\\/20MAQ.-PUTEAR-SUELAS-BHSS-10-VARIO-STOP-09543-2025_.png\",\"width\":1050,\"height\":1400},{\"@type\":\"BreadcrumbList\",\"@id\":\"https:\\\/\\\/pradas.net\\\/fr\\\/producto\\\/piqueuse-semelles-bhss-10-usm-vario-stop\\\/#breadcrumb\",\"itemListElement\":[{\"@type\":\"ListItem\",\"position\":1,\"name\":\"Portada\",\"item\":\"https:\\\/\\\/pradas.net\\\/fr\\\/accueil\\\/\"},{\"@type\":\"ListItem\",\"position\":2,\"name\":\"Shop\",\"item\":\"https:\\\/\\\/pradas.net\\\/?page_id=192\"},{\"@type\":\"ListItem\",\"position\":3,\"name\":\"Piqueuse Semelles BHSS 10 USM Vario Stop\"}]},{\"@type\":\"WebSite\",\"@id\":\"https:\\\/\\\/pradas.net\\\/fr\\\/#website\",\"url\":\"https:\\\/\\\/pradas.net\\\/fr\\\/\",\"name\":\"Pradas\",\"description\":\"\",\"potentialAction\":[{\"@type\":\"SearchAction\",\"target\":{\"@type\":\"EntryPoint\",\"urlTemplate\":\"https:\\\/\\\/pradas.net\\\/fr\\\/?s={search_term_string}\"},\"query-input\":{\"@type\":\"PropertyValueSpecification\",\"valueRequired\":true,\"valueName\":\"search_term_string\"}}],\"inLanguage\":\"fr-FR\"}]}<\/script>\n<!-- \/ Yoast SEO plugin. -->","yoast_head_json":{"title":"Piqueuse Semelles BHSS 10 USM Vario Stop | Pradas","robots":{"index":"index","follow":"follow","max-snippet":"max-snippet:-1","max-image-preview":"max-image-preview:large","max-video-preview":"max-video-preview:-1"},"canonical":"https:\/\/pradas.net\/fr\/producto\/piqueuse-semelles-bhss-10-usm-vario-stop\/","og_locale":"fr_FR","og_type":"article","og_title":"Piqueuse Semelles BHSS 10 USM Vario Stop | Pradas","og_description":"Le mod\u00e8le 09543 a \u00e9t\u00e9 con\u00e7u pour un haut niveau de productivit\u00e9 et de s\u00e9curit\u00e9 de fonctionnement Elle est capable de maintenir une vitesse \u00e9lev\u00e9e de 800 points par minute avec des profils de came ferm\u00e9s pour assurer un mouvement consistant et en douceur. Il s'agit d'une machine rapide et efficace qui offre une valeur r\u00e9elle avec de nombreuses caract\u00e9ristiques sp\u00e9ciales permettant d'obtenir les meilleurs r\u00e9sultats dans les meilleurs d\u00e9lais. Il s'agit d'une machine rapide et efficace qui offre une valeur r\u00e9elle avec de nombreuses caract\u00e9ristiques sp\u00e9ciales permettant d'obtenir les meilleurs r\u00e9sultats dans les meilleurs d\u00e9lais. Cette machine permet de r\u00e9aliser n'importe quel type de couture de semelles, y comprises les chaussures \u00e0 tr\u00e9pointe, du type sandales, bottes de travail et chaussures militaires. Elle permet de r\u00e9aliser des chaussures pour hommes, femmes et enfants avec des r\u00e9sultats de haute qualit\u00e9.    &nbsp; Cat\u00e1logo: Descargar","og_url":"https:\/\/pradas.net\/fr\/producto\/piqueuse-semelles-bhss-10-usm-vario-stop\/","og_site_name":"Pradas","article_modified_time":"2025-05-19T12:08:07+00:00","og_image":[{"width":1050,"height":1400,"url":"https:\/\/pradas.net\/wp-content\/uploads\/2025\/01\/20MAQ.-PUTEAR-SUELAS-BHSS-10-VARIO-STOP-09543-2025_.png","type":"image\/png"}],"twitter_card":"summary_large_image","schema":{"@context":"https:\/\/schema.org","@graph":[{"@type":"WebPage","@id":"https:\/\/pradas.net\/fr\/producto\/piqueuse-semelles-bhss-10-usm-vario-stop\/","url":"https:\/\/pradas.net\/fr\/producto\/piqueuse-semelles-bhss-10-usm-vario-stop\/","name":"Piqueuse Semelles BHSS 10 USM Vario Stop | Pradas","isPartOf":{"@id":"https:\/\/pradas.net\/fr\/#website"},"primaryImageOfPage":{"@id":"https:\/\/pradas.net\/fr\/producto\/piqueuse-semelles-bhss-10-usm-vario-stop\/#primaryimage"},"image":{"@id":"https:\/\/pradas.net\/fr\/producto\/piqueuse-semelles-bhss-10-usm-vario-stop\/#primaryimage"},"thumbnailUrl":"https:\/\/pradas.net\/wp-content\/uploads\/2025\/01\/20MAQ.-PUTEAR-SUELAS-BHSS-10-VARIO-STOP-09543-2025_.png","datePublished":"2025-01-26T20:01:23+00:00","dateModified":"2025-05-19T12:08:07+00:00","breadcrumb":{"@id":"https:\/\/pradas.net\/fr\/producto\/piqueuse-semelles-bhss-10-usm-vario-stop\/#breadcrumb"},"inLanguage":"fr-FR","potentialAction":[{"@type":"ReadAction","target":["https:\/\/pradas.net\/fr\/producto\/piqueuse-semelles-bhss-10-usm-vario-stop\/"]}]},{"@type":"ImageObject","inLanguage":"fr-FR","@id":"https:\/\/pradas.net\/fr\/producto\/piqueuse-semelles-bhss-10-usm-vario-stop\/#primaryimage","url":"https:\/\/pradas.net\/wp-content\/uploads\/2025\/01\/20MAQ.-PUTEAR-SUELAS-BHSS-10-VARIO-STOP-09543-2025_.png","contentUrl":"https:\/\/pradas.net\/wp-content\/uploads\/2025\/01\/20MAQ.-PUTEAR-SUELAS-BHSS-10-VARIO-STOP-09543-2025_.png","width":1050,"height":1400},{"@type":"BreadcrumbList","@id":"https:\/\/pradas.net\/fr\/producto\/piqueuse-semelles-bhss-10-usm-vario-stop\/#breadcrumb","itemListElement":[{"@type":"ListItem","position":1,"name":"Portada","item":"https:\/\/pradas.net\/fr\/accueil\/"},{"@type":"ListItem","position":2,"name":"Shop","item":"https:\/\/pradas.net\/?page_id=192"},{"@type":"ListItem","position":3,"name":"Piqueuse Semelles BHSS 10 USM Vario Stop"}]},{"@type":"WebSite","@id":"https:\/\/pradas.net\/fr\/#website","url":"https:\/\/pradas.net\/fr\/","name":"Pradas","description":"","potentialAction":[{"@type":"SearchAction","target":{"@type":"EntryPoint","urlTemplate":"https:\/\/pradas.net\/fr\/?s={search_term_string}"},"query-input":{"@type":"PropertyValueSpecification","valueRequired":true,"valueName":"search_term_string"}}],"inLanguage":"fr-FR"}]}},"_links":{"self":[{"href":"https:\/\/pradas.net\/fr\/wp-json\/wp\/v2\/product\/8854","targetHints":{"allow":["GET"]}}],"collection":[{"href":"https:\/\/pradas.net\/fr\/wp-json\/wp\/v2\/product"}],"about":[{"href":"https:\/\/pradas.net\/fr\/wp-json\/wp\/v2\/types\/product"}],"replies":[{"embeddable":true,"href":"https:\/\/pradas.net\/fr\/wp-json\/wp\/v2\/comments?post=8854"}],"wp:featuredmedia":[{"embeddable":true,"href":"https:\/\/pradas.net\/fr\/wp-json\/wp\/v2\/media\/4236"}],"wp:attachment":[{"href":"https:\/\/pradas.net\/fr\/wp-json\/wp\/v2\/media?parent=8854"}],"wp:term":[{"taxonomy":"product_brand","embeddable":true,"href":"https:\/\/pradas.net\/fr\/wp-json\/wp\/v2\/product_brand?post=8854"},{"taxonomy":"product_cat","embeddable":true,"href":"https:\/\/pradas.net\/fr\/wp-json\/wp\/v2\/product_cat?post=8854"},{"taxonomy":"product_tag","embeddable":true,"href":"https:\/\/pradas.net\/fr\/wp-json\/wp\/v2\/product_tag?post=8854"}],"curies":[{"name":"wp","href":"https:\/\/api.w.org\/{rel}","templated":true}]}}