{"id":8855,"date":"2025-01-26T21:03:47","date_gmt":"2025-01-26T20:03:47","guid":{"rendered":"https:\/\/pradas.net\/producto\/lisser-les-semelles-ual-a-usm\/"},"modified":"2025-05-19T14:08:27","modified_gmt":"2025-05-19T12:08:27","slug":"lisser-les-semelles-ual-a-usm","status":"publish","type":"product","link":"https:\/\/pradas.net\/fr\/producto\/lisser-les-semelles-ual-a-usm\/","title":{"rendered":"Lisser les Semelles UAL-A USM"},"content":{"rendered":"<p><iframe title=\"AUTOMATIC LEVELLING MACHINE UAL A\" width=\"800\" height=\"450\" src=\"https:\/\/www.youtube.com\/embed\/nyi2UB-cjUo?feature=oembed\" frameborder=\"0\" allow=\"accelerometer; autoplay; clipboard-write; encrypted-media; gyroscope; picture-in-picture; web-share\" referrerpolicy=\"strict-origin-when-cross-origin\" allowfullscreen><\/iframe><\/p>\n","protected":false},"excerpt":{"rendered":"<p>La fonction principale de cette machine consiste au lissage automatique et simultan\u00e9 d&rsquo;une paire de chaussures ou de bottes en cuir gr\u00e2ce \u00e0 la pression hydraulique que des rouleaux courbes m\u00e9talliques exercent sur la semelle ext\u00e9rieure. \u00c0 son tour, la pression peut \u00eatre r\u00e9gl\u00e9e pour s&rsquo;adapter aux besoins du produit. Les ajustements du cycle de travail sont rapides, efficaces et simples gr\u00e2ce \u00e0 des dispositifs situ\u00e9s sur la partie sup\u00e9rieure de la machine, permettant de r\u00e9gler de mani\u00e8re ind\u00e9pendante le basculement des rouleaux dans les diff\u00e9rentes zones de la semelle ext\u00e9rieure pour obtenir une uniformit\u00e9 parfaite de la courbure de la semelle par rapport \u00e0 l&#8217;embauchoir, en pressant et en compressant l&rsquo;incision ou rainure pour cacher le fil du processus de piquage. Ce processus se fait avec les chaussures sur l&#8217;embauchoir, sans talon et apr\u00e8s le processus de piquage. Cette machine est indispensable, surtout dans la fabrication Goodyear Welt, si l&rsquo;on souhaite obtenir un produit de qualit\u00e9.    <\/p>\n<p>&nbsp;<\/p>\n<p>Cat\u00e1logo: <a href=\"https:\/\/www.pradas.net\/wp-content\/uploads\/2025\/01\/21-MAQ.ALISAR-SUELAS-UAL-A-10590.pdf\" target=\"_blank\" rel=\"noopener\">Descargar<\/a><\/p>\n","protected":false},"featured_media":4238,"comment_status":"open","ping_status":"closed","template":"","meta":[],"product_brand":[],"product_cat":[196,92],"product_tag":[123],"class_list":{"0":"post-8855","1":"product","2":"type-product","3":"status-publish","4":"has-post-thumbnail","6":"product_cat-goodyear-welt-fr-2","7":"product_cat-non-categorise","8":"product_tag-nueva-fr","10":"first","11":"instock","12":"shipping-taxable","13":"product-type-simple"},"yoast_head":"<!-- This site is optimized with the Yoast SEO plugin v27.3 - https:\/\/yoast.com\/product\/yoast-seo-wordpress\/ -->\n<title>Lisser les Semelles UAL-A USM | Pradas<\/title>\n<meta name=\"robots\" content=\"index, follow, max-snippet:-1, max-image-preview:large, max-video-preview:-1\" \/>\n<link rel=\"canonical\" href=\"https:\/\/pradas.net\/fr\/producto\/lisser-les-semelles-ual-a-usm\/\" \/>\n<meta property=\"og:locale\" content=\"fr_FR\" \/>\n<meta property=\"og:type\" content=\"article\" \/>\n<meta property=\"og:title\" content=\"Lisser les Semelles UAL-A USM | Pradas\" \/>\n<meta property=\"og:description\" content=\"La fonction principale de cette machine consiste au lissage automatique et simultan\u00e9 d&#039;une paire de chaussures ou de bottes en cuir gr\u00e2ce \u00e0 la pression hydraulique que des rouleaux courbes m\u00e9talliques exercent sur la semelle ext\u00e9rieure. \u00c0 son tour, la pression peut \u00eatre r\u00e9gl\u00e9e pour s&#039;adapter aux besoins du produit. Les ajustements du cycle de travail sont rapides, efficaces et simples gr\u00e2ce \u00e0 des dispositifs situ\u00e9s sur la partie sup\u00e9rieure de la machine, permettant de r\u00e9gler de mani\u00e8re ind\u00e9pendante le basculement des rouleaux dans les diff\u00e9rentes zones de la semelle ext\u00e9rieure pour obtenir une uniformit\u00e9 parfaite de la courbure de la semelle par rapport \u00e0 l&#039;embauchoir, en pressant et en compressant l&#039;incision ou rainure pour cacher le fil du processus de piquage. Ce processus se fait avec les chaussures sur l&#039;embauchoir, sans talon et apr\u00e8s le processus de piquage. Cette machine est indispensable, surtout dans la fabrication Goodyear Welt, si l&#039;on souhaite obtenir un produit de qualit\u00e9.   &nbsp; Cat\u00e1logo: Descargar\" \/>\n<meta property=\"og:url\" content=\"https:\/\/pradas.net\/fr\/producto\/lisser-les-semelles-ual-a-usm\/\" \/>\n<meta property=\"og:site_name\" content=\"Pradas\" \/>\n<meta property=\"article:modified_time\" content=\"2025-05-19T12:08:27+00:00\" \/>\n<meta property=\"og:image\" content=\"https:\/\/pradas.net\/wp-content\/uploads\/2025\/01\/21-MAQ.-ALISAR-SUELAS-UAL-A-10590-2025_.png\" \/>\n\t<meta property=\"og:image:width\" content=\"1050\" \/>\n\t<meta property=\"og:image:height\" content=\"1400\" \/>\n\t<meta property=\"og:image:type\" content=\"image\/png\" \/>\n<meta name=\"twitter:card\" content=\"summary_large_image\" \/>\n<script type=\"application\/ld+json\" class=\"yoast-schema-graph\">{\"@context\":\"https:\\\/\\\/schema.org\",\"@graph\":[{\"@type\":\"WebPage\",\"@id\":\"https:\\\/\\\/pradas.net\\\/fr\\\/producto\\\/lisser-les-semelles-ual-a-usm\\\/\",\"url\":\"https:\\\/\\\/pradas.net\\\/fr\\\/producto\\\/lisser-les-semelles-ual-a-usm\\\/\",\"name\":\"Lisser les Semelles UAL-A USM | Pradas\",\"isPartOf\":{\"@id\":\"https:\\\/\\\/pradas.net\\\/fr\\\/#website\"},\"primaryImageOfPage\":{\"@id\":\"https:\\\/\\\/pradas.net\\\/fr\\\/producto\\\/lisser-les-semelles-ual-a-usm\\\/#primaryimage\"},\"image\":{\"@id\":\"https:\\\/\\\/pradas.net\\\/fr\\\/producto\\\/lisser-les-semelles-ual-a-usm\\\/#primaryimage\"},\"thumbnailUrl\":\"https:\\\/\\\/pradas.net\\\/wp-content\\\/uploads\\\/2025\\\/01\\\/21-MAQ.-ALISAR-SUELAS-UAL-A-10590-2025_.png\",\"datePublished\":\"2025-01-26T20:03:47+00:00\",\"dateModified\":\"2025-05-19T12:08:27+00:00\",\"breadcrumb\":{\"@id\":\"https:\\\/\\\/pradas.net\\\/fr\\\/producto\\\/lisser-les-semelles-ual-a-usm\\\/#breadcrumb\"},\"inLanguage\":\"fr-FR\",\"potentialAction\":[{\"@type\":\"ReadAction\",\"target\":[\"https:\\\/\\\/pradas.net\\\/fr\\\/producto\\\/lisser-les-semelles-ual-a-usm\\\/\"]}]},{\"@type\":\"ImageObject\",\"inLanguage\":\"fr-FR\",\"@id\":\"https:\\\/\\\/pradas.net\\\/fr\\\/producto\\\/lisser-les-semelles-ual-a-usm\\\/#primaryimage\",\"url\":\"https:\\\/\\\/pradas.net\\\/wp-content\\\/uploads\\\/2025\\\/01\\\/21-MAQ.-ALISAR-SUELAS-UAL-A-10590-2025_.png\",\"contentUrl\":\"https:\\\/\\\/pradas.net\\\/wp-content\\\/uploads\\\/2025\\\/01\\\/21-MAQ.-ALISAR-SUELAS-UAL-A-10590-2025_.png\",\"width\":1050,\"height\":1400},{\"@type\":\"BreadcrumbList\",\"@id\":\"https:\\\/\\\/pradas.net\\\/fr\\\/producto\\\/lisser-les-semelles-ual-a-usm\\\/#breadcrumb\",\"itemListElement\":[{\"@type\":\"ListItem\",\"position\":1,\"name\":\"Portada\",\"item\":\"https:\\\/\\\/pradas.net\\\/fr\\\/accueil\\\/\"},{\"@type\":\"ListItem\",\"position\":2,\"name\":\"Shop\",\"item\":\"https:\\\/\\\/pradas.net\\\/?page_id=192\"},{\"@type\":\"ListItem\",\"position\":3,\"name\":\"Lisser les Semelles UAL-A USM\"}]},{\"@type\":\"WebSite\",\"@id\":\"https:\\\/\\\/pradas.net\\\/fr\\\/#website\",\"url\":\"https:\\\/\\\/pradas.net\\\/fr\\\/\",\"name\":\"Pradas\",\"description\":\"\",\"potentialAction\":[{\"@type\":\"SearchAction\",\"target\":{\"@type\":\"EntryPoint\",\"urlTemplate\":\"https:\\\/\\\/pradas.net\\\/fr\\\/?s={search_term_string}\"},\"query-input\":{\"@type\":\"PropertyValueSpecification\",\"valueRequired\":true,\"valueName\":\"search_term_string\"}}],\"inLanguage\":\"fr-FR\"}]}<\/script>\n<!-- \/ Yoast SEO plugin. -->","yoast_head_json":{"title":"Lisser les Semelles UAL-A USM | Pradas","robots":{"index":"index","follow":"follow","max-snippet":"max-snippet:-1","max-image-preview":"max-image-preview:large","max-video-preview":"max-video-preview:-1"},"canonical":"https:\/\/pradas.net\/fr\/producto\/lisser-les-semelles-ual-a-usm\/","og_locale":"fr_FR","og_type":"article","og_title":"Lisser les Semelles UAL-A USM | Pradas","og_description":"La fonction principale de cette machine consiste au lissage automatique et simultan\u00e9 d'une paire de chaussures ou de bottes en cuir gr\u00e2ce \u00e0 la pression hydraulique que des rouleaux courbes m\u00e9talliques exercent sur la semelle ext\u00e9rieure. \u00c0 son tour, la pression peut \u00eatre r\u00e9gl\u00e9e pour s'adapter aux besoins du produit. Les ajustements du cycle de travail sont rapides, efficaces et simples gr\u00e2ce \u00e0 des dispositifs situ\u00e9s sur la partie sup\u00e9rieure de la machine, permettant de r\u00e9gler de mani\u00e8re ind\u00e9pendante le basculement des rouleaux dans les diff\u00e9rentes zones de la semelle ext\u00e9rieure pour obtenir une uniformit\u00e9 parfaite de la courbure de la semelle par rapport \u00e0 l'embauchoir, en pressant et en compressant l'incision ou rainure pour cacher le fil du processus de piquage. Ce processus se fait avec les chaussures sur l'embauchoir, sans talon et apr\u00e8s le processus de piquage. Cette machine est indispensable, surtout dans la fabrication Goodyear Welt, si l'on souhaite obtenir un produit de qualit\u00e9.   &nbsp; Cat\u00e1logo: Descargar","og_url":"https:\/\/pradas.net\/fr\/producto\/lisser-les-semelles-ual-a-usm\/","og_site_name":"Pradas","article_modified_time":"2025-05-19T12:08:27+00:00","og_image":[{"width":1050,"height":1400,"url":"https:\/\/pradas.net\/wp-content\/uploads\/2025\/01\/21-MAQ.-ALISAR-SUELAS-UAL-A-10590-2025_.png","type":"image\/png"}],"twitter_card":"summary_large_image","schema":{"@context":"https:\/\/schema.org","@graph":[{"@type":"WebPage","@id":"https:\/\/pradas.net\/fr\/producto\/lisser-les-semelles-ual-a-usm\/","url":"https:\/\/pradas.net\/fr\/producto\/lisser-les-semelles-ual-a-usm\/","name":"Lisser les Semelles UAL-A USM | Pradas","isPartOf":{"@id":"https:\/\/pradas.net\/fr\/#website"},"primaryImageOfPage":{"@id":"https:\/\/pradas.net\/fr\/producto\/lisser-les-semelles-ual-a-usm\/#primaryimage"},"image":{"@id":"https:\/\/pradas.net\/fr\/producto\/lisser-les-semelles-ual-a-usm\/#primaryimage"},"thumbnailUrl":"https:\/\/pradas.net\/wp-content\/uploads\/2025\/01\/21-MAQ.-ALISAR-SUELAS-UAL-A-10590-2025_.png","datePublished":"2025-01-26T20:03:47+00:00","dateModified":"2025-05-19T12:08:27+00:00","breadcrumb":{"@id":"https:\/\/pradas.net\/fr\/producto\/lisser-les-semelles-ual-a-usm\/#breadcrumb"},"inLanguage":"fr-FR","potentialAction":[{"@type":"ReadAction","target":["https:\/\/pradas.net\/fr\/producto\/lisser-les-semelles-ual-a-usm\/"]}]},{"@type":"ImageObject","inLanguage":"fr-FR","@id":"https:\/\/pradas.net\/fr\/producto\/lisser-les-semelles-ual-a-usm\/#primaryimage","url":"https:\/\/pradas.net\/wp-content\/uploads\/2025\/01\/21-MAQ.-ALISAR-SUELAS-UAL-A-10590-2025_.png","contentUrl":"https:\/\/pradas.net\/wp-content\/uploads\/2025\/01\/21-MAQ.-ALISAR-SUELAS-UAL-A-10590-2025_.png","width":1050,"height":1400},{"@type":"BreadcrumbList","@id":"https:\/\/pradas.net\/fr\/producto\/lisser-les-semelles-ual-a-usm\/#breadcrumb","itemListElement":[{"@type":"ListItem","position":1,"name":"Portada","item":"https:\/\/pradas.net\/fr\/accueil\/"},{"@type":"ListItem","position":2,"name":"Shop","item":"https:\/\/pradas.net\/?page_id=192"},{"@type":"ListItem","position":3,"name":"Lisser les Semelles UAL-A USM"}]},{"@type":"WebSite","@id":"https:\/\/pradas.net\/fr\/#website","url":"https:\/\/pradas.net\/fr\/","name":"Pradas","description":"","potentialAction":[{"@type":"SearchAction","target":{"@type":"EntryPoint","urlTemplate":"https:\/\/pradas.net\/fr\/?s={search_term_string}"},"query-input":{"@type":"PropertyValueSpecification","valueRequired":true,"valueName":"search_term_string"}}],"inLanguage":"fr-FR"}]}},"_links":{"self":[{"href":"https:\/\/pradas.net\/fr\/wp-json\/wp\/v2\/product\/8855","targetHints":{"allow":["GET"]}}],"collection":[{"href":"https:\/\/pradas.net\/fr\/wp-json\/wp\/v2\/product"}],"about":[{"href":"https:\/\/pradas.net\/fr\/wp-json\/wp\/v2\/types\/product"}],"replies":[{"embeddable":true,"href":"https:\/\/pradas.net\/fr\/wp-json\/wp\/v2\/comments?post=8855"}],"wp:featuredmedia":[{"embeddable":true,"href":"https:\/\/pradas.net\/fr\/wp-json\/wp\/v2\/media\/4238"}],"wp:attachment":[{"href":"https:\/\/pradas.net\/fr\/wp-json\/wp\/v2\/media?parent=8855"}],"wp:term":[{"taxonomy":"product_brand","embeddable":true,"href":"https:\/\/pradas.net\/fr\/wp-json\/wp\/v2\/product_brand?post=8855"},{"taxonomy":"product_cat","embeddable":true,"href":"https:\/\/pradas.net\/fr\/wp-json\/wp\/v2\/product_cat?post=8855"},{"taxonomy":"product_tag","embeddable":true,"href":"https:\/\/pradas.net\/fr\/wp-json\/wp\/v2\/product_tag?post=8855"}],"curies":[{"name":"wp","href":"https:\/\/api.w.org\/{rel}","templated":true}]}}