{"id":8856,"date":"2025-01-26T19:27:42","date_gmt":"2025-01-26T18:27:42","guid":{"rendered":"https:\/\/pradas.net\/producto\/poser-le-mur\/"},"modified":"2025-05-19T14:08:46","modified_gmt":"2025-05-19T12:08:46","slug":"poser-le-mur","status":"publish","type":"product","link":"https:\/\/pradas.net\/fr\/producto\/poser-le-mur\/","title":{"rendered":"Poser le Mur"},"content":{"rendered":"<p><iframe title=\"INSOLE RIB ATTACHING MACHINE ERA PONER MURO ERA\" width=\"800\" height=\"450\" src=\"https:\/\/www.youtube.com\/embed\/OkqwLci8WH0?feature=oembed\" frameborder=\"0\" allow=\"accelerometer; autoplay; clipboard-write; encrypted-media; gyroscope; picture-in-picture; web-share\" referrerpolicy=\"strict-origin-when-cross-origin\" allowfullscreen><\/iframe><\/p>\n","protected":false},"excerpt":{"rendered":"<p>Esta m\u00e1quina fija el muro a la planta mediante calor y presi\u00f3n. El muro y la planta se activan a trav\u00e9s de un dispositivo de aire caliente que activa la cola de la zona encolada para conseguir una mayor adherencia al muro. Un dispositivo autom\u00e1tico de corte cortar\u00e1 el muro con precisi\u00f3n en un punto predeterminado que facilitar\u00e1 las siguientes operaciones durante el proceso de fabricaci\u00f3n. A su vez, gracias a su gu\u00eda borde regulable, podremos variar la distancia del muro con respecto al canto de la planta que ser\u00e1 sin duda el mejor cimiento para la elaboraci\u00f3n de los sucesivos procesos durante la fabricaci\u00f3n Goodyear. Esta m\u00e1quina por su dise\u00f1o puede aplicar el muro tanto en planta de punta redonda como de punta fina para zapato o bota de cowboy, as\u00ed como en plantas planas o moldeadas.    <\/p>\n<p>&nbsp;<\/p>\n<p>Cat\u00e1logo: <a href=\"https:\/\/www.pradas.net\/wp-content\/uploads\/2025\/01\/2-MAQ.PONER-MURO-15062.pdf\" target=\"_blank\" rel=\"noopener\">Descargar<\/a><\/p>\n<p>&nbsp;<\/p>\n<p>&nbsp;<\/p>\n","protected":false},"featured_media":4168,"comment_status":"open","ping_status":"closed","template":"","meta":[],"product_brand":[],"product_cat":[196,92],"product_tag":[123],"class_list":{"0":"post-8856","1":"product","2":"type-product","3":"status-publish","4":"has-post-thumbnail","6":"product_cat-goodyear-welt-fr-2","7":"product_cat-non-categorise","8":"product_tag-nueva-fr","10":"first","11":"instock","12":"shipping-taxable","13":"product-type-simple"},"yoast_head":"<!-- This site is optimized with the Yoast SEO plugin v27.3 - https:\/\/yoast.com\/product\/yoast-seo-wordpress\/ -->\n<title>Poser le Mur | Pradas<\/title>\n<meta name=\"robots\" content=\"index, follow, max-snippet:-1, max-image-preview:large, max-video-preview:-1\" \/>\n<link rel=\"canonical\" href=\"https:\/\/pradas.net\/fr\/producto\/poser-le-mur\/\" \/>\n<meta property=\"og:locale\" content=\"fr_FR\" \/>\n<meta property=\"og:type\" content=\"article\" \/>\n<meta property=\"og:title\" content=\"Poser le Mur | Pradas\" \/>\n<meta property=\"og:description\" content=\"Esta m\u00e1quina fija el muro a la planta mediante calor y presi\u00f3n. El muro y la planta se activan a trav\u00e9s de un dispositivo de aire caliente que activa la cola de la zona encolada para conseguir una mayor adherencia al muro. Un dispositivo autom\u00e1tico de corte cortar\u00e1 el muro con precisi\u00f3n en un punto predeterminado que facilitar\u00e1 las siguientes operaciones durante el proceso de fabricaci\u00f3n. A su vez, gracias a su gu\u00eda borde regulable, podremos variar la distancia del muro con respecto al canto de la planta que ser\u00e1 sin duda el mejor cimiento para la elaboraci\u00f3n de los sucesivos procesos durante la fabricaci\u00f3n Goodyear. Esta m\u00e1quina por su dise\u00f1o puede aplicar el muro tanto en planta de punta redonda como de punta fina para zapato o bota de cowboy, as\u00ed como en plantas planas o moldeadas.   &nbsp; Cat\u00e1logo: Descargar &nbsp; &nbsp;\" \/>\n<meta property=\"og:url\" content=\"https:\/\/pradas.net\/fr\/producto\/poser-le-mur\/\" \/>\n<meta property=\"og:site_name\" content=\"Pradas\" \/>\n<meta property=\"article:modified_time\" content=\"2025-05-19T12:08:46+00:00\" \/>\n<meta property=\"og:image\" content=\"https:\/\/pradas.net\/wp-content\/uploads\/2025\/01\/2-MAQ.PONER-MURO1562-2025_.png\" \/>\n\t<meta property=\"og:image:width\" content=\"1050\" \/>\n\t<meta property=\"og:image:height\" content=\"1400\" \/>\n\t<meta property=\"og:image:type\" content=\"image\/png\" \/>\n<meta name=\"twitter:card\" content=\"summary_large_image\" \/>\n<script type=\"application\/ld+json\" class=\"yoast-schema-graph\">{\"@context\":\"https:\\\/\\\/schema.org\",\"@graph\":[{\"@type\":\"WebPage\",\"@id\":\"https:\\\/\\\/pradas.net\\\/fr\\\/producto\\\/poser-le-mur\\\/\",\"url\":\"https:\\\/\\\/pradas.net\\\/fr\\\/producto\\\/poser-le-mur\\\/\",\"name\":\"Poser le Mur | Pradas\",\"isPartOf\":{\"@id\":\"https:\\\/\\\/pradas.net\\\/fr\\\/#website\"},\"primaryImageOfPage\":{\"@id\":\"https:\\\/\\\/pradas.net\\\/fr\\\/producto\\\/poser-le-mur\\\/#primaryimage\"},\"image\":{\"@id\":\"https:\\\/\\\/pradas.net\\\/fr\\\/producto\\\/poser-le-mur\\\/#primaryimage\"},\"thumbnailUrl\":\"https:\\\/\\\/pradas.net\\\/wp-content\\\/uploads\\\/2025\\\/01\\\/2-MAQ.PONER-MURO1562-2025_.png\",\"datePublished\":\"2025-01-26T18:27:42+00:00\",\"dateModified\":\"2025-05-19T12:08:46+00:00\",\"breadcrumb\":{\"@id\":\"https:\\\/\\\/pradas.net\\\/fr\\\/producto\\\/poser-le-mur\\\/#breadcrumb\"},\"inLanguage\":\"fr-FR\",\"potentialAction\":[{\"@type\":\"ReadAction\",\"target\":[\"https:\\\/\\\/pradas.net\\\/fr\\\/producto\\\/poser-le-mur\\\/\"]}]},{\"@type\":\"ImageObject\",\"inLanguage\":\"fr-FR\",\"@id\":\"https:\\\/\\\/pradas.net\\\/fr\\\/producto\\\/poser-le-mur\\\/#primaryimage\",\"url\":\"https:\\\/\\\/pradas.net\\\/wp-content\\\/uploads\\\/2025\\\/01\\\/2-MAQ.PONER-MURO1562-2025_.png\",\"contentUrl\":\"https:\\\/\\\/pradas.net\\\/wp-content\\\/uploads\\\/2025\\\/01\\\/2-MAQ.PONER-MURO1562-2025_.png\",\"width\":1050,\"height\":1400},{\"@type\":\"BreadcrumbList\",\"@id\":\"https:\\\/\\\/pradas.net\\\/fr\\\/producto\\\/poser-le-mur\\\/#breadcrumb\",\"itemListElement\":[{\"@type\":\"ListItem\",\"position\":1,\"name\":\"Portada\",\"item\":\"https:\\\/\\\/pradas.net\\\/fr\\\/accueil\\\/\"},{\"@type\":\"ListItem\",\"position\":2,\"name\":\"Shop\",\"item\":\"https:\\\/\\\/pradas.net\\\/?page_id=192\"},{\"@type\":\"ListItem\",\"position\":3,\"name\":\"Poser le Mur\"}]},{\"@type\":\"WebSite\",\"@id\":\"https:\\\/\\\/pradas.net\\\/fr\\\/#website\",\"url\":\"https:\\\/\\\/pradas.net\\\/fr\\\/\",\"name\":\"Pradas\",\"description\":\"\",\"potentialAction\":[{\"@type\":\"SearchAction\",\"target\":{\"@type\":\"EntryPoint\",\"urlTemplate\":\"https:\\\/\\\/pradas.net\\\/fr\\\/?s={search_term_string}\"},\"query-input\":{\"@type\":\"PropertyValueSpecification\",\"valueRequired\":true,\"valueName\":\"search_term_string\"}}],\"inLanguage\":\"fr-FR\"}]}<\/script>\n<!-- \/ Yoast SEO plugin. -->","yoast_head_json":{"title":"Poser le Mur | Pradas","robots":{"index":"index","follow":"follow","max-snippet":"max-snippet:-1","max-image-preview":"max-image-preview:large","max-video-preview":"max-video-preview:-1"},"canonical":"https:\/\/pradas.net\/fr\/producto\/poser-le-mur\/","og_locale":"fr_FR","og_type":"article","og_title":"Poser le Mur | Pradas","og_description":"Esta m\u00e1quina fija el muro a la planta mediante calor y presi\u00f3n. El muro y la planta se activan a trav\u00e9s de un dispositivo de aire caliente que activa la cola de la zona encolada para conseguir una mayor adherencia al muro. Un dispositivo autom\u00e1tico de corte cortar\u00e1 el muro con precisi\u00f3n en un punto predeterminado que facilitar\u00e1 las siguientes operaciones durante el proceso de fabricaci\u00f3n. A su vez, gracias a su gu\u00eda borde regulable, podremos variar la distancia del muro con respecto al canto de la planta que ser\u00e1 sin duda el mejor cimiento para la elaboraci\u00f3n de los sucesivos procesos durante la fabricaci\u00f3n Goodyear. Esta m\u00e1quina por su dise\u00f1o puede aplicar el muro tanto en planta de punta redonda como de punta fina para zapato o bota de cowboy, as\u00ed como en plantas planas o moldeadas.   &nbsp; Cat\u00e1logo: Descargar &nbsp; &nbsp;","og_url":"https:\/\/pradas.net\/fr\/producto\/poser-le-mur\/","og_site_name":"Pradas","article_modified_time":"2025-05-19T12:08:46+00:00","og_image":[{"width":1050,"height":1400,"url":"https:\/\/pradas.net\/wp-content\/uploads\/2025\/01\/2-MAQ.PONER-MURO1562-2025_.png","type":"image\/png"}],"twitter_card":"summary_large_image","schema":{"@context":"https:\/\/schema.org","@graph":[{"@type":"WebPage","@id":"https:\/\/pradas.net\/fr\/producto\/poser-le-mur\/","url":"https:\/\/pradas.net\/fr\/producto\/poser-le-mur\/","name":"Poser le Mur | Pradas","isPartOf":{"@id":"https:\/\/pradas.net\/fr\/#website"},"primaryImageOfPage":{"@id":"https:\/\/pradas.net\/fr\/producto\/poser-le-mur\/#primaryimage"},"image":{"@id":"https:\/\/pradas.net\/fr\/producto\/poser-le-mur\/#primaryimage"},"thumbnailUrl":"https:\/\/pradas.net\/wp-content\/uploads\/2025\/01\/2-MAQ.PONER-MURO1562-2025_.png","datePublished":"2025-01-26T18:27:42+00:00","dateModified":"2025-05-19T12:08:46+00:00","breadcrumb":{"@id":"https:\/\/pradas.net\/fr\/producto\/poser-le-mur\/#breadcrumb"},"inLanguage":"fr-FR","potentialAction":[{"@type":"ReadAction","target":["https:\/\/pradas.net\/fr\/producto\/poser-le-mur\/"]}]},{"@type":"ImageObject","inLanguage":"fr-FR","@id":"https:\/\/pradas.net\/fr\/producto\/poser-le-mur\/#primaryimage","url":"https:\/\/pradas.net\/wp-content\/uploads\/2025\/01\/2-MAQ.PONER-MURO1562-2025_.png","contentUrl":"https:\/\/pradas.net\/wp-content\/uploads\/2025\/01\/2-MAQ.PONER-MURO1562-2025_.png","width":1050,"height":1400},{"@type":"BreadcrumbList","@id":"https:\/\/pradas.net\/fr\/producto\/poser-le-mur\/#breadcrumb","itemListElement":[{"@type":"ListItem","position":1,"name":"Portada","item":"https:\/\/pradas.net\/fr\/accueil\/"},{"@type":"ListItem","position":2,"name":"Shop","item":"https:\/\/pradas.net\/?page_id=192"},{"@type":"ListItem","position":3,"name":"Poser le Mur"}]},{"@type":"WebSite","@id":"https:\/\/pradas.net\/fr\/#website","url":"https:\/\/pradas.net\/fr\/","name":"Pradas","description":"","potentialAction":[{"@type":"SearchAction","target":{"@type":"EntryPoint","urlTemplate":"https:\/\/pradas.net\/fr\/?s={search_term_string}"},"query-input":{"@type":"PropertyValueSpecification","valueRequired":true,"valueName":"search_term_string"}}],"inLanguage":"fr-FR"}]}},"_links":{"self":[{"href":"https:\/\/pradas.net\/fr\/wp-json\/wp\/v2\/product\/8856","targetHints":{"allow":["GET"]}}],"collection":[{"href":"https:\/\/pradas.net\/fr\/wp-json\/wp\/v2\/product"}],"about":[{"href":"https:\/\/pradas.net\/fr\/wp-json\/wp\/v2\/types\/product"}],"replies":[{"embeddable":true,"href":"https:\/\/pradas.net\/fr\/wp-json\/wp\/v2\/comments?post=8856"}],"wp:featuredmedia":[{"embeddable":true,"href":"https:\/\/pradas.net\/fr\/wp-json\/wp\/v2\/media\/4168"}],"wp:attachment":[{"href":"https:\/\/pradas.net\/fr\/wp-json\/wp\/v2\/media?parent=8856"}],"wp:term":[{"taxonomy":"product_brand","embeddable":true,"href":"https:\/\/pradas.net\/fr\/wp-json\/wp\/v2\/product_brand?post=8856"},{"taxonomy":"product_cat","embeddable":true,"href":"https:\/\/pradas.net\/fr\/wp-json\/wp\/v2\/product_cat?post=8856"},{"taxonomy":"product_tag","embeddable":true,"href":"https:\/\/pradas.net\/fr\/wp-json\/wp\/v2\/product_tag?post=8856"}],"curies":[{"name":"wp","href":"https:\/\/api.w.org\/{rel}","templated":true}]}}