{"id":8858,"date":"2025-01-26T20:34:31","date_gmt":"2025-01-26T19:34:31","guid":{"rendered":"https:\/\/pradas.net\/producto\/rafraichir-apres-couture-trepointe-git-d-usm\/"},"modified":"2025-01-26T20:34:31","modified_gmt":"2025-01-26T19:34:31","slug":"rafraichir-apres-couture-trepointe-git-d-usm","status":"publish","type":"product","link":"https:\/\/pradas.net\/fr\/producto\/rafraichir-apres-couture-trepointe-git-d-usm\/","title":{"rendered":"Rafra\u00eechir apr\u00e8s Couture Tr\u00e9pointe GIT-D USM"},"content":{"rendered":"<p><iframe title=\"INSEAM TRIMMING MACHINE GIT C\" width=\"800\" height=\"450\" src=\"https:\/\/www.youtube.com\/embed\/_-pu1SAglhI?feature=oembed\" frameborder=\"0\" allow=\"accelerometer; autoplay; clipboard-write; encrypted-media; gyroscope; picture-in-picture; web-share\" referrerpolicy=\"strict-origin-when-cross-origin\" allowfullscreen><\/iframe><\/p>\n","protected":false},"excerpt":{"rendered":"<p>La m\u00e1quina se utiliza para recortar de manera segura y r\u00e1pida el sobrante de la piel, del forro, del cerco y del muro una vez realizado el proceso de empalmillado del calzado. La velocidad de la cuchilla y del transporte se han incrementado para realizar un mayor n\u00famero de pares diarios. A su vez, la m\u00e1quina est\u00e1 provista de un control variable de velocidad que permite variar el transporte y la velocidad de la cuchilla seg\u00fan la destreza del operario y seg\u00fan el tipo de calzado. Esta m\u00e1quina puede ser ajustada f\u00e1cilmente a la altura del operario. Tambi\u00e9n, se han a\u00f1adido dispositivos de seguridad con el fin de parar la m\u00e1quina si algunas protecciones est\u00e1n abiertas. El peligro ante la necesidad de abrir el guarda cuchillas para su limpieza ante una posible obstrucci\u00f3n, se reduce totalmente gracias a su desarrollado sistema de aspiraci\u00f3n silencioso y eficiente que realiza la recogida de los restos del recortado. Adicionalmente, dispone de un mecanismo con movimiento de oscilaci\u00f3n para afilar la cuchilla sin necesidad de tener que desmontar la misma para su afilado. Todo ello unido a la calidad de sus componentes dan como resultado una m\u00e1quina silenciosa, segura y productiva.       <\/p>\n<p>&nbsp;<\/p>\n<p>Cat\u00e1logo: <a href=\"https:\/\/www.pradas.net\/wp-content\/uploads\/2025\/01\/12-MAQ.RECORTAR-SOBRANTE-EMPALMILLADO-GIT-C-12201-2025.pdf\" target=\"_blank\" rel=\"noopener\">Descargar<\/a><\/p>\n","protected":false},"featured_media":4214,"comment_status":"open","ping_status":"closed","template":"","meta":[],"product_brand":[],"product_cat":[196,92],"product_tag":[123],"class_list":{"0":"post-8858","1":"product","2":"type-product","3":"status-publish","4":"has-post-thumbnail","6":"product_cat-goodyear-welt-fr-2","7":"product_cat-non-categorise","8":"product_tag-nueva-fr","10":"first","11":"instock","12":"shipping-taxable","13":"product-type-simple"},"yoast_head":"<!-- This site is optimized with the Yoast SEO plugin v27.3 - https:\/\/yoast.com\/product\/yoast-seo-wordpress\/ -->\n<title>Rafra\u00eechir apr\u00e8s Couture Tr\u00e9pointe GIT-D USM | Pradas<\/title>\n<meta name=\"robots\" content=\"index, follow, max-snippet:-1, max-image-preview:large, max-video-preview:-1\" \/>\n<link rel=\"canonical\" href=\"https:\/\/pradas.net\/fr\/producto\/rafraichir-apres-couture-trepointe-git-d-usm\/\" \/>\n<meta property=\"og:locale\" content=\"fr_FR\" \/>\n<meta property=\"og:type\" content=\"article\" \/>\n<meta property=\"og:title\" content=\"Rafra\u00eechir apr\u00e8s Couture Tr\u00e9pointe GIT-D USM | Pradas\" \/>\n<meta property=\"og:description\" content=\"La m\u00e1quina se utiliza para recortar de manera segura y r\u00e1pida el sobrante de la piel, del forro, del cerco y del muro una vez realizado el proceso de empalmillado del calzado. La velocidad de la cuchilla y del transporte se han incrementado para realizar un mayor n\u00famero de pares diarios. A su vez, la m\u00e1quina est\u00e1 provista de un control variable de velocidad que permite variar el transporte y la velocidad de la cuchilla seg\u00fan la destreza del operario y seg\u00fan el tipo de calzado. Esta m\u00e1quina puede ser ajustada f\u00e1cilmente a la altura del operario. Tambi\u00e9n, se han a\u00f1adido dispositivos de seguridad con el fin de parar la m\u00e1quina si algunas protecciones est\u00e1n abiertas. El peligro ante la necesidad de abrir el guarda cuchillas para su limpieza ante una posible obstrucci\u00f3n, se reduce totalmente gracias a su desarrollado sistema de aspiraci\u00f3n silencioso y eficiente que realiza la recogida de los restos del recortado. Adicionalmente, dispone de un mecanismo con movimiento de oscilaci\u00f3n para afilar la cuchilla sin necesidad de tener que desmontar la misma para su afilado. Todo ello unido a la calidad de sus componentes dan como resultado una m\u00e1quina silenciosa, segura y productiva.     &nbsp; Cat\u00e1logo: Descargar\" \/>\n<meta property=\"og:url\" content=\"https:\/\/pradas.net\/fr\/producto\/rafraichir-apres-couture-trepointe-git-d-usm\/\" \/>\n<meta property=\"og:site_name\" content=\"Pradas\" \/>\n<meta property=\"og:image\" content=\"https:\/\/pradas.net\/wp-content\/uploads\/2025\/01\/12-MAQ.RECORTAR-SOBRANTE-DEL-EMPALMILLADO-GIT-C-12201-2025_.png\" \/>\n\t<meta property=\"og:image:width\" content=\"1050\" \/>\n\t<meta property=\"og:image:height\" content=\"1400\" \/>\n\t<meta property=\"og:image:type\" content=\"image\/png\" \/>\n<meta name=\"twitter:card\" content=\"summary_large_image\" \/>\n<script type=\"application\/ld+json\" class=\"yoast-schema-graph\">{\"@context\":\"https:\\\/\\\/schema.org\",\"@graph\":[{\"@type\":\"WebPage\",\"@id\":\"https:\\\/\\\/pradas.net\\\/fr\\\/producto\\\/rafraichir-apres-couture-trepointe-git-d-usm\\\/\",\"url\":\"https:\\\/\\\/pradas.net\\\/fr\\\/producto\\\/rafraichir-apres-couture-trepointe-git-d-usm\\\/\",\"name\":\"Rafra\u00eechir apr\u00e8s Couture Tr\u00e9pointe GIT-D USM | Pradas\",\"isPartOf\":{\"@id\":\"https:\\\/\\\/pradas.net\\\/fr\\\/#website\"},\"primaryImageOfPage\":{\"@id\":\"https:\\\/\\\/pradas.net\\\/fr\\\/producto\\\/rafraichir-apres-couture-trepointe-git-d-usm\\\/#primaryimage\"},\"image\":{\"@id\":\"https:\\\/\\\/pradas.net\\\/fr\\\/producto\\\/rafraichir-apres-couture-trepointe-git-d-usm\\\/#primaryimage\"},\"thumbnailUrl\":\"https:\\\/\\\/pradas.net\\\/wp-content\\\/uploads\\\/2025\\\/01\\\/12-MAQ.RECORTAR-SOBRANTE-DEL-EMPALMILLADO-GIT-C-12201-2025_.png\",\"datePublished\":\"2025-01-26T19:34:31+00:00\",\"breadcrumb\":{\"@id\":\"https:\\\/\\\/pradas.net\\\/fr\\\/producto\\\/rafraichir-apres-couture-trepointe-git-d-usm\\\/#breadcrumb\"},\"inLanguage\":\"fr-FR\",\"potentialAction\":[{\"@type\":\"ReadAction\",\"target\":[\"https:\\\/\\\/pradas.net\\\/fr\\\/producto\\\/rafraichir-apres-couture-trepointe-git-d-usm\\\/\"]}]},{\"@type\":\"ImageObject\",\"inLanguage\":\"fr-FR\",\"@id\":\"https:\\\/\\\/pradas.net\\\/fr\\\/producto\\\/rafraichir-apres-couture-trepointe-git-d-usm\\\/#primaryimage\",\"url\":\"https:\\\/\\\/pradas.net\\\/wp-content\\\/uploads\\\/2025\\\/01\\\/12-MAQ.RECORTAR-SOBRANTE-DEL-EMPALMILLADO-GIT-C-12201-2025_.png\",\"contentUrl\":\"https:\\\/\\\/pradas.net\\\/wp-content\\\/uploads\\\/2025\\\/01\\\/12-MAQ.RECORTAR-SOBRANTE-DEL-EMPALMILLADO-GIT-C-12201-2025_.png\",\"width\":1050,\"height\":1400},{\"@type\":\"BreadcrumbList\",\"@id\":\"https:\\\/\\\/pradas.net\\\/fr\\\/producto\\\/rafraichir-apres-couture-trepointe-git-d-usm\\\/#breadcrumb\",\"itemListElement\":[{\"@type\":\"ListItem\",\"position\":1,\"name\":\"Portada\",\"item\":\"https:\\\/\\\/pradas.net\\\/fr\\\/accueil\\\/\"},{\"@type\":\"ListItem\",\"position\":2,\"name\":\"Shop\",\"item\":\"https:\\\/\\\/pradas.net\\\/?page_id=192\"},{\"@type\":\"ListItem\",\"position\":3,\"name\":\"Rafra\u00eechir apr\u00e8s Couture Tr\u00e9pointe GIT-D USM\"}]},{\"@type\":\"WebSite\",\"@id\":\"https:\\\/\\\/pradas.net\\\/fr\\\/#website\",\"url\":\"https:\\\/\\\/pradas.net\\\/fr\\\/\",\"name\":\"Pradas\",\"description\":\"\",\"potentialAction\":[{\"@type\":\"SearchAction\",\"target\":{\"@type\":\"EntryPoint\",\"urlTemplate\":\"https:\\\/\\\/pradas.net\\\/fr\\\/?s={search_term_string}\"},\"query-input\":{\"@type\":\"PropertyValueSpecification\",\"valueRequired\":true,\"valueName\":\"search_term_string\"}}],\"inLanguage\":\"fr-FR\"}]}<\/script>\n<!-- \/ Yoast SEO plugin. -->","yoast_head_json":{"title":"Rafra\u00eechir apr\u00e8s Couture Tr\u00e9pointe GIT-D USM | Pradas","robots":{"index":"index","follow":"follow","max-snippet":"max-snippet:-1","max-image-preview":"max-image-preview:large","max-video-preview":"max-video-preview:-1"},"canonical":"https:\/\/pradas.net\/fr\/producto\/rafraichir-apres-couture-trepointe-git-d-usm\/","og_locale":"fr_FR","og_type":"article","og_title":"Rafra\u00eechir apr\u00e8s Couture Tr\u00e9pointe GIT-D USM | Pradas","og_description":"La m\u00e1quina se utiliza para recortar de manera segura y r\u00e1pida el sobrante de la piel, del forro, del cerco y del muro una vez realizado el proceso de empalmillado del calzado. La velocidad de la cuchilla y del transporte se han incrementado para realizar un mayor n\u00famero de pares diarios. A su vez, la m\u00e1quina est\u00e1 provista de un control variable de velocidad que permite variar el transporte y la velocidad de la cuchilla seg\u00fan la destreza del operario y seg\u00fan el tipo de calzado. Esta m\u00e1quina puede ser ajustada f\u00e1cilmente a la altura del operario. Tambi\u00e9n, se han a\u00f1adido dispositivos de seguridad con el fin de parar la m\u00e1quina si algunas protecciones est\u00e1n abiertas. El peligro ante la necesidad de abrir el guarda cuchillas para su limpieza ante una posible obstrucci\u00f3n, se reduce totalmente gracias a su desarrollado sistema de aspiraci\u00f3n silencioso y eficiente que realiza la recogida de los restos del recortado. Adicionalmente, dispone de un mecanismo con movimiento de oscilaci\u00f3n para afilar la cuchilla sin necesidad de tener que desmontar la misma para su afilado. Todo ello unido a la calidad de sus componentes dan como resultado una m\u00e1quina silenciosa, segura y productiva.     &nbsp; Cat\u00e1logo: Descargar","og_url":"https:\/\/pradas.net\/fr\/producto\/rafraichir-apres-couture-trepointe-git-d-usm\/","og_site_name":"Pradas","og_image":[{"width":1050,"height":1400,"url":"https:\/\/pradas.net\/wp-content\/uploads\/2025\/01\/12-MAQ.RECORTAR-SOBRANTE-DEL-EMPALMILLADO-GIT-C-12201-2025_.png","type":"image\/png"}],"twitter_card":"summary_large_image","schema":{"@context":"https:\/\/schema.org","@graph":[{"@type":"WebPage","@id":"https:\/\/pradas.net\/fr\/producto\/rafraichir-apres-couture-trepointe-git-d-usm\/","url":"https:\/\/pradas.net\/fr\/producto\/rafraichir-apres-couture-trepointe-git-d-usm\/","name":"Rafra\u00eechir apr\u00e8s Couture Tr\u00e9pointe GIT-D USM | Pradas","isPartOf":{"@id":"https:\/\/pradas.net\/fr\/#website"},"primaryImageOfPage":{"@id":"https:\/\/pradas.net\/fr\/producto\/rafraichir-apres-couture-trepointe-git-d-usm\/#primaryimage"},"image":{"@id":"https:\/\/pradas.net\/fr\/producto\/rafraichir-apres-couture-trepointe-git-d-usm\/#primaryimage"},"thumbnailUrl":"https:\/\/pradas.net\/wp-content\/uploads\/2025\/01\/12-MAQ.RECORTAR-SOBRANTE-DEL-EMPALMILLADO-GIT-C-12201-2025_.png","datePublished":"2025-01-26T19:34:31+00:00","breadcrumb":{"@id":"https:\/\/pradas.net\/fr\/producto\/rafraichir-apres-couture-trepointe-git-d-usm\/#breadcrumb"},"inLanguage":"fr-FR","potentialAction":[{"@type":"ReadAction","target":["https:\/\/pradas.net\/fr\/producto\/rafraichir-apres-couture-trepointe-git-d-usm\/"]}]},{"@type":"ImageObject","inLanguage":"fr-FR","@id":"https:\/\/pradas.net\/fr\/producto\/rafraichir-apres-couture-trepointe-git-d-usm\/#primaryimage","url":"https:\/\/pradas.net\/wp-content\/uploads\/2025\/01\/12-MAQ.RECORTAR-SOBRANTE-DEL-EMPALMILLADO-GIT-C-12201-2025_.png","contentUrl":"https:\/\/pradas.net\/wp-content\/uploads\/2025\/01\/12-MAQ.RECORTAR-SOBRANTE-DEL-EMPALMILLADO-GIT-C-12201-2025_.png","width":1050,"height":1400},{"@type":"BreadcrumbList","@id":"https:\/\/pradas.net\/fr\/producto\/rafraichir-apres-couture-trepointe-git-d-usm\/#breadcrumb","itemListElement":[{"@type":"ListItem","position":1,"name":"Portada","item":"https:\/\/pradas.net\/fr\/accueil\/"},{"@type":"ListItem","position":2,"name":"Shop","item":"https:\/\/pradas.net\/?page_id=192"},{"@type":"ListItem","position":3,"name":"Rafra\u00eechir apr\u00e8s Couture Tr\u00e9pointe GIT-D USM"}]},{"@type":"WebSite","@id":"https:\/\/pradas.net\/fr\/#website","url":"https:\/\/pradas.net\/fr\/","name":"Pradas","description":"","potentialAction":[{"@type":"SearchAction","target":{"@type":"EntryPoint","urlTemplate":"https:\/\/pradas.net\/fr\/?s={search_term_string}"},"query-input":{"@type":"PropertyValueSpecification","valueRequired":true,"valueName":"search_term_string"}}],"inLanguage":"fr-FR"}]}},"_links":{"self":[{"href":"https:\/\/pradas.net\/fr\/wp-json\/wp\/v2\/product\/8858","targetHints":{"allow":["GET"]}}],"collection":[{"href":"https:\/\/pradas.net\/fr\/wp-json\/wp\/v2\/product"}],"about":[{"href":"https:\/\/pradas.net\/fr\/wp-json\/wp\/v2\/types\/product"}],"replies":[{"embeddable":true,"href":"https:\/\/pradas.net\/fr\/wp-json\/wp\/v2\/comments?post=8858"}],"wp:featuredmedia":[{"embeddable":true,"href":"https:\/\/pradas.net\/fr\/wp-json\/wp\/v2\/media\/4214"}],"wp:attachment":[{"href":"https:\/\/pradas.net\/fr\/wp-json\/wp\/v2\/media?parent=8858"}],"wp:term":[{"taxonomy":"product_brand","embeddable":true,"href":"https:\/\/pradas.net\/fr\/wp-json\/wp\/v2\/product_brand?post=8858"},{"taxonomy":"product_cat","embeddable":true,"href":"https:\/\/pradas.net\/fr\/wp-json\/wp\/v2\/product_cat?post=8858"},{"taxonomy":"product_tag","embeddable":true,"href":"https:\/\/pradas.net\/fr\/wp-json\/wp\/v2\/product_tag?post=8858"}],"curies":[{"name":"wp","href":"https:\/\/api.w.org\/{rel}","templated":true}]}}