{"id":8859,"date":"2025-01-26T20:39:51","date_gmt":"2025-01-26T19:39:51","guid":{"rendered":"https:\/\/pradas.net\/producto\/rafraichir-apres-couture-trepointe-git-d-09573\/"},"modified":"2025-01-26T20:39:51","modified_gmt":"2025-01-26T19:39:51","slug":"rafraichir-apres-couture-trepointe-git-d-09573","status":"publish","type":"product","link":"https:\/\/pradas.net\/fr\/producto\/rafraichir-apres-couture-trepointe-git-d-09573\/","title":{"rendered":"Rafra\u00eechir apr\u00e8s Couture Tr\u00e9pointe GIT-D 09573"},"content":{"rendered":"<p><iframe title=\"INSEAM TRIMMING MACHINE GIT D\" width=\"800\" height=\"450\" src=\"https:\/\/www.youtube.com\/embed\/OqVuS9x0RZE?feature=oembed\" frameborder=\"0\" allow=\"accelerometer; autoplay; clipboard-write; encrypted-media; gyroscope; picture-in-picture; web-share\" referrerpolicy=\"strict-origin-when-cross-origin\" allowfullscreen><\/iframe><\/p>\n","protected":false},"excerpt":{"rendered":"<p>La machine permet de couper rapidement et en toute s\u00e9curit\u00e9 l&rsquo;exc\u00e9dent de cuir, de doublure, de tr\u00e9pointe et de mur apr\u00e8s la pose de la tr\u00e9pointe des chaussures. La lame et le d\u00e9placement sont plus rapides, ce qui permet d&rsquo;augmenter le nombre de paires par jour. D&rsquo;autre part, la machine est \u00e9galement \u00e9quip\u00e9e d&rsquo;un dispositif de contr\u00f4le variable de la vitesse permettant d&rsquo;ajuster le d\u00e9placement et la vitesse de la lame en fonction de l&rsquo;habilet\u00e9 de l&rsquo;op\u00e9rateur et du type de chaussures. Cette machine peut \u00eatre facilement r\u00e9gl\u00e9e \u00e0 la hauteur de l&rsquo;op\u00e9rateur. On y a \u00e9galement introduit des dispositifs de s\u00e9curit\u00e9 permettant d&rsquo;arr\u00eater la machine lorsque certaines protections sont ouvertes. Si le protecteur de lames doit \u00eatre ouvert pour le nettoyage suite \u00e0 une obstruction, le risque est totalement r\u00e9duit gr\u00e2ce \u00e0 son syst\u00e8me avanc\u00e9 d&rsquo;aspiration silencieux et efficace, qui se charge de ramasser les chutes. De plus, elle est \u00e9galement dot\u00e9e d&rsquo;un m\u00e9canisme \u00e0 mouvement oscillatoire pour l&rsquo;aff\u00fbtage de la lame sans devoir la d\u00e9monter pour l&rsquo;aff\u00fbter. Le r\u00e9sultat de tout ceci, en plus de la qualit\u00e9 des composants, est une machine silencieuse, sure et productive.       <\/p>\n<p>&nbsp;<\/p>\n<p>Cat\u00e1logo: <a href=\"https:\/\/www.pradas.net\/wp-content\/uploads\/2025\/01\/13-MAQ.RECORTAR-SOBRANTE-EMPALMILLADO-GIT-D-09573.pdf\" target=\"_blank\" rel=\"noopener\">Descargar<\/a><\/p>\n","protected":false},"featured_media":4218,"comment_status":"open","ping_status":"closed","template":"","meta":[],"product_brand":[],"product_cat":[196,92],"product_tag":[123],"class_list":{"0":"post-8859","1":"product","2":"type-product","3":"status-publish","4":"has-post-thumbnail","6":"product_cat-goodyear-welt-fr-2","7":"product_cat-non-categorise","8":"product_tag-nueva-fr","10":"first","11":"instock","12":"shipping-taxable","13":"product-type-simple"},"yoast_head":"<!-- This site is optimized with the Yoast SEO plugin v27.3 - https:\/\/yoast.com\/product\/yoast-seo-wordpress\/ -->\n<title>Rafra\u00eechir apr\u00e8s Couture Tr\u00e9pointe GIT-D 09573 | Pradas<\/title>\n<meta name=\"robots\" content=\"index, follow, max-snippet:-1, max-image-preview:large, max-video-preview:-1\" \/>\n<link rel=\"canonical\" href=\"https:\/\/pradas.net\/fr\/producto\/rafraichir-apres-couture-trepointe-git-d-09573\/\" \/>\n<meta property=\"og:locale\" content=\"fr_FR\" \/>\n<meta property=\"og:type\" content=\"article\" \/>\n<meta property=\"og:title\" content=\"Rafra\u00eechir apr\u00e8s Couture Tr\u00e9pointe GIT-D 09573 | Pradas\" \/>\n<meta property=\"og:description\" content=\"La machine permet de couper rapidement et en toute s\u00e9curit\u00e9 l&#039;exc\u00e9dent de cuir, de doublure, de tr\u00e9pointe et de mur apr\u00e8s la pose de la tr\u00e9pointe des chaussures. La lame et le d\u00e9placement sont plus rapides, ce qui permet d&#039;augmenter le nombre de paires par jour. D&#039;autre part, la machine est \u00e9galement \u00e9quip\u00e9e d&#039;un dispositif de contr\u00f4le variable de la vitesse permettant d&#039;ajuster le d\u00e9placement et la vitesse de la lame en fonction de l&#039;habilet\u00e9 de l&#039;op\u00e9rateur et du type de chaussures. Cette machine peut \u00eatre facilement r\u00e9gl\u00e9e \u00e0 la hauteur de l&#039;op\u00e9rateur. On y a \u00e9galement introduit des dispositifs de s\u00e9curit\u00e9 permettant d&#039;arr\u00eater la machine lorsque certaines protections sont ouvertes. Si le protecteur de lames doit \u00eatre ouvert pour le nettoyage suite \u00e0 une obstruction, le risque est totalement r\u00e9duit gr\u00e2ce \u00e0 son syst\u00e8me avanc\u00e9 d&#039;aspiration silencieux et efficace, qui se charge de ramasser les chutes. De plus, elle est \u00e9galement dot\u00e9e d&#039;un m\u00e9canisme \u00e0 mouvement oscillatoire pour l&#039;aff\u00fbtage de la lame sans devoir la d\u00e9monter pour l&#039;aff\u00fbter. Le r\u00e9sultat de tout ceci, en plus de la qualit\u00e9 des composants, est une machine silencieuse, sure et productive.     &nbsp; Cat\u00e1logo: Descargar\" \/>\n<meta property=\"og:url\" content=\"https:\/\/pradas.net\/fr\/producto\/rafraichir-apres-couture-trepointe-git-d-09573\/\" \/>\n<meta property=\"og:site_name\" content=\"Pradas\" \/>\n<meta property=\"og:image\" content=\"https:\/\/pradas.net\/wp-content\/uploads\/2025\/01\/13-MAQ.RECORTAR-SOBRANTE-EMPALMILLADO-GIT-D-09573-2025_.png\" \/>\n\t<meta property=\"og:image:width\" content=\"1050\" \/>\n\t<meta property=\"og:image:height\" content=\"1400\" \/>\n\t<meta property=\"og:image:type\" content=\"image\/png\" \/>\n<meta name=\"twitter:card\" content=\"summary_large_image\" \/>\n<script type=\"application\/ld+json\" class=\"yoast-schema-graph\">{\"@context\":\"https:\\\/\\\/schema.org\",\"@graph\":[{\"@type\":\"WebPage\",\"@id\":\"https:\\\/\\\/pradas.net\\\/fr\\\/producto\\\/rafraichir-apres-couture-trepointe-git-d-09573\\\/\",\"url\":\"https:\\\/\\\/pradas.net\\\/fr\\\/producto\\\/rafraichir-apres-couture-trepointe-git-d-09573\\\/\",\"name\":\"Rafra\u00eechir apr\u00e8s Couture Tr\u00e9pointe GIT-D 09573 | Pradas\",\"isPartOf\":{\"@id\":\"https:\\\/\\\/pradas.net\\\/fr\\\/#website\"},\"primaryImageOfPage\":{\"@id\":\"https:\\\/\\\/pradas.net\\\/fr\\\/producto\\\/rafraichir-apres-couture-trepointe-git-d-09573\\\/#primaryimage\"},\"image\":{\"@id\":\"https:\\\/\\\/pradas.net\\\/fr\\\/producto\\\/rafraichir-apres-couture-trepointe-git-d-09573\\\/#primaryimage\"},\"thumbnailUrl\":\"https:\\\/\\\/pradas.net\\\/wp-content\\\/uploads\\\/2025\\\/01\\\/13-MAQ.RECORTAR-SOBRANTE-EMPALMILLADO-GIT-D-09573-2025_.png\",\"datePublished\":\"2025-01-26T19:39:51+00:00\",\"breadcrumb\":{\"@id\":\"https:\\\/\\\/pradas.net\\\/fr\\\/producto\\\/rafraichir-apres-couture-trepointe-git-d-09573\\\/#breadcrumb\"},\"inLanguage\":\"fr-FR\",\"potentialAction\":[{\"@type\":\"ReadAction\",\"target\":[\"https:\\\/\\\/pradas.net\\\/fr\\\/producto\\\/rafraichir-apres-couture-trepointe-git-d-09573\\\/\"]}]},{\"@type\":\"ImageObject\",\"inLanguage\":\"fr-FR\",\"@id\":\"https:\\\/\\\/pradas.net\\\/fr\\\/producto\\\/rafraichir-apres-couture-trepointe-git-d-09573\\\/#primaryimage\",\"url\":\"https:\\\/\\\/pradas.net\\\/wp-content\\\/uploads\\\/2025\\\/01\\\/13-MAQ.RECORTAR-SOBRANTE-EMPALMILLADO-GIT-D-09573-2025_.png\",\"contentUrl\":\"https:\\\/\\\/pradas.net\\\/wp-content\\\/uploads\\\/2025\\\/01\\\/13-MAQ.RECORTAR-SOBRANTE-EMPALMILLADO-GIT-D-09573-2025_.png\",\"width\":1050,\"height\":1400},{\"@type\":\"BreadcrumbList\",\"@id\":\"https:\\\/\\\/pradas.net\\\/fr\\\/producto\\\/rafraichir-apres-couture-trepointe-git-d-09573\\\/#breadcrumb\",\"itemListElement\":[{\"@type\":\"ListItem\",\"position\":1,\"name\":\"Portada\",\"item\":\"https:\\\/\\\/pradas.net\\\/fr\\\/accueil\\\/\"},{\"@type\":\"ListItem\",\"position\":2,\"name\":\"Shop\",\"item\":\"https:\\\/\\\/pradas.net\\\/?page_id=192\"},{\"@type\":\"ListItem\",\"position\":3,\"name\":\"Rafra\u00eechir apr\u00e8s Couture Tr\u00e9pointe GIT-D 09573\"}]},{\"@type\":\"WebSite\",\"@id\":\"https:\\\/\\\/pradas.net\\\/fr\\\/#website\",\"url\":\"https:\\\/\\\/pradas.net\\\/fr\\\/\",\"name\":\"Pradas\",\"description\":\"\",\"potentialAction\":[{\"@type\":\"SearchAction\",\"target\":{\"@type\":\"EntryPoint\",\"urlTemplate\":\"https:\\\/\\\/pradas.net\\\/fr\\\/?s={search_term_string}\"},\"query-input\":{\"@type\":\"PropertyValueSpecification\",\"valueRequired\":true,\"valueName\":\"search_term_string\"}}],\"inLanguage\":\"fr-FR\"}]}<\/script>\n<!-- \/ Yoast SEO plugin. -->","yoast_head_json":{"title":"Rafra\u00eechir apr\u00e8s Couture Tr\u00e9pointe GIT-D 09573 | Pradas","robots":{"index":"index","follow":"follow","max-snippet":"max-snippet:-1","max-image-preview":"max-image-preview:large","max-video-preview":"max-video-preview:-1"},"canonical":"https:\/\/pradas.net\/fr\/producto\/rafraichir-apres-couture-trepointe-git-d-09573\/","og_locale":"fr_FR","og_type":"article","og_title":"Rafra\u00eechir apr\u00e8s Couture Tr\u00e9pointe GIT-D 09573 | Pradas","og_description":"La machine permet de couper rapidement et en toute s\u00e9curit\u00e9 l'exc\u00e9dent de cuir, de doublure, de tr\u00e9pointe et de mur apr\u00e8s la pose de la tr\u00e9pointe des chaussures. La lame et le d\u00e9placement sont plus rapides, ce qui permet d'augmenter le nombre de paires par jour. D'autre part, la machine est \u00e9galement \u00e9quip\u00e9e d'un dispositif de contr\u00f4le variable de la vitesse permettant d'ajuster le d\u00e9placement et la vitesse de la lame en fonction de l'habilet\u00e9 de l'op\u00e9rateur et du type de chaussures. Cette machine peut \u00eatre facilement r\u00e9gl\u00e9e \u00e0 la hauteur de l'op\u00e9rateur. On y a \u00e9galement introduit des dispositifs de s\u00e9curit\u00e9 permettant d'arr\u00eater la machine lorsque certaines protections sont ouvertes. Si le protecteur de lames doit \u00eatre ouvert pour le nettoyage suite \u00e0 une obstruction, le risque est totalement r\u00e9duit gr\u00e2ce \u00e0 son syst\u00e8me avanc\u00e9 d'aspiration silencieux et efficace, qui se charge de ramasser les chutes. De plus, elle est \u00e9galement dot\u00e9e d'un m\u00e9canisme \u00e0 mouvement oscillatoire pour l'aff\u00fbtage de la lame sans devoir la d\u00e9monter pour l'aff\u00fbter. Le r\u00e9sultat de tout ceci, en plus de la qualit\u00e9 des composants, est une machine silencieuse, sure et productive.     &nbsp; Cat\u00e1logo: Descargar","og_url":"https:\/\/pradas.net\/fr\/producto\/rafraichir-apres-couture-trepointe-git-d-09573\/","og_site_name":"Pradas","og_image":[{"width":1050,"height":1400,"url":"https:\/\/pradas.net\/wp-content\/uploads\/2025\/01\/13-MAQ.RECORTAR-SOBRANTE-EMPALMILLADO-GIT-D-09573-2025_.png","type":"image\/png"}],"twitter_card":"summary_large_image","schema":{"@context":"https:\/\/schema.org","@graph":[{"@type":"WebPage","@id":"https:\/\/pradas.net\/fr\/producto\/rafraichir-apres-couture-trepointe-git-d-09573\/","url":"https:\/\/pradas.net\/fr\/producto\/rafraichir-apres-couture-trepointe-git-d-09573\/","name":"Rafra\u00eechir apr\u00e8s Couture Tr\u00e9pointe GIT-D 09573 | Pradas","isPartOf":{"@id":"https:\/\/pradas.net\/fr\/#website"},"primaryImageOfPage":{"@id":"https:\/\/pradas.net\/fr\/producto\/rafraichir-apres-couture-trepointe-git-d-09573\/#primaryimage"},"image":{"@id":"https:\/\/pradas.net\/fr\/producto\/rafraichir-apres-couture-trepointe-git-d-09573\/#primaryimage"},"thumbnailUrl":"https:\/\/pradas.net\/wp-content\/uploads\/2025\/01\/13-MAQ.RECORTAR-SOBRANTE-EMPALMILLADO-GIT-D-09573-2025_.png","datePublished":"2025-01-26T19:39:51+00:00","breadcrumb":{"@id":"https:\/\/pradas.net\/fr\/producto\/rafraichir-apres-couture-trepointe-git-d-09573\/#breadcrumb"},"inLanguage":"fr-FR","potentialAction":[{"@type":"ReadAction","target":["https:\/\/pradas.net\/fr\/producto\/rafraichir-apres-couture-trepointe-git-d-09573\/"]}]},{"@type":"ImageObject","inLanguage":"fr-FR","@id":"https:\/\/pradas.net\/fr\/producto\/rafraichir-apres-couture-trepointe-git-d-09573\/#primaryimage","url":"https:\/\/pradas.net\/wp-content\/uploads\/2025\/01\/13-MAQ.RECORTAR-SOBRANTE-EMPALMILLADO-GIT-D-09573-2025_.png","contentUrl":"https:\/\/pradas.net\/wp-content\/uploads\/2025\/01\/13-MAQ.RECORTAR-SOBRANTE-EMPALMILLADO-GIT-D-09573-2025_.png","width":1050,"height":1400},{"@type":"BreadcrumbList","@id":"https:\/\/pradas.net\/fr\/producto\/rafraichir-apres-couture-trepointe-git-d-09573\/#breadcrumb","itemListElement":[{"@type":"ListItem","position":1,"name":"Portada","item":"https:\/\/pradas.net\/fr\/accueil\/"},{"@type":"ListItem","position":2,"name":"Shop","item":"https:\/\/pradas.net\/?page_id=192"},{"@type":"ListItem","position":3,"name":"Rafra\u00eechir apr\u00e8s Couture Tr\u00e9pointe GIT-D 09573"}]},{"@type":"WebSite","@id":"https:\/\/pradas.net\/fr\/#website","url":"https:\/\/pradas.net\/fr\/","name":"Pradas","description":"","potentialAction":[{"@type":"SearchAction","target":{"@type":"EntryPoint","urlTemplate":"https:\/\/pradas.net\/fr\/?s={search_term_string}"},"query-input":{"@type":"PropertyValueSpecification","valueRequired":true,"valueName":"search_term_string"}}],"inLanguage":"fr-FR"}]}},"_links":{"self":[{"href":"https:\/\/pradas.net\/fr\/wp-json\/wp\/v2\/product\/8859","targetHints":{"allow":["GET"]}}],"collection":[{"href":"https:\/\/pradas.net\/fr\/wp-json\/wp\/v2\/product"}],"about":[{"href":"https:\/\/pradas.net\/fr\/wp-json\/wp\/v2\/types\/product"}],"replies":[{"embeddable":true,"href":"https:\/\/pradas.net\/fr\/wp-json\/wp\/v2\/comments?post=8859"}],"wp:featuredmedia":[{"embeddable":true,"href":"https:\/\/pradas.net\/fr\/wp-json\/wp\/v2\/media\/4218"}],"wp:attachment":[{"href":"https:\/\/pradas.net\/fr\/wp-json\/wp\/v2\/media?parent=8859"}],"wp:term":[{"taxonomy":"product_brand","embeddable":true,"href":"https:\/\/pradas.net\/fr\/wp-json\/wp\/v2\/product_brand?post=8859"},{"taxonomy":"product_cat","embeddable":true,"href":"https:\/\/pradas.net\/fr\/wp-json\/wp\/v2\/product_cat?post=8859"},{"taxonomy":"product_tag","embeddable":true,"href":"https:\/\/pradas.net\/fr\/wp-json\/wp\/v2\/product_tag?post=8859"}],"curies":[{"name":"wp","href":"https:\/\/api.w.org\/{rel}","templated":true}]}}