{"id":8861,"date":"2025-01-26T20:45:32","date_gmt":"2025-01-26T19:45:32","guid":{"rendered":"https:\/\/pradas.net\/producto\/remplir-avec-du-liege\/"},"modified":"2025-01-26T20:45:32","modified_gmt":"2025-01-26T19:45:32","slug":"remplir-avec-du-liege","status":"publish","type":"product","link":"https:\/\/pradas.net\/fr\/producto\/remplir-avec-du-liege\/","title":{"rendered":"Remplir avec du Li\u00e8ge"},"content":{"rendered":"<p><iframe title=\"CORK COMPOSITION BOTTOM FILLER MACHINE  09490\" width=\"800\" height=\"450\" src=\"https:\/\/www.youtube.com\/embed\/PYytEg28KOU?feature=oembed\" frameborder=\"0\" allow=\"accelerometer; autoplay; clipboard-write; encrypted-media; gyroscope; picture-in-picture; web-share\" referrerpolicy=\"strict-origin-when-cross-origin\" allowfullscreen><\/iframe><\/p>\n","protected":false},"excerpt":{"rendered":"<p>Cette machine a pour fonction de remplir la surface de la semelle int\u00e9rieure de la chaussure avec une couche de li\u00e8ge agglom\u00e9r\u00e9 apr\u00e8s la pose de la tr\u00e9pointe. En plus de servir d&rsquo;isolant thermique, ce mat\u00e9riau offre un confort optimal de l&rsquo;appui du pied, du fait qu&rsquo;il y laisse son empreinte, dotant les chaussures d&rsquo;une grande r\u00e9sistance et durabilit\u00e9. Apr\u00e8s une p\u00e9riode initiale d&rsquo;utilisation, \u00ab l&#8217;empreinte \u00bb du pied est marqu\u00e9e dans le li\u00e8ge, ce qui permet une adaptation de la semelle int\u00e9rieure et du li\u00e8ge \u00e0 la morphologie du pied du client.  <\/p>\n<p>&nbsp;<\/p>\n<p>Cat\u00e1logo: <a href=\"https:\/\/www.pradas.net\/wp-content\/uploads\/2025\/01\/14-MAQ.PONER-CORCHO-09490.pdf\" target=\"_blank\" rel=\"noopener\">Descargar<\/a><\/p>\n","protected":false},"featured_media":8879,"comment_status":"open","ping_status":"closed","template":"","meta":[],"product_brand":[],"product_cat":[196,92],"product_tag":[123],"class_list":{"0":"post-8861","1":"product","2":"type-product","3":"status-publish","4":"has-post-thumbnail","6":"product_cat-goodyear-welt-fr-2","7":"product_cat-non-categorise","8":"product_tag-nueva-fr","10":"first","11":"instock","12":"shipping-taxable","13":"product-type-simple"},"yoast_head":"<!-- This site is optimized with the Yoast SEO plugin v27.3 - https:\/\/yoast.com\/product\/yoast-seo-wordpress\/ -->\n<title>Remplir avec du Li\u00e8ge | Pradas<\/title>\n<meta name=\"robots\" content=\"index, follow, max-snippet:-1, max-image-preview:large, max-video-preview:-1\" \/>\n<link rel=\"canonical\" href=\"https:\/\/pradas.net\/fr\/producto\/remplir-avec-du-liege\/\" \/>\n<meta property=\"og:locale\" content=\"fr_FR\" \/>\n<meta property=\"og:type\" content=\"article\" \/>\n<meta property=\"og:title\" content=\"Remplir avec du Li\u00e8ge | Pradas\" \/>\n<meta property=\"og:description\" content=\"Cette machine a pour fonction de remplir la surface de la semelle int\u00e9rieure de la chaussure avec une couche de li\u00e8ge agglom\u00e9r\u00e9 apr\u00e8s la pose de la tr\u00e9pointe. En plus de servir d&#039;isolant thermique, ce mat\u00e9riau offre un confort optimal de l&#039;appui du pied, du fait qu&#039;il y laisse son empreinte, dotant les chaussures d&#039;une grande r\u00e9sistance et durabilit\u00e9. Apr\u00e8s une p\u00e9riode initiale d&#039;utilisation, \u00ab l&#039;empreinte \u00bb du pied est marqu\u00e9e dans le li\u00e8ge, ce qui permet une adaptation de la semelle int\u00e9rieure et du li\u00e8ge \u00e0 la morphologie du pied du client.  &nbsp; Cat\u00e1logo: Descargar\" \/>\n<meta property=\"og:url\" content=\"https:\/\/pradas.net\/fr\/producto\/remplir-avec-du-liege\/\" \/>\n<meta property=\"og:site_name\" content=\"Pradas\" \/>\n<meta property=\"og:image\" content=\"https:\/\/pradas.net\/wp-content\/uploads\/2025\/01\/a1a1328b-0181-4f2e-b168-ec99cddbdad5-e1748863429931.jpg\" \/>\n\t<meta property=\"og:image:width\" content=\"1024\" \/>\n\t<meta property=\"og:image:height\" content=\"1024\" \/>\n\t<meta property=\"og:image:type\" content=\"image\/jpeg\" \/>\n<meta name=\"twitter:card\" content=\"summary_large_image\" \/>\n<script type=\"application\/ld+json\" class=\"yoast-schema-graph\">{\"@context\":\"https:\\\/\\\/schema.org\",\"@graph\":[{\"@type\":\"WebPage\",\"@id\":\"https:\\\/\\\/pradas.net\\\/fr\\\/producto\\\/remplir-avec-du-liege\\\/\",\"url\":\"https:\\\/\\\/pradas.net\\\/fr\\\/producto\\\/remplir-avec-du-liege\\\/\",\"name\":\"Remplir avec du Li\u00e8ge | Pradas\",\"isPartOf\":{\"@id\":\"https:\\\/\\\/pradas.net\\\/fr\\\/#website\"},\"primaryImageOfPage\":{\"@id\":\"https:\\\/\\\/pradas.net\\\/fr\\\/producto\\\/remplir-avec-du-liege\\\/#primaryimage\"},\"image\":{\"@id\":\"https:\\\/\\\/pradas.net\\\/fr\\\/producto\\\/remplir-avec-du-liege\\\/#primaryimage\"},\"thumbnailUrl\":\"https:\\\/\\\/pradas.net\\\/wp-content\\\/uploads\\\/2025\\\/01\\\/a1a1328b-0181-4f2e-b168-ec99cddbdad5-e1748863429931.jpg\",\"datePublished\":\"2025-01-26T19:45:32+00:00\",\"breadcrumb\":{\"@id\":\"https:\\\/\\\/pradas.net\\\/fr\\\/producto\\\/remplir-avec-du-liege\\\/#breadcrumb\"},\"inLanguage\":\"fr-FR\",\"potentialAction\":[{\"@type\":\"ReadAction\",\"target\":[\"https:\\\/\\\/pradas.net\\\/fr\\\/producto\\\/remplir-avec-du-liege\\\/\"]}]},{\"@type\":\"ImageObject\",\"inLanguage\":\"fr-FR\",\"@id\":\"https:\\\/\\\/pradas.net\\\/fr\\\/producto\\\/remplir-avec-du-liege\\\/#primaryimage\",\"url\":\"https:\\\/\\\/pradas.net\\\/wp-content\\\/uploads\\\/2025\\\/01\\\/a1a1328b-0181-4f2e-b168-ec99cddbdad5-e1748863429931.jpg\",\"contentUrl\":\"https:\\\/\\\/pradas.net\\\/wp-content\\\/uploads\\\/2025\\\/01\\\/a1a1328b-0181-4f2e-b168-ec99cddbdad5-e1748863429931.jpg\",\"width\":1024,\"height\":1024},{\"@type\":\"BreadcrumbList\",\"@id\":\"https:\\\/\\\/pradas.net\\\/fr\\\/producto\\\/remplir-avec-du-liege\\\/#breadcrumb\",\"itemListElement\":[{\"@type\":\"ListItem\",\"position\":1,\"name\":\"Portada\",\"item\":\"https:\\\/\\\/pradas.net\\\/fr\\\/accueil\\\/\"},{\"@type\":\"ListItem\",\"position\":2,\"name\":\"Shop\",\"item\":\"https:\\\/\\\/pradas.net\\\/?page_id=192\"},{\"@type\":\"ListItem\",\"position\":3,\"name\":\"Remplir avec du Li\u00e8ge\"}]},{\"@type\":\"WebSite\",\"@id\":\"https:\\\/\\\/pradas.net\\\/fr\\\/#website\",\"url\":\"https:\\\/\\\/pradas.net\\\/fr\\\/\",\"name\":\"Pradas\",\"description\":\"\",\"potentialAction\":[{\"@type\":\"SearchAction\",\"target\":{\"@type\":\"EntryPoint\",\"urlTemplate\":\"https:\\\/\\\/pradas.net\\\/fr\\\/?s={search_term_string}\"},\"query-input\":{\"@type\":\"PropertyValueSpecification\",\"valueRequired\":true,\"valueName\":\"search_term_string\"}}],\"inLanguage\":\"fr-FR\"}]}<\/script>\n<!-- \/ Yoast SEO plugin. -->","yoast_head_json":{"title":"Remplir avec du Li\u00e8ge | Pradas","robots":{"index":"index","follow":"follow","max-snippet":"max-snippet:-1","max-image-preview":"max-image-preview:large","max-video-preview":"max-video-preview:-1"},"canonical":"https:\/\/pradas.net\/fr\/producto\/remplir-avec-du-liege\/","og_locale":"fr_FR","og_type":"article","og_title":"Remplir avec du Li\u00e8ge | Pradas","og_description":"Cette machine a pour fonction de remplir la surface de la semelle int\u00e9rieure de la chaussure avec une couche de li\u00e8ge agglom\u00e9r\u00e9 apr\u00e8s la pose de la tr\u00e9pointe. En plus de servir d'isolant thermique, ce mat\u00e9riau offre un confort optimal de l'appui du pied, du fait qu'il y laisse son empreinte, dotant les chaussures d'une grande r\u00e9sistance et durabilit\u00e9. Apr\u00e8s une p\u00e9riode initiale d'utilisation, \u00ab l'empreinte \u00bb du pied est marqu\u00e9e dans le li\u00e8ge, ce qui permet une adaptation de la semelle int\u00e9rieure et du li\u00e8ge \u00e0 la morphologie du pied du client.  &nbsp; Cat\u00e1logo: Descargar","og_url":"https:\/\/pradas.net\/fr\/producto\/remplir-avec-du-liege\/","og_site_name":"Pradas","og_image":[{"width":1024,"height":1024,"url":"https:\/\/pradas.net\/wp-content\/uploads\/2025\/01\/a1a1328b-0181-4f2e-b168-ec99cddbdad5-e1748863429931.jpg","type":"image\/jpeg"}],"twitter_card":"summary_large_image","schema":{"@context":"https:\/\/schema.org","@graph":[{"@type":"WebPage","@id":"https:\/\/pradas.net\/fr\/producto\/remplir-avec-du-liege\/","url":"https:\/\/pradas.net\/fr\/producto\/remplir-avec-du-liege\/","name":"Remplir avec du Li\u00e8ge | Pradas","isPartOf":{"@id":"https:\/\/pradas.net\/fr\/#website"},"primaryImageOfPage":{"@id":"https:\/\/pradas.net\/fr\/producto\/remplir-avec-du-liege\/#primaryimage"},"image":{"@id":"https:\/\/pradas.net\/fr\/producto\/remplir-avec-du-liege\/#primaryimage"},"thumbnailUrl":"https:\/\/pradas.net\/wp-content\/uploads\/2025\/01\/a1a1328b-0181-4f2e-b168-ec99cddbdad5-e1748863429931.jpg","datePublished":"2025-01-26T19:45:32+00:00","breadcrumb":{"@id":"https:\/\/pradas.net\/fr\/producto\/remplir-avec-du-liege\/#breadcrumb"},"inLanguage":"fr-FR","potentialAction":[{"@type":"ReadAction","target":["https:\/\/pradas.net\/fr\/producto\/remplir-avec-du-liege\/"]}]},{"@type":"ImageObject","inLanguage":"fr-FR","@id":"https:\/\/pradas.net\/fr\/producto\/remplir-avec-du-liege\/#primaryimage","url":"https:\/\/pradas.net\/wp-content\/uploads\/2025\/01\/a1a1328b-0181-4f2e-b168-ec99cddbdad5-e1748863429931.jpg","contentUrl":"https:\/\/pradas.net\/wp-content\/uploads\/2025\/01\/a1a1328b-0181-4f2e-b168-ec99cddbdad5-e1748863429931.jpg","width":1024,"height":1024},{"@type":"BreadcrumbList","@id":"https:\/\/pradas.net\/fr\/producto\/remplir-avec-du-liege\/#breadcrumb","itemListElement":[{"@type":"ListItem","position":1,"name":"Portada","item":"https:\/\/pradas.net\/fr\/accueil\/"},{"@type":"ListItem","position":2,"name":"Shop","item":"https:\/\/pradas.net\/?page_id=192"},{"@type":"ListItem","position":3,"name":"Remplir avec du Li\u00e8ge"}]},{"@type":"WebSite","@id":"https:\/\/pradas.net\/fr\/#website","url":"https:\/\/pradas.net\/fr\/","name":"Pradas","description":"","potentialAction":[{"@type":"SearchAction","target":{"@type":"EntryPoint","urlTemplate":"https:\/\/pradas.net\/fr\/?s={search_term_string}"},"query-input":{"@type":"PropertyValueSpecification","valueRequired":true,"valueName":"search_term_string"}}],"inLanguage":"fr-FR"}]}},"_links":{"self":[{"href":"https:\/\/pradas.net\/fr\/wp-json\/wp\/v2\/product\/8861","targetHints":{"allow":["GET"]}}],"collection":[{"href":"https:\/\/pradas.net\/fr\/wp-json\/wp\/v2\/product"}],"about":[{"href":"https:\/\/pradas.net\/fr\/wp-json\/wp\/v2\/types\/product"}],"replies":[{"embeddable":true,"href":"https:\/\/pradas.net\/fr\/wp-json\/wp\/v2\/comments?post=8861"}],"wp:featuredmedia":[{"embeddable":true,"href":"https:\/\/pradas.net\/fr\/wp-json\/wp\/v2\/media\/8879"}],"wp:attachment":[{"href":"https:\/\/pradas.net\/fr\/wp-json\/wp\/v2\/media?parent=8861"}],"wp:term":[{"taxonomy":"product_brand","embeddable":true,"href":"https:\/\/pradas.net\/fr\/wp-json\/wp\/v2\/product_brand?post=8861"},{"taxonomy":"product_cat","embeddable":true,"href":"https:\/\/pradas.net\/fr\/wp-json\/wp\/v2\/product_cat?post=8861"},{"taxonomy":"product_tag","embeddable":true,"href":"https:\/\/pradas.net\/fr\/wp-json\/wp\/v2\/product_tag?post=8861"}],"curies":[{"name":"wp","href":"https:\/\/api.w.org\/{rel}","templated":true}]}}