{"id":8862,"date":"2025-01-26T20:49:29","date_gmt":"2025-01-26T19:49:29","guid":{"rendered":"https:\/\/pradas.net\/producto\/machine-a-ecraser-la-trepointe-13072\/"},"modified":"2025-01-26T20:49:29","modified_gmt":"2025-01-26T19:49:29","slug":"machine-a-ecraser-la-trepointe-13072","status":"publish","type":"product","link":"https:\/\/pradas.net\/fr\/producto\/machine-a-ecraser-la-trepointe-13072\/","title":{"rendered":"MACHINE \u00c0 \u00c9CRASER LA TR\u00c9POINTE 13072"},"content":{"rendered":"","protected":false},"excerpt":{"rendered":"<p>Cette machine \u00e0 \u00e9craser la tr\u00e9pointe et le bord de la semelle, \u00e9crase la tr\u00e9pointe et le bord de la semelle<br \/>apr\u00e8s l\u2019op\u00e9ration de collage de la semelle. Elle peut \u00e9galement \u00eatre utilis\u00e9e pour des chaussures fabriqu\u00e9es<br \/>en cousu Ideal et pour les sandales. <\/p>\n<p>La machine est \u00e9quip\u00e9e de deux types d\u2019accessoires (rouleau et plaque).<\/p>\n<p>Le fonctionnement de la machine est tr\u00e8s rapide et la vitesse est variable \u00e0 l\u2019aide d\u2019un potentiom\u00e8tre<br \/>\u00e9lectronique.<\/p>\n<p>&nbsp;<\/p>\n<p>Cat\u00e1logo: <a href=\"https:\/\/www.pradas.net\/wp-content\/uploads\/2025\/01\/15-MAQ.PRESIONAR-EL-CANTO-DE-LA-SUELA-13072.pdf\" target=\"_blank\" rel=\"noopener\">Descargar<\/a><\/p>\n","protected":false},"featured_media":1461,"comment_status":"open","ping_status":"closed","template":"","meta":[],"product_brand":[],"product_cat":[196,92],"product_tag":[123],"class_list":{"0":"post-8862","1":"product","2":"type-product","3":"status-publish","4":"has-post-thumbnail","6":"product_cat-goodyear-welt-fr-2","7":"product_cat-non-categorise","8":"product_tag-nueva-fr","10":"first","11":"instock","12":"shipping-taxable","13":"product-type-simple"},"yoast_head":"<!-- This site is optimized with the Yoast SEO plugin v27.3 - https:\/\/yoast.com\/product\/yoast-seo-wordpress\/ -->\n<title>MACHINE \u00c0 \u00c9CRASER LA TR\u00c9POINTE 13072 | Pradas<\/title>\n<meta name=\"robots\" content=\"index, follow, max-snippet:-1, max-image-preview:large, max-video-preview:-1\" \/>\n<link rel=\"canonical\" href=\"https:\/\/pradas.net\/fr\/producto\/machine-a-ecraser-la-trepointe-13072\/\" \/>\n<meta property=\"og:locale\" content=\"fr_FR\" \/>\n<meta property=\"og:type\" content=\"article\" \/>\n<meta property=\"og:title\" content=\"MACHINE \u00c0 \u00c9CRASER LA TR\u00c9POINTE 13072 | Pradas\" \/>\n<meta property=\"og:description\" content=\"Cette machine \u00e0 \u00e9craser la tr\u00e9pointe et le bord de la semelle, \u00e9crase la tr\u00e9pointe et le bord de la semelleapr\u00e8s l\u2019op\u00e9ration de collage de la semelle. Elle peut \u00e9galement \u00eatre utilis\u00e9e pour des chaussures fabriqu\u00e9esen cousu Ideal et pour les sandales.  La machine est \u00e9quip\u00e9e de deux types d\u2019accessoires (rouleau et plaque). Le fonctionnement de la machine est tr\u00e8s rapide et la vitesse est variable \u00e0 l\u2019aide d\u2019un potentiom\u00e8tre\u00e9lectronique. &nbsp; Cat\u00e1logo: Descargar\" \/>\n<meta property=\"og:url\" content=\"https:\/\/pradas.net\/fr\/producto\/machine-a-ecraser-la-trepointe-13072\/\" \/>\n<meta property=\"og:site_name\" content=\"Pradas\" \/>\n<meta property=\"og:image\" content=\"https:\/\/pradas.net\/wp-content\/uploads\/2025\/01\/15-MAQ.-PRESIONAR-CANTO-SUELA-13072-2025_.png\" \/>\n\t<meta property=\"og:image:width\" content=\"1050\" \/>\n\t<meta property=\"og:image:height\" content=\"1400\" \/>\n\t<meta property=\"og:image:type\" content=\"image\/png\" \/>\n<meta name=\"twitter:card\" content=\"summary_large_image\" \/>\n<script type=\"application\/ld+json\" class=\"yoast-schema-graph\">{\"@context\":\"https:\\\/\\\/schema.org\",\"@graph\":[{\"@type\":\"WebPage\",\"@id\":\"https:\\\/\\\/pradas.net\\\/fr\\\/producto\\\/machine-a-ecraser-la-trepointe-13072\\\/\",\"url\":\"https:\\\/\\\/pradas.net\\\/fr\\\/producto\\\/machine-a-ecraser-la-trepointe-13072\\\/\",\"name\":\"MACHINE \u00c0 \u00c9CRASER LA TR\u00c9POINTE 13072 | Pradas\",\"isPartOf\":{\"@id\":\"https:\\\/\\\/pradas.net\\\/fr\\\/#website\"},\"primaryImageOfPage\":{\"@id\":\"https:\\\/\\\/pradas.net\\\/fr\\\/producto\\\/machine-a-ecraser-la-trepointe-13072\\\/#primaryimage\"},\"image\":{\"@id\":\"https:\\\/\\\/pradas.net\\\/fr\\\/producto\\\/machine-a-ecraser-la-trepointe-13072\\\/#primaryimage\"},\"thumbnailUrl\":\"https:\\\/\\\/pradas.net\\\/wp-content\\\/uploads\\\/2025\\\/01\\\/15-MAQ.-PRESIONAR-CANTO-SUELA-13072-2025_.png\",\"datePublished\":\"2025-01-26T19:49:29+00:00\",\"breadcrumb\":{\"@id\":\"https:\\\/\\\/pradas.net\\\/fr\\\/producto\\\/machine-a-ecraser-la-trepointe-13072\\\/#breadcrumb\"},\"inLanguage\":\"fr-FR\",\"potentialAction\":[{\"@type\":\"ReadAction\",\"target\":[\"https:\\\/\\\/pradas.net\\\/fr\\\/producto\\\/machine-a-ecraser-la-trepointe-13072\\\/\"]}]},{\"@type\":\"ImageObject\",\"inLanguage\":\"fr-FR\",\"@id\":\"https:\\\/\\\/pradas.net\\\/fr\\\/producto\\\/machine-a-ecraser-la-trepointe-13072\\\/#primaryimage\",\"url\":\"https:\\\/\\\/pradas.net\\\/wp-content\\\/uploads\\\/2025\\\/01\\\/15-MAQ.-PRESIONAR-CANTO-SUELA-13072-2025_.png\",\"contentUrl\":\"https:\\\/\\\/pradas.net\\\/wp-content\\\/uploads\\\/2025\\\/01\\\/15-MAQ.-PRESIONAR-CANTO-SUELA-13072-2025_.png\",\"width\":1050,\"height\":1400,\"caption\":\"Maquinaria Calzado Goodyear\"},{\"@type\":\"BreadcrumbList\",\"@id\":\"https:\\\/\\\/pradas.net\\\/fr\\\/producto\\\/machine-a-ecraser-la-trepointe-13072\\\/#breadcrumb\",\"itemListElement\":[{\"@type\":\"ListItem\",\"position\":1,\"name\":\"Portada\",\"item\":\"https:\\\/\\\/pradas.net\\\/fr\\\/accueil\\\/\"},{\"@type\":\"ListItem\",\"position\":2,\"name\":\"Shop\",\"item\":\"https:\\\/\\\/pradas.net\\\/?page_id=192\"},{\"@type\":\"ListItem\",\"position\":3,\"name\":\"MACHINE \u00c0 \u00c9CRASER LA TR\u00c9POINTE 13072\"}]},{\"@type\":\"WebSite\",\"@id\":\"https:\\\/\\\/pradas.net\\\/fr\\\/#website\",\"url\":\"https:\\\/\\\/pradas.net\\\/fr\\\/\",\"name\":\"Pradas\",\"description\":\"\",\"potentialAction\":[{\"@type\":\"SearchAction\",\"target\":{\"@type\":\"EntryPoint\",\"urlTemplate\":\"https:\\\/\\\/pradas.net\\\/fr\\\/?s={search_term_string}\"},\"query-input\":{\"@type\":\"PropertyValueSpecification\",\"valueRequired\":true,\"valueName\":\"search_term_string\"}}],\"inLanguage\":\"fr-FR\"}]}<\/script>\n<!-- \/ Yoast SEO plugin. -->","yoast_head_json":{"title":"MACHINE \u00c0 \u00c9CRASER LA TR\u00c9POINTE 13072 | Pradas","robots":{"index":"index","follow":"follow","max-snippet":"max-snippet:-1","max-image-preview":"max-image-preview:large","max-video-preview":"max-video-preview:-1"},"canonical":"https:\/\/pradas.net\/fr\/producto\/machine-a-ecraser-la-trepointe-13072\/","og_locale":"fr_FR","og_type":"article","og_title":"MACHINE \u00c0 \u00c9CRASER LA TR\u00c9POINTE 13072 | Pradas","og_description":"Cette machine \u00e0 \u00e9craser la tr\u00e9pointe et le bord de la semelle, \u00e9crase la tr\u00e9pointe et le bord de la semelleapr\u00e8s l\u2019op\u00e9ration de collage de la semelle. Elle peut \u00e9galement \u00eatre utilis\u00e9e pour des chaussures fabriqu\u00e9esen cousu Ideal et pour les sandales.  La machine est \u00e9quip\u00e9e de deux types d\u2019accessoires (rouleau et plaque). Le fonctionnement de la machine est tr\u00e8s rapide et la vitesse est variable \u00e0 l\u2019aide d\u2019un potentiom\u00e8tre\u00e9lectronique. &nbsp; Cat\u00e1logo: Descargar","og_url":"https:\/\/pradas.net\/fr\/producto\/machine-a-ecraser-la-trepointe-13072\/","og_site_name":"Pradas","og_image":[{"width":1050,"height":1400,"url":"https:\/\/pradas.net\/wp-content\/uploads\/2025\/01\/15-MAQ.-PRESIONAR-CANTO-SUELA-13072-2025_.png","type":"image\/png"}],"twitter_card":"summary_large_image","schema":{"@context":"https:\/\/schema.org","@graph":[{"@type":"WebPage","@id":"https:\/\/pradas.net\/fr\/producto\/machine-a-ecraser-la-trepointe-13072\/","url":"https:\/\/pradas.net\/fr\/producto\/machine-a-ecraser-la-trepointe-13072\/","name":"MACHINE \u00c0 \u00c9CRASER LA TR\u00c9POINTE 13072 | Pradas","isPartOf":{"@id":"https:\/\/pradas.net\/fr\/#website"},"primaryImageOfPage":{"@id":"https:\/\/pradas.net\/fr\/producto\/machine-a-ecraser-la-trepointe-13072\/#primaryimage"},"image":{"@id":"https:\/\/pradas.net\/fr\/producto\/machine-a-ecraser-la-trepointe-13072\/#primaryimage"},"thumbnailUrl":"https:\/\/pradas.net\/wp-content\/uploads\/2025\/01\/15-MAQ.-PRESIONAR-CANTO-SUELA-13072-2025_.png","datePublished":"2025-01-26T19:49:29+00:00","breadcrumb":{"@id":"https:\/\/pradas.net\/fr\/producto\/machine-a-ecraser-la-trepointe-13072\/#breadcrumb"},"inLanguage":"fr-FR","potentialAction":[{"@type":"ReadAction","target":["https:\/\/pradas.net\/fr\/producto\/machine-a-ecraser-la-trepointe-13072\/"]}]},{"@type":"ImageObject","inLanguage":"fr-FR","@id":"https:\/\/pradas.net\/fr\/producto\/machine-a-ecraser-la-trepointe-13072\/#primaryimage","url":"https:\/\/pradas.net\/wp-content\/uploads\/2025\/01\/15-MAQ.-PRESIONAR-CANTO-SUELA-13072-2025_.png","contentUrl":"https:\/\/pradas.net\/wp-content\/uploads\/2025\/01\/15-MAQ.-PRESIONAR-CANTO-SUELA-13072-2025_.png","width":1050,"height":1400,"caption":"Maquinaria Calzado Goodyear"},{"@type":"BreadcrumbList","@id":"https:\/\/pradas.net\/fr\/producto\/machine-a-ecraser-la-trepointe-13072\/#breadcrumb","itemListElement":[{"@type":"ListItem","position":1,"name":"Portada","item":"https:\/\/pradas.net\/fr\/accueil\/"},{"@type":"ListItem","position":2,"name":"Shop","item":"https:\/\/pradas.net\/?page_id=192"},{"@type":"ListItem","position":3,"name":"MACHINE \u00c0 \u00c9CRASER LA TR\u00c9POINTE 13072"}]},{"@type":"WebSite","@id":"https:\/\/pradas.net\/fr\/#website","url":"https:\/\/pradas.net\/fr\/","name":"Pradas","description":"","potentialAction":[{"@type":"SearchAction","target":{"@type":"EntryPoint","urlTemplate":"https:\/\/pradas.net\/fr\/?s={search_term_string}"},"query-input":{"@type":"PropertyValueSpecification","valueRequired":true,"valueName":"search_term_string"}}],"inLanguage":"fr-FR"}]}},"_links":{"self":[{"href":"https:\/\/pradas.net\/fr\/wp-json\/wp\/v2\/product\/8862","targetHints":{"allow":["GET"]}}],"collection":[{"href":"https:\/\/pradas.net\/fr\/wp-json\/wp\/v2\/product"}],"about":[{"href":"https:\/\/pradas.net\/fr\/wp-json\/wp\/v2\/types\/product"}],"replies":[{"embeddable":true,"href":"https:\/\/pradas.net\/fr\/wp-json\/wp\/v2\/comments?post=8862"}],"wp:featuredmedia":[{"embeddable":true,"href":"https:\/\/pradas.net\/fr\/wp-json\/wp\/v2\/media\/1461"}],"wp:attachment":[{"href":"https:\/\/pradas.net\/fr\/wp-json\/wp\/v2\/media?parent=8862"}],"wp:term":[{"taxonomy":"product_brand","embeddable":true,"href":"https:\/\/pradas.net\/fr\/wp-json\/wp\/v2\/product_brand?post=8862"},{"taxonomy":"product_cat","embeddable":true,"href":"https:\/\/pradas.net\/fr\/wp-json\/wp\/v2\/product_cat?post=8862"},{"taxonomy":"product_tag","embeddable":true,"href":"https:\/\/pradas.net\/fr\/wp-json\/wp\/v2\/product_tag?post=8862"}],"curies":[{"name":"wp","href":"https:\/\/api.w.org\/{rel}","templated":true}]}}