{"id":9075,"date":"2025-06-13T08:34:23","date_gmt":"2025-06-13T06:34:23","guid":{"rendered":"https:\/\/pradas.net\/?post_type=product&#038;p=9075"},"modified":"2025-06-13T09:12:30","modified_gmt":"2025-06-13T07:12:30","slug":"corflex-liege-pour-des-premieres-copia","status":"publish","type":"product","link":"https:\/\/pradas.net\/fr\/producto\/corflex-liege-pour-des-premieres-copia\/","title":{"rendered":"CORFLEX LIEGE POUR DES PREMIERES (copia)"},"content":{"rendered":"","protected":false},"excerpt":{"rendered":"<p>Li\u00e8ge pour remplissage des premieres, destin\u00e9 aux chaussures fabriqu\u00e9es selon le syst\u00e8me Goodyear Welt ou mont\u00e9.<\/p>\n<p>Flexible et r\u00e9sistant.<\/p>\n<p>S\u00e9chage rapide.<\/p>\n<p>Isolant thermique.<\/p>\n<p>Peut \u00eatre utilis\u00e9 \u00e0 la machine ou \u00e0 la main.<\/p>\n<p>Chaque emballage contient une bo\u00eete de 6 sacs emball\u00e9s sous vide de 4 kg chacun.<\/p>\n","protected":false},"featured_media":9081,"comment_status":"open","ping_status":"closed","template":"","meta":[],"product_brand":[],"product_cat":[148,195],"product_tag":[],"class_list":{"0":"post-9075","1":"product","2":"type-product","3":"status-publish","4":"has-post-thumbnail","6":"product_cat-consommables","7":"product_cat-liege-des-premieres","9":"first","10":"instock","11":"shipping-taxable","12":"product-type-simple"},"yoast_head":"<!-- This site is optimized with the Yoast SEO plugin v27.3 - https:\/\/yoast.com\/product\/yoast-seo-wordpress\/ -->\n<title>CORFLEX LIEGE POUR DES PREMIERES (copia) | Pradas<\/title>\n<meta name=\"robots\" content=\"index, follow, max-snippet:-1, max-image-preview:large, max-video-preview:-1\" \/>\n<link rel=\"canonical\" href=\"https:\/\/pradas.net\/fr\/producto\/corflex-liege-pour-des-premieres-copia\/\" \/>\n<meta property=\"og:locale\" content=\"fr_FR\" \/>\n<meta property=\"og:type\" content=\"article\" \/>\n<meta property=\"og:title\" content=\"CORFLEX LIEGE POUR DES PREMIERES (copia) | Pradas\" \/>\n<meta property=\"og:description\" content=\"Li\u00e8ge pour remplissage des premieres, destin\u00e9 aux chaussures fabriqu\u00e9es selon le syst\u00e8me Goodyear Welt ou mont\u00e9. Flexible et r\u00e9sistant. S\u00e9chage rapide. Isolant thermique. Peut \u00eatre utilis\u00e9 \u00e0 la machine ou \u00e0 la main. Chaque emballage contient une bo\u00eete de 6 sacs emball\u00e9s sous vide de 4 kg chacun.\" \/>\n<meta property=\"og:url\" content=\"https:\/\/pradas.net\/fr\/producto\/corflex-liege-pour-des-premieres-copia\/\" \/>\n<meta property=\"og:site_name\" content=\"Pradas\" \/>\n<meta property=\"article:modified_time\" content=\"2025-06-13T07:12:30+00:00\" \/>\n<meta property=\"og:image\" content=\"https:\/\/pradas.net\/wp-content\/uploads\/2025\/06\/6d42468c-eead-496b-9031-62dcef98c8b9-1024x768.png\" \/>\n\t<meta property=\"og:image:width\" content=\"1024\" \/>\n\t<meta property=\"og:image:height\" content=\"768\" \/>\n\t<meta property=\"og:image:type\" content=\"image\/png\" \/>\n<meta name=\"twitter:card\" content=\"summary_large_image\" \/>\n<script type=\"application\/ld+json\" class=\"yoast-schema-graph\">{\"@context\":\"https:\\\/\\\/schema.org\",\"@graph\":[{\"@type\":\"WebPage\",\"@id\":\"https:\\\/\\\/pradas.net\\\/fr\\\/producto\\\/corflex-liege-pour-des-premieres-copia\\\/\",\"url\":\"https:\\\/\\\/pradas.net\\\/fr\\\/producto\\\/corflex-liege-pour-des-premieres-copia\\\/\",\"name\":\"CORFLEX LIEGE POUR DES PREMIERES (copia) | Pradas\",\"isPartOf\":{\"@id\":\"https:\\\/\\\/pradas.net\\\/fr\\\/#website\"},\"primaryImageOfPage\":{\"@id\":\"https:\\\/\\\/pradas.net\\\/fr\\\/producto\\\/corflex-liege-pour-des-premieres-copia\\\/#primaryimage\"},\"image\":{\"@id\":\"https:\\\/\\\/pradas.net\\\/fr\\\/producto\\\/corflex-liege-pour-des-premieres-copia\\\/#primaryimage\"},\"thumbnailUrl\":\"https:\\\/\\\/pradas.net\\\/wp-content\\\/uploads\\\/2025\\\/06\\\/6d42468c-eead-496b-9031-62dcef98c8b9-e1750073605197.png\",\"datePublished\":\"2025-06-13T06:34:23+00:00\",\"dateModified\":\"2025-06-13T07:12:30+00:00\",\"breadcrumb\":{\"@id\":\"https:\\\/\\\/pradas.net\\\/fr\\\/producto\\\/corflex-liege-pour-des-premieres-copia\\\/#breadcrumb\"},\"inLanguage\":\"fr-FR\",\"potentialAction\":[{\"@type\":\"ReadAction\",\"target\":[\"https:\\\/\\\/pradas.net\\\/fr\\\/producto\\\/corflex-liege-pour-des-premieres-copia\\\/\"]}]},{\"@type\":\"ImageObject\",\"inLanguage\":\"fr-FR\",\"@id\":\"https:\\\/\\\/pradas.net\\\/fr\\\/producto\\\/corflex-liege-pour-des-premieres-copia\\\/#primaryimage\",\"url\":\"https:\\\/\\\/pradas.net\\\/wp-content\\\/uploads\\\/2025\\\/06\\\/6d42468c-eead-496b-9031-62dcef98c8b9-e1750073605197.png\",\"contentUrl\":\"https:\\\/\\\/pradas.net\\\/wp-content\\\/uploads\\\/2025\\\/06\\\/6d42468c-eead-496b-9031-62dcef98c8b9-e1750073605197.png\",\"width\":1600,\"height\":1200},{\"@type\":\"BreadcrumbList\",\"@id\":\"https:\\\/\\\/pradas.net\\\/fr\\\/producto\\\/corflex-liege-pour-des-premieres-copia\\\/#breadcrumb\",\"itemListElement\":[{\"@type\":\"ListItem\",\"position\":1,\"name\":\"Portada\",\"item\":\"https:\\\/\\\/pradas.net\\\/fr\\\/accueil\\\/\"},{\"@type\":\"ListItem\",\"position\":2,\"name\":\"Shop\",\"item\":\"https:\\\/\\\/pradas.net\\\/?page_id=192\"},{\"@type\":\"ListItem\",\"position\":3,\"name\":\"CORFLEX LIEGE POUR DES PREMIERES (copia)\"}]},{\"@type\":\"WebSite\",\"@id\":\"https:\\\/\\\/pradas.net\\\/fr\\\/#website\",\"url\":\"https:\\\/\\\/pradas.net\\\/fr\\\/\",\"name\":\"Pradas\",\"description\":\"\",\"potentialAction\":[{\"@type\":\"SearchAction\",\"target\":{\"@type\":\"EntryPoint\",\"urlTemplate\":\"https:\\\/\\\/pradas.net\\\/fr\\\/?s={search_term_string}\"},\"query-input\":{\"@type\":\"PropertyValueSpecification\",\"valueRequired\":true,\"valueName\":\"search_term_string\"}}],\"inLanguage\":\"fr-FR\"}]}<\/script>\n<!-- \/ Yoast SEO plugin. -->","yoast_head_json":{"title":"CORFLEX LIEGE POUR DES PREMIERES (copia) | Pradas","robots":{"index":"index","follow":"follow","max-snippet":"max-snippet:-1","max-image-preview":"max-image-preview:large","max-video-preview":"max-video-preview:-1"},"canonical":"https:\/\/pradas.net\/fr\/producto\/corflex-liege-pour-des-premieres-copia\/","og_locale":"fr_FR","og_type":"article","og_title":"CORFLEX LIEGE POUR DES PREMIERES (copia) | Pradas","og_description":"Li\u00e8ge pour remplissage des premieres, destin\u00e9 aux chaussures fabriqu\u00e9es selon le syst\u00e8me Goodyear Welt ou mont\u00e9. Flexible et r\u00e9sistant. S\u00e9chage rapide. Isolant thermique. Peut \u00eatre utilis\u00e9 \u00e0 la machine ou \u00e0 la main. Chaque emballage contient une bo\u00eete de 6 sacs emball\u00e9s sous vide de 4 kg chacun.","og_url":"https:\/\/pradas.net\/fr\/producto\/corflex-liege-pour-des-premieres-copia\/","og_site_name":"Pradas","article_modified_time":"2025-06-13T07:12:30+00:00","og_image":[{"width":1024,"height":768,"url":"https:\/\/pradas.net\/wp-content\/uploads\/2025\/06\/6d42468c-eead-496b-9031-62dcef98c8b9-1024x768.png","type":"image\/png"}],"twitter_card":"summary_large_image","schema":{"@context":"https:\/\/schema.org","@graph":[{"@type":"WebPage","@id":"https:\/\/pradas.net\/fr\/producto\/corflex-liege-pour-des-premieres-copia\/","url":"https:\/\/pradas.net\/fr\/producto\/corflex-liege-pour-des-premieres-copia\/","name":"CORFLEX LIEGE POUR DES PREMIERES (copia) | Pradas","isPartOf":{"@id":"https:\/\/pradas.net\/fr\/#website"},"primaryImageOfPage":{"@id":"https:\/\/pradas.net\/fr\/producto\/corflex-liege-pour-des-premieres-copia\/#primaryimage"},"image":{"@id":"https:\/\/pradas.net\/fr\/producto\/corflex-liege-pour-des-premieres-copia\/#primaryimage"},"thumbnailUrl":"https:\/\/pradas.net\/wp-content\/uploads\/2025\/06\/6d42468c-eead-496b-9031-62dcef98c8b9-e1750073605197.png","datePublished":"2025-06-13T06:34:23+00:00","dateModified":"2025-06-13T07:12:30+00:00","breadcrumb":{"@id":"https:\/\/pradas.net\/fr\/producto\/corflex-liege-pour-des-premieres-copia\/#breadcrumb"},"inLanguage":"fr-FR","potentialAction":[{"@type":"ReadAction","target":["https:\/\/pradas.net\/fr\/producto\/corflex-liege-pour-des-premieres-copia\/"]}]},{"@type":"ImageObject","inLanguage":"fr-FR","@id":"https:\/\/pradas.net\/fr\/producto\/corflex-liege-pour-des-premieres-copia\/#primaryimage","url":"https:\/\/pradas.net\/wp-content\/uploads\/2025\/06\/6d42468c-eead-496b-9031-62dcef98c8b9-e1750073605197.png","contentUrl":"https:\/\/pradas.net\/wp-content\/uploads\/2025\/06\/6d42468c-eead-496b-9031-62dcef98c8b9-e1750073605197.png","width":1600,"height":1200},{"@type":"BreadcrumbList","@id":"https:\/\/pradas.net\/fr\/producto\/corflex-liege-pour-des-premieres-copia\/#breadcrumb","itemListElement":[{"@type":"ListItem","position":1,"name":"Portada","item":"https:\/\/pradas.net\/fr\/accueil\/"},{"@type":"ListItem","position":2,"name":"Shop","item":"https:\/\/pradas.net\/?page_id=192"},{"@type":"ListItem","position":3,"name":"CORFLEX LIEGE POUR DES PREMIERES (copia)"}]},{"@type":"WebSite","@id":"https:\/\/pradas.net\/fr\/#website","url":"https:\/\/pradas.net\/fr\/","name":"Pradas","description":"","potentialAction":[{"@type":"SearchAction","target":{"@type":"EntryPoint","urlTemplate":"https:\/\/pradas.net\/fr\/?s={search_term_string}"},"query-input":{"@type":"PropertyValueSpecification","valueRequired":true,"valueName":"search_term_string"}}],"inLanguage":"fr-FR"}]}},"_links":{"self":[{"href":"https:\/\/pradas.net\/fr\/wp-json\/wp\/v2\/product\/9075","targetHints":{"allow":["GET"]}}],"collection":[{"href":"https:\/\/pradas.net\/fr\/wp-json\/wp\/v2\/product"}],"about":[{"href":"https:\/\/pradas.net\/fr\/wp-json\/wp\/v2\/types\/product"}],"replies":[{"embeddable":true,"href":"https:\/\/pradas.net\/fr\/wp-json\/wp\/v2\/comments?post=9075"}],"wp:featuredmedia":[{"embeddable":true,"href":"https:\/\/pradas.net\/fr\/wp-json\/wp\/v2\/media\/9081"}],"wp:attachment":[{"href":"https:\/\/pradas.net\/fr\/wp-json\/wp\/v2\/media?parent=9075"}],"wp:term":[{"taxonomy":"product_brand","embeddable":true,"href":"https:\/\/pradas.net\/fr\/wp-json\/wp\/v2\/product_brand?post=9075"},{"taxonomy":"product_cat","embeddable":true,"href":"https:\/\/pradas.net\/fr\/wp-json\/wp\/v2\/product_cat?post=9075"},{"taxonomy":"product_tag","embeddable":true,"href":"https:\/\/pradas.net\/fr\/wp-json\/wp\/v2\/product_tag?post=9075"}],"curies":[{"name":"wp","href":"https:\/\/api.w.org\/{rel}","templated":true}]}}