{"id":9785,"date":"2025-03-20T09:31:12","date_gmt":"2025-03-20T08:31:12","guid":{"rendered":"https:\/\/pradas.net\/producto\/embout-en-laiton-15-m-m\/"},"modified":"2025-03-20T09:31:12","modified_gmt":"2025-03-20T08:31:12","slug":"embout-en-laiton-15-m-m","status":"publish","type":"product","link":"https:\/\/pradas.net\/fr\/producto\/embout-en-laiton-15-m-m\/","title":{"rendered":"EMBOUT EN LAITON 1,5 M\/M"},"content":{"rendered":"","protected":false},"excerpt":{"rendered":"<p data-start=\"161\" data-end=\"353\">Nos embouts sont fabriqu\u00e9s en laiton <strong data-start=\"208\" data-end=\"229\">de 1,5 mm d&rsquo;\u00e9paisseur<\/strong>, un mat\u00e9riau noble qui garantit <strong data-start=\"263\" data-end=\"292\">durabilit\u00e9 et r\u00e9sistance<\/strong>, s&rsquo;usant progressivement avec l&rsquo;utilisation de la chaussure.<\/p>\n<p data-start=\"355\" data-end=\"576\">Nous disposons de <strong data-start=\"369\" data-end=\"388\">diff\u00e9rents formats<\/strong>, adapt\u00e9s \u00e0 la forme de chaque client, ce qui garantit un ajustement parfait. Nous proposons \u00e9galement des <strong data-start=\"492\" data-end=\"517\">vis de fixation<\/strong> fabriqu\u00e9es dans le m\u00eame mat\u00e9riau pour une installation s\u00fbre et efficace. <\/p>\n<p data-start=\"578\" data-end=\"656\">Si vous avez besoin de plus de d\u00e9tails ou de conseils, nous serons heureux de vous aider.<\/p>\n","protected":false},"featured_media":6622,"comment_status":"open","ping_status":"closed","template":"","meta":[],"product_brand":[],"product_cat":[168,148],"product_tag":[],"class_list":{"0":"post-9785","1":"product","2":"type-product","3":"status-publish","4":"has-post-thumbnail","6":"product_cat-clous-semences-vis-et-fils-metalliques","7":"product_cat-consommables","9":"first","10":"instock","11":"shipping-taxable","12":"product-type-simple"},"yoast_head":"<!-- This site is optimized with the Yoast SEO plugin v27.3 - https:\/\/yoast.com\/product\/yoast-seo-wordpress\/ -->\n<title>EMBOUT EN LAITON 1,5 M\/M | Pradas<\/title>\n<meta name=\"robots\" content=\"index, follow, max-snippet:-1, max-image-preview:large, max-video-preview:-1\" \/>\n<link rel=\"canonical\" href=\"https:\/\/pradas.net\/fr\/producto\/embout-en-laiton-15-m-m\/\" \/>\n<meta property=\"og:locale\" content=\"fr_FR\" \/>\n<meta property=\"og:type\" content=\"article\" \/>\n<meta property=\"og:title\" content=\"EMBOUT EN LAITON 1,5 M\/M | Pradas\" \/>\n<meta property=\"og:description\" content=\"Nos embouts sont fabriqu\u00e9s en laiton de 1,5 mm d&#039;\u00e9paisseur, un mat\u00e9riau noble qui garantit durabilit\u00e9 et r\u00e9sistance, s&#039;usant progressivement avec l&#039;utilisation de la chaussure. Nous disposons de diff\u00e9rents formats, adapt\u00e9s \u00e0 la forme de chaque client, ce qui garantit un ajustement parfait. Nous proposons \u00e9galement des vis de fixation fabriqu\u00e9es dans le m\u00eame mat\u00e9riau pour une installation s\u00fbre et efficace. Si vous avez besoin de plus de d\u00e9tails ou de conseils, nous serons heureux de vous aider.\" \/>\n<meta property=\"og:url\" content=\"https:\/\/pradas.net\/fr\/producto\/embout-en-laiton-15-m-m\/\" \/>\n<meta property=\"og:site_name\" content=\"Pradas\" \/>\n<meta property=\"og:image\" content=\"https:\/\/pradas.net\/wp-content\/uploads\/2025\/03\/FOTO-PUNTERAS-LATON-Y-TORNILLOS.jpg\" \/>\n\t<meta property=\"og:image:width\" content=\"1210\" \/>\n\t<meta property=\"og:image:height\" content=\"908\" \/>\n\t<meta property=\"og:image:type\" content=\"image\/jpeg\" \/>\n<meta name=\"twitter:card\" content=\"summary_large_image\" \/>\n<script type=\"application\/ld+json\" class=\"yoast-schema-graph\">{\"@context\":\"https:\\\/\\\/schema.org\",\"@graph\":[{\"@type\":\"WebPage\",\"@id\":\"https:\\\/\\\/pradas.net\\\/fr\\\/producto\\\/embout-en-laiton-15-m-m\\\/\",\"url\":\"https:\\\/\\\/pradas.net\\\/fr\\\/producto\\\/embout-en-laiton-15-m-m\\\/\",\"name\":\"EMBOUT EN LAITON 1,5 M\\\/M | Pradas\",\"isPartOf\":{\"@id\":\"https:\\\/\\\/pradas.net\\\/fr\\\/#website\"},\"primaryImageOfPage\":{\"@id\":\"https:\\\/\\\/pradas.net\\\/fr\\\/producto\\\/embout-en-laiton-15-m-m\\\/#primaryimage\"},\"image\":{\"@id\":\"https:\\\/\\\/pradas.net\\\/fr\\\/producto\\\/embout-en-laiton-15-m-m\\\/#primaryimage\"},\"thumbnailUrl\":\"https:\\\/\\\/pradas.net\\\/wp-content\\\/uploads\\\/2025\\\/03\\\/FOTO-PUNTERAS-LATON-Y-TORNILLOS.jpg\",\"datePublished\":\"2025-03-20T08:31:12+00:00\",\"breadcrumb\":{\"@id\":\"https:\\\/\\\/pradas.net\\\/fr\\\/producto\\\/embout-en-laiton-15-m-m\\\/#breadcrumb\"},\"inLanguage\":\"fr-FR\",\"potentialAction\":[{\"@type\":\"ReadAction\",\"target\":[\"https:\\\/\\\/pradas.net\\\/fr\\\/producto\\\/embout-en-laiton-15-m-m\\\/\"]}]},{\"@type\":\"ImageObject\",\"inLanguage\":\"fr-FR\",\"@id\":\"https:\\\/\\\/pradas.net\\\/fr\\\/producto\\\/embout-en-laiton-15-m-m\\\/#primaryimage\",\"url\":\"https:\\\/\\\/pradas.net\\\/wp-content\\\/uploads\\\/2025\\\/03\\\/FOTO-PUNTERAS-LATON-Y-TORNILLOS.jpg\",\"contentUrl\":\"https:\\\/\\\/pradas.net\\\/wp-content\\\/uploads\\\/2025\\\/03\\\/FOTO-PUNTERAS-LATON-Y-TORNILLOS.jpg\",\"width\":1210,\"height\":908},{\"@type\":\"BreadcrumbList\",\"@id\":\"https:\\\/\\\/pradas.net\\\/fr\\\/producto\\\/embout-en-laiton-15-m-m\\\/#breadcrumb\",\"itemListElement\":[{\"@type\":\"ListItem\",\"position\":1,\"name\":\"Portada\",\"item\":\"https:\\\/\\\/pradas.net\\\/fr\\\/accueil\\\/\"},{\"@type\":\"ListItem\",\"position\":2,\"name\":\"Shop\",\"item\":\"https:\\\/\\\/pradas.net\\\/?page_id=192\"},{\"@type\":\"ListItem\",\"position\":3,\"name\":\"EMBOUT EN LAITON 1,5 M\\\/M\"}]},{\"@type\":\"WebSite\",\"@id\":\"https:\\\/\\\/pradas.net\\\/fr\\\/#website\",\"url\":\"https:\\\/\\\/pradas.net\\\/fr\\\/\",\"name\":\"Pradas\",\"description\":\"\",\"potentialAction\":[{\"@type\":\"SearchAction\",\"target\":{\"@type\":\"EntryPoint\",\"urlTemplate\":\"https:\\\/\\\/pradas.net\\\/fr\\\/?s={search_term_string}\"},\"query-input\":{\"@type\":\"PropertyValueSpecification\",\"valueRequired\":true,\"valueName\":\"search_term_string\"}}],\"inLanguage\":\"fr-FR\"}]}<\/script>\n<!-- \/ Yoast SEO plugin. -->","yoast_head_json":{"title":"EMBOUT EN LAITON 1,5 M\/M | Pradas","robots":{"index":"index","follow":"follow","max-snippet":"max-snippet:-1","max-image-preview":"max-image-preview:large","max-video-preview":"max-video-preview:-1"},"canonical":"https:\/\/pradas.net\/fr\/producto\/embout-en-laiton-15-m-m\/","og_locale":"fr_FR","og_type":"article","og_title":"EMBOUT EN LAITON 1,5 M\/M | Pradas","og_description":"Nos embouts sont fabriqu\u00e9s en laiton de 1,5 mm d'\u00e9paisseur, un mat\u00e9riau noble qui garantit durabilit\u00e9 et r\u00e9sistance, s'usant progressivement avec l'utilisation de la chaussure. Nous disposons de diff\u00e9rents formats, adapt\u00e9s \u00e0 la forme de chaque client, ce qui garantit un ajustement parfait. Nous proposons \u00e9galement des vis de fixation fabriqu\u00e9es dans le m\u00eame mat\u00e9riau pour une installation s\u00fbre et efficace. Si vous avez besoin de plus de d\u00e9tails ou de conseils, nous serons heureux de vous aider.","og_url":"https:\/\/pradas.net\/fr\/producto\/embout-en-laiton-15-m-m\/","og_site_name":"Pradas","og_image":[{"width":1210,"height":908,"url":"https:\/\/pradas.net\/wp-content\/uploads\/2025\/03\/FOTO-PUNTERAS-LATON-Y-TORNILLOS.jpg","type":"image\/jpeg"}],"twitter_card":"summary_large_image","schema":{"@context":"https:\/\/schema.org","@graph":[{"@type":"WebPage","@id":"https:\/\/pradas.net\/fr\/producto\/embout-en-laiton-15-m-m\/","url":"https:\/\/pradas.net\/fr\/producto\/embout-en-laiton-15-m-m\/","name":"EMBOUT EN LAITON 1,5 M\/M | Pradas","isPartOf":{"@id":"https:\/\/pradas.net\/fr\/#website"},"primaryImageOfPage":{"@id":"https:\/\/pradas.net\/fr\/producto\/embout-en-laiton-15-m-m\/#primaryimage"},"image":{"@id":"https:\/\/pradas.net\/fr\/producto\/embout-en-laiton-15-m-m\/#primaryimage"},"thumbnailUrl":"https:\/\/pradas.net\/wp-content\/uploads\/2025\/03\/FOTO-PUNTERAS-LATON-Y-TORNILLOS.jpg","datePublished":"2025-03-20T08:31:12+00:00","breadcrumb":{"@id":"https:\/\/pradas.net\/fr\/producto\/embout-en-laiton-15-m-m\/#breadcrumb"},"inLanguage":"fr-FR","potentialAction":[{"@type":"ReadAction","target":["https:\/\/pradas.net\/fr\/producto\/embout-en-laiton-15-m-m\/"]}]},{"@type":"ImageObject","inLanguage":"fr-FR","@id":"https:\/\/pradas.net\/fr\/producto\/embout-en-laiton-15-m-m\/#primaryimage","url":"https:\/\/pradas.net\/wp-content\/uploads\/2025\/03\/FOTO-PUNTERAS-LATON-Y-TORNILLOS.jpg","contentUrl":"https:\/\/pradas.net\/wp-content\/uploads\/2025\/03\/FOTO-PUNTERAS-LATON-Y-TORNILLOS.jpg","width":1210,"height":908},{"@type":"BreadcrumbList","@id":"https:\/\/pradas.net\/fr\/producto\/embout-en-laiton-15-m-m\/#breadcrumb","itemListElement":[{"@type":"ListItem","position":1,"name":"Portada","item":"https:\/\/pradas.net\/fr\/accueil\/"},{"@type":"ListItem","position":2,"name":"Shop","item":"https:\/\/pradas.net\/?page_id=192"},{"@type":"ListItem","position":3,"name":"EMBOUT EN LAITON 1,5 M\/M"}]},{"@type":"WebSite","@id":"https:\/\/pradas.net\/fr\/#website","url":"https:\/\/pradas.net\/fr\/","name":"Pradas","description":"","potentialAction":[{"@type":"SearchAction","target":{"@type":"EntryPoint","urlTemplate":"https:\/\/pradas.net\/fr\/?s={search_term_string}"},"query-input":{"@type":"PropertyValueSpecification","valueRequired":true,"valueName":"search_term_string"}}],"inLanguage":"fr-FR"}]}},"_links":{"self":[{"href":"https:\/\/pradas.net\/fr\/wp-json\/wp\/v2\/product\/9785","targetHints":{"allow":["GET"]}}],"collection":[{"href":"https:\/\/pradas.net\/fr\/wp-json\/wp\/v2\/product"}],"about":[{"href":"https:\/\/pradas.net\/fr\/wp-json\/wp\/v2\/types\/product"}],"replies":[{"embeddable":true,"href":"https:\/\/pradas.net\/fr\/wp-json\/wp\/v2\/comments?post=9785"}],"wp:featuredmedia":[{"embeddable":true,"href":"https:\/\/pradas.net\/fr\/wp-json\/wp\/v2\/media\/6622"}],"wp:attachment":[{"href":"https:\/\/pradas.net\/fr\/wp-json\/wp\/v2\/media?parent=9785"}],"wp:term":[{"taxonomy":"product_brand","embeddable":true,"href":"https:\/\/pradas.net\/fr\/wp-json\/wp\/v2\/product_brand?post=9785"},{"taxonomy":"product_cat","embeddable":true,"href":"https:\/\/pradas.net\/fr\/wp-json\/wp\/v2\/product_cat?post=9785"},{"taxonomy":"product_tag","embeddable":true,"href":"https:\/\/pradas.net\/fr\/wp-json\/wp\/v2\/product_tag?post=9785"}],"curies":[{"name":"wp","href":"https:\/\/api.w.org\/{rel}","templated":true}]}}